{"id":73,"date":"2015-10-07T17:14:55","date_gmt":"2015-10-07T16:14:55","guid":{"rendered":"http:\/\/broker.commercegurus.com\/?page_id=73"},"modified":"2020-03-12T09:02:30","modified_gmt":"2020-03-12T08:02:30","slug":"formations-inter-entreprise","status":"publish","type":"page","link":"https:\/\/formations-vendee.com\/phare\/formations-inter-entreprise\/","title":{"rendered":"Formations inter entreprise"},"content":{"rendered":"<div class=\"wpb-content-wrapper\"><p>[vc_row type=\u00a0\u00bbcontainer\u00a0\u00bb padding_top=\u00a0\u00bb\u00a0\u00bb padding_bottom=\u00a0\u00bb\u00a0\u00bb css=\u00a0\u00bb.vc_custom_1458231516904{margin-top: 30px !important;margin-bottom: 0px !important;}\u00a0\u00bb][vc_column css=\u00a0\u00bb.vc_custom_1444994576899{margin-bottom: 35px !important;}\u00a0\u00bb][vc_column_text]D\u00e9veloppez les comp\u00e9tences de vos salari\u00e9s. <strong>100% de nos inter ouvrent. <\/strong>Nos formations sont accessibles aux personnes en situation de handicap.[\/vc_column_text][\/vc_column][\/vc_row][vc_row type=\u00a0\u00bbcontainer\u00a0\u00bb padding_top=\u00a0\u00bb\u00a0\u00bb padding_bottom=\u00a0\u00bb\u00a0\u00bb css=\u00a0\u00bb.vc_custom_1444954442544{margin-bottom: 25px !important;}\u00a0\u00bb][vc_column width=\u00a0\u00bb1\/3&Prime; css=\u00a0\u00bb.vc_custom_1444954308084{margin-bottom: 35px !important;}\u00a0\u00bb][vc_single_image image=\u00a0\u00bb71381&Prime; img_size=\u00a0\u00bbmedium\u00a0\u00bb alignment=\u00a0\u00bbcenter\u00a0\u00bb style=\u00a0\u00bbvc_box_rounded\u00a0\u00bb onclick=\u00a0\u00bbcustom_link\u00a0\u00bb css_animation=\u00a0\u00bbleft-to-right\u00a0\u00bb link=\u00a0\u00bbhttps:\/\/formations-vendee.com\/phare\/formations-inter-entreprise\/commerce-distribution-inter\/\u00a0\u00bb css=\u00a0\u00bb.vc_custom_1458322133447{border-bottom-width: 0px !important;}\u00a0\u00bb][vc_column_text css=\u00a0\u00bb.vc_custom_1458561518087{margin-top: -15px !important;}\u00a0\u00bb]<\/p>\n<h2 style=\"text-align: center\"><a href=\"https:\/\/formations-vendee.com\/phare\/formations-inter-entreprise\/commerce-distribution-inter\/\">Commerce &#8211; Distri<\/a><\/h2>\n<h6 style=\"text-align: center\">Formations aux m\u00e9tiers du Commerce et de la Distribution.<\/h6>\n<h6 style=\"text-align: center\"><a href=\"https:\/\/formations-vendee.com\/phare\/formations-inter-entreprise\/commerce-distribution-inter\/\">Acc\u00e9der \u00e0 la section<\/a> \u2192<\/h6>\n<p>[\/vc_column_text][\/vc_column][vc_column width=\u00a0\u00bb1\/3&Prime; css=\u00a0\u00bb.vc_custom_1444954317564{margin-bottom: 35px !important;}\u00a0\u00bb][vc_single_image image=\u00a0\u00bb71383&Prime; img_size=\u00a0\u00bbmedium\u00a0\u00bb alignment=\u00a0\u00bbcenter\u00a0\u00bb style=\u00a0\u00bbvc_box_rounded\u00a0\u00bb onclick=\u00a0\u00bbcustom_link\u00a0\u00bb css_animation=\u00a0\u00bbappear\u00a0\u00bb link=\u00a0\u00bbhttps:\/\/formations-vendee.com\/phare\/formations-inter-entreprise\/commercial-vente-inter\/\u00a0\u00bb css=\u00a0\u00bb.vc_custom_1458322154601{border-bottom-width: 0px !important;}\u00a0\u00bb][vc_column_text css=\u00a0\u00bb.vc_custom_1458561525279{margin-top: -15px !important;}\u00a0\u00bb]<\/p>\n<h2 style=\"text-align: center\"><a href=\"https:\/\/formations-vendee.com\/phare\/formations-inter-entreprise\/commercial-vente-inter\/\">Commercial &#8211; Vente<\/a><\/h2>\n<h6 style=\"text-align: center\">Formations aux m\u00e9tiers de Commercial et de Vendeur.<\/h6>\n<h6 style=\"text-align: center\"><a href=\"https:\/\/formations-vendee.com\/phare\/formations-inter-entreprise\/commercial-vente-inter\/\">Acc\u00e9der \u00e0 la section<\/a> \u2192<\/h6>\n<p>[\/vc_column_text][\/vc_column][vc_column width=\u00a0\u00bb1\/3&Prime; css=\u00a0\u00bb.vc_custom_1444954327828{margin-bottom: 35px !important;}\u00a0\u00bb][vc_single_image image=\u00a0\u00bb71384&Prime; img_size=\u00a0\u00bbmedium\u00a0\u00bb alignment=\u00a0\u00bbcenter\u00a0\u00bb style=\u00a0\u00bbvc_box_rounded\u00a0\u00bb onclick=\u00a0\u00bbcustom_link\u00a0\u00bb css_animation=\u00a0\u00bbright-to-left\u00a0\u00bb link=\u00a0\u00bbhttps:\/\/formations-vendee.com\/phare\/formations-inter-entreprise\/web-marketing-inter\/\u00a0\u00bb css=\u00a0\u00bb.vc_custom_1458322181212{border-bottom-width: 0px !important;}\u00a0\u00bb][vc_column_text css=\u00a0\u00bb.vc_custom_1458561531396{margin-top: -15px !important;}\u00a0\u00bb]<\/p>\n<h2 style=\"text-align: center\"><a href=\"https:\/\/formations-vendee.com\/phare\/formations-inter-entreprise\/web-marketing-inter\/\">Web &#8211; Marketing<\/a><\/h2>\n<h6 style=\"text-align: center\">Formations aux m\u00e9tiers du web Marketing, ecommerce.<\/h6>\n<h6 style=\"text-align: center\"><a href=\"https:\/\/formations-vendee.com\/phare\/formations-inter-entreprise\/web-marketing-inter\/\">Acc\u00e9der \u00e0 la section<\/a> \u2192<\/h6>\n<p>[\/vc_column_text][\/vc_column][\/vc_row][vc_row type=\u00a0\u00bbcontainer\u00a0\u00bb padding_top=\u00a0\u00bb\u00a0\u00bb padding_bottom=\u00a0\u00bb\u00a0\u00bb css=\u00a0\u00bb.vc_custom_1444954442544{margin-bottom: 25px !important;}\u00a0\u00bb][vc_column width=\u00a0\u00bb1\/3&Prime; css=\u00a0\u00bb.vc_custom_1444954308084{margin-bottom: 35px !important;}\u00a0\u00bb][vc_single_image image=\u00a0\u00bb71379&Prime; img_size=\u00a0\u00bbmedium\u00a0\u00bb alignment=\u00a0\u00bbcenter\u00a0\u00bb style=\u00a0\u00bbvc_box_rounded\u00a0\u00bb onclick=\u00a0\u00bbcustom_link\u00a0\u00bb css_animation=\u00a0\u00bbleft-to-right\u00a0\u00bb link=\u00a0\u00bbhttps:\/\/formations-vendee.com\/phare\/formations-inter-entreprise\/ressources-humaines-inter\/\u00a0\u00bb css=\u00a0\u00bb.vc_custom_1458558609820{border-bottom-width: 0px !important;}\u00a0\u00bb][vc_column_text css=\u00a0\u00bb.vc_custom_1458561540433{margin-top: -15px !important;}\u00a0\u00bb]<\/p>\n<h2 style=\"text-align: center\"><a href=\"https:\/\/formations-vendee.com\/phare\/formations-inter-entreprise\/ressources-humaines-inter\/\">Ressources Humaines<\/a><\/h2>\n<h6 style=\"text-align: center\">Formations aux m\u00e9tiers des Ressources Humaines.<\/h6>\n<h6 style=\"text-align: center\"><a href=\"https:\/\/formations-vendee.com\/phare\/formations-inter-entreprise\/ressources-humaines-inter\/\">Acc\u00e9der \u00e0 la section<\/a> \u2192<\/h6>\n<p>[\/vc_column_text][\/vc_column][vc_column width=\u00a0\u00bb1\/3&Prime; css=\u00a0\u00bb.vc_custom_1444954317564{margin-bottom: 35px !important;}\u00a0\u00bb][vc_single_image image=\u00a0\u00bb71762&Prime; img_size=\u00a0\u00bbmedium\u00a0\u00bb alignment=\u00a0\u00bbcenter\u00a0\u00bb style=\u00a0\u00bbvc_box_rounded\u00a0\u00bb onclick=\u00a0\u00bbcustom_link\u00a0\u00bb css_animation=\u00a0\u00bbappear\u00a0\u00bb link=\u00a0\u00bbhttps:\/\/formations-vendee.com\/phare\/formations-inter-entreprise\/bureautique\/\u00a0\u00bb css=\u00a0\u00bb.vc_custom_1550047485211{border-bottom-width: 0px !important;}\u00a0\u00bb][vc_column_text css=\u00a0\u00bb.vc_custom_1550047464149{margin-top: -15px !important;}\u00a0\u00bb]<\/p>\n<h2 style=\"text-align: center\"><a href=\"https:\/\/formations-vendee.com\/phare\/formations-inter-entreprise\/bureautique\/\">Bureautique<\/a> &#8211; <a href=\"https:\/\/formations-vendee.com\/phare\/formations-inter-entreprise\/anglais\/\">Anglais<\/a><\/h2>\n<h6 style=\"text-align: center\">Formation Office, Centre de formation anglais Do You Speak English ?<\/h6>\n<h6 style=\"text-align: center\"><a href=\"https:\/\/formations-vendee.com\/phare\/formations-inter-entreprise\/bureautique\/\">Acc\u00e9der \u00e0 la section<\/a> \u2192<\/h6>\n<p>[\/vc_column_text][\/vc_column][vc_column width=\u00a0\u00bb1\/3&Prime; css=\u00a0\u00bb.vc_custom_1444954327828{margin-bottom: 35px !important;}\u00a0\u00bb][vc_single_image image=\u00a0\u00bb71382&Prime; img_size=\u00a0\u00bbmedium\u00a0\u00bb alignment=\u00a0\u00bbcenter\u00a0\u00bb style=\u00a0\u00bbvc_box_rounded\u00a0\u00bb onclick=\u00a0\u00bbcustom_link\u00a0\u00bb css_animation=\u00a0\u00bbright-to-left\u00a0\u00bb link=\u00a0\u00bbhttps:\/\/formations-vendee.com\/phare\/formations-inter-entreprise\/management-inter\/\u00a0\u00bb css=\u00a0\u00bb.vc_custom_1458558648443{border-bottom-width: 0px !important;}\u00a0\u00bb][vc_column_text css=\u00a0\u00bb.vc_custom_1458561552368{margin-top: -15px !important;}\u00a0\u00bb]<\/p>\n<h2 style=\"text-align: center\"><a href=\"https:\/\/formations-vendee.com\/phare\/formations-inter-entreprise\/management-inter\/\">Management<\/a><\/h2>\n<h6 style=\"text-align: center\">Formations aux m\u00e9tiers de management.<\/h6>\n<h6 style=\"text-align: center\"><a href=\"https:\/\/formations-vendee.com\/phare\/formations-inter-entreprise\/management-inter\/\">Acc\u00e9der \u00e0 la section<\/a> \u2192<\/h6>\n<p>[\/vc_column_text][\/vc_column][\/vc_row][vc_row type=\u00a0\u00bbcontainer\u00a0\u00bb padding_top=\u00a0\u00bb\u00a0\u00bb padding_bottom=\u00a0\u00bb\u00a0\u00bb][vc_column][vc_column_text]<\/p>\n<h3 style=\"text-align: center\">Toutes nos formations inter<\/h3>\n<p>[\/vc_column_text][vc_single_image image=\u00a0\u00bb71806&Prime; img_size=\u00a0\u00bbfull\u00a0\u00bb alignment=\u00a0\u00bbcenter\u00a0\u00bb][\/vc_column][\/vc_row][vc_row type=\u00a0\u00bbcontainer\u00a0\u00bb padding_top=\u00a0\u00bb\u00a0\u00bb padding_bottom=\u00a0\u00bb\u00a0\u00bb css=\u00a0\u00bb.vc_custom_1444954442544{margin-bottom: 25px !important;}\u00a0\u00bb][vc_column css=\u00a0\u00bb.vc_custom_1444954308084{margin-bottom: 35px !important;}\u00a0\u00bb][vc_icon type=\u00a0\u00bbtypicons\u00a0\u00bb icon_typicons=\u00a0\u00bbtypcn typcn-spanner\u00a0\u00bb color=\u00a0\u00bbcustom\u00a0\u00bb align=\u00a0\u00bbcenter\u00a0\u00bb custom_color=\u00a0\u00bb#343e47&Prime;][vc_column_text]La formation que vous cherchez n&rsquo;est pas propos\u00e9e ? N&rsquo;h\u00e9sitez pas \u00e0 <a href=\"https:\/\/formations-vendee.com\/phare\/contact\/\">nous contactez<\/a> pour une solution personnalis\u00e9e.[\/vc_column_text][\/vc_column][\/vc_row]<\/p>\n<\/div>","protected":false},"excerpt":{"rendered":"<p>[vc_row type=\u00a0\u00bbcontainer\u00a0\u00bb padding_top=\u00a0\u00bb\u00a0\u00bb padding_bottom=\u00a0\u00bb\u00a0\u00bb css=\u00a0\u00bb.vc_custom_1458231516904{margin-top: 30px !important;margin-bottom: 0px !important;}\u00a0\u00bb][vc_column css=\u00a0\u00bb.vc_custom_1444994576899{margin-bottom: 35px !important;}\u00a0\u00bb][vc_column_text]D\u00e9veloppez les comp\u00e9tences de vos salari\u00e9s. 100% de nos inter ouvrent. Nos formations sont accessibles aux personnes en situation de handicap.[\/vc_column_text][\/vc_column][\/vc_row][vc_row type=\u00a0\u00bbcontainer\u00a0\u00bb padding_top=\u00a0\u00bb\u00a0\u00bb padding_bottom=\u00a0\u00bb\u00a0\u00bb css=\u00a0\u00bb.vc_custom_1444954442544{margin-bottom: 25px !important;}\u00a0\u00bb][vc_column width=\u00a0\u00bb1\/3&Prime; css=\u00a0\u00bb.vc_custom_1444954308084{margin-bottom: 35px !important;}\u00a0\u00bb][vc_single_image image=\u00a0\u00bb71381&Prime; img_size=\u00a0\u00bbmedium\u00a0\u00bb alignment=\u00a0\u00bbcenter\u00a0\u00bb style=\u00a0\u00bbvc_box_rounded\u00a0\u00bb onclick=\u00a0\u00bbcustom_link\u00a0\u00bb css_animation=\u00a0\u00bbleft-to-right\u00a0\u00bb link=\u00a0\u00bbhttps:\/\/formations-vendee.com\/phare\/formations-inter-entreprise\/commerce-distribution-inter\/\u00a0\u00bb css=\u00a0\u00bb.vc_custom_1458322133447{border-bottom-width: 0px !important;}\u00a0\u00bb][vc_column_text css=\u00a0\u00bb.vc_custom_1458561518087{margin-top: -15px !important;}\u00a0\u00bb] [&hellip;]<\/p>\n","protected":false},"author":1,"featured_media":0,"parent":0,"menu_order":0,"comment_status":"closed","ping_status":"closed","template":"page-full-width.php","meta":{"_acf_changed":false,"_seopress_robots_primary_cat":"","_seopress_titles_title":"","_seopress_titles_desc":"","_seopress_robots_index":"","footnotes":""},"class_list":["post-73","page","type-page","status-publish","hentry"],"acf":[],"_links":{"self":[{"href":"https:\/\/formations-vendee.com\/phare\/wp-json\/wp\/v2\/pages\/73","targetHints":{"allow":["GET"]}}],"collection":[{"href":"https:\/\/formations-vendee.com\/phare\/wp-json\/wp\/v2\/pages"}],"about":[{"href":"https:\/\/formations-vendee.com\/phare\/wp-json\/wp\/v2\/types\/page"}],"author":[{"embeddable":true,"href":"https:\/\/formations-vendee.com\/phare\/wp-json\/wp\/v2\/users\/1"}],"replies":[{"embeddable":true,"href":"https:\/\/formations-vendee.com\/phare\/wp-json\/wp\/v2\/comments?post=73"}],"version-history":[{"count":33,"href":"https:\/\/formations-vendee.com\/phare\/wp-json\/wp\/v2\/pages\/73\/revisions"}],"predecessor-version":[{"id":71952,"href":"https:\/\/formations-vendee.com\/phare\/wp-json\/wp\/v2\/pages\/73\/revisions\/71952"}],"wp:attachment":[{"href":"https:\/\/formations-vendee.com\/phare\/wp-json\/wp\/v2\/media?parent=73"}],"curies":[{"name":"wp","href":"https:\/\/api.w.org\/{rel}","templated":true}]}}