{"id":71693,"date":"2016-03-18T18:14:13","date_gmt":"2016-03-18T17:14:13","guid":{"rendered":"http:\/\/formations-vendee.com\/phare\/?page_id=71693"},"modified":"2019-02-13T09:17:28","modified_gmt":"2019-02-13T08:17:28","slug":"management-inter","status":"publish","type":"page","link":"https:\/\/formations-vendee.com\/phare\/formations-inter-entreprise\/management-inter\/","title":{"rendered":"Management"},"content":{"rendered":"<div class=\"wpb-content-wrapper\"><p>[vc_row type=\u00a0\u00bbcontainer\u00a0\u00bb padding_top=\u00a0\u00bb\u00a0\u00bb padding_bottom=\u00a0\u00bb\u00a0\u00bb css=\u00a0\u00bb.vc_custom_1445094705330{margin-bottom: 0px !important;}\u00a0\u00bb][vc_column width=\u00a0\u00bb1\/2&Prime; css=\u00a0\u00bb.vc_custom_1444994576899{margin-bottom: 35px !important;}\u00a0\u00bb][vc_column_text]La <strong>n\u00e9cessit\u00e9 d\u2019adaptation de l\u2019entreprise aux mutations<\/strong> de son environnement questionne\u00a0le r\u00f4le des managers. Ils sont en premi\u00e8re ligne pour assurer la performance \u00e9conomique, sociale et environnementale.\u00a0 <strong>Le management des hommes est la nouvelle fronti\u00e8re qui peut faire une diff\u00e9rence.<br \/>\n<\/strong>La professionnalisation du m\u00e9tier de manager devient une priorit\u00e9.<\/p>\n<p>Nos formations inter entreprise font \u00e9voluer les comp\u00e9tences de vos salari\u00e9s pour r\u00e9pondre aux enjeux du domaine.[\/vc_column_text][\/vc_column][vc_column width=\u00a0\u00bb1\/2&Prime; css=\u00a0\u00bb.vc_custom_1444994585214{margin-bottom: 35px !important;}\u00a0\u00bb][vc_single_image image=\u00a0\u00bb71382&Prime; img_size=\u00a0\u00bbfull\u00a0\u00bb onclick=\u00a0\u00bbcustom_link\u00a0\u00bb css_animation=\u00a0\u00bbright-to-left\u00a0\u00bb link=\u00a0\u00bbhttps:\/\/formations-vendee.com\/phare\/formations-inter-entreprise\/management-inter\/manager-une-equipe\/\u00a0\u00bb][\/vc_column][\/vc_row][vc_row type=\u00a0\u00bbcontainer\u00a0\u00bb padding_top=\u00a0\u00bb\u00a0\u00bb padding_bottom=\u00a0\u00bb\u00a0\u00bb css=\u00a0\u00bb.vc_custom_1458560942695{margin-top: 30px !important;}\u00a0\u00bb][vc_column][vc_custom_heading text=\u00a0\u00bbToutes nos formations dans ce domaine\u00a0\u00bb font_container=\u00a0\u00bbtag:h2|text_align:center\u00a0\u00bb use_theme_fonts=\u00a0\u00bbyes\u00a0\u00bb][vc_single_image image=\u00a0\u00bb71713&Prime; img_size=\u00a0\u00bbfull\u00a0\u00bb][\/vc_column][\/vc_row]<\/p>\n<\/div>","protected":false},"excerpt":{"rendered":"<p>[vc_row type=\u00a0\u00bbcontainer\u00a0\u00bb padding_top=\u00a0\u00bb\u00a0\u00bb padding_bottom=\u00a0\u00bb\u00a0\u00bb css=\u00a0\u00bb.vc_custom_1445094705330{margin-bottom: 0px !important;}\u00a0\u00bb][vc_column width=\u00a0\u00bb1\/2&Prime; css=\u00a0\u00bb.vc_custom_1444994576899{margin-bottom: 35px !important;}\u00a0\u00bb][vc_column_text]La n\u00e9cessit\u00e9 d\u2019adaptation de l\u2019entreprise aux mutations de son environnement questionne\u00a0le r\u00f4le des managers. Ils sont en premi\u00e8re ligne pour assurer la performance \u00e9conomique, sociale et environnementale.\u00a0 Le management des hommes est la nouvelle fronti\u00e8re qui peut faire une diff\u00e9rence. La professionnalisation du m\u00e9tier de [&hellip;]<\/p>\n","protected":false},"author":1,"featured_media":0,"parent":73,"menu_order":5,"comment_status":"closed","ping_status":"closed","template":"","meta":{"_acf_changed":false,"_seopress_robots_primary_cat":"","_seopress_titles_title":"","_seopress_titles_desc":"","_seopress_robots_index":"","footnotes":""},"class_list":["post-71693","page","type-page","status-publish","hentry"],"acf":[],"_links":{"self":[{"href":"https:\/\/formations-vendee.com\/phare\/wp-json\/wp\/v2\/pages\/71693","targetHints":{"allow":["GET"]}}],"collection":[{"href":"https:\/\/formations-vendee.com\/phare\/wp-json\/wp\/v2\/pages"}],"about":[{"href":"https:\/\/formations-vendee.com\/phare\/wp-json\/wp\/v2\/types\/page"}],"author":[{"embeddable":true,"href":"https:\/\/formations-vendee.com\/phare\/wp-json\/wp\/v2\/users\/1"}],"replies":[{"embeddable":true,"href":"https:\/\/formations-vendee.com\/phare\/wp-json\/wp\/v2\/comments?post=71693"}],"version-history":[{"count":6,"href":"https:\/\/formations-vendee.com\/phare\/wp-json\/wp\/v2\/pages\/71693\/revisions"}],"predecessor-version":[{"id":71796,"href":"https:\/\/formations-vendee.com\/phare\/wp-json\/wp\/v2\/pages\/71693\/revisions\/71796"}],"up":[{"embeddable":true,"href":"https:\/\/formations-vendee.com\/phare\/wp-json\/wp\/v2\/pages\/73"}],"wp:attachment":[{"href":"https:\/\/formations-vendee.com\/phare\/wp-json\/wp\/v2\/media?parent=71693"}],"curies":[{"name":"wp","href":"https:\/\/api.w.org\/{rel}","templated":true}]}}