{"id":71689,"date":"2016-03-18T18:08:32","date_gmt":"2016-03-18T17:08:32","guid":{"rendered":"http:\/\/formations-vendee.com\/phare\/?page_id=71689"},"modified":"2016-03-21T12:53:19","modified_gmt":"2016-03-21T11:53:19","slug":"ressources-humaines-inter","status":"publish","type":"page","link":"https:\/\/formations-vendee.com\/phare\/formations-inter-entreprise\/ressources-humaines-inter\/","title":{"rendered":"Ressources Humaines"},"content":{"rendered":"<div class=\"wpb-content-wrapper\"><p>[vc_row type=\u00a0\u00bbcontainer\u00a0\u00bb padding_top=\u00a0\u00bb\u00a0\u00bb padding_bottom=\u00a0\u00bb\u00a0\u00bb css=\u00a0\u00bb.vc_custom_1445094705330{margin-bottom: 0px !important;}\u00a0\u00bb][vc_column width=\u00a0\u00bb1\/2&Prime; css=\u00a0\u00bb.vc_custom_1444994576899{margin-bottom: 35px !important;}\u00a0\u00bb][vc_column_text]\u00c9volution des pratiques dans l\u2019entreprise, nouvelles technologies, changements administratifs,\u00a0 les challenges sont nombreux \u00e0 relever pour la fonction RH.<\/p>\n<p><strong>Nos formations vous aident \u00e0 d\u00e9velopper les comp\u00e9tences de vos \u00e9quipes en charge des ressources humaines.<\/strong>[\/vc_column_text][\/vc_column][vc_column width=\u00a0\u00bb1\/2&Prime; css=\u00a0\u00bb.vc_custom_1444994585214{margin-bottom: 35px !important;}\u00a0\u00bb][vc_single_image image=\u00a0\u00bb71379&Prime; img_size=\u00a0\u00bbfull\u00a0\u00bb onclick=\u00a0\u00bbcustom_link\u00a0\u00bb css_animation=\u00a0\u00bbright-to-left\u00a0\u00bb link=\u00a0\u00bbhttps:\/\/formations-vendee.com\/phare\/formations-inter-entreprise\/ressources-humaines-inter\/assurer-ladministration-personnel\/\u00a0\u00bb][\/vc_column][\/vc_row][vc_row type=\u00a0\u00bbcontainer\u00a0\u00bb padding_top=\u00a0\u00bb\u00a0\u00bb padding_bottom=\u00a0\u00bb\u00a0\u00bb css=\u00a0\u00bb.vc_custom_1458560834348{margin-top: 30px !important;}\u00a0\u00bb][vc_column][vc_custom_heading text=\u00a0\u00bbToutes nos formations dans ce domaine\u00a0\u00bb font_container=\u00a0\u00bbtag:h2|text_align:center\u00a0\u00bb use_theme_fonts=\u00a0\u00bbyes\u00a0\u00bb][vc_single_image image=\u00a0\u00bb71714&Prime; img_size=\u00a0\u00bbfull\u00a0\u00bb][\/vc_column][\/vc_row]<\/p>\n<\/div>","protected":false},"excerpt":{"rendered":"<p>[vc_row type=\u00a0\u00bbcontainer\u00a0\u00bb padding_top=\u00a0\u00bb\u00a0\u00bb padding_bottom=\u00a0\u00bb\u00a0\u00bb css=\u00a0\u00bb.vc_custom_1445094705330{margin-bottom: 0px !important;}\u00a0\u00bb][vc_column width=\u00a0\u00bb1\/2&Prime; css=\u00a0\u00bb.vc_custom_1444994576899{margin-bottom: 35px !important;}\u00a0\u00bb][vc_column_text]\u00c9volution des pratiques dans l\u2019entreprise, nouvelles technologies, changements administratifs,\u00a0 les challenges sont nombreux \u00e0 relever pour la fonction RH. Nos formations vous aident \u00e0 d\u00e9velopper les comp\u00e9tences de vos \u00e9quipes en charge des ressources humaines.[\/vc_column_text][\/vc_column][vc_column width=\u00a0\u00bb1\/2&Prime; css=\u00a0\u00bb.vc_custom_1444994585214{margin-bottom: 35px !important;}\u00a0\u00bb][vc_single_image image=\u00a0\u00bb71379&Prime; img_size=\u00a0\u00bbfull\u00a0\u00bb onclick=\u00a0\u00bbcustom_link\u00a0\u00bb css_animation=\u00a0\u00bbright-to-left\u00a0\u00bb link=\u00a0\u00bbhttps:\/\/formations-vendee.com\/phare\/formations-inter-entreprise\/ressources-humaines-inter\/assurer-ladministration-personnel\/\u00a0\u00bb][\/vc_column][\/vc_row][vc_row type=\u00a0\u00bbcontainer\u00a0\u00bb [&hellip;]<\/p>\n","protected":false},"author":1,"featured_media":0,"parent":73,"menu_order":4,"comment_status":"closed","ping_status":"closed","template":"","meta":{"_acf_changed":false,"_seopress_robots_primary_cat":"","_seopress_titles_title":"","_seopress_titles_desc":"","_seopress_robots_index":"","footnotes":""},"class_list":["post-71689","page","type-page","status-publish","hentry"],"acf":[],"_links":{"self":[{"href":"https:\/\/formations-vendee.com\/phare\/wp-json\/wp\/v2\/pages\/71689","targetHints":{"allow":["GET"]}}],"collection":[{"href":"https:\/\/formations-vendee.com\/phare\/wp-json\/wp\/v2\/pages"}],"about":[{"href":"https:\/\/formations-vendee.com\/phare\/wp-json\/wp\/v2\/types\/page"}],"author":[{"embeddable":true,"href":"https:\/\/formations-vendee.com\/phare\/wp-json\/wp\/v2\/users\/1"}],"replies":[{"embeddable":true,"href":"https:\/\/formations-vendee.com\/phare\/wp-json\/wp\/v2\/comments?post=71689"}],"version-history":[{"count":8,"href":"https:\/\/formations-vendee.com\/phare\/wp-json\/wp\/v2\/pages\/71689\/revisions"}],"predecessor-version":[{"id":71797,"href":"https:\/\/formations-vendee.com\/phare\/wp-json\/wp\/v2\/pages\/71689\/revisions\/71797"}],"up":[{"embeddable":true,"href":"https:\/\/formations-vendee.com\/phare\/wp-json\/wp\/v2\/pages\/73"}],"wp:attachment":[{"href":"https:\/\/formations-vendee.com\/phare\/wp-json\/wp\/v2\/media?parent=71689"}],"curies":[{"name":"wp","href":"https:\/\/api.w.org\/{rel}","templated":true}]}}