{"id":71641,"date":"2016-03-17T18:55:01","date_gmt":"2016-03-17T17:55:01","guid":{"rendered":"http:\/\/formations-vendee.com\/phare\/?page_id=71641"},"modified":"2020-01-23T21:02:36","modified_gmt":"2020-01-23T20:02:36","slug":"ameliorer-sa-communication","status":"publish","type":"page","link":"https:\/\/formations-vendee.com\/phare\/formations-inter-entreprise\/management-inter\/ameliorer-sa-communication\/","title":{"rendered":"Am\u00e9liorer sa communication"},"content":{"rendered":"<div class=\"wpb-content-wrapper\"><p>[vc_row type=\u00a0\u00bbcontainer\u00a0\u00bb padding_top=\u00a0\u00bb\u00a0\u00bb padding_bottom=\u00a0\u00bb\u00a0\u00bb css=\u00a0\u00bb.vc_custom_1445094705330{margin-bottom: 0px !important;}\u00a0\u00bb][vc_column css=\u00a0\u00bb.vc_custom_1444994576899{margin-bottom: 35px !important;}\u00a0\u00bb][vc_column_text]<\/p>\n<h3>Objectif<\/h3>\n<p>Manager une \u00e9quipe<\/p>\n<table border=\"1\" cellspacing=\"0\" cellpadding=\"9\">\n<colgroup>\n<col width=\"70\" \/>\n<col width=\"30%\" \/><\/colgroup>\n<tbody>\n<tr bgcolor=\"#aac627\">\n<td><b>MODULES<\/b><\/td>\n<td><b>PROCHAINES DATES<\/b><\/td>\n<\/tr>\n<tr valign=\"TOP\">\n<td>Prendre la parole en public<\/td>\n<td><\/td>\n<\/tr>\n<tr valign=\"TOP\">\n<td>Communiquer efficacement \u00e0 l&rsquo;oral<\/td>\n<td><\/td>\n<\/tr>\n<tr valign=\"TOP\">\n<td>Ecrire pour \u00eatre lu<\/td>\n<td><\/td>\n<\/tr>\n<\/tbody>\n<\/table>\n<h3>Comp\u00e9tences transversales d\u00e9velopp\u00e9es<\/h3>\n<ul>\n<li>Exploiter l\u2019information<\/li>\n<li>Actualiser son potentiel<\/li>\n<li>Communiquer de mani\u00e8re efficace<\/li>\n<\/ul>\n<h3>Dur\u00e9e\u00a0et planning<\/h3>\n<p>Nous consulter<\/p>\n<h3>Financements<\/h3>\n<p>Nous consulter[\/vc_column_text][\/vc_column][\/vc_row]<\/p>\n<\/div>","protected":false},"excerpt":{"rendered":"<p>[vc_row type=\u00a0\u00bbcontainer\u00a0\u00bb padding_top=\u00a0\u00bb\u00a0\u00bb padding_bottom=\u00a0\u00bb\u00a0\u00bb css=\u00a0\u00bb.vc_custom_1445094705330{margin-bottom: 0px !important;}\u00a0\u00bb][vc_column css=\u00a0\u00bb.vc_custom_1444994576899{margin-bottom: 35px !important;}\u00a0\u00bb][vc_column_text] Objectif Manager une \u00e9quipe MODULES PROCHAINES DATES Prendre la parole en public Communiquer efficacement \u00e0 l&rsquo;oral Ecrire pour \u00eatre lu Comp\u00e9tences transversales d\u00e9velopp\u00e9es Exploiter l\u2019information Actualiser son potentiel Communiquer de mani\u00e8re efficace Dur\u00e9e\u00a0et planning Nous consulter Financements Nous consulter[\/vc_column_text][\/vc_column][\/vc_row]<\/p>\n","protected":false},"author":1,"featured_media":0,"parent":71693,"menu_order":2,"comment_status":"closed","ping_status":"closed","template":"","meta":{"_acf_changed":false,"_seopress_robots_primary_cat":"","_seopress_titles_title":"","_seopress_titles_desc":"","_seopress_robots_index":"","footnotes":""},"class_list":["post-71641","page","type-page","status-publish","hentry"],"acf":[],"_links":{"self":[{"href":"https:\/\/formations-vendee.com\/phare\/wp-json\/wp\/v2\/pages\/71641","targetHints":{"allow":["GET"]}}],"collection":[{"href":"https:\/\/formations-vendee.com\/phare\/wp-json\/wp\/v2\/pages"}],"about":[{"href":"https:\/\/formations-vendee.com\/phare\/wp-json\/wp\/v2\/types\/page"}],"author":[{"embeddable":true,"href":"https:\/\/formations-vendee.com\/phare\/wp-json\/wp\/v2\/users\/1"}],"replies":[{"embeddable":true,"href":"https:\/\/formations-vendee.com\/phare\/wp-json\/wp\/v2\/comments?post=71641"}],"version-history":[{"count":4,"href":"https:\/\/formations-vendee.com\/phare\/wp-json\/wp\/v2\/pages\/71641\/revisions"}],"predecessor-version":[{"id":71933,"href":"https:\/\/formations-vendee.com\/phare\/wp-json\/wp\/v2\/pages\/71641\/revisions\/71933"}],"up":[{"embeddable":true,"href":"https:\/\/formations-vendee.com\/phare\/wp-json\/wp\/v2\/pages\/71693"}],"wp:attachment":[{"href":"https:\/\/formations-vendee.com\/phare\/wp-json\/wp\/v2\/media?parent=71641"}],"curies":[{"name":"wp","href":"https:\/\/api.w.org\/{rel}","templated":true}]}}