{"id":71452,"date":"2016-03-15T17:16:25","date_gmt":"2016-03-15T16:16:25","guid":{"rendered":"http:\/\/formations-vendee.com\/phare\/?page_id=71452"},"modified":"2016-12-13T17:31:12","modified_gmt":"2016-12-13T16:31:12","slug":"structurez-formation-interne","status":"publish","type":"page","link":"https:\/\/formations-vendee.com\/phare\/structurez-formation-interne\/","title":{"rendered":"Structurez votre formation interne"},"content":{"rendered":"<div class=\"wpb-content-wrapper\"><p>[vc_row type=\u00a0\u00bbcontainer\u00a0\u00bb padding_top=\u00a0\u00bb\u00a0\u00bb padding_bottom=\u00a0\u00bb\u00a0\u00bb css=\u00a0\u00bb.vc_custom_1455295851804{padding-top: 50px !important;}\u00a0\u00bb][vc_column width=\u00a0\u00bb1\/2&Prime;][vc_column_text]Dans ce contexte de changement de plus en plus rapide, <strong>l&rsquo;adaptation permanente du salari\u00e9 \u00e0 son poste de travail est un enjeu clef pour votre entreprise. <\/strong>L\u2019action de formation externe concernant l&rsquo;\u00e9volution des m\u00e9tiers, des technologies et des organisations est une premi\u00e8re r\u00e9ponse.<\/p>\n<p>Une seconde approche, consiste \u00e0 mettre en place une d\u00e9marche structur\u00e9e de formation interne. Vous assurerez vous-m\u00eame la conception et l\u2019animation de formations sur mesure, avec votre personnel, en mobilisant vos propres ressources\u00a0: contenu p\u00e9dagogique, salari\u00e9s formateurs, locaux.<\/p>\n<h3>2 atouts majeurs<\/h3>\n<ul>\n<li><strong>Faire partager votre culture<\/strong><\/li>\n<li><strong>Transf\u00e9rer vos savoir-faire m\u00e9tiers<\/strong><\/li>\n<\/ul>\n<p>[\/vc_column_text][\/vc_column][vc_column width=\u00a0\u00bb1\/2&Prime;][vc_single_image image=\u00a0\u00bb71573&Prime; img_size=\u00a0\u00bblarge\u00a0\u00bb css_animation=\u00a0\u00bbright-to-left\u00a0\u00bb][\/vc_column][\/vc_row][vc_row type=\u00a0\u00bbcontainer\u00a0\u00bb padding_top=\u00a0\u00bb\u00a0\u00bb padding_bottom=\u00a0\u00bb\u00a0\u00bb][vc_column][vc_column_text]<strong>PHARE<\/strong> vous accompagne dans la mise en place de vos processus de formation interne, avec nos m\u00e9thodes d\u2019ing\u00e9nierie de la formation et d\u2019ing\u00e9nierie p\u00e9dagogique.<\/p>\n<ol>\n<li>D\u00e9finir les besoins en polyvalence pour renforcer votre organisation<\/li>\n<li>Concevoir en interne les formations m\u00e9tiers dont vous avez besoin<\/li>\n<li>D\u00e9velopper les comp\u00e9tences de vos tuteurs et formateurs internes<\/li>\n<li>Enregistrer les formations internes et les r\u00e9sultats obtenus<\/li>\n<\/ol>\n<h3>Les formations associ\u00e9es<\/h3>\n<ul>\n<li>Devenir tuteur<\/li>\n<li>Animateur de formation<\/li>\n<li>Concepteur de formation<\/li>\n<\/ul>\n<p>Pour tout besoin d\u2019accompagnement dans cette d\u00e9marche, <a href=\"https:\/\/formations-vendee.com\/phare\/contact\/\">contactez-nous<\/a>.[\/vc_column_text][\/vc_column][\/vc_row]<\/p>\n<\/div>","protected":false},"excerpt":{"rendered":"<p>[vc_row type=\u00a0\u00bbcontainer\u00a0\u00bb padding_top=\u00a0\u00bb\u00a0\u00bb padding_bottom=\u00a0\u00bb\u00a0\u00bb css=\u00a0\u00bb.vc_custom_1455295851804{padding-top: 50px !important;}\u00a0\u00bb][vc_column width=\u00a0\u00bb1\/2&Prime;][vc_column_text]Dans ce contexte de changement de plus en plus rapide, l&rsquo;adaptation permanente du salari\u00e9 \u00e0 son poste de travail est un enjeu clef pour votre entreprise. L\u2019action de formation externe concernant l&rsquo;\u00e9volution des m\u00e9tiers, des technologies et des organisations est une premi\u00e8re r\u00e9ponse. Une seconde approche, consiste \u00e0 [&hellip;]<\/p>\n","protected":false},"author":1,"featured_media":0,"parent":0,"menu_order":0,"comment_status":"closed","ping_status":"closed","template":"page-full-width.php","meta":{"_acf_changed":false,"_seopress_robots_primary_cat":"","_seopress_titles_title":"","_seopress_titles_desc":"","_seopress_robots_index":"","footnotes":""},"class_list":["post-71452","page","type-page","status-publish","hentry"],"acf":[],"_links":{"self":[{"href":"https:\/\/formations-vendee.com\/phare\/wp-json\/wp\/v2\/pages\/71452","targetHints":{"allow":["GET"]}}],"collection":[{"href":"https:\/\/formations-vendee.com\/phare\/wp-json\/wp\/v2\/pages"}],"about":[{"href":"https:\/\/formations-vendee.com\/phare\/wp-json\/wp\/v2\/types\/page"}],"author":[{"embeddable":true,"href":"https:\/\/formations-vendee.com\/phare\/wp-json\/wp\/v2\/users\/1"}],"replies":[{"embeddable":true,"href":"https:\/\/formations-vendee.com\/phare\/wp-json\/wp\/v2\/comments?post=71452"}],"version-history":[{"count":13,"href":"https:\/\/formations-vendee.com\/phare\/wp-json\/wp\/v2\/pages\/71452\/revisions"}],"predecessor-version":[{"id":71847,"href":"https:\/\/formations-vendee.com\/phare\/wp-json\/wp\/v2\/pages\/71452\/revisions\/71847"}],"wp:attachment":[{"href":"https:\/\/formations-vendee.com\/phare\/wp-json\/wp\/v2\/media?parent=71452"}],"curies":[{"name":"wp","href":"https:\/\/api.w.org\/{rel}","templated":true}]}}