{"id":71362,"date":"2016-03-05T12:09:27","date_gmt":"2016-03-05T11:09:27","guid":{"rendered":"http:\/\/formations-vendee.com\/cofae\/?page_id=71362"},"modified":"2020-03-11T09:28:15","modified_gmt":"2020-03-11T08:28:15","slug":"anglais","status":"publish","type":"page","link":"https:\/\/formations-vendee.com\/phare\/formations-inter-entreprise\/anglais\/","title":{"rendered":"Anglais"},"content":{"rendered":"<div class=\"wpb-content-wrapper\"><p>[vc_row type=\u00a0\u00bbcontainer\u00a0\u00bb padding_top=\u00a0\u00bb\u00a0\u00bb padding_bottom=\u00a0\u00bb\u00a0\u00bb css=\u00a0\u00bb.vc_custom_1445094705330{margin-bottom: 0px !important;}\u00a0\u00bb][vc_column width=\u00a0\u00bb2\/3&Prime; css=\u00a0\u00bb.vc_custom_1444994576899{margin-bottom: 35px !important;}\u00a0\u00bb][vc_column_text]<strong>PHARE<\/strong> adapte sa p\u00e9dagogie \u00e0 vos attentes et vous propose <strong>4 formules<\/strong>, qu\u2019il est possible de mixer pour construire un parcours sur mesure\u00a0:<\/p>\n<ul>\n<li>E-learning, un parcours \u00e0 la carte<\/li>\n<li>Des cours individuels en face \u00e0 face<\/li>\n<li>Des cours d\u2019Anglais par t\u00e9l\u00e9phone<\/li>\n<li>Des cours collectifs de conversation<\/li>\n<\/ul>\n<p>&nbsp;<\/p>\n<p><span style=\"color: #ffffff\"><img loading=\"lazy\" decoding=\"async\" class=\"alignnone wp-image-71364\" src=\"https:\/\/formations-vendee.com\/phare\/wp-content\/uploads\/sites\/5\/2016\/03\/toeic.jpg\" alt=\"\" width=\"182\" height=\"95\" \/>Nou<\/span><\/p>\n<p><span style=\"color: #ffffff\"> vous proposons aussi de pr\u00e9parer au passage des <strong>tests TOEIC ou BULLATS<\/strong><\/span>[\/vc_column_text][\/vc_column][vc_column width=\u00a0\u00bb1\/3&Prime;][vc_single_image image=\u00a0\u00bb71366&Prime; img_size=\u00a0\u00bblarge\u00a0\u00bb onclick=\u00a0\u00bbcustom_link\u00a0\u00bb link=\u00a0\u00bbhttps:\/\/formations-vendee.com\/anglais\u00a0\u00bb][vc_single_image image=\u00a0\u00bb71762&Prime; img_size=\u00a0\u00bblarge\u00a0\u00bb onclick=\u00a0\u00bbcustom_link\u00a0\u00bb css_animation=\u00a0\u00bbright-to-left\u00a0\u00bb link=\u00a0\u00bbhttps:\/\/formations-vendee.com\/anglais\u00a0\u00bb][vc_btn title=\u00a0\u00bbDemande d&rsquo;inscription\u00a0\u00bb style=\u00a0\u00bbclassic\u00a0\u00bb align=\u00a0\u00bbcenter\u00a0\u00bb i_align=\u00a0\u00bbright\u00a0\u00bb i_icon_fontawesome=\u00a0\u00bbfa fa-envelope-open\u00a0\u00bb button_block=\u00a0\u00bbtrue\u00a0\u00bb add_icon=\u00a0\u00bbtrue\u00a0\u00bb link=\u00a0\u00bburl:https%3A%2F%2Fformations-vendee.com%2Fanglais%2Fcontact%2F|||\u00a0\u00bb][\/vc_column][\/vc_row][vc_row type=\u00a0\u00bbcontainer\u00a0\u00bb padding_top=\u00a0\u00bb\u00a0\u00bb padding_bottom=\u00a0\u00bb\u00a0\u00bb][vc_column][vc_column_text]Les comp\u00e9tences transversales peuvent \u00eatre partag\u00e9es par d\u2019autres m\u00e9tiers et d\u2019autres familles professionnelles. Elles sont valorisables dans le cadre d\u2019une reconversion ou d\u2019une \u00e9volution professionnelle.<\/p>\n<p><strong>PHARE dispense des formations sur les comp\u00e9tences transversales en Anglais. PHARE est centre d&rsquo;examens TOEIC. <\/strong>Nous nous appuyons sur les nouvelles technologies de l\u2019information pour proposer des parcours individualis\u00e9s en entr\u00e9e sortie permanente.<\/p>\n<p>Toutes nos formations participent \u00e0 l\u2019obtention d\u2019un dipl\u00f4me, d\u2019une qualification ou d\u2019une certification :<br \/>\n<strong>&#8211; ANGLAIS :\u00a0\u00a0 TOEIC <\/strong>(code CPF 131204) <strong><br \/>\n<\/strong><\/p>\n<p>Nos formations inter entreprise font \u00e9voluer les comp\u00e9tences de vos salari\u00e9s pour r\u00e9pondre aux enjeux du domaine. Venez d\u00e9velopper vos comp\u00e9tences transversales avec PHARE ![\/vc_column_text][\/vc_column][\/vc_row]<\/p>\n<\/div>","protected":false},"excerpt":{"rendered":"<p>[vc_row type=\u00a0\u00bbcontainer\u00a0\u00bb padding_top=\u00a0\u00bb\u00a0\u00bb padding_bottom=\u00a0\u00bb\u00a0\u00bb css=\u00a0\u00bb.vc_custom_1445094705330{margin-bottom: 0px !important;}\u00a0\u00bb][vc_column width=\u00a0\u00bb2\/3&Prime; css=\u00a0\u00bb.vc_custom_1444994576899{margin-bottom: 35px !important;}\u00a0\u00bb][vc_column_text]PHARE adapte sa p\u00e9dagogie \u00e0 vos attentes et vous propose 4 formules, qu\u2019il est possible de mixer pour construire un parcours sur mesure\u00a0: E-learning, un parcours \u00e0 la carte Des cours individuels en face \u00e0 face Des cours d\u2019Anglais par t\u00e9l\u00e9phone Des cours collectifs de [&hellip;]<\/p>\n","protected":false},"author":1,"featured_media":0,"parent":73,"menu_order":7,"comment_status":"closed","ping_status":"closed","template":"","meta":{"_acf_changed":false,"_seopress_robots_primary_cat":"","_seopress_titles_title":"","_seopress_titles_desc":"","_seopress_robots_index":"","footnotes":""},"class_list":["post-71362","page","type-page","status-publish","hentry"],"acf":[],"_links":{"self":[{"href":"https:\/\/formations-vendee.com\/phare\/wp-json\/wp\/v2\/pages\/71362","targetHints":{"allow":["GET"]}}],"collection":[{"href":"https:\/\/formations-vendee.com\/phare\/wp-json\/wp\/v2\/pages"}],"about":[{"href":"https:\/\/formations-vendee.com\/phare\/wp-json\/wp\/v2\/types\/page"}],"author":[{"embeddable":true,"href":"https:\/\/formations-vendee.com\/phare\/wp-json\/wp\/v2\/users\/1"}],"replies":[{"embeddable":true,"href":"https:\/\/formations-vendee.com\/phare\/wp-json\/wp\/v2\/comments?post=71362"}],"version-history":[{"count":12,"href":"https:\/\/formations-vendee.com\/phare\/wp-json\/wp\/v2\/pages\/71362\/revisions"}],"predecessor-version":[{"id":71951,"href":"https:\/\/formations-vendee.com\/phare\/wp-json\/wp\/v2\/pages\/71362\/revisions\/71951"}],"up":[{"embeddable":true,"href":"https:\/\/formations-vendee.com\/phare\/wp-json\/wp\/v2\/pages\/73"}],"wp:attachment":[{"href":"https:\/\/formations-vendee.com\/phare\/wp-json\/wp\/v2\/media?parent=71362"}],"curies":[{"name":"wp","href":"https:\/\/api.w.org\/{rel}","templated":true}]}}