{"id":71360,"date":"2016-03-05T12:04:15","date_gmt":"2016-03-05T11:04:15","guid":{"rendered":"http:\/\/formations-vendee.com\/cofae\/?page_id=71360"},"modified":"2020-01-23T21:04:13","modified_gmt":"2020-01-23T20:04:13","slug":"bureautique","status":"publish","type":"page","link":"https:\/\/formations-vendee.com\/phare\/formations-inter-entreprise\/bureautique\/","title":{"rendered":"Bureautique"},"content":{"rendered":"<div class=\"wpb-content-wrapper\"><p>[vc_row type=\u00a0\u00bbcontainer\u00a0\u00bb padding_top=\u00a0\u00bb\u00a0\u00bb padding_bottom=\u00a0\u00bb\u00a0\u00bb css=\u00a0\u00bb.vc_custom_1445094705330{margin-bottom: 0px !important;}\u00a0\u00bb][vc_column width=\u00a0\u00bb2\/3&Prime; css=\u00a0\u00bb.vc_custom_1444994576899{margin-bottom: 35px !important;}\u00a0\u00bb][vc_column_text]<span lang=\"en-US\">D\u00e9veloppez vos comp\u00e9tences en bureautique sur les principaux logiciels utilis\u00e9<\/span>s<span lang=\"en-US\">. Un parcours individualis\u00e9 vous est propos\u00e9<\/span>.<br \/>\nPassez la certification TOSA et valorisez vos comp\u00e9tences. Notre \u00ab\u00a0open lab bureautique\u00a0\u00bb est ouvert 3 jours par semaine. Formez-vous quand vous voulez\u00a0!<\/p>\n<p><strong>L\u2019ENVIRONNEMENT BUREAUTIQUE<\/strong><\/p>\n<ul>\n<li>APPR\u00c9HENDER ET UTILISER LES LOGICIELS<\/li>\n<li>COMMUNIQUER PAR LA MESSAGERIE ELECTRONIQUE<\/li>\n<li>NAVIGUER ET RECHERCHER SUR INTERNET<\/li>\n<\/ul>\n<p><strong>WORD<\/strong><\/p>\n<ul>\n<li>INITIATION et\/ou PERFECTIONNEMENT<\/li>\n<\/ul>\n<p><strong>EXCEL<\/strong><\/p>\n<ul>\n<li>INITIATION et\/ou PERFECTIONNEMENT<\/li>\n<\/ul>\n<p><strong>POWERPOINT<\/strong><\/p>\n<ul>\n<li>INITIATION et\/ou PERFECTIONNEMENT<\/li>\n<\/ul>\n<h3>Financements<\/h3>\n<p>Nous consulter[\/vc_column_text][\/vc_column][vc_column width=\u00a0\u00bb1\/3&Prime;][vc_single_image image=\u00a0\u00bb71879&Prime; img_size=\u00a0\u00bblarge\u00a0\u00bb][vc_btn title=\u00a0\u00bbDemande d&rsquo;inscription\u00a0\u00bb style=\u00a0\u00bbclassic\u00a0\u00bb align=\u00a0\u00bbcenter\u00a0\u00bb i_align=\u00a0\u00bbright\u00a0\u00bb i_icon_fontawesome=\u00a0\u00bbfa fa-envelope-open\u00a0\u00bb button_block=\u00a0\u00bbtrue\u00a0\u00bb add_icon=\u00a0\u00bbtrue\u00a0\u00bb link=\u00a0\u00bburl:https%3A%2F%2Fformations-vendee.com%2Fphare%2Fcontact%2F|||\u00a0\u00bb][\/vc_column][\/vc_row][vc_row type=\u00a0\u00bbcontainer\u00a0\u00bb padding_top=\u00a0\u00bb\u00a0\u00bb padding_bottom=\u00a0\u00bb\u00a0\u00bb][vc_column][vc_column_text]Les comp\u00e9tences transversales peuvent \u00eatre partag\u00e9es par d\u2019autres m\u00e9tiers et d\u2019autres familles professionnelles. Elles sont valorisables dans le cadre d\u2019une reconversion ou d\u2019une \u00e9volution professionnelle.<\/p>\n<p><strong>PHARE dispense des formations sur les comp\u00e9tences transversales en Bureautique.\u00a0 <\/strong>Nous nous appuyons sur les nouvelles technologies de l\u2019information pour proposer des parcours individualis\u00e9s en entr\u00e9e sortie permanente.<\/p>\n<p>Toutes nos formations participent \u00e0 l\u2019obtention d\u2019un dipl\u00f4me, d\u2019une qualification ou d\u2019une certification et sont \u00e9ligibles au CPF :<strong><br \/>\n&#8211; BUREAUTIQUE :\u00a0\u00a0 TOSA <\/strong>(code CPF 135449)<strong><br \/>\n<\/strong><\/p>\n<p>Nos formations inter entreprise font \u00e9voluer les comp\u00e9tences de vos salari\u00e9s pour r\u00e9pondre aux enjeux du domaine. Venez d\u00e9velopper vos comp\u00e9tences transversales avec PHARE ![\/vc_column_text][\/vc_column][\/vc_row]<\/p>\n<\/div>","protected":false},"excerpt":{"rendered":"<p>[vc_row type=\u00a0\u00bbcontainer\u00a0\u00bb padding_top=\u00a0\u00bb\u00a0\u00bb padding_bottom=\u00a0\u00bb\u00a0\u00bb css=\u00a0\u00bb.vc_custom_1445094705330{margin-bottom: 0px !important;}\u00a0\u00bb][vc_column width=\u00a0\u00bb2\/3&Prime; css=\u00a0\u00bb.vc_custom_1444994576899{margin-bottom: 35px !important;}\u00a0\u00bb][vc_column_text]D\u00e9veloppez vos comp\u00e9tences en bureautique sur les principaux logiciels utilis\u00e9s. Un parcours individualis\u00e9 vous est propos\u00e9. Passez la certification TOSA et valorisez vos comp\u00e9tences. Notre \u00ab\u00a0open lab bureautique\u00a0\u00bb est ouvert 3 jours par semaine. Formez-vous quand vous voulez\u00a0! L\u2019ENVIRONNEMENT BUREAUTIQUE APPR\u00c9HENDER ET UTILISER LES LOGICIELS [&hellip;]<\/p>\n","protected":false},"author":1,"featured_media":0,"parent":73,"menu_order":6,"comment_status":"closed","ping_status":"closed","template":"","meta":{"_acf_changed":false,"_seopress_robots_primary_cat":"","_seopress_titles_title":"","_seopress_titles_desc":"","_seopress_robots_index":"","footnotes":""},"class_list":["post-71360","page","type-page","status-publish","hentry"],"acf":[],"_links":{"self":[{"href":"https:\/\/formations-vendee.com\/phare\/wp-json\/wp\/v2\/pages\/71360","targetHints":{"allow":["GET"]}}],"collection":[{"href":"https:\/\/formations-vendee.com\/phare\/wp-json\/wp\/v2\/pages"}],"about":[{"href":"https:\/\/formations-vendee.com\/phare\/wp-json\/wp\/v2\/types\/page"}],"author":[{"embeddable":true,"href":"https:\/\/formations-vendee.com\/phare\/wp-json\/wp\/v2\/users\/1"}],"replies":[{"embeddable":true,"href":"https:\/\/formations-vendee.com\/phare\/wp-json\/wp\/v2\/comments?post=71360"}],"version-history":[{"count":7,"href":"https:\/\/formations-vendee.com\/phare\/wp-json\/wp\/v2\/pages\/71360\/revisions"}],"predecessor-version":[{"id":71936,"href":"https:\/\/formations-vendee.com\/phare\/wp-json\/wp\/v2\/pages\/71360\/revisions\/71936"}],"up":[{"embeddable":true,"href":"https:\/\/formations-vendee.com\/phare\/wp-json\/wp\/v2\/pages\/73"}],"wp:attachment":[{"href":"https:\/\/formations-vendee.com\/phare\/wp-json\/wp\/v2\/media?parent=71360"}],"curies":[{"name":"wp","href":"https:\/\/api.w.org\/{rel}","templated":true}]}}