{"id":71358,"date":"2016-03-05T12:01:01","date_gmt":"2016-03-05T11:01:01","guid":{"rendered":"http:\/\/formations-vendee.com\/cofae\/?page_id=71358"},"modified":"2020-01-23T21:01:26","modified_gmt":"2020-01-23T20:01:26","slug":"assurer-production-de-paie-elaborer-donnees-de-synthese","status":"publish","type":"page","link":"https:\/\/formations-vendee.com\/phare\/formations-inter-entreprise\/ressources-humaines-inter\/assurer-production-de-paie-elaborer-donnees-de-synthese\/","title":{"rendered":"Assurer la production de la paie et \u00e9laborer les donn\u00e9es de synth\u00e8se"},"content":{"rendered":"<div class=\"wpb-content-wrapper\"><p>[vc_row type=\u00a0\u00bbcontainer\u00a0\u00bb padding_top=\u00a0\u00bb\u00a0\u00bb padding_bottom=\u00a0\u00bb\u00a0\u00bb css=\u00a0\u00bb.vc_custom_1445094705330{margin-bottom: 0px !important;}\u00a0\u00bb][vc_column css=\u00a0\u00bb.vc_custom_1444994576899{margin-bottom: 35px !important;}\u00a0\u00bb][vc_column_text]Le Gestionnaire de paie <strong>organise et r\u00e9alise le traitement de la paie<\/strong> \u00e0 partir des param\u00e8tres et variables collect\u00e9s.<\/p>\n<p>Dans le respect des d\u00e9lais, il \u00e9labore avec rigueur les donn\u00e9es de synth\u00e8se qui en r\u00e9sultent.<\/p>\n<h3>Objectif<\/h3>\n<p>R\u00e9aliser les bulletins de paie et les synth\u00e8ses associ\u00e9es<\/p>\n<table border=\"1\" cellspacing=\"0\" cellpadding=\"9\">\n<colgroup>\n<col width=\"70\" \/>\n<col width=\"30%\" \/><\/colgroup>\n<tbody>\n<tr bgcolor=\"#aac627\">\n<td><b>MODULES<\/b><\/td>\n<td><b>PROCHAINES DATES<\/b><\/td>\n<\/tr>\n<tr valign=\"TOP\">\n<td>R\u00e9aliser et contr\u00f4ler les bulletins de salaire<\/td>\n<td><\/td>\n<\/tr>\n<tr valign=\"TOP\">\n<td>\u00c9tablir et contr\u00f4ler les donn\u00e9es de synth\u00e8se \u00e0 partir de la production des bulletins de salaires<\/td>\n<td><\/td>\n<\/tr>\n<\/tbody>\n<\/table>\n<h3>Comp\u00e9tences transversales d\u00e9velopp\u00e9es<\/h3>\n<ul>\n<li>Contr\u00f4ler la validit\u00e9 des r\u00e8gles<\/li>\n<li>Anticiper pour organiser la production<\/li>\n<\/ul>\n<h3>\u00c9valuation<\/h3>\n<p>Passage du CCP 2 du titre Professionnel GP &#8211; Niveau III (BTS, DUT)<\/p>\n<h3>Dur\u00e9e\u00a0et planning<\/h3>\n<p>Nous consulter<\/p>\n<h3>Financements<\/h3>\n<p>Nous consulter[\/vc_column_text][\/vc_column][\/vc_row]<\/p>\n<\/div>","protected":false},"excerpt":{"rendered":"<p>[vc_row type=\u00a0\u00bbcontainer\u00a0\u00bb padding_top=\u00a0\u00bb\u00a0\u00bb padding_bottom=\u00a0\u00bb\u00a0\u00bb css=\u00a0\u00bb.vc_custom_1445094705330{margin-bottom: 0px !important;}\u00a0\u00bb][vc_column css=\u00a0\u00bb.vc_custom_1444994576899{margin-bottom: 35px !important;}\u00a0\u00bb][vc_column_text]Le Gestionnaire de paie organise et r\u00e9alise le traitement de la paie \u00e0 partir des param\u00e8tres et variables collect\u00e9s. Dans le respect des d\u00e9lais, il \u00e9labore avec rigueur les donn\u00e9es de synth\u00e8se qui en r\u00e9sultent. Objectif R\u00e9aliser les bulletins de paie et les synth\u00e8ses associ\u00e9es MODULES [&hellip;]<\/p>\n","protected":false},"author":1,"featured_media":0,"parent":71689,"menu_order":5,"comment_status":"closed","ping_status":"closed","template":"","meta":{"_acf_changed":false,"_seopress_robots_primary_cat":"","_seopress_titles_title":"","_seopress_titles_desc":"","_seopress_robots_index":"","footnotes":""},"class_list":["post-71358","page","type-page","status-publish","hentry"],"acf":[],"_links":{"self":[{"href":"https:\/\/formations-vendee.com\/phare\/wp-json\/wp\/v2\/pages\/71358","targetHints":{"allow":["GET"]}}],"collection":[{"href":"https:\/\/formations-vendee.com\/phare\/wp-json\/wp\/v2\/pages"}],"about":[{"href":"https:\/\/formations-vendee.com\/phare\/wp-json\/wp\/v2\/types\/page"}],"author":[{"embeddable":true,"href":"https:\/\/formations-vendee.com\/phare\/wp-json\/wp\/v2\/users\/1"}],"replies":[{"embeddable":true,"href":"https:\/\/formations-vendee.com\/phare\/wp-json\/wp\/v2\/comments?post=71358"}],"version-history":[{"count":2,"href":"https:\/\/formations-vendee.com\/phare\/wp-json\/wp\/v2\/pages\/71358\/revisions"}],"predecessor-version":[{"id":71931,"href":"https:\/\/formations-vendee.com\/phare\/wp-json\/wp\/v2\/pages\/71358\/revisions\/71931"}],"up":[{"embeddable":true,"href":"https:\/\/formations-vendee.com\/phare\/wp-json\/wp\/v2\/pages\/71689"}],"wp:attachment":[{"href":"https:\/\/formations-vendee.com\/phare\/wp-json\/wp\/v2\/media?parent=71358"}],"curies":[{"name":"wp","href":"https:\/\/api.w.org\/{rel}","templated":true}]}}