{"id":71356,"date":"2016-03-05T11:58:18","date_gmt":"2016-03-05T10:58:18","guid":{"rendered":"http:\/\/formations-vendee.com\/cofae\/?page_id=71356"},"modified":"2020-01-23T21:00:52","modified_gmt":"2020-01-23T20:00:52","slug":"assurer-tenue-suivi-dossier-social-de-lentreprise","status":"publish","type":"page","link":"https:\/\/formations-vendee.com\/phare\/formations-inter-entreprise\/ressources-humaines-inter\/assurer-tenue-suivi-dossier-social-de-lentreprise\/","title":{"rendered":"Assurer la tenue et le suivi du dossier social de l&rsquo;entreprise"},"content":{"rendered":"<div class=\"wpb-content-wrapper\"><p>[vc_row type=\u00a0\u00bbcontainer\u00a0\u00bb padding_top=\u00a0\u00bb\u00a0\u00bb padding_bottom=\u00a0\u00bb\u00a0\u00bb css=\u00a0\u00bb.vc_custom_1445094705330{margin-bottom: 0px !important;}\u00a0\u00bb][vc_column css=\u00a0\u00bb.vc_custom_1444994576899{margin-bottom: 35px !important;}\u00a0\u00bb][vc_column_text]\u00c0 partir de la l\u00e9gislation sociale, des conventions collectives, de l\u2019\u00e9volution de la r\u00e9glementation des organismes sociaux et dans le respect des directives assign\u00e9es, <strong>le gestionnaire de paie assure une veille afin de maintenir le dossier social de l\u2019entreprise et les dossiers individuels des salari\u00e9s.<\/strong><\/p>\n<h3>Objectif<\/h3>\n<p>Tenir et suivre le dossier social de l\u2019entreprise<\/p>\n<p>&nbsp;<\/p>\n<table border=\"1\" cellspacing=\"0\" cellpadding=\"9\">\n<colgroup>\n<col width=\"70\" \/>\n<col width=\"30%\" \/><\/colgroup>\n<tbody>\n<tr bgcolor=\"#aac627\">\n<td><b>MODULES<\/b><\/td>\n<td><b>PROCHAINES DATES<\/b><\/td>\n<\/tr>\n<tr valign=\"TOP\">\n<td>Analyser et assurer la gestion des informations li\u00e9es aux relations de travail<\/td>\n<td><\/td>\n<\/tr>\n<tr valign=\"TOP\">\n<td>Collecter les informations et traiter les \u00e9v\u00e9nements li\u00e9s au temps de travail du personnel<\/td>\n<td><\/td>\n<\/tr>\n<tr valign=\"TOP\">\n<td>Assurer les relations avec le personnel et les tiers<\/td>\n<td><\/td>\n<\/tr>\n<\/tbody>\n<\/table>\n<h3>\u00a0Comp\u00e9tences transversales d\u00e9velopp\u00e9es<\/h3>\n<ul>\n<li>Contr\u00f4ler la validit\u00e9 des r\u00e8gles<\/li>\n<li>Anticiper pour organiser la production<\/li>\n<\/ul>\n<h3>\u00c9valuation<\/h3>\n<p>Passage du CCP 1 du titre Professionnel GP &#8211; Niveau III (BTS, DUT)<\/p>\n<h3>Dur\u00e9e\u00a0et planning<\/h3>\n<p>Nous consulter<\/p>\n<h3>Financements<\/h3>\n<p>Nous consulter[\/vc_column_text][\/vc_column][\/vc_row]<\/p>\n<\/div>","protected":false},"excerpt":{"rendered":"<p>[vc_row type=\u00a0\u00bbcontainer\u00a0\u00bb padding_top=\u00a0\u00bb\u00a0\u00bb padding_bottom=\u00a0\u00bb\u00a0\u00bb css=\u00a0\u00bb.vc_custom_1445094705330{margin-bottom: 0px !important;}\u00a0\u00bb][vc_column css=\u00a0\u00bb.vc_custom_1444994576899{margin-bottom: 35px !important;}\u00a0\u00bb][vc_column_text]\u00c0 partir de la l\u00e9gislation sociale, des conventions collectives, de l\u2019\u00e9volution de la r\u00e9glementation des organismes sociaux et dans le respect des directives assign\u00e9es, le gestionnaire de paie assure une veille afin de maintenir le dossier social de l\u2019entreprise et les dossiers individuels des salari\u00e9s. Objectif [&hellip;]<\/p>\n","protected":false},"author":1,"featured_media":0,"parent":71689,"menu_order":4,"comment_status":"closed","ping_status":"closed","template":"","meta":{"_acf_changed":false,"_seopress_robots_primary_cat":"","_seopress_titles_title":"","_seopress_titles_desc":"","_seopress_robots_index":"","footnotes":""},"class_list":["post-71356","page","type-page","status-publish","hentry"],"acf":[],"_links":{"self":[{"href":"https:\/\/formations-vendee.com\/phare\/wp-json\/wp\/v2\/pages\/71356","targetHints":{"allow":["GET"]}}],"collection":[{"href":"https:\/\/formations-vendee.com\/phare\/wp-json\/wp\/v2\/pages"}],"about":[{"href":"https:\/\/formations-vendee.com\/phare\/wp-json\/wp\/v2\/types\/page"}],"author":[{"embeddable":true,"href":"https:\/\/formations-vendee.com\/phare\/wp-json\/wp\/v2\/users\/1"}],"replies":[{"embeddable":true,"href":"https:\/\/formations-vendee.com\/phare\/wp-json\/wp\/v2\/comments?post=71356"}],"version-history":[{"count":2,"href":"https:\/\/formations-vendee.com\/phare\/wp-json\/wp\/v2\/pages\/71356\/revisions"}],"predecessor-version":[{"id":71930,"href":"https:\/\/formations-vendee.com\/phare\/wp-json\/wp\/v2\/pages\/71356\/revisions\/71930"}],"up":[{"embeddable":true,"href":"https:\/\/formations-vendee.com\/phare\/wp-json\/wp\/v2\/pages\/71689"}],"wp:attachment":[{"href":"https:\/\/formations-vendee.com\/phare\/wp-json\/wp\/v2\/media?parent=71356"}],"curies":[{"name":"wp","href":"https:\/\/api.w.org\/{rel}","templated":true}]}}