{"id":71354,"date":"2016-03-05T11:56:07","date_gmt":"2016-03-05T10:56:07","guid":{"rendered":"http:\/\/formations-vendee.com\/cofae\/?page_id=71354"},"modified":"2020-01-23T21:00:04","modified_gmt":"2020-01-23T20:00:04","slug":"recruter-integrer-gerer-competences-salaries","status":"publish","type":"page","link":"https:\/\/formations-vendee.com\/phare\/formations-inter-entreprise\/ressources-humaines-inter\/recruter-integrer-gerer-competences-salaries\/","title":{"rendered":"Recruter, Int\u00e9grer et g\u00e9rer les comp\u00e9tences des salari\u00e9s"},"content":{"rendered":"<div class=\"wpb-content-wrapper\"><p>[vc_row type=\u00a0\u00bbcontainer\u00a0\u00bb padding_top=\u00a0\u00bb\u00a0\u00bb padding_bottom=\u00a0\u00bb\u00a0\u00bb css=\u00a0\u00bb.vc_custom_1445094705330{margin-bottom: 0px !important;}\u00a0\u00bb][vc_column css=\u00a0\u00bb.vc_custom_1444994576899{margin-bottom: 35px !important;}\u00a0\u00bb][vc_column_text]<strong>L&rsquo;assistant(e) RH contribue \u00e0 la gestion et au d\u00e9veloppement des ressources humaines<\/strong> en mettant en \u0153uvre les processus li\u00e9s aux actions de recrutement, d\u2019int\u00e9gration des nouveaux salari\u00e9s et de formation du personnel dans le cadre de la politique GPEC de l\u2019entreprise.<\/p>\n<h3>Objectif<\/h3>\n<p>Recruter, Int\u00e9grer et g\u00e9rer les comp\u00e9tences des salari\u00e9s<\/p>\n<table border=\"1\" cellspacing=\"0\" cellpadding=\"9\">\n<colgroup>\n<col width=\"70\" \/>\n<col width=\"30%\" \/><\/colgroup>\n<tbody>\n<tr bgcolor=\"#aac627\">\n<td><b>MODULES<\/b><\/td>\n<td><b>PROCHAINES DATES<\/b><\/td>\n<\/tr>\n<tr valign=\"TOP\">\n<td>R\u00e9diger un profil de poste<\/td>\n<td><\/td>\n<\/tr>\n<tr valign=\"TOP\">\n<td>R\u00e9diger et diffuser une offre d\u2019emploi et effectuer une pr\u00e9s\u00e9lection de candidatures<\/td>\n<td><\/td>\n<\/tr>\n<tr valign=\"TOP\">\n<td>Conduire un entretien en vue du recrutement d\u2019un personnel non cadre<\/td>\n<td><\/td>\n<\/tr>\n<tr valign=\"TOP\">\n<td>Organiser l\u2019int\u00e9gration d\u2019un nouveau salari\u00e9<\/td>\n<td><\/td>\n<\/tr>\n<tr valign=\"TOP\">\n<td>Contribuer \u00e0 l\u2019\u00e9laboration et au suivi du plan de formation<\/td>\n<td><\/td>\n<\/tr>\n<\/tbody>\n<\/table>\n<h3>Comp\u00e9tences transversales d\u00e9velopp\u00e9es<\/h3>\n<ul>\n<li>V\u00e9rifier la conformit\u00e9 r\u00e9glementaire des informations transmises ou trait\u00e9es<\/li>\n<li>Respecter la confidentialit\u00e9 des informations<\/li>\n<li>Communiquer avec les interlocuteurs de la fonction RH<\/li>\n<\/ul>\n<h3>\u00c9valuation<\/h3>\n<p>Passage du CCP 2 du titre Professionnel ARH &#8211; Niveau III (BTS, DUT)<\/p>\n<h3>Dur\u00e9e\u00a0et planning<\/h3>\n<p>Nous consulter<\/p>\n<h3>Financements<\/h3>\n<p>Nous consulter[\/vc_column_text][\/vc_column][\/vc_row]<\/p>\n<\/div>","protected":false},"excerpt":{"rendered":"<p>[vc_row type=\u00a0\u00bbcontainer\u00a0\u00bb padding_top=\u00a0\u00bb\u00a0\u00bb padding_bottom=\u00a0\u00bb\u00a0\u00bb css=\u00a0\u00bb.vc_custom_1445094705330{margin-bottom: 0px !important;}\u00a0\u00bb][vc_column css=\u00a0\u00bb.vc_custom_1444994576899{margin-bottom: 35px !important;}\u00a0\u00bb][vc_column_text]L&rsquo;assistant(e) RH contribue \u00e0 la gestion et au d\u00e9veloppement des ressources humaines en mettant en \u0153uvre les processus li\u00e9s aux actions de recrutement, d\u2019int\u00e9gration des nouveaux salari\u00e9s et de formation du personnel dans le cadre de la politique GPEC de l\u2019entreprise. Objectif Recruter, Int\u00e9grer et g\u00e9rer [&hellip;]<\/p>\n","protected":false},"author":1,"featured_media":0,"parent":71689,"menu_order":3,"comment_status":"closed","ping_status":"closed","template":"","meta":{"_acf_changed":false,"_seopress_robots_primary_cat":"","_seopress_titles_title":"","_seopress_titles_desc":"","_seopress_robots_index":"","footnotes":""},"class_list":["post-71354","page","type-page","status-publish","hentry"],"acf":[],"_links":{"self":[{"href":"https:\/\/formations-vendee.com\/phare\/wp-json\/wp\/v2\/pages\/71354","targetHints":{"allow":["GET"]}}],"collection":[{"href":"https:\/\/formations-vendee.com\/phare\/wp-json\/wp\/v2\/pages"}],"about":[{"href":"https:\/\/formations-vendee.com\/phare\/wp-json\/wp\/v2\/types\/page"}],"author":[{"embeddable":true,"href":"https:\/\/formations-vendee.com\/phare\/wp-json\/wp\/v2\/users\/1"}],"replies":[{"embeddable":true,"href":"https:\/\/formations-vendee.com\/phare\/wp-json\/wp\/v2\/comments?post=71354"}],"version-history":[{"count":2,"href":"https:\/\/formations-vendee.com\/phare\/wp-json\/wp\/v2\/pages\/71354\/revisions"}],"predecessor-version":[{"id":71929,"href":"https:\/\/formations-vendee.com\/phare\/wp-json\/wp\/v2\/pages\/71354\/revisions\/71929"}],"up":[{"embeddable":true,"href":"https:\/\/formations-vendee.com\/phare\/wp-json\/wp\/v2\/pages\/71689"}],"wp:attachment":[{"href":"https:\/\/formations-vendee.com\/phare\/wp-json\/wp\/v2\/media?parent=71354"}],"curies":[{"name":"wp","href":"https:\/\/api.w.org\/{rel}","templated":true}]}}