{"id":71352,"date":"2016-03-05T11:53:27","date_gmt":"2016-03-05T10:53:27","guid":{"rendered":"http:\/\/formations-vendee.com\/cofae\/?page_id=71352"},"modified":"2020-01-23T20:58:45","modified_gmt":"2020-01-23T19:58:45","slug":"assurer-ladministration-personnel","status":"publish","type":"page","link":"https:\/\/formations-vendee.com\/phare\/formations-inter-entreprise\/ressources-humaines-inter\/assurer-ladministration-personnel\/","title":{"rendered":"Assurer l\u2019administration du personnel"},"content":{"rendered":"<div class=\"wpb-content-wrapper\"><p>[vc_row type=\u00a0\u00bbcontainer\u00a0\u00bb padding_top=\u00a0\u00bb\u00a0\u00bb padding_bottom=\u00a0\u00bb\u00a0\u00bb css=\u00a0\u00bb.vc_custom_1445094705330{margin-bottom: 0px !important;}\u00a0\u00bb][vc_column css=\u00a0\u00bb.vc_custom_1444994576899{margin-bottom: 35px !important;}\u00a0\u00bb][vc_column_text]Pour r\u00e9pondre aux obligations de l&rsquo;entreprise en mati\u00e8re de droit social, l&rsquo;Assistant(e) Ressources Humaines r\u00e9alise l\u2019ensemble des op\u00e9rations li\u00e9es \u00e0 la gestion administrative du personnel.<\/p>\n<h3>Objectif<\/h3>\n<p>Assurer l\u2019administration du personnel<\/p>\n<table border=\"1\" cellspacing=\"0\" cellpadding=\"9\">\n<colgroup>\n<col width=\"70\" \/>\n<col width=\"30%\" \/><\/colgroup>\n<tbody>\n<tr bgcolor=\"#aac627\">\n<td><b>MODULES<\/b><\/td>\n<td><b>PROCHAINES DATES<\/b><\/td>\n<\/tr>\n<tr valign=\"TOP\">\n<td>Assurer la gestion administrative des salari\u00e9s depuis l\u2019embauche jusqu\u2019au d\u00e9part de l\u2019entreprise<\/td>\n<td><\/td>\n<\/tr>\n<tr valign=\"TOP\">\n<td>Proposer, d\u00e9ployer et assurer la diffusion des proc\u00e9dures RH<\/td>\n<td><\/td>\n<\/tr>\n<tr valign=\"TOP\">\n<td>Elaborer et actualiser les tableaux de bord RH<\/td>\n<td><\/td>\n<\/tr>\n<tr valign=\"TOP\">\n<td>Assurer une veille juridique et sociale<\/td>\n<td><\/td>\n<\/tr>\n<tr valign=\"TOP\">\n<td>Collecter les \u00e9l\u00e9ments variables de paie et v\u00e9rifier leur prise en compte<\/td>\n<td><\/td>\n<\/tr>\n<\/tbody>\n<\/table>\n<h3>Comp\u00e9tences transversales d\u00e9velopp\u00e9es<\/h3>\n<ul>\n<li>V\u00e9rifier la conformit\u00e9 r\u00e9glementaire des informations transmises ou trait\u00e9es<\/li>\n<li>Respecter la confidentialit\u00e9 des informations<\/li>\n<li>Communiquer avec les interlocuteurs de la fonction RH<\/li>\n<\/ul>\n<h3>\u00c9valuation<\/h3>\n<p>Passage du CCP 1 du titre Professionnel ARH &#8211; Niveau III (BTS, DUT)<\/p>\n<h3>Dur\u00e9e\u00a0et planning<\/h3>\n<p>Nous consulter<\/p>\n<h3>Financements<\/h3>\n<p>Nous consulter[\/vc_column_text][\/vc_column][\/vc_row]<\/p>\n<\/div>","protected":false},"excerpt":{"rendered":"<p>[vc_row type=\u00a0\u00bbcontainer\u00a0\u00bb padding_top=\u00a0\u00bb\u00a0\u00bb padding_bottom=\u00a0\u00bb\u00a0\u00bb css=\u00a0\u00bb.vc_custom_1445094705330{margin-bottom: 0px !important;}\u00a0\u00bb][vc_column css=\u00a0\u00bb.vc_custom_1444994576899{margin-bottom: 35px !important;}\u00a0\u00bb][vc_column_text]Pour r\u00e9pondre aux obligations de l&rsquo;entreprise en mati\u00e8re de droit social, l&rsquo;Assistant(e) Ressources Humaines r\u00e9alise l\u2019ensemble des op\u00e9rations li\u00e9es \u00e0 la gestion administrative du personnel. Objectif Assurer l\u2019administration du personnel MODULES PROCHAINES DATES Assurer la gestion administrative des salari\u00e9s depuis l\u2019embauche jusqu\u2019au d\u00e9part de l\u2019entreprise Proposer, [&hellip;]<\/p>\n","protected":false},"author":1,"featured_media":0,"parent":71689,"menu_order":1,"comment_status":"closed","ping_status":"closed","template":"","meta":{"_acf_changed":false,"_seopress_robots_primary_cat":"","_seopress_titles_title":"","_seopress_titles_desc":"","_seopress_robots_index":"","footnotes":""},"class_list":["post-71352","page","type-page","status-publish","hentry"],"acf":[],"_links":{"self":[{"href":"https:\/\/formations-vendee.com\/phare\/wp-json\/wp\/v2\/pages\/71352","targetHints":{"allow":["GET"]}}],"collection":[{"href":"https:\/\/formations-vendee.com\/phare\/wp-json\/wp\/v2\/pages"}],"about":[{"href":"https:\/\/formations-vendee.com\/phare\/wp-json\/wp\/v2\/types\/page"}],"author":[{"embeddable":true,"href":"https:\/\/formations-vendee.com\/phare\/wp-json\/wp\/v2\/users\/1"}],"replies":[{"embeddable":true,"href":"https:\/\/formations-vendee.com\/phare\/wp-json\/wp\/v2\/comments?post=71352"}],"version-history":[{"count":2,"href":"https:\/\/formations-vendee.com\/phare\/wp-json\/wp\/v2\/pages\/71352\/revisions"}],"predecessor-version":[{"id":71927,"href":"https:\/\/formations-vendee.com\/phare\/wp-json\/wp\/v2\/pages\/71352\/revisions\/71927"}],"up":[{"embeddable":true,"href":"https:\/\/formations-vendee.com\/phare\/wp-json\/wp\/v2\/pages\/71689"}],"wp:attachment":[{"href":"https:\/\/formations-vendee.com\/phare\/wp-json\/wp\/v2\/media?parent=71352"}],"curies":[{"name":"wp","href":"https:\/\/api.w.org\/{rel}","templated":true}]}}