{"id":71333,"date":"2016-03-05T11:23:09","date_gmt":"2016-03-05T10:23:09","guid":{"rendered":"http:\/\/formations-vendee.com\/cofae\/?page_id=71333"},"modified":"2020-01-23T20:55:30","modified_gmt":"2020-01-23T19:55:30","slug":"developper-ventes-ligne","status":"publish","type":"page","link":"https:\/\/formations-vendee.com\/phare\/formations-inter-entreprise\/web-marketing-inter\/developper-ventes-ligne\/","title":{"rendered":"D\u00e9velopper les ventes en ligne"},"content":{"rendered":"<div class=\"wpb-content-wrapper\"><p>[vc_row type=\u00a0\u00bbcontainer\u00a0\u00bb padding_top=\u00a0\u00bb\u00a0\u00bb padding_bottom=\u00a0\u00bb\u00a0\u00bb css=\u00a0\u00bb.vc_custom_1445094705330{margin-bottom: 0px !important;}\u00a0\u00bb][vc_column css=\u00a0\u00bb.vc_custom_1444994576899{margin-bottom: 35px !important;}\u00a0\u00bb][vc_column_text]L&rsquo;une des principales pr\u00e9occupations des marchands est l&rsquo;<strong>augmentation perp\u00e9tuelle des ventes en ligne<\/strong>.<br \/>\nL\u2019animateur e-commerce est charg\u00e9 de ces missions.<\/p>\n<h3>Objectif<\/h3>\n<p>D\u00e9velopper les ventes en ligne<\/p>\n<p>&nbsp;<\/p>\n<table border=\"1\" cellspacing=\"0\" cellpadding=\"9\">\n<colgroup>\n<col width=\"70\" \/>\n<col width=\"30%\" \/><\/colgroup>\n<tbody>\n<tr bgcolor=\"#aac627\">\n<td><b>MODULES<\/b><\/td>\n<td><b>PROCHAINES DATES<\/b><\/td>\n<\/tr>\n<tr valign=\"TOP\">\n<td>Concevoir et administrer un e-mailing<\/td>\n<td><\/td>\n<\/tr>\n<tr valign=\"TOP\">\n<td>Animer une communaut\u00e9 \u00e0 travers les r\u00e9seaux sociaux<\/td>\n<td><\/td>\n<\/tr>\n<tr valign=\"TOP\">\n<td>Gestion \/ webmerchandising sur une boutique Prestashop<\/td>\n<td><\/td>\n<\/tr>\n<tr valign=\"TOP\">\n<td>Ma\u00eetriser le paiement s\u00e9curis\u00e9<\/td>\n<td><\/td>\n<\/tr>\n<tr valign=\"TOP\">\n<td>Comprendre le Marketing Mobile<\/td>\n<td><\/td>\n<\/tr>\n<\/tbody>\n<\/table>\n<h3>Comp\u00e9tences transversales d\u00e9velopp\u00e9es<\/h3>\n<ul>\n<li>Utilisation des outils Web<\/li>\n<li>Travailler en \u00e9quipe<\/li>\n<\/ul>\n<h3>\u00c9valuation<\/h3>\n<p>Passage du CCP 2 du titre RNCP animateur e-commerce &#8211; Niveau III (BTS, DUT)<\/p>\n<h3>Dur\u00e9e\u00a0et planning<\/h3>\n<p>Nous consulter<\/p>\n<h3>Financements<\/h3>\n<p>Nous consulter[\/vc_column_text][\/vc_column][\/vc_row]<\/p>\n<\/div>","protected":false},"excerpt":{"rendered":"<p>[vc_row type=\u00a0\u00bbcontainer\u00a0\u00bb padding_top=\u00a0\u00bb\u00a0\u00bb padding_bottom=\u00a0\u00bb\u00a0\u00bb css=\u00a0\u00bb.vc_custom_1445094705330{margin-bottom: 0px !important;}\u00a0\u00bb][vc_column css=\u00a0\u00bb.vc_custom_1444994576899{margin-bottom: 35px !important;}\u00a0\u00bb][vc_column_text]L&rsquo;une des principales pr\u00e9occupations des marchands est l&rsquo;augmentation perp\u00e9tuelle des ventes en ligne. L\u2019animateur e-commerce est charg\u00e9 de ces missions. Objectif D\u00e9velopper les ventes en ligne &nbsp; MODULES PROCHAINES DATES Concevoir et administrer un e-mailing Animer une communaut\u00e9 \u00e0 travers les r\u00e9seaux sociaux Gestion \/ webmerchandising [&hellip;]<\/p>\n","protected":false},"author":1,"featured_media":0,"parent":71687,"menu_order":3,"comment_status":"closed","ping_status":"closed","template":"","meta":{"_acf_changed":false,"_seopress_robots_primary_cat":"","_seopress_titles_title":"","_seopress_titles_desc":"","_seopress_robots_index":"","footnotes":""},"class_list":["post-71333","page","type-page","status-publish","hentry"],"acf":[],"_links":{"self":[{"href":"https:\/\/formations-vendee.com\/phare\/wp-json\/wp\/v2\/pages\/71333","targetHints":{"allow":["GET"]}}],"collection":[{"href":"https:\/\/formations-vendee.com\/phare\/wp-json\/wp\/v2\/pages"}],"about":[{"href":"https:\/\/formations-vendee.com\/phare\/wp-json\/wp\/v2\/types\/page"}],"author":[{"embeddable":true,"href":"https:\/\/formations-vendee.com\/phare\/wp-json\/wp\/v2\/users\/1"}],"replies":[{"embeddable":true,"href":"https:\/\/formations-vendee.com\/phare\/wp-json\/wp\/v2\/comments?post=71333"}],"version-history":[{"count":2,"href":"https:\/\/formations-vendee.com\/phare\/wp-json\/wp\/v2\/pages\/71333\/revisions"}],"predecessor-version":[{"id":71923,"href":"https:\/\/formations-vendee.com\/phare\/wp-json\/wp\/v2\/pages\/71333\/revisions\/71923"}],"up":[{"embeddable":true,"href":"https:\/\/formations-vendee.com\/phare\/wp-json\/wp\/v2\/pages\/71687"}],"wp:attachment":[{"href":"https:\/\/formations-vendee.com\/phare\/wp-json\/wp\/v2\/media?parent=71333"}],"curies":[{"name":"wp","href":"https:\/\/api.w.org\/{rel}","templated":true}]}}