{"id":71331,"date":"2016-03-05T11:20:17","date_gmt":"2016-03-05T10:20:17","guid":{"rendered":"http:\/\/formations-vendee.com\/cofae\/?page_id=71331"},"modified":"2020-01-23T20:54:54","modified_gmt":"2020-01-23T19:54:54","slug":"animer-politique-de-commercialisation-ligne","status":"publish","type":"page","link":"https:\/\/formations-vendee.com\/phare\/formations-inter-entreprise\/web-marketing-inter\/animer-politique-de-commercialisation-ligne\/","title":{"rendered":"Animer la politique de commercialisation en ligne"},"content":{"rendered":"<div class=\"wpb-content-wrapper\"><p>[vc_row type=\u00a0\u00bbcontainer\u00a0\u00bb padding_top=\u00a0\u00bb\u00a0\u00bb padding_bottom=\u00a0\u00bb\u00a0\u00bb css=\u00a0\u00bb.vc_custom_1445094705330{margin-bottom: 0px !important;}\u00a0\u00bb][vc_column css=\u00a0\u00bb.vc_custom_1444994576899{margin-bottom: 35px !important;}\u00a0\u00bb][vc_column_text]L\u2019<strong>animateur e-commerce<\/strong> est charg\u00e9 de <strong>d\u00e9velopper la politique de commercialisation en ligne des produits et services de son entreprise ou de ses clients<\/strong>. Il s\u2019appuie sur les strat\u00e9gies Web maketing et sur les \u00e9tudes de comportement des cyberacteus.<\/p>\n<h3>Objectif<\/h3>\n<p>Animer la politique de commercialisation en ligne.<\/p>\n<table border=\"1\" cellspacing=\"0\" cellpadding=\"9\">\n<colgroup>\n<col width=\"70\" \/>\n<col width=\"30%\" \/><\/colgroup>\n<tbody>\n<tr bgcolor=\"#aac627\">\n<td><b>MODULES<\/b><\/td>\n<td><b>PROCHAINES DATES<\/b><\/td>\n<\/tr>\n<tr valign=\"TOP\">\n<td>Culture g\u00e9n\u00e9rale Web 2.0<\/td>\n<td><\/td>\n<\/tr>\n<tr valign=\"TOP\">\n<td>D\u00e9velopper une strat\u00e9gie Web Marketing<\/td>\n<td><\/td>\n<\/tr>\n<tr valign=\"TOP\">\n<td>Mesurer les audiences \u2013 Suivre les statistiques &#8211; Ma\u00eetrise de Google Analytics Niveau 1<\/td>\n<td><\/td>\n<\/tr>\n<tr valign=\"TOP\">\n<td>Comprendre les comportements des cyber-acteurs<\/td>\n<td><\/td>\n<\/tr>\n<\/tbody>\n<\/table>\n<h3>Comp\u00e9tences transversales d\u00e9velopp\u00e9es<\/h3>\n<ul>\n<li>Maitriser les outils Web 2.0<\/li>\n<li>Travailler en \u00e9quipe commerciale<\/li>\n<\/ul>\n<h3>\u00c9valuation<\/h3>\n<p>Passage du CCP 1 du titre RNCP animateur e-commerce &#8211; Code CPF N\u00b0 2193 &#8211; Niveau III (BTS, DUT)<\/p>\n<h3>Dur\u00e9e\u00a0et planning<\/h3>\n<p>Nous consulter<\/p>\n<h3>Financements<\/h3>\n<p>Nous consulter[\/vc_column_text][\/vc_column][\/vc_row]<\/p>\n<\/div>","protected":false},"excerpt":{"rendered":"<p>[vc_row type=\u00a0\u00bbcontainer\u00a0\u00bb padding_top=\u00a0\u00bb\u00a0\u00bb padding_bottom=\u00a0\u00bb\u00a0\u00bb css=\u00a0\u00bb.vc_custom_1445094705330{margin-bottom: 0px !important;}\u00a0\u00bb][vc_column css=\u00a0\u00bb.vc_custom_1444994576899{margin-bottom: 35px !important;}\u00a0\u00bb][vc_column_text]L\u2019animateur e-commerce est charg\u00e9 de d\u00e9velopper la politique de commercialisation en ligne des produits et services de son entreprise ou de ses clients. Il s\u2019appuie sur les strat\u00e9gies Web maketing et sur les \u00e9tudes de comportement des cyberacteus. Objectif Animer la politique de commercialisation en ligne. [&hellip;]<\/p>\n","protected":false},"author":1,"featured_media":0,"parent":71687,"menu_order":2,"comment_status":"closed","ping_status":"closed","template":"","meta":{"_acf_changed":false,"_seopress_robots_primary_cat":"","_seopress_titles_title":"","_seopress_titles_desc":"","_seopress_robots_index":"","footnotes":""},"class_list":["post-71331","page","type-page","status-publish","hentry"],"acf":[],"_links":{"self":[{"href":"https:\/\/formations-vendee.com\/phare\/wp-json\/wp\/v2\/pages\/71331","targetHints":{"allow":["GET"]}}],"collection":[{"href":"https:\/\/formations-vendee.com\/phare\/wp-json\/wp\/v2\/pages"}],"about":[{"href":"https:\/\/formations-vendee.com\/phare\/wp-json\/wp\/v2\/types\/page"}],"author":[{"embeddable":true,"href":"https:\/\/formations-vendee.com\/phare\/wp-json\/wp\/v2\/users\/1"}],"replies":[{"embeddable":true,"href":"https:\/\/formations-vendee.com\/phare\/wp-json\/wp\/v2\/comments?post=71331"}],"version-history":[{"count":4,"href":"https:\/\/formations-vendee.com\/phare\/wp-json\/wp\/v2\/pages\/71331\/revisions"}],"predecessor-version":[{"id":71922,"href":"https:\/\/formations-vendee.com\/phare\/wp-json\/wp\/v2\/pages\/71331\/revisions\/71922"}],"up":[{"embeddable":true,"href":"https:\/\/formations-vendee.com\/phare\/wp-json\/wp\/v2\/pages\/71687"}],"wp:attachment":[{"href":"https:\/\/formations-vendee.com\/phare\/wp-json\/wp\/v2\/media?parent=71331"}],"curies":[{"name":"wp","href":"https:\/\/api.w.org\/{rel}","templated":true}]}}