{"id":70918,"date":"2016-02-05T09:03:01","date_gmt":"2016-02-05T08:03:01","guid":{"rendered":"http:\/\/formations-vendee.com\/esa\/?page_id=70918"},"modified":"2020-01-23T21:15:45","modified_gmt":"2020-01-23T20:15:45","slug":"web-marketing","status":"publish","type":"page","link":"https:\/\/formations-vendee.com\/phare\/accompagner-votre-projet\/web-marketing\/","title":{"rendered":"Web Marketing"},"content":{"rendered":"<div class=\"wpb-content-wrapper\"><p>[vc_row type=\u00a0\u00bbcontainer\u00a0\u00bb padding_top=\u00a0\u00bb\u00a0\u00bb padding_bottom=\u00a0\u00bb\u00a0\u00bb css=\u00a0\u00bb.vc_custom_1445094705330{margin-bottom: 0px !important;}\u00a0\u00bb][vc_column width=\u00a0\u00bb1\/2&Prime; css=\u00a0\u00bb.vc_custom_1444994576899{margin-bottom: 35px !important;}\u00a0\u00bb][vc_column_text]Dans l\u2019\u00e9cosyst\u00e8me Internet, le Webmarketing est devenu un art \u00e0 part enti\u00e8re. En ma\u00eetriser les leviers permet aux entreprises de booster leurs ventes de mani\u00e8re significative.<\/p>\n<h3>Les enjeux<\/h3>\n<ul>\n<li>Faire progresser les ventes<\/li>\n<li>\u00catre visible<\/li>\n<\/ul>\n<h3>Nous travaillons sur<\/h3>\n<p>[\/vc_column_text][\/vc_column][vc_column width=\u00a0\u00bb1\/2&Prime; css=\u00a0\u00bb.vc_custom_1444994585214{margin-bottom: 35px !important;}\u00a0\u00bb][vc_single_image image=\u00a0\u00bb71734&Prime; img_size=\u00a0\u00bbfull\u00a0\u00bb style=\u00a0\u00bbvc_box_rounded\u00a0\u00bb css_animation=\u00a0\u00bbright-to-left\u00a0\u00bb][\/vc_column][vc_column][vc_column_text]<\/p>\n<ul>\n<li>Accompagner votre strat\u00e9gie web marketing<\/li>\n<li>D\u00e9velopper les ventes en ligne<\/li>\n<li>Optimiser le r\u00e9f\u00e9rencement du site<\/li>\n<li>R\u00e9diger et produire des contenus pour le web<\/li>\n<li>Piloter des projets e-commerce.<\/li>\n<\/ul>\n<p>Notre d\u00e9marche p\u00e9dagogique s\u2019inscrit dans l\u2019action de cr\u00e9ation ou d\u2019am\u00e9lioration de votre site internet.<\/p>\n<p>La formation est valid\u00e9e par un dipl\u00f4me reconnu par l\u2019\u00e9tat (niveau Bac +2).[\/vc_column_text][\/vc_column][\/vc_row]<\/p>\n<\/div>","protected":false},"excerpt":{"rendered":"<p>[vc_row type=\u00a0\u00bbcontainer\u00a0\u00bb padding_top=\u00a0\u00bb\u00a0\u00bb padding_bottom=\u00a0\u00bb\u00a0\u00bb css=\u00a0\u00bb.vc_custom_1445094705330{margin-bottom: 0px !important;}\u00a0\u00bb][vc_column width=\u00a0\u00bb1\/2&Prime; css=\u00a0\u00bb.vc_custom_1444994576899{margin-bottom: 35px !important;}\u00a0\u00bb][vc_column_text]Dans l\u2019\u00e9cosyst\u00e8me Internet, le Webmarketing est devenu un art \u00e0 part enti\u00e8re. En ma\u00eetriser les leviers permet aux entreprises de booster leurs ventes de mani\u00e8re significative. Les enjeux Faire progresser les ventes \u00catre visible Nous travaillons sur [\/vc_column_text][\/vc_column][vc_column width=\u00a0\u00bb1\/2&Prime; css=\u00a0\u00bb.vc_custom_1444994585214{margin-bottom: 35px !important;}\u00a0\u00bb][vc_single_image image=\u00a0\u00bb71734&Prime; img_size=\u00a0\u00bbfull\u00a0\u00bb style=\u00a0\u00bbvc_box_rounded\u00a0\u00bb [&hellip;]<\/p>\n","protected":false},"author":1,"featured_media":0,"parent":71458,"menu_order":3,"comment_status":"closed","ping_status":"closed","template":"","meta":{"_acf_changed":false,"_seopress_robots_primary_cat":"","_seopress_titles_title":"","_seopress_titles_desc":"","_seopress_robots_index":"","footnotes":""},"class_list":["post-70918","page","type-page","status-publish","hentry"],"acf":[],"_links":{"self":[{"href":"https:\/\/formations-vendee.com\/phare\/wp-json\/wp\/v2\/pages\/70918","targetHints":{"allow":["GET"]}}],"collection":[{"href":"https:\/\/formations-vendee.com\/phare\/wp-json\/wp\/v2\/pages"}],"about":[{"href":"https:\/\/formations-vendee.com\/phare\/wp-json\/wp\/v2\/types\/page"}],"author":[{"embeddable":true,"href":"https:\/\/formations-vendee.com\/phare\/wp-json\/wp\/v2\/users\/1"}],"replies":[{"embeddable":true,"href":"https:\/\/formations-vendee.com\/phare\/wp-json\/wp\/v2\/comments?post=70918"}],"version-history":[{"count":14,"href":"https:\/\/formations-vendee.com\/phare\/wp-json\/wp\/v2\/pages\/70918\/revisions"}],"predecessor-version":[{"id":71942,"href":"https:\/\/formations-vendee.com\/phare\/wp-json\/wp\/v2\/pages\/70918\/revisions\/71942"}],"up":[{"embeddable":true,"href":"https:\/\/formations-vendee.com\/phare\/wp-json\/wp\/v2\/pages\/71458"}],"wp:attachment":[{"href":"https:\/\/formations-vendee.com\/phare\/wp-json\/wp\/v2\/media?parent=70918"}],"curies":[{"name":"wp","href":"https:\/\/api.w.org\/{rel}","templated":true}]}}