{"id":70703,"date":"2016-01-29T15:23:35","date_gmt":"2016-01-29T14:23:35","guid":{"rendered":"http:\/\/formations-vendee.com\/esa\/?page_id=70703"},"modified":"2020-01-23T21:06:33","modified_gmt":"2020-01-23T20:06:33","slug":"vae-diplomez-vos-salaries","status":"publish","type":"page","link":"https:\/\/formations-vendee.com\/phare\/vae-diplomez-vos-salaries\/","title":{"rendered":"VAE : Dipl\u00f4mez vos salari\u00e9s"},"content":{"rendered":"<div class=\"wpb-content-wrapper\"><p>[vc_row type=\u00a0\u00bbcontainer\u00a0\u00bb padding_top=\u00a0\u00bb\u00a0\u00bb padding_bottom=\u00a0\u00bb\u00a0\u00bb css=\u00a0\u00bb.vc_custom_1455295851804{padding-top: 50px !important;}\u00a0\u00bb][vc_column width=\u00a0\u00bb1\/2&Prime;][vc_column_text]<\/p>\n<h3>Qu\u2019est-ce que la VAE ?<\/h3>\n<p>La VAE a pour vocation de faire reconna\u00eetre l&rsquo;exp\u00e9rience professionnelle des salari\u00e9s par une instance l\u00e9gitime. La possibilit\u00e9 pour le salari\u00e9 de voir son dossier aboutir \u00e0 l&rsquo;obtention totale ou partielle d&rsquo;un dipl\u00f4me.<\/p>\n<p><strong>Vous pouvez acc\u00e9der \u00e0 la VAE avec 3 ann\u00e9es d\u2019exp\u00e9rience.<\/strong><\/p>\n<h2>Les avantages<\/h2>\n<p>Pour le salari\u00e9\u00a0:<\/p>\n<ul>\n<li>Obtenir un dipl\u00f4me<\/li>\n<li>Se repositionner sur le march\u00e9 de l\u2019emploi<\/li>\n<li>Faire reconnaitre ses acquis professionnels<\/li>\n<li>Acc\u00e9dez \u00e0 des formations diplomantes de niveau sup\u00e9rieur<\/li>\n<\/ul>\n<p>[\/vc_column_text][\/vc_column][vc_column width=\u00a0\u00bb1\/2&Prime;][vc_single_image image=\u00a0\u00bb71744&Prime; img_size=\u00a0\u00bblarge\u00a0\u00bb style=\u00a0\u00bbvc_box_rounded\u00a0\u00bb css_animation=\u00a0\u00bbright-to-left\u00a0\u00bb][\/vc_column][\/vc_row][vc_row type=\u00a0\u00bbcontainer\u00a0\u00bb padding_top=\u00a0\u00bb\u00a0\u00bb padding_bottom=\u00a0\u00bb\u00a0\u00bb][vc_column][vc_column_text]Pour l&rsquo;entreprise :<\/p>\n<ul>\n<li>C\u2019est un acte de management<\/li>\n<li>Fid\u00e9lisez vos salari\u00e9s<\/li>\n<li>R\u00e9pondez \u00e0 vos obligations sociales<\/li>\n<\/ul>\n<h2>La d\u00e9marche<\/h2>\n<p>Nous vous accompagnons tout au long de la d\u00e9marche en tant qu\u2019organisme certificateur.[\/vc_column_text][\/vc_column][\/vc_row][vc_row type=\u00a0\u00bbcontainer\u00a0\u00bb padding_top=\u00a0\u00bb\u00a0\u00bb padding_bottom=\u00a0\u00bb\u00a0\u00bb][vc_column][vc_single_image image=\u00a0\u00bb71706&Prime; img_size=\u00a0\u00bbfull\u00a0\u00bb][\/vc_column][\/vc_row][vc_row type=\u00a0\u00bbcontainer\u00a0\u00bb padding_top=\u00a0\u00bb\u00a0\u00bb padding_bottom=\u00a0\u00bb\u00a0\u00bb][vc_column][vc_column_text]<\/p>\n<h2>Le financement<\/h2>\n<p><strong>Contactez-nous pour \u00e9tudier votre projet<\/strong>[\/vc_column_text][\/vc_column][\/vc_row]<\/p>\n<\/div>","protected":false},"excerpt":{"rendered":"<p>[vc_row type=\u00a0\u00bbcontainer\u00a0\u00bb padding_top=\u00a0\u00bb\u00a0\u00bb padding_bottom=\u00a0\u00bb\u00a0\u00bb css=\u00a0\u00bb.vc_custom_1455295851804{padding-top: 50px !important;}\u00a0\u00bb][vc_column width=\u00a0\u00bb1\/2&Prime;][vc_column_text] Qu\u2019est-ce que la VAE ? La VAE a pour vocation de faire reconna\u00eetre l&rsquo;exp\u00e9rience professionnelle des salari\u00e9s par une instance l\u00e9gitime. La possibilit\u00e9 pour le salari\u00e9 de voir son dossier aboutir \u00e0 l&rsquo;obtention totale ou partielle d&rsquo;un dipl\u00f4me. Vous pouvez acc\u00e9der \u00e0 la VAE avec 3 ann\u00e9es [&hellip;]<\/p>\n","protected":false},"author":1,"featured_media":0,"parent":0,"menu_order":0,"comment_status":"closed","ping_status":"closed","template":"page-full-width.php","meta":{"_acf_changed":false,"_seopress_robots_primary_cat":"","_seopress_titles_title":"","_seopress_titles_desc":"","_seopress_robots_index":"","footnotes":""},"class_list":["post-70703","page","type-page","status-publish","hentry"],"acf":[],"_links":{"self":[{"href":"https:\/\/formations-vendee.com\/phare\/wp-json\/wp\/v2\/pages\/70703","targetHints":{"allow":["GET"]}}],"collection":[{"href":"https:\/\/formations-vendee.com\/phare\/wp-json\/wp\/v2\/pages"}],"about":[{"href":"https:\/\/formations-vendee.com\/phare\/wp-json\/wp\/v2\/types\/page"}],"author":[{"embeddable":true,"href":"https:\/\/formations-vendee.com\/phare\/wp-json\/wp\/v2\/users\/1"}],"replies":[{"embeddable":true,"href":"https:\/\/formations-vendee.com\/phare\/wp-json\/wp\/v2\/comments?post=70703"}],"version-history":[{"count":9,"href":"https:\/\/formations-vendee.com\/phare\/wp-json\/wp\/v2\/pages\/70703\/revisions"}],"predecessor-version":[{"id":71938,"href":"https:\/\/formations-vendee.com\/phare\/wp-json\/wp\/v2\/pages\/70703\/revisions\/71938"}],"wp:attachment":[{"href":"https:\/\/formations-vendee.com\/phare\/wp-json\/wp\/v2\/media?parent=70703"}],"curies":[{"name":"wp","href":"https:\/\/api.w.org\/{rel}","templated":true}]}}