{"id":73,"date":"2015-10-07T17:14:55","date_gmt":"2015-10-07T16:14:55","guid":{"rendered":"http:\/\/broker.commercegurus.com\/?page_id=73"},"modified":"2020-01-23T20:25:39","modified_gmt":"2020-01-23T19:25:39","slug":"nos-formations","status":"publish","type":"page","link":"https:\/\/formations-vendee.com\/ifms\/nos-formations\/","title":{"rendered":"Nos formations"},"content":{"rendered":"<div class=\"wpb-content-wrapper\"><p>[vc_row type=\u00a0\u00bbcontainer\u00a0\u00bb padding_top=\u00a0\u00bb\u00a0\u00bb padding_bottom=\u00a0\u00bb\u00a0\u00bb css=\u00a0\u00bb.vc_custom_1456220749049{margin-top: 40px !important;margin-bottom: 25px !important;}\u00a0\u00bb][vc_column width=\u00a0\u00bb1\/4&Prime; css=\u00a0\u00bb.vc_custom_1444954308084{margin-bottom: 35px !important;}\u00a0\u00bb][vc_single_image image=\u00a0\u00bb71193&Prime; img_size=\u00a0\u00bbmedium\u00a0\u00bb alignment=\u00a0\u00bbcenter\u00a0\u00bb style=\u00a0\u00bbvc_box_rounded\u00a0\u00bb onclick=\u00a0\u00bbcustom_link\u00a0\u00bb css_animation=\u00a0\u00bbleft-to-right\u00a0\u00bb link=\u00a0\u00bbhttps:\/\/formations-vendee.com\/ifms\/nos-formations\/prepa-concours-infirmier\/\u00a0\u00bb css=\u00a0\u00bb.vc_custom_1456220506302{border-bottom-width: 0px !important;}\u00a0\u00bb][vc_column_text css=\u00a0\u00bb.vc_custom_1456494973940{margin-top: -15px !important;}\u00a0\u00bb]<\/p>\n<h2 style=\"text-align: center\"><a href=\"https:\/\/formations-vendee.com\/ifms\/nos-formations\/prepa-concours-infirmier\/\">Pr\u00e9parations aux concours<\/a><\/h2>\n<h6>Pr\u00e9parations aux concours d&rsquo;Infirmi\u00e8r(e), Aide-soignant(e), Auxiliaire de pu\u00e9riculture.<\/h6>\n<h6><a href=\"https:\/\/formations-vendee.com\/ifms\/nos-formations\/prepa-concours-infirmier\/\">Acc\u00e9der \u00e0 la section<\/a> \u2192<\/h6>\n<p>[\/vc_column_text][vc_icon type=\u00a0\u00bbtypicons\u00a0\u00bb icon_typicons=\u00a0\u00bbtypcn typcn-arrow-down-thick\u00a0\u00bb color=\u00a0\u00bbcustom\u00a0\u00bb align=\u00a0\u00bbcenter\u00a0\u00bb custom_color=\u00a0\u00bb#343e47&Prime;][vc_custom_heading text=\u00a0\u00bbToutes nos Pr\u00e9pa\u00a0\u00bb font_container=\u00a0\u00bbtag:h3|text_align:center\u00a0\u00bb google_fonts=\u00a0\u00bbfont_family:Open%20Sans%3A300%2C300italic%2Cregular%2Citalic%2C600%2C600italic%2C700%2C700italic%2C800%2C800italic|font_style:300%20light%20regular%3A300%3Anormal\u00a0\u00bb][vc_column_text el_class=\u00a0\u00bbminilink\u00a0\u00bb]<\/p>\n<ul>\n<li><a class=\"darken\" href=\"https:\/\/formations-vendee.com\/ifms\/nos-formations\/prepa-concours-infirmier\/\">Pr\u00e9paration au concours d&rsquo;Infirmier<\/a><\/li>\n<li><a class=\"darken\" href=\"https:\/\/formations-vendee.com\/ifms\/nos-formations\/prepa-concours-aide-soignant\/\">Pr\u00e9paration au concours d&rsquo;Aide Soignant<\/a><\/li>\n<li><a class=\"darken\" href=\"https:\/\/formations-vendee.com\/ifms\/nos-formations\/prepa-auxiliaire-de-puericulture\/\">Pr\u00e9paration au concours d&rsquo;Auxiliaire de Pu\u00e9riculture<\/a><\/li>\n<\/ul>\n<p>[\/vc_column_text][\/vc_column][vc_column width=\u00a0\u00bb1\/4&Prime; css=\u00a0\u00bb.vc_custom_1444954317564{margin-bottom: 35px !important;}\u00a0\u00bb][vc_single_image image=\u00a0\u00bb71194&Prime; img_size=\u00a0\u00bbmedium\u00a0\u00bb alignment=\u00a0\u00bbcenter\u00a0\u00bb style=\u00a0\u00bbvc_box_rounded\u00a0\u00bb onclick=\u00a0\u00bbcustom_link\u00a0\u00bb css_animation=\u00a0\u00bbappear\u00a0\u00bb link=\u00a0\u00bbhttps:\/\/formations-vendee.com\/ifms\/nos-formations\/formations-diplomantes\/assistante-secretaire-medico-social\/\u00a0\u00bb css=\u00a0\u00bb.vc_custom_1460993949973{border-bottom-width: 0px !important;}\u00a0\u00bb][vc_column_text css=\u00a0\u00bb.vc_custom_1460993925676{margin-top: -15px !important;}\u00a0\u00bb]<\/p>\n<h2 style=\"text-align: center\"><a href=\"https:\/\/formations-vendee.com\/ifms\/nos-formations\/formations-diplomantes\/assistante-secretaire-medico-social\/\">Formations dipl\u00f4mantes<\/a><\/h2>\n<h6>Titre Professionnel Assistant(e) secr\u00e9taire m\u00e9dico-social(e) et Titre Professionnel Assistant(e) de vie aux familles.<\/h6>\n<h6><a href=\"https:\/\/formations-vendee.com\/ifms\/nos-formations\/formations-diplomantes\/assistante-secretaire-medico-social\/\">Acc\u00e9der \u00e0 la section<\/a> \u2192<\/h6>\n<p>[\/vc_column_text][vc_icon type=\u00a0\u00bbtypicons\u00a0\u00bb icon_typicons=\u00a0\u00bbtypcn typcn-arrow-down-thick\u00a0\u00bb color=\u00a0\u00bbcustom\u00a0\u00bb align=\u00a0\u00bbcenter\u00a0\u00bb custom_color=\u00a0\u00bb#343e47&Prime;][vc_custom_heading text=\u00a0\u00bbTous nos TITRES\u00a0\u00bb font_container=\u00a0\u00bbtag:h3|text_align:center\u00a0\u00bb google_fonts=\u00a0\u00bbfont_family:Open%20Sans%3A300%2C300italic%2Cregular%2Citalic%2C600%2C600italic%2C700%2C700italic%2C800%2C800italic|font_style:300%20light%20regular%3A300%3Anormal\u00a0\u00bb][vc_column_text el_class=\u00a0\u00bbminilink\u00a0\u00bb]<\/p>\n<ul>\n<li><a class=\"darken\" href=\"https:\/\/formations-vendee.com\/ifms\/nos-formations\/formations-diplomantes\/assistante-secretaire-medico-social\/\">TITRE PRO Assistant(e) Secr\u00e9taire M\u00e9dico-Social(e)<\/a><\/li>\n<li><a class=\"darken\" href=\"https:\/\/formations-vendee.com\/ifms\/nos-formations\/formations-diplomantes\/assistante-de-vie-aux-familles\/\">TITRE PRO Assistant(e) de Vie aux famille<\/a><\/li>\n<\/ul>\n<p>[\/vc_column_text][\/vc_column][vc_column width=\u00a0\u00bb1\/4&Prime; css=\u00a0\u00bb.vc_custom_1444954327828{margin-bottom: 35px !important;}\u00a0\u00bb][vc_single_image image=\u00a0\u00bb71192&Prime; img_size=\u00a0\u00bbmedium\u00a0\u00bb alignment=\u00a0\u00bbcenter\u00a0\u00bb style=\u00a0\u00bbvc_box_rounded\u00a0\u00bb onclick=\u00a0\u00bbcustom_link\u00a0\u00bb css_animation=\u00a0\u00bbright-to-left\u00a0\u00bb link=\u00a0\u00bbhttps:\/\/formations-vendee.com\/ifms\/nos-formations\/formation-continue\u00a0\u00bb css=\u00a0\u00bb.vc_custom_1456219638648{border-bottom-width: 0px !important;}\u00a0\u00bb][vc_column_text css=\u00a0\u00bb.vc_custom_1456494994827{margin-top: -15px !important;}\u00a0\u00bb]<\/p>\n<h2 style=\"text-align: center\"><a href=\"https:\/\/formations-vendee.com\/ifms\/nos-formations\/formation-continue\">Formation continue<\/a><\/h2>\n<h6>Secr\u00e9tariat, administratif, recrutement, int\u00e9gration et formation des collaborateurs, bureautique.<\/h6>\n<h6><a href=\"https:\/\/formations-vendee.com\/ifms\/nos-formations\/formation-continue\">Acc\u00e9der \u00e0 la section<\/a> \u2192<\/h6>\n<p>[\/vc_column_text][vc_icon type=\u00a0\u00bbtypicons\u00a0\u00bb icon_typicons=\u00a0\u00bbtypcn typcn-arrow-down-thick\u00a0\u00bb color=\u00a0\u00bbcustom\u00a0\u00bb align=\u00a0\u00bbcenter\u00a0\u00bb custom_color=\u00a0\u00bb#343e47&Prime;][vc_custom_heading text=\u00a0\u00bbNos Domaines\u00a0\u00bb font_container=\u00a0\u00bbtag:h3|text_align:center\u00a0\u00bb google_fonts=\u00a0\u00bbfont_family:Open%20Sans%3A300%2C300italic%2Cregular%2Citalic%2C600%2C600italic%2C700%2C700italic%2C800%2C800italic|font_style:300%20light%20regular%3A300%3Anormal\u00a0\u00bb][vc_column_text el_class=\u00a0\u00bbminilink\u00a0\u00bb]<\/p>\n<ul>\n<li><a class=\"darken\" href=\"https:\/\/formations-vendee.com\/ifms\/nos-formations\/formation-continue\/\">Assurer les travaux courant de secr\u00e9tariat et assister une \u00e9quipe<\/a><\/li>\n<li><a class=\"darken\" href=\"https:\/\/formations-vendee.com\/ifms\/nos-formations\/formation-continue\/\">Traiter administrativement les dossiers dans un service m\u00e9dicosocial<\/a><\/li>\n<li><a class=\"darken\" href=\"https:\/\/formations-vendee.com\/ifms\/nos-formations\/formation-continue\/\">G\u00e9rer l\u2019administration du personnel<\/a><\/li>\n<li><a class=\"darken\" href=\"https:\/\/formations-vendee.com\/ifms\/nos-formations\/formation-continue\/\">Mettre en place les processus de recrutement, d\u2019int\u00e9gration et de formation des collaborateurs<\/a><\/li>\n<li><a class=\"darken\" href=\"https:\/\/formations-vendee.com\/ifms\/nos-formations\/formation-continue\/\">Bureautique (TOSA)<\/a><\/li>\n<\/ul>\n<p>[\/vc_column_text][\/vc_column][vc_column width=\u00a0\u00bb1\/4&Prime; css=\u00a0\u00bb.vc_custom_1444954428028{margin-bottom: 35px !important;}\u00a0\u00bb][vc_column_text css=\u00a0\u00bb.vc_custom_1579807744265{padding-top: 1px !important;padding-right: 18px !important;padding-bottom: 35px !important;padding-left: 18px !important;background-color: #f5f5f5 !important;border-radius: 3px !important;}\u00a0\u00bb]<\/p>\n<h4><span style=\"color: #323946\">Trois domaines de formation : Pr\u00e9pa concours, Formations dipl\u00f4mantes et Formation continue<\/span><\/h4>\n<h6><a class=\"minilink\" href=\"https:\/\/formations-vendee.com\/ifms\/l-institut\/\">En Savoir Plus sur l&rsquo;Institut<\/a> \u2192<i class=\"ion-ribbon-b\" style=\"color: #f4e417\"><\/i><\/h6>\n<p>[\/vc_column_text][vc_icon type=\u00a0\u00bbtypicons\u00a0\u00bb icon_typicons=\u00a0\u00bbtypcn typcn-spanner\u00a0\u00bb color=\u00a0\u00bbcustom\u00a0\u00bb align=\u00a0\u00bbcenter\u00a0\u00bb custom_color=\u00a0\u00bb#343e47&Prime;][vc_column_text]La formation que vous cherchez n&rsquo;est pas propos\u00e9e dans la liste ? N&rsquo;h\u00e9sitez pas \u00e0 nous contactez pour une autre solution personnalis\u00e9e.[\/vc_column_text][\/vc_column][\/vc_row]<\/p>\n<\/div>","protected":false},"excerpt":{"rendered":"<p>[vc_row type=\u00a0\u00bbcontainer\u00a0\u00bb padding_top=\u00a0\u00bb\u00a0\u00bb padding_bottom=\u00a0\u00bb\u00a0\u00bb css=\u00a0\u00bb.vc_custom_1456220749049{margin-top: 40px !important;margin-bottom: 25px !important;}\u00a0\u00bb][vc_column width=\u00a0\u00bb1\/4&Prime; css=\u00a0\u00bb.vc_custom_1444954308084{margin-bottom: 35px !important;}\u00a0\u00bb][vc_single_image image=\u00a0\u00bb71193&Prime; img_size=\u00a0\u00bbmedium\u00a0\u00bb alignment=\u00a0\u00bbcenter\u00a0\u00bb style=\u00a0\u00bbvc_box_rounded\u00a0\u00bb onclick=\u00a0\u00bbcustom_link\u00a0\u00bb css_animation=\u00a0\u00bbleft-to-right\u00a0\u00bb link=\u00a0\u00bbhttps:\/\/formations-vendee.com\/ifms\/nos-formations\/prepa-concours-infirmier\/\u00a0\u00bb css=\u00a0\u00bb.vc_custom_1456220506302{border-bottom-width: 0px !important;}\u00a0\u00bb][vc_column_text css=\u00a0\u00bb.vc_custom_1456494973940{margin-top: -15px !important;}\u00a0\u00bb] Pr\u00e9parations aux concours Pr\u00e9parations aux concours d&rsquo;Infirmi\u00e8r(e), Aide-soignant(e), Auxiliaire de pu\u00e9riculture. Acc\u00e9der \u00e0 la section \u2192 [\/vc_column_text][vc_icon type=\u00a0\u00bbtypicons\u00a0\u00bb icon_typicons=\u00a0\u00bbtypcn typcn-arrow-down-thick\u00a0\u00bb color=\u00a0\u00bbcustom\u00a0\u00bb align=\u00a0\u00bbcenter\u00a0\u00bb custom_color=\u00a0\u00bb#343e47&Prime;][vc_custom_heading text=\u00a0\u00bbToutes nos Pr\u00e9pa\u00a0\u00bb font_container=\u00a0\u00bbtag:h3|text_align:center\u00a0\u00bb google_fonts=\u00a0\u00bbfont_family:Open%20Sans%3A300%2C300italic%2Cregular%2Citalic%2C600%2C600italic%2C700%2C700italic%2C800%2C800italic|font_style:300%20light%20regular%3A300%3Anormal\u00a0\u00bb][vc_column_text el_class=\u00a0\u00bbminilink\u00a0\u00bb] [&hellip;]<\/p>\n","protected":false},"author":1,"featured_media":0,"parent":0,"menu_order":0,"comment_status":"closed","ping_status":"closed","template":"page-full-width.php","meta":{"_acf_changed":false,"_seopress_robots_primary_cat":"","_seopress_titles_title":"","_seopress_titles_desc":"","_seopress_robots_index":"","footnotes":""},"class_list":["post-73","page","type-page","status-publish","hentry"],"acf":[],"_links":{"self":[{"href":"https:\/\/formations-vendee.com\/ifms\/wp-json\/wp\/v2\/pages\/73","targetHints":{"allow":["GET"]}}],"collection":[{"href":"https:\/\/formations-vendee.com\/ifms\/wp-json\/wp\/v2\/pages"}],"about":[{"href":"https:\/\/formations-vendee.com\/ifms\/wp-json\/wp\/v2\/types\/page"}],"author":[{"embeddable":true,"href":"https:\/\/formations-vendee.com\/ifms\/wp-json\/wp\/v2\/users\/1"}],"replies":[{"embeddable":true,"href":"https:\/\/formations-vendee.com\/ifms\/wp-json\/wp\/v2\/comments?post=73"}],"version-history":[{"count":25,"href":"https:\/\/formations-vendee.com\/ifms\/wp-json\/wp\/v2\/pages\/73\/revisions"}],"predecessor-version":[{"id":71651,"href":"https:\/\/formations-vendee.com\/ifms\/wp-json\/wp\/v2\/pages\/73\/revisions\/71651"}],"wp:attachment":[{"href":"https:\/\/formations-vendee.com\/ifms\/wp-json\/wp\/v2\/media?parent=73"}],"curies":[{"name":"wp","href":"https:\/\/api.w.org\/{rel}","templated":true}]}}