{"id":71388,"date":"2016-02-29T15:25:53","date_gmt":"2016-02-29T14:25:53","guid":{"rendered":"http:\/\/formations-vendee.com\/ifms\/?page_id=71388"},"modified":"2020-01-23T20:29:37","modified_gmt":"2020-01-23T19:29:37","slug":"recruter-integrer-et-former-les-collaborateurs","status":"publish","type":"page","link":"https:\/\/formations-vendee.com\/ifms\/nos-formations\/formation-continue\/recruter-integrer-et-former-les-collaborateurs\/","title":{"rendered":"Recruter, int\u00e9grer et former les collaborateurs"},"content":{"rendered":"<div class=\"wpb-content-wrapper\"><p>[vc_row type=\u00a0\u00bbcontainer\u00a0\u00bb padding_top=\u00a0\u00bb\u00a0\u00bb padding_bottom=\u00a0\u00bb\u00a0\u00bb css=\u00a0\u00bb.vc_custom_1445094705330{margin-bottom: 0px !important;}\u00a0\u00bb][vc_column width=\u00a0\u00bb1\/2&Prime; css=\u00a0\u00bb.vc_custom_1444994576899{margin-bottom: 35px !important;}\u00a0\u00bb][vc_column_text]<\/p>\n<h3>Objectifs p\u00e9dagogiques<\/h3>\n<p>A l\u2019issue de la formation, les stagiaires seront capables de\u00a0:<\/p>\n<ul>\n<li>Mettre en place les processus de recrutement<\/li>\n<li>Organiser l\u2019int\u00e9gration des collaborateurs<\/li>\n<li>Piloter le plan de formation<\/li>\n<\/ul>\n<h3>Programme<\/h3>\n<ul>\n<li><span lang=\"en-US\">R\u00e9diger un profil de poste<\/span><\/li>\n<li><span lang=\"en-US\">R\u00e9diger et diffuser une offre d\u2019emploi et effectuer une pr\u00e9s\u00e9lection de candidatures<\/span><\/li>\n<li><span lang=\"en-US\">Conduire un entretien en vue du recrutement d\u2019un personnel non cadre<\/span><\/li>\n<li><span lang=\"en-US\">Organiser l\u2019int\u00e9gration d\u2019un nouveau salari\u00e9<\/span><\/li>\n<li><span lang=\"en-US\">Contribuer \u00e0 l\u2019\u00e9laboration et au suivi du plan de formation<\/span><\/li>\n<\/ul>\n<h3>Comp\u00e9tences transversales d\u00e9velopp\u00e9es<\/h3>\n<ul>\n<li><span lang=\"en-US\">V\u00e9rifier la conformit\u00e9 r\u00e9glementaire des informations transmises ou trait\u00e9es<\/span><\/li>\n<li><span lang=\"en-US\">Respecter la confidentialit\u00e9 des informations<\/span><\/li>\n<li><span lang=\"en-US\">Communiquer avec les interlocuteurs de la fonction RH<\/span><\/li>\n<\/ul>\n<h3>Evaluation<\/h3>\n<ul>\n<li>Passage du CCP 2 du titre professionnel Assistante Ressources Humaines \u2013 Niveau III<\/li>\n<\/ul>\n<h3>Dur\u00e9e\u00a0et planning<\/h3>\n<p>Nous consulter.<\/p>\n<h3>Financements<\/h3>\n<p>Nous consulter[\/vc_column_text][\/vc_column][vc_column width=\u00a0\u00bb1\/2&Prime; css=\u00a0\u00bb.vc_custom_1444994585214{margin-bottom: 35px !important;}\u00a0\u00bb][vc_single_image image=\u00a0\u00bb71448&Prime; img_size=\u00a0\u00bbfull\u00a0\u00bb add_caption=\u00a0\u00bbyes\u00a0\u00bb onclick=\u00a0\u00bblink_image\u00a0\u00bb][\/vc_column][\/vc_row]<\/p>\n<\/div>","protected":false},"excerpt":{"rendered":"<p>[vc_row type=\u00a0\u00bbcontainer\u00a0\u00bb padding_top=\u00a0\u00bb\u00a0\u00bb padding_bottom=\u00a0\u00bb\u00a0\u00bb css=\u00a0\u00bb.vc_custom_1445094705330{margin-bottom: 0px !important;}\u00a0\u00bb][vc_column width=\u00a0\u00bb1\/2&Prime; css=\u00a0\u00bb.vc_custom_1444994576899{margin-bottom: 35px !important;}\u00a0\u00bb][vc_column_text] Objectifs p\u00e9dagogiques A l\u2019issue de la formation, les stagiaires seront capables de\u00a0: Mettre en place les processus de recrutement Organiser l\u2019int\u00e9gration des collaborateurs Piloter le plan de formation Programme R\u00e9diger un profil de poste R\u00e9diger et diffuser une offre d\u2019emploi et effectuer une pr\u00e9s\u00e9lection [&hellip;]<\/p>\n","protected":false},"author":1,"featured_media":0,"parent":71236,"menu_order":4,"comment_status":"closed","ping_status":"closed","template":"","meta":{"_acf_changed":false,"_seopress_robots_primary_cat":"","_seopress_titles_title":"","_seopress_titles_desc":"","_seopress_robots_index":"","footnotes":""},"class_list":["post-71388","page","type-page","status-publish","hentry"],"acf":[],"_links":{"self":[{"href":"https:\/\/formations-vendee.com\/ifms\/wp-json\/wp\/v2\/pages\/71388","targetHints":{"allow":["GET"]}}],"collection":[{"href":"https:\/\/formations-vendee.com\/ifms\/wp-json\/wp\/v2\/pages"}],"about":[{"href":"https:\/\/formations-vendee.com\/ifms\/wp-json\/wp\/v2\/types\/page"}],"author":[{"embeddable":true,"href":"https:\/\/formations-vendee.com\/ifms\/wp-json\/wp\/v2\/users\/1"}],"replies":[{"embeddable":true,"href":"https:\/\/formations-vendee.com\/ifms\/wp-json\/wp\/v2\/comments?post=71388"}],"version-history":[{"count":4,"href":"https:\/\/formations-vendee.com\/ifms\/wp-json\/wp\/v2\/pages\/71388\/revisions"}],"predecessor-version":[{"id":71656,"href":"https:\/\/formations-vendee.com\/ifms\/wp-json\/wp\/v2\/pages\/71388\/revisions\/71656"}],"up":[{"embeddable":true,"href":"https:\/\/formations-vendee.com\/ifms\/wp-json\/wp\/v2\/pages\/71236"}],"wp:attachment":[{"href":"https:\/\/formations-vendee.com\/ifms\/wp-json\/wp\/v2\/media?parent=71388"}],"curies":[{"name":"wp","href":"https:\/\/api.w.org\/{rel}","templated":true}]}}