{"id":71232,"date":"2016-02-22T17:16:42","date_gmt":"2016-02-22T16:16:42","guid":{"rendered":"http:\/\/formations-vendee.com\/ifms\/?page_id=71232"},"modified":"2016-02-29T15:04:53","modified_gmt":"2016-02-29T14:04:53","slug":"assistante-de-vie-aux-familles","status":"publish","type":"page","link":"https:\/\/formations-vendee.com\/ifms\/nos-formations\/formations-diplomantes\/assistante-de-vie-aux-familles\/","title":{"rendered":"Assistant(e) de vie aux familles"},"content":{"rendered":"<div class=\"wpb-content-wrapper\"><p>[vc_row type=\u00a0\u00bbcontainer\u00a0\u00bb padding_top=\u00a0\u00bb\u00a0\u00bb padding_bottom=\u00a0\u00bb\u00a0\u00bb css=\u00a0\u00bb.vc_custom_1445094705330{margin-bottom: 0px !important;}\u00a0\u00bb][vc_column width=\u00a0\u00bb1\/2&Prime; css=\u00a0\u00bb.vc_custom_1444994576899{margin-bottom: 35px !important;}\u00a0\u00bb][vc_column_text]<b>IFMS vous forme au m\u00e9tier d\u2019Assistant(e) de vie aux familles.<\/b><\/p>\n<p>L&rsquo;ADVF intervient ponctuellement ou r\u00e9guli\u00e8rement pour faciliter la vie quotidienne de personnes dites \u00ab fragilis\u00e9es \u00bb comme les personnes \u00e2g\u00e9es, malades ou handicap\u00e9es, de familles avec de jeunes enfants ou tout simplement de toute personne qui les sollicite.<\/p>\n<p>Cela se traduit par des services tels que l&rsquo;assistance pour l&rsquo;hygi\u00e8ne corporelle, l&rsquo;alimentation, les d\u00e9placements, le bien-vivre dans la soci\u00e9t\u00e9, la prise en charge de leurs jeunes enfants, l&rsquo;entretien de leur cadre de vie.[\/vc_column_text][\/vc_column][vc_column width=\u00a0\u00bb1\/2&Prime; css=\u00a0\u00bb.vc_custom_1444994585214{margin-bottom: 35px !important;}\u00a0\u00bb][vc_single_image image=\u00a0\u00bb71265&Prime; img_size=\u00a0\u00bbfull\u00a0\u00bb add_caption=\u00a0\u00bbyes\u00a0\u00bb onclick=\u00a0\u00bblink_image\u00a0\u00bb][\/vc_column][\/vc_row][vc_row type=\u00a0\u00bbcontainer\u00a0\u00bb padding_top=\u00a0\u00bb\u00a0\u00bb padding_bottom=\u00a0\u00bb\u00a0\u00bb][vc_column][vc_column_text]<strong>L&rsquo;ADVF assure ses fonctions de fa\u00e7on autonome et s&rsquo;adapte \u00e0 des contextes familiaux diff\u00e9rents.<br \/>\n<\/strong>Il (elle) veille \u00e0 prendre en compte la personne dans sa globalit\u00e9, \u00e0 \u00e9tablir des relations interpersonnelles tout en maintenant la distance professionnelle n\u00e9cessaire et \u00e0 respecter la vie priv\u00e9e des personnes aid\u00e9es.<br \/>\nIl (elle) favorise l&rsquo;autonomie des personnes aid\u00e9es.<br \/>\nIl (elle) intervient dans le respect des r\u00e8gles de s\u00e9curit\u00e9 en pr\u00e9venant les diff\u00e9rents risques (domestiques, biologiques, psycho-sociaux, routiers ou li\u00e9s \u00e0 l&rsquo;activit\u00e9 physique).<br \/>\nEn cas d&rsquo;urgence, il (elle) applique des consignes de s\u00e9curit\u00e9. Il (elle) intervient dans un champ de comp\u00e9tences bien d\u00e9fini en veillant \u00e0 ce que les limites ne soient pas d\u00e9pass\u00e9es.<\/p>\n<p><strong>L&rsquo;ADVF est en contact direct avec la personne aid\u00e9e<\/strong>, qu&rsquo;elle soit adulte ou enfant, et\/ou avec la famille. S&rsquo;il (si elle) a un encadrant, il (elle) lui rend compte r\u00e9guli\u00e8rement. Selon la situation de la personne, il (elle) peut intervenir en compl\u00e9mentarit\u00e9 avec des professionnels de la sant\u00e9, des travailleurs sociaux et d&rsquo;autres aides \u00e0 domicile. Il (elle) peut \u00eatre amen\u00e9 (e) \u00e0 alerter des services d&rsquo;urgence.<\/p>\n<p><strong>L&#8217;emploi s&rsquo;exerce le plus souvent \u00e0 temps partiel.<\/strong> Les horaires sont variables et souvent en discontinu. Le travail peut s&rsquo;effectuer entre midi et 14 heures, le soir ou le week-end. Les d\u00e9placements sur les diff\u00e9rents lieux d&rsquo;intervention peuvent repr\u00e9senter un temps important. La possession d&rsquo;un moyen de locomotion est souvent n\u00e9cessaire en milieu rural ou d\u00e8s lors que les transports en commun ne sont pas assur\u00e9s. Il (elle) travaille avec des clients parfois en difficult\u00e9 physique ou psychique (personnes en fin de vie, par exemple).<\/p>\n<p>[\/vc_column_text][\/vc_column][\/vc_row]<\/p>\n<\/div>","protected":false},"excerpt":{"rendered":"<p>[vc_row type=\u00a0\u00bbcontainer\u00a0\u00bb padding_top=\u00a0\u00bb\u00a0\u00bb padding_bottom=\u00a0\u00bb\u00a0\u00bb css=\u00a0\u00bb.vc_custom_1445094705330{margin-bottom: 0px !important;}\u00a0\u00bb][vc_column width=\u00a0\u00bb1\/2&Prime; css=\u00a0\u00bb.vc_custom_1444994576899{margin-bottom: 35px !important;}\u00a0\u00bb][vc_column_text]IFMS vous forme au m\u00e9tier d\u2019Assistant(e) de vie aux familles. L&rsquo;ADVF intervient ponctuellement ou r\u00e9guli\u00e8rement pour faciliter la vie quotidienne de personnes dites \u00ab fragilis\u00e9es \u00bb comme les personnes \u00e2g\u00e9es, malades ou handicap\u00e9es, de familles avec de jeunes enfants ou tout simplement de toute personne [&hellip;]<\/p>\n","protected":false},"author":1,"featured_media":0,"parent":71360,"menu_order":2,"comment_status":"closed","ping_status":"closed","template":"","meta":{"_acf_changed":false,"_seopress_robots_primary_cat":"","_seopress_titles_title":"","_seopress_titles_desc":"","_seopress_robots_index":"","footnotes":""},"class_list":["post-71232","page","type-page","status-publish","hentry"],"acf":[],"_links":{"self":[{"href":"https:\/\/formations-vendee.com\/ifms\/wp-json\/wp\/v2\/pages\/71232","targetHints":{"allow":["GET"]}}],"collection":[{"href":"https:\/\/formations-vendee.com\/ifms\/wp-json\/wp\/v2\/pages"}],"about":[{"href":"https:\/\/formations-vendee.com\/ifms\/wp-json\/wp\/v2\/types\/page"}],"author":[{"embeddable":true,"href":"https:\/\/formations-vendee.com\/ifms\/wp-json\/wp\/v2\/users\/1"}],"replies":[{"embeddable":true,"href":"https:\/\/formations-vendee.com\/ifms\/wp-json\/wp\/v2\/comments?post=71232"}],"version-history":[{"count":7,"href":"https:\/\/formations-vendee.com\/ifms\/wp-json\/wp\/v2\/pages\/71232\/revisions"}],"predecessor-version":[{"id":71370,"href":"https:\/\/formations-vendee.com\/ifms\/wp-json\/wp\/v2\/pages\/71232\/revisions\/71370"}],"up":[{"embeddable":true,"href":"https:\/\/formations-vendee.com\/ifms\/wp-json\/wp\/v2\/pages\/71360"}],"wp:attachment":[{"href":"https:\/\/formations-vendee.com\/ifms\/wp-json\/wp\/v2\/media?parent=71232"}],"curies":[{"name":"wp","href":"https:\/\/api.w.org\/{rel}","templated":true}]}}