{"id":71223,"date":"2016-02-22T17:07:23","date_gmt":"2016-02-22T16:07:23","guid":{"rendered":"http:\/\/formations-vendee.com\/ifms\/?page_id=71223"},"modified":"2020-01-23T17:05:17","modified_gmt":"2020-01-23T16:05:17","slug":"assistante-secretaire-medico-social","status":"publish","type":"page","link":"https:\/\/formations-vendee.com\/ifms\/nos-formations\/formations-diplomantes\/assistante-secretaire-medico-social\/","title":{"rendered":"Assistant(e) Secr\u00e9taire M\u00e9dico-Social(e)"},"content":{"rendered":"<div class=\"wpb-content-wrapper\"><p>[vc_row type=\u00a0\u00bbcontainer\u00a0\u00bb padding_top=\u00a0\u00bb\u00a0\u00bb padding_bottom=\u00a0\u00bb\u00a0\u00bb css=\u00a0\u00bb.vc_custom_1445094705330{margin-bottom: 0px !important;}\u00a0\u00bb][vc_column width=\u00a0\u00bb1\/2&Prime; css=\u00a0\u00bb.vc_custom_1444994576899{margin-bottom: 35px !important;}\u00a0\u00bb][vc_column_text]<strong>IFMS<\/strong> vous forme au m\u00e9tier de \u00ab <strong>SECR\u00c9TAIRE ASSISTANTE MEDICO-SOCIALE<\/strong> \u00bb<\/p>\n<p>Vous serez aussi amen\u00e9(e) \u00e0 passer la <strong>certification Voltaire<\/strong> (Reconnaissance d\u2019un niveau en Orthographe)<\/p>\n<p>Le (la) secr\u00e9taire-assistant(e) m\u00e9dico-social(e) assure, au sein des structures m\u00e9dicales, sociales ou m\u00e9dico-sociales, l\u2019accueil des patients et des usagers, l\u2019organisation et la planification des activit\u00e9s du service, la constitution et le suivi administratif des dossiers.<\/p>\n<p>Il (elle) r\u00e9alise des t\u00e2ches diversifi\u00e9es. La mission d\u2019accueil est essentielle.[\/vc_column_text][\/vc_column][vc_column width=\u00a0\u00bb1\/2&Prime; css=\u00a0\u00bb.vc_custom_1444994585214{margin-bottom: 35px !important;}\u00a0\u00bb][vc_single_image image=\u00a0\u00bb71264&Prime; img_size=\u00a0\u00bbfull\u00a0\u00bb add_caption=\u00a0\u00bbyes\u00a0\u00bb onclick=\u00a0\u00bblink_image\u00a0\u00bb][\/vc_column][\/vc_row][vc_row type=\u00a0\u00bbcontainer\u00a0\u00bb padding_top=\u00a0\u00bb\u00a0\u00bb padding_bottom=\u00a0\u00bb\u00a0\u00bb][vc_column][vc_column_text]<\/p>\n<h3>PROGRAMME<\/h3>\n<ul>\n<li>Assister une \u00e9quipe dans la communication des informations et l&rsquo;organisation des activit\u00e9s<\/li>\n<li>Assurer l&rsquo;accueil et la prise en charge administrative du patient ou de l&rsquo;usager<\/li>\n<li>Traiter les dossiers et coordonner les op\u00e9rations li\u00e9es au parcours du patient ou de l&rsquo;usager<\/li>\n<li>Fran\u00e7ais et Bureautique (Pack Office)<\/li>\n<li>Anglais<\/li>\n<li>Terminologie M\u00e9dicale<\/li>\n<\/ul>\n<p>TECHNIQUES de RECHERCHE d\u2019EMPLOI<br \/>\nPR\u00c9PARATION \u00e0 la SESSION de VALIDATION<br \/>\n\u00c9VALUATIONS<\/p>\n<h3>ORGANISATION<\/h3>\n<p>19 semaines de formation &#8211; Pr\u00e9sentiel + e-learning<br \/>\n9 semaines de stages en milieu professionnel<\/p>\n<p>Remise \u00e0 niveau optionnelle de 35h \u00e0 140h si besoin<\/p>\n<h3>VALIDATION<\/h3>\n<p>Titre professionnel du Minist\u00e8re du Travail et de l\u2019Emploi r\u00e9pertori\u00e9 au RNCP SECR\u00c9TAIRE ASSISTANT(e) M\u00c9DICO SOCIAL(e) \u2013 Niveau IV (Bac)<\/p>\n<p>Certification : VOLTAIRE (orthographe)<\/p>\n<h3>DATE<\/h3>\n<p>Octobre \u00e0 Juin<\/p>\n<h3>LIEU<\/h3>\n<p>1 Rue M.E. Coindreau \u2013 85000 LA ROCHE SUR YON[\/vc_column_text][\/vc_column][\/vc_row][vc_row type=\u00a0\u00bbcontainer\u00a0\u00bb padding_top=\u00a0\u00bb\u00a0\u00bb padding_bottom=\u00a0\u00bb\u00a0\u00bb css=\u00a0\u00bb.vc_custom_1444505165647{margin-bottom: 0px !important;padding-top: 10px !important;}\u00a0\u00bb][vc_column][vc_separator color=\u00a0\u00bb#e2e2e2&Prime; type=\u00a0\u00bbnormal\u00a0\u00bb thickness=\u00a0\u00bb1&Prime; up=\u00a0\u00bb\u00a0\u00bb down=\u00a0\u00bb\u00a0\u00bb el_class=\u00a0\u00bbdotted\u00a0\u00bb][\/vc_column][\/vc_row][vc_row type=\u00a0\u00bbcontainer\u00a0\u00bb padding_top=\u00a0\u00bb\u00a0\u00bb padding_bottom=\u00a0\u00bb\u00a0\u00bb][vc_column][vc_column_text]<\/p>\n<table border=\"1\" cellspacing=\"0\" cellpadding=\"9\">\n<colgroup>\n<col width=\"30%\" \/>\n<col width=\"35%\" \/>\n<col width=\"35%\" \/> <\/colgroup>\n<tbody>\n<tr bgcolor=\"#f4e417\">\n<td><b>METIERS CIBL\u00c9S<\/b><\/td>\n<td><b>MISSIONS<\/b><\/td>\n<td><b>LIEUX D\u2019EXERCICE<\/b><\/td>\n<\/tr>\n<tr valign=\"TOP\">\n<td>\n<ul>\n<li>Secr\u00e9taire Assistante<\/li>\n<li>Secr\u00e9taire M\u00e9dico-sociale<\/li>\n<li>Secr\u00e9taire M\u00e9dicale<\/li>\n<li>Secr\u00e9taire Assistante m\u00e9dico-sociale<\/li>\n<\/ul>\n<\/td>\n<td>\n<ul>\n<li>Accueil des patients<\/li>\n<li>Travaux administratifs, prise de rendez-vous, gestion d\u2019agendas,\u2026<\/li>\n<li>Respect des proc\u00e9dures, r\u00e9glementation, confidentialit\u00e9<\/li>\n<li>Assistance au m\u00e9decin<\/li>\n<li>Outils\u00a0: bureautique, vocabulaire m\u00e9dical<\/li>\n<\/ul>\n<\/td>\n<td>\n<ul>\n<li>SANITAIRE\u00a0: Milieu hospitalier, cabinets m\u00e9dicaux, g\u00e9n\u00e9ralistes ou sp\u00e9cialistes<\/li>\n<li>SOCIAL\u00a0: CAF, caisses s\u00e9curit\u00e9 sociale, tribunaux pour enfants, centres d\u2019h\u00e9bergement, services sociaux<\/li>\n<li>SANITAIRE et SOCIAL\u00a0: M\u00e9decine du travail, maisons de retraite, sant\u00e9 scolaire, services PMI<\/li>\n<\/ul>\n<\/td>\n<\/tr>\n<\/tbody>\n<\/table>\n<p>[\/vc_column_text][\/vc_column][\/vc_row][vc_row type=\u00a0\u00bbcontainer\u00a0\u00bb padding_top=\u00a0\u00bb\u00a0\u00bb padding_bottom=\u00a0\u00bb\u00a0\u00bb][vc_column][vc_raw_html]JTNDYXNpZGUlMjBjbGFzcyUzRCUyMndpZGdldC0zJTIwd2lkZ2V0LWxhc3QlMjB3aWRnZXQtb2RkJTIwYm94ZWQlMjBkb2N1bWVudCUyMHdpZGdldCUyMHdpZGdldF90ZXh0JTIyJTIwaWQlM0QlMjJ0ZXh0LTMlMjIlM0UlMEElM0NoNCUyMGNsYXNzJTNEJTIyd2lkZ2V0LXRpdGxlJTIyJTNFJTNDc3BhbiUzRVQlQzMlQTlsJUMzJUE5Y2hhcmdleiUyMGxhJTIwcGxhcXVldHRlJTNDJTJGc3BhbiUzRSUzQyUyRmg0JTNFJTBBJTNDZGl2JTIwY2xhc3MlM0QlMjJ0ZXh0d2lkZ2V0JTIyJTNFJTBBJTNDcCUzRUQlQzMlQTljb3V2cmV6JTIwbGElMjBmb3JtYXRpb24lMjBwbHVzJTIwZW4lMjBkJUMzJUE5dGFpbCUyMGdyJUMzJUEyY2UlMjAlQzMlQTAlMjBjZXR0ZSUyMHBsYXF1ZXR0ZSUyMGRlc2NyaXB0aXZlLiUzQyUyRnAlM0UlMEElM0NwJTNFJTNDYSUyMHRhcmdldCUzRCUyMl9ibGFuayUyMiUyMGNsYXNzJTNEJTIycGRmJTIyJTIwaHJlZiUzRCUyMmh0dHBzJTNBJTJGJTJGZHJpdmUuZ29vZ2xlLmNvbSUyRm9wZW4lM0ZpZCUzRDBCNkxVRzZhdEs3Z2NPVGwzYkRKd2RsSlBOa0UlMjIlM0VUJUMzJUE5bCVDMyVBOWNoYXJnZXIlMjBlbiUyMFBERiUzQyUyRmElM0UlM0MlMkZwJTNFJTBBJTNDJTJGZGl2JTNFJTBBJTNDJTJGYXNpZGUlM0U=[\/vc_raw_html][\/vc_column][\/vc_row]<\/p>\n<\/div>","protected":false},"excerpt":{"rendered":"<p>[vc_row type=\u00a0\u00bbcontainer\u00a0\u00bb padding_top=\u00a0\u00bb\u00a0\u00bb padding_bottom=\u00a0\u00bb\u00a0\u00bb css=\u00a0\u00bb.vc_custom_1445094705330{margin-bottom: 0px !important;}\u00a0\u00bb][vc_column width=\u00a0\u00bb1\/2&Prime; css=\u00a0\u00bb.vc_custom_1444994576899{margin-bottom: 35px !important;}\u00a0\u00bb][vc_column_text]IFMS vous forme au m\u00e9tier de \u00ab SECR\u00c9TAIRE ASSISTANTE MEDICO-SOCIALE \u00bb Vous serez aussi amen\u00e9(e) \u00e0 passer la certification Voltaire (Reconnaissance d\u2019un niveau en Orthographe) Le (la) secr\u00e9taire-assistant(e) m\u00e9dico-social(e) assure, au sein des structures m\u00e9dicales, sociales ou m\u00e9dico-sociales, l\u2019accueil des patients et des usagers, l\u2019organisation [&hellip;]<\/p>\n","protected":false},"author":1,"featured_media":0,"parent":71360,"menu_order":1,"comment_status":"closed","ping_status":"closed","template":"","meta":{"_acf_changed":false,"_seopress_robots_primary_cat":"","_seopress_titles_title":"","_seopress_titles_desc":"","_seopress_robots_index":"","footnotes":""},"class_list":["post-71223","page","type-page","status-publish","hentry"],"acf":[],"_links":{"self":[{"href":"https:\/\/formations-vendee.com\/ifms\/wp-json\/wp\/v2\/pages\/71223","targetHints":{"allow":["GET"]}}],"collection":[{"href":"https:\/\/formations-vendee.com\/ifms\/wp-json\/wp\/v2\/pages"}],"about":[{"href":"https:\/\/formations-vendee.com\/ifms\/wp-json\/wp\/v2\/types\/page"}],"author":[{"embeddable":true,"href":"https:\/\/formations-vendee.com\/ifms\/wp-json\/wp\/v2\/users\/1"}],"replies":[{"embeddable":true,"href":"https:\/\/formations-vendee.com\/ifms\/wp-json\/wp\/v2\/comments?post=71223"}],"version-history":[{"count":19,"href":"https:\/\/formations-vendee.com\/ifms\/wp-json\/wp\/v2\/pages\/71223\/revisions"}],"predecessor-version":[{"id":71648,"href":"https:\/\/formations-vendee.com\/ifms\/wp-json\/wp\/v2\/pages\/71223\/revisions\/71648"}],"up":[{"embeddable":true,"href":"https:\/\/formations-vendee.com\/ifms\/wp-json\/wp\/v2\/pages\/71360"}],"wp:attachment":[{"href":"https:\/\/formations-vendee.com\/ifms\/wp-json\/wp\/v2\/media?parent=71223"}],"curies":[{"name":"wp","href":"https:\/\/api.w.org\/{rel}","templated":true}]}}