{"id":71211,"date":"2016-02-22T16:16:01","date_gmt":"2016-02-22T15:16:01","guid":{"rendered":"http:\/\/formations-vendee.com\/ifms\/?page_id=71211"},"modified":"2016-06-08T14:19:06","modified_gmt":"2016-06-08T13:19:06","slug":"prepa-auxiliaire-de-puericulture","status":"publish","type":"page","link":"https:\/\/formations-vendee.com\/ifms\/nos-formations\/preparation-concours\/prepa-auxiliaire-de-puericulture\/","title":{"rendered":"Pr\u00e9pa Auxiliaire de pu\u00e9riculture"},"content":{"rendered":"<div class=\"wpb-content-wrapper\"><p>[vc_row type=\u00a0\u00bbcontainer\u00a0\u00bb padding_top=\u00a0\u00bb\u00a0\u00bb padding_bottom=\u00a0\u00bb\u00a0\u00bb css=\u00a0\u00bb.vc_custom_1445094705330{margin-bottom: 0px !important;}\u00a0\u00bb][vc_column width=\u00a0\u00bb1\/2&Prime; css=\u00a0\u00bb.vc_custom_1444994576899{margin-bottom: 35px !important;}\u00a0\u00bb][vc_column_text]PR\u00c9PARATION AU CONCOURS d\u2019entr\u00e9e en \u00c9cole d\u2019AUXILIAIRE de PU\u00c9RICULTURE<\/p>\n<p><strong>IFMS<\/strong>, Institut de Formation au M\u00e9dico-Social, <strong>vous pr\u00e9pare \u00e0 l\u2019ORAL du concours AUXILIAIRE de PU\u00c9RICULTURE<\/strong><\/p>\n<p>L\u2019auxiliaire de pu\u00e9riculture participe aux apprentissages des b\u00e9b\u00e9s, tout en veillant \u00e0 leur bien-\u00eatre. Elle travaille au sein d\u2019une \u00e9quipe, sous la responsabilit\u00e9 d\u2019une pu\u00e9ricultrice ou d\u2019une infirmi\u00e8re. Un m\u00e9tier qui fait r\u00eaver les jeunes filles mais qui requiert motivation et maturit\u00e9\u00a0![\/vc_column_text][\/vc_column][vc_column width=\u00a0\u00bb1\/2&Prime; css=\u00a0\u00bb.vc_custom_1444994585214{margin-bottom: 35px !important;}\u00a0\u00bb][vc_single_image image=\u00a0\u00bb71262&Prime; img_size=\u00a0\u00bbfull\u00a0\u00bb add_caption=\u00a0\u00bbyes\u00a0\u00bb onclick=\u00a0\u00bblink_image\u00a0\u00bb][\/vc_column][\/vc_row][vc_row type=\u00a0\u00bbcontainer\u00a0\u00bb padding_top=\u00a0\u00bb\u00a0\u00bb padding_bottom=\u00a0\u00bb\u00a0\u00bb][vc_column][vc_column_text]<\/p>\n<h3>Objectifs<\/h3>\n<ul>\n<li>Acqu\u00e9rir des m\u00e9thodes et outils pour se pr\u00e9senter dans les conditions optimales au concours<\/li>\n<li>Confirmer le projet professionnel Auxiliaire de Pu\u00e9riculture<\/li>\n<\/ul>\n<h3>Programme<\/h3>\n<p>Culture g\u00e9n\u00e9rale \/ Pr\u00e9paration aux entretiens<br \/>\nCommunication \/ Analyse de la pratique<br \/>\nTests d\u2019aptitude<br \/>\nAnalyse de la pratique<\/p>\n<h3>Dur\u00e9e<\/h3>\n<p>De Septembre \u00e0 Mars<\/p>\n<h3>Stage<\/h3>\n<p>4 semaines (2 p\u00e9riodes : novembre et f\u00e9vrier) + Stage hebdomadaire<\/p>\n<h3>Nos +<\/h3>\n<ul>\n<li>Oraux blancs individuels<\/li>\n<li>Concours blancs \u00e9crits<\/li>\n<li>Interventions de professionnels<\/li>\n<li>Stage hebdomadaire<\/li>\n<\/ul>\n<p>[\/vc_column_text][\/vc_column][\/vc_row][vc_row type=\u00a0\u00bbcontainer\u00a0\u00bb padding_top=\u00a0\u00bb\u00a0\u00bb padding_bottom=\u00a0\u00bb\u00a0\u00bb css=\u00a0\u00bb.vc_custom_1444505165647{margin-bottom: 0px !important;padding-top: 10px !important;}\u00a0\u00bb][vc_column][vc_separator color=\u00a0\u00bb#e2e2e2&Prime; type=\u00a0\u00bbnormal\u00a0\u00bb thickness=\u00a0\u00bb1&Prime; up=\u00a0\u00bb\u00a0\u00bb down=\u00a0\u00bb\u00a0\u00bb el_class=\u00a0\u00bbdotted\u00a0\u00bb][\/vc_column][\/vc_row][vc_row type=\u00a0\u00bbcontainer\u00a0\u00bb padding_top=\u00a0\u00bb\u00a0\u00bb padding_bottom=\u00a0\u00bb\u00a0\u00bb][vc_column][vc_column_text]<\/p>\n<table border=\"1\" cellspacing=\"0\" cellpadding=\"9\">\n<colgroup>\n<col width=\"30%\" \/>\n<col width=\"35%\" \/>\n<col width=\"35%\" \/> <\/colgroup>\n<tbody>\n<tr bgcolor=\"#f4e417\">\n<td><b>METIERS CIBL\u00c9S<\/b><\/td>\n<td><b>MISSIONS<\/b><\/td>\n<td><b>LIEUX D\u2019EXERCICE<\/b><\/td>\n<\/tr>\n<tr valign=\"TOP\">\n<td>Auxiliaire de pu\u00e9riculture<\/td>\n<td>Participer \u00e0 la prise en charge individuelle ou en groupe de l\u2019enfant bien-portant, malade ou handicap\u00e9 (toilette, biberon, hygi\u00e8ne, alimentation, tenue de fiches m\u00e9dicales)\u2026<\/td>\n<td>\n<ul>\n<li>Maternit\u00e9<\/li>\n<li>Cr\u00e8che collective, mini-cr\u00e8che, pouponni\u00e8re<\/li>\n<li>N\u00e9onatologie<\/li>\n<li>Halte-garderie<\/li>\n<li>P\u00e9diatrie et sp\u00e9cialit\u00e9s p\u00e9diatriques<\/li>\n<li>\u2026<\/li>\n<\/ul>\n<\/td>\n<\/tr>\n<\/tbody>\n<\/table>\n<p>[\/vc_column_text][\/vc_column][\/vc_row][vc_row type=\u00a0\u00bbcontainer\u00a0\u00bb padding_top=\u00a0\u00bb\u00a0\u00bb padding_bottom=\u00a0\u00bb\u00a0\u00bb][vc_column][vc_raw_html]JTNDYXNpZGUlMjBjbGFzcyUzRCUyMndpZGdldC0zJTIwd2lkZ2V0LWxhc3QlMjB3aWRnZXQtb2RkJTIwYm94ZWQlMjBkb2N1bWVudCUyMHdpZGdldCUyMHdpZGdldF90ZXh0JTIyJTIwaWQlM0QlMjJ0ZXh0LTMlMjIlM0UlMEElM0NoNCUyMGNsYXNzJTNEJTIyd2lkZ2V0LXRpdGxlJTIyJTNFJTNDc3BhbiUzRVQlQzMlQTlsJUMzJUE5Y2hhcmdleiUyMGxhJTIwcGxhcXVldHRlJTNDJTJGc3BhbiUzRSUzQyUyRmg0JTNFJTBBJTNDZGl2JTIwY2xhc3MlM0QlMjJ0ZXh0d2lkZ2V0JTIyJTNFJTBBJTNDcCUzRUQlQzMlQTljb3V2cmV6JTIwbGElMjBmb3JtYXRpb24lMjBwbHVzJTIwZW4lMjBkJUMzJUE5dGFpbCUyMGdyJUMzJUEyY2UlMjAlQzMlQTAlMjBjZXR0ZSUyMHBsYXF1ZXR0ZSUyMGRlc2NyaXB0aXZlLiUzQyUyRnAlM0UlMEElM0NwJTNFJTNDYSUyMHRhcmdldCUzRCUyMl9ibGFuayUyMiUyMGNsYXNzJTNEJTIycGRmJTIyJTIwaHJlZiUzRCUyMmh0dHBzJTNBJTJGJTJGZHJpdmUuZ29vZ2xlLmNvbSUyRm9wZW4lM0ZpZCUzRDBCNkxVRzZhdEs3Z2NNM1ZhYUVKMFpWcFdPRUUlMjIlM0VUJUMzJUE5bCVDMyVBOWNoYXJnZXIlMjBlbiUyMFBERiUzQyUyRmElM0UlM0MlMkZwJTNFJTBBJTNDJTJGZGl2JTNFJTBBJTNDJTJGYXNpZGUlM0U=[\/vc_raw_html][\/vc_column][\/vc_row][vc_row type=\u00a0\u00bbcontainer\u00a0\u00bb padding_top=\u00a0\u00bb\u00a0\u00bb padding_bottom=\u00a0\u00bb\u00a0\u00bb][vc_column][vc_raw_html css=\u00a0\u00bb.vc_custom_1464008618621{margin-bottom: 30px !important;}\u00a0\u00bb]JTNDZGl2JTIwY2xhc3MlM0QlMjJjdGEtYnV0dG9uJTIyJTNFJTNDYSUyMGhyZWYlM0QlMjJodHRwJTNBJTJGJTJGZm9ybWF0aW9ucy12ZW5kZWUuY29tJTJGaWZtcyUyRmNvbnRhY3QlMkYlMjIlM0VKZSUyMENhbmRpZGF0ZSUzQyUyRmElM0UlM0MlMkZkaXYlM0U=[\/vc_raw_html][\/vc_column][\/vc_row]<\/p>\n<\/div>","protected":false},"excerpt":{"rendered":"<p>[vc_row type=\u00a0\u00bbcontainer\u00a0\u00bb padding_top=\u00a0\u00bb\u00a0\u00bb padding_bottom=\u00a0\u00bb\u00a0\u00bb css=\u00a0\u00bb.vc_custom_1445094705330{margin-bottom: 0px !important;}\u00a0\u00bb][vc_column width=\u00a0\u00bb1\/2&Prime; css=\u00a0\u00bb.vc_custom_1444994576899{margin-bottom: 35px !important;}\u00a0\u00bb][vc_column_text]PR\u00c9PARATION AU CONCOURS d\u2019entr\u00e9e en \u00c9cole d\u2019AUXILIAIRE de PU\u00c9RICULTURE IFMS, Institut de Formation au M\u00e9dico-Social, vous pr\u00e9pare \u00e0 l\u2019ORAL du concours AUXILIAIRE de PU\u00c9RICULTURE L\u2019auxiliaire de pu\u00e9riculture participe aux apprentissages des b\u00e9b\u00e9s, tout en veillant \u00e0 leur bien-\u00eatre. Elle travaille au sein d\u2019une \u00e9quipe, sous [&hellip;]<\/p>\n","protected":false},"author":1,"featured_media":0,"parent":71358,"menu_order":3,"comment_status":"closed","ping_status":"closed","template":"","meta":{"_acf_changed":false,"_seopress_robots_primary_cat":"","_seopress_titles_title":"","_seopress_titles_desc":"","_seopress_robots_index":"","footnotes":""},"class_list":["post-71211","page","type-page","status-publish","hentry"],"acf":[],"_links":{"self":[{"href":"https:\/\/formations-vendee.com\/ifms\/wp-json\/wp\/v2\/pages\/71211","targetHints":{"allow":["GET"]}}],"collection":[{"href":"https:\/\/formations-vendee.com\/ifms\/wp-json\/wp\/v2\/pages"}],"about":[{"href":"https:\/\/formations-vendee.com\/ifms\/wp-json\/wp\/v2\/types\/page"}],"author":[{"embeddable":true,"href":"https:\/\/formations-vendee.com\/ifms\/wp-json\/wp\/v2\/users\/1"}],"replies":[{"embeddable":true,"href":"https:\/\/formations-vendee.com\/ifms\/wp-json\/wp\/v2\/comments?post=71211"}],"version-history":[{"count":10,"href":"https:\/\/formations-vendee.com\/ifms\/wp-json\/wp\/v2\/pages\/71211\/revisions"}],"predecessor-version":[{"id":71509,"href":"https:\/\/formations-vendee.com\/ifms\/wp-json\/wp\/v2\/pages\/71211\/revisions\/71509"}],"up":[{"embeddable":true,"href":"https:\/\/formations-vendee.com\/ifms\/wp-json\/wp\/v2\/pages\/71358"}],"wp:attachment":[{"href":"https:\/\/formations-vendee.com\/ifms\/wp-json\/wp\/v2\/media?parent=71211"}],"curies":[{"name":"wp","href":"https:\/\/api.w.org\/{rel}","templated":true}]}}