{"id":71208,"date":"2016-02-22T16:09:37","date_gmt":"2016-02-22T15:09:37","guid":{"rendered":"http:\/\/formations-vendee.com\/ifms\/?page_id=71208"},"modified":"2016-06-08T14:18:28","modified_gmt":"2016-06-08T13:18:28","slug":"prepa-concours-aide-soignant","status":"publish","type":"page","link":"https:\/\/formations-vendee.com\/ifms\/nos-formations\/preparation-concours\/prepa-concours-aide-soignant\/","title":{"rendered":"Pr\u00e9pa concours Aide-soignant(e)"},"content":{"rendered":"<div class=\"wpb-content-wrapper\"><p>[vc_row type=\u00a0\u00bbcontainer\u00a0\u00bb padding_top=\u00a0\u00bb\u00a0\u00bb padding_bottom=\u00a0\u00bb\u00a0\u00bb css=\u00a0\u00bb.vc_custom_1445094705330{margin-bottom: 0px !important;}\u00a0\u00bb][vc_column width=\u00a0\u00bb1\/2&Prime; css=\u00a0\u00bb.vc_custom_1444994576899{margin-bottom: 35px !important;}\u00a0\u00bb][vc_column_text]PR\u00c9PARATION au CONCOURS d\u2019entr\u00e9e en \u00c9cole d\u2019AIDE-SOIGNANT<\/p>\n<p><strong>IFMS<\/strong>, Institut de Formation M\u00e9dico-Social, <strong>vous pr\u00e9pare \u00e0 l\u2019ORAL du concours AIDE-SOIGNANT<\/strong><\/p>\n<p><strong>Parmi le personnel de sant\u00e9, l\u2019aide-soignant est sans doute le plus proche des personnes hospitalis\u00e9es.<\/strong>[\/vc_column_text][\/vc_column][vc_column width=\u00a0\u00bb1\/2&Prime; css=\u00a0\u00bb.vc_custom_1444994585214{margin-bottom: 35px !important;}\u00a0\u00bb][vc_single_image image=\u00a0\u00bb71261&Prime; img_size=\u00a0\u00bbfull\u00a0\u00bb add_caption=\u00a0\u00bbyes\u00a0\u00bb onclick=\u00a0\u00bblink_image\u00a0\u00bb][\/vc_column][\/vc_row][vc_row type=\u00a0\u00bbcontainer\u00a0\u00bb padding_top=\u00a0\u00bb\u00a0\u00bb padding_bottom=\u00a0\u00bb\u00a0\u00bb][vc_column][vc_column_text]<\/p>\n<h3>Objectifs<\/h3>\n<ul>\n<li>Acqu\u00e9rir des m\u00e9thodes et outils pour se pr\u00e9senter dans les conditions optimales au concours<\/li>\n<li>Confirmer le projet professionnel Aide-Soignant<\/li>\n<\/ul>\n<h3>Programme<\/h3>\n<p>Culture g\u00e9n\u00e9rale \/ Pr\u00e9paration aux entretiens<br \/>\nCommunication \/ Mises en situation<br \/>\nAnalyse de la pratique<\/p>\n<h3>Dur\u00e9e<\/h3>\n<p>De Septembre \u00e0 Mars<\/p>\n<h3>Stage<\/h3>\n<p>4 semaines (2 p\u00e9riodes : novembre et f\u00e9vrier) + Stage hebdomadaire<\/p>\n<h3>Nos +<\/h3>\n<ul>\n<li>Oraux blancs individuels<\/li>\n<li>Interventions de professionnels<\/li>\n<li>Stage hebdomadaire<\/li>\n<\/ul>\n<p>[\/vc_column_text][\/vc_column][\/vc_row][vc_row type=\u00a0\u00bbcontainer\u00a0\u00bb padding_top=\u00a0\u00bb\u00a0\u00bb padding_bottom=\u00a0\u00bb\u00a0\u00bb css=\u00a0\u00bb.vc_custom_1444505165647{margin-bottom: 0px !important;padding-top: 10px !important;}\u00a0\u00bb][vc_column][vc_separator color=\u00a0\u00bb#e2e2e2&Prime; type=\u00a0\u00bbnormal\u00a0\u00bb thickness=\u00a0\u00bb1&Prime; up=\u00a0\u00bb\u00a0\u00bb down=\u00a0\u00bb\u00a0\u00bb el_class=\u00a0\u00bbdotted\u00a0\u00bb][\/vc_column][\/vc_row][vc_row type=\u00a0\u00bbcontainer\u00a0\u00bb padding_top=\u00a0\u00bb\u00a0\u00bb padding_bottom=\u00a0\u00bb\u00a0\u00bb][vc_column][vc_column_text]<\/p>\n<table border=\"1\" cellspacing=\"0\" cellpadding=\"9\">\n<colgroup>\n<col width=\"30%\" \/>\n<col width=\"35%\" \/>\n<col width=\"35%\" \/> <\/colgroup>\n<tbody>\n<tr bgcolor=\"#f4e417\">\n<td><b>METIERS CIBL\u00c9S<\/b><\/td>\n<td><b>MISSIONS<\/b><\/td>\n<td><b>LIEUX D\u2019EXERCICE<\/b><\/td>\n<\/tr>\n<tr valign=\"TOP\">\n<td>Aide-soignant(e)<\/td>\n<td>Participer avec l\u2019infirmi\u00e8re, aux soins d\u2019hygi\u00e8ne, de confort des personnes hospitalis\u00e9es ou \u00e0 domicile (toilette, bain, prise des repas)<\/td>\n<td>\n<ul>\n<li>Milieu hospitalier<\/li>\n<li>\u00c9tablissement pour personnes \u00e2g\u00e9es<\/li>\n<li>Service de soins \u00e0 domicile<\/li>\n<li>\u2026<\/li>\n<\/ul>\n<\/td>\n<\/tr>\n<\/tbody>\n<\/table>\n<p>[\/vc_column_text][\/vc_column][\/vc_row][vc_row type=\u00a0\u00bbcontainer\u00a0\u00bb padding_top=\u00a0\u00bb\u00a0\u00bb padding_bottom=\u00a0\u00bb\u00a0\u00bb][vc_column][vc_raw_html]JTNDYXNpZGUlMjBjbGFzcyUzRCUyMndpZGdldC0zJTIwd2lkZ2V0LWxhc3QlMjB3aWRnZXQtb2RkJTIwYm94ZWQlMjBkb2N1bWVudCUyMHdpZGdldCUyMHdpZGdldF90ZXh0JTIyJTIwaWQlM0QlMjJ0ZXh0LTMlMjIlM0UlMEElM0NoNCUyMGNsYXNzJTNEJTIyd2lkZ2V0LXRpdGxlJTIyJTNFJTNDc3BhbiUzRVQlQzMlQTlsJUMzJUE5Y2hhcmdleiUyMGxhJTIwcGxhcXVldHRlJTNDJTJGc3BhbiUzRSUzQyUyRmg0JTNFJTBBJTNDZGl2JTIwY2xhc3MlM0QlMjJ0ZXh0d2lkZ2V0JTIyJTNFJTBBJTNDcCUzRUQlQzMlQTljb3V2cmV6JTIwbGElMjBmb3JtYXRpb24lMjBwbHVzJTIwZW4lMjBkJUMzJUE5dGFpbCUyMGdyJUMzJUEyY2UlMjAlQzMlQTAlMjBjZXR0ZSUyMHBsYXF1ZXR0ZSUyMGRlc2NyaXB0aXZlLiUzQyUyRnAlM0UlMEElM0NwJTNFJTNDYSUyMHRhcmdldCUzRCUyMl9ibGFuayUyMiUyMGNsYXNzJTNEJTIycGRmJTIyJTIwaHJlZiUzRCUyMmh0dHBzJTNBJTJGJTJGZHJpdmUuZ29vZ2xlLmNvbSUyRm9wZW4lM0ZpZCUzRDBCNkxVRzZhdEs3Z2NUemRyTmxaRWNHZEpTRVUlMjIlM0VUJUMzJUE5bCVDMyVBOWNoYXJnZXIlMjBlbiUyMFBERiUzQyUyRmElM0UlM0MlMkZwJTNFJTBBJTNDJTJGZGl2JTNFJTBBJTNDJTJGYXNpZGUlM0U=[\/vc_raw_html][\/vc_column][\/vc_row][vc_row type=\u00a0\u00bbcontainer\u00a0\u00bb padding_top=\u00a0\u00bb\u00a0\u00bb padding_bottom=\u00a0\u00bb\u00a0\u00bb][vc_column][vc_raw_html css=\u00a0\u00bb.vc_custom_1464008596011{margin-bottom: 30px !important;}\u00a0\u00bb]JTNDZGl2JTIwY2xhc3MlM0QlMjJjdGEtYnV0dG9uJTIyJTNFJTNDYSUyMGhyZWYlM0QlMjJodHRwJTNBJTJGJTJGZm9ybWF0aW9ucy12ZW5kZWUuY29tJTJGaWZtcyUyRmNvbnRhY3QlMkYlMjIlM0VKZSUyMENhbmRpZGF0ZSUzQyUyRmElM0UlM0MlMkZkaXYlM0U=[\/vc_raw_html][\/vc_column][\/vc_row]<\/p>\n<\/div>","protected":false},"excerpt":{"rendered":"<p>[vc_row type=\u00a0\u00bbcontainer\u00a0\u00bb padding_top=\u00a0\u00bb\u00a0\u00bb padding_bottom=\u00a0\u00bb\u00a0\u00bb css=\u00a0\u00bb.vc_custom_1445094705330{margin-bottom: 0px !important;}\u00a0\u00bb][vc_column width=\u00a0\u00bb1\/2&Prime; css=\u00a0\u00bb.vc_custom_1444994576899{margin-bottom: 35px !important;}\u00a0\u00bb][vc_column_text]PR\u00c9PARATION au CONCOURS d\u2019entr\u00e9e en \u00c9cole d\u2019AIDE-SOIGNANT IFMS, Institut de Formation M\u00e9dico-Social, vous pr\u00e9pare \u00e0 l\u2019ORAL du concours AIDE-SOIGNANT Parmi le personnel de sant\u00e9, l\u2019aide-soignant est sans doute le plus proche des personnes hospitalis\u00e9es.[\/vc_column_text][\/vc_column][vc_column width=\u00a0\u00bb1\/2&Prime; css=\u00a0\u00bb.vc_custom_1444994585214{margin-bottom: 35px !important;}\u00a0\u00bb][vc_single_image image=\u00a0\u00bb71261&Prime; img_size=\u00a0\u00bbfull\u00a0\u00bb add_caption=\u00a0\u00bbyes\u00a0\u00bb onclick=\u00a0\u00bblink_image\u00a0\u00bb][\/vc_column][\/vc_row][vc_row type=\u00a0\u00bbcontainer\u00a0\u00bb padding_top=\u00a0\u00bb\u00a0\u00bb padding_bottom=\u00a0\u00bb\u00a0\u00bb][vc_column][vc_column_text] [&hellip;]<\/p>\n","protected":false},"author":1,"featured_media":0,"parent":71358,"menu_order":2,"comment_status":"closed","ping_status":"closed","template":"","meta":{"_acf_changed":false,"_seopress_robots_primary_cat":"","_seopress_titles_title":"","_seopress_titles_desc":"","_seopress_robots_index":"","footnotes":""},"class_list":["post-71208","page","type-page","status-publish","hentry"],"acf":[],"_links":{"self":[{"href":"https:\/\/formations-vendee.com\/ifms\/wp-json\/wp\/v2\/pages\/71208","targetHints":{"allow":["GET"]}}],"collection":[{"href":"https:\/\/formations-vendee.com\/ifms\/wp-json\/wp\/v2\/pages"}],"about":[{"href":"https:\/\/formations-vendee.com\/ifms\/wp-json\/wp\/v2\/types\/page"}],"author":[{"embeddable":true,"href":"https:\/\/formations-vendee.com\/ifms\/wp-json\/wp\/v2\/users\/1"}],"replies":[{"embeddable":true,"href":"https:\/\/formations-vendee.com\/ifms\/wp-json\/wp\/v2\/comments?post=71208"}],"version-history":[{"count":12,"href":"https:\/\/formations-vendee.com\/ifms\/wp-json\/wp\/v2\/pages\/71208\/revisions"}],"predecessor-version":[{"id":71508,"href":"https:\/\/formations-vendee.com\/ifms\/wp-json\/wp\/v2\/pages\/71208\/revisions\/71508"}],"up":[{"embeddable":true,"href":"https:\/\/formations-vendee.com\/ifms\/wp-json\/wp\/v2\/pages\/71358"}],"wp:attachment":[{"href":"https:\/\/formations-vendee.com\/ifms\/wp-json\/wp\/v2\/media?parent=71208"}],"curies":[{"name":"wp","href":"https:\/\/api.w.org\/{rel}","templated":true}]}}