{"id":73,"date":"2015-10-07T17:14:55","date_gmt":"2015-10-07T16:14:55","guid":{"rendered":"http:\/\/broker.commercegurus.com\/?page_id=73"},"modified":"2022-03-10T14:45:12","modified_gmt":"2022-03-10T13:45:12","slug":"nos-formations-en-alternance","status":"publish","type":"page","link":"https:\/\/formations-vendee.com\/esa\/nos-formations-en-alternance\/","title":{"rendered":"Nos formations en alternance"},"content":{"rendered":"<div class=\"wpb-content-wrapper\"><p>[vc_row type=\u00a0\u00bbcontainer\u00a0\u00bb padding_top=\u00a0\u00bb\u00a0\u00bb padding_bottom=\u00a0\u00bb\u00a0\u00bb css=\u00a0\u00bb.vc_custom_1456220773000{margin-top: 40px !important;margin-bottom: 25px !important;}\u00a0\u00bb][vc_column width=\u00a0\u00bb1\/4&Prime; css=\u00a0\u00bb.vc_custom_1444954308084{margin-bottom: 35px !important;}\u00a0\u00bb][vc_single_image image=\u00a0\u00bb71727&Prime; img_size=\u00a0\u00bbmedium\u00a0\u00bb alignment=\u00a0\u00bbcenter\u00a0\u00bb style=\u00a0\u00bbvc_box_rounded\u00a0\u00bb onclick=\u00a0\u00bbcustom_link\u00a0\u00bb css_animation=\u00a0\u00bbleft-to-right\u00a0\u00bb link=\u00a0\u00bbhttps:\/\/formations-vendee.com\/esa\/nos-formations-en-alternance\/bts-mco-management-commercial-operationnel-bac2\/\u00a0\u00bb css=\u00a0\u00bb.vc_custom_1604682843425{border-bottom-width: 0px !important;}\u00a0\u00bb][vc_column_text css=\u00a0\u00bb.vc_custom_1604682866154{margin-top: -15px !important;}\u00a0\u00bb]<\/p>\n<h2 style=\"text-align: center\"><a href=\"https:\/\/formations-vendee.com\/esa\/nos-formations-en-alternance\/bts-mco-management-commercial-operationnel-bac2\/\">Formations<br \/>\nBTS<\/a><\/h2>\n<h3>BAC+2 Niveau 5<\/h3>\n<h6>Formations aux m\u00e9tiers de l&rsquo;administration, de la vente, du commerce et de la communication<\/h6>\n<h6><a href=\"https:\/\/formations-vendee.com\/esa\/nos-formations-en-alternance\/bts-mco-management-commercial-operationnel-bac2\/\">Acc\u00e9der \u00e0 la liste des BTS<\/a><\/h6>\n<p>[\/vc_column_text][vc_icon type=\u00a0\u00bbtypicons\u00a0\u00bb icon_typicons=\u00a0\u00bbtypcn typcn-arrow-down-thick\u00a0\u00bb color=\u00a0\u00bbcustom\u00a0\u00bb align=\u00a0\u00bbcenter\u00a0\u00bb custom_color=\u00a0\u00bb#343e47&Prime;][vc_custom_heading text=\u00a0\u00bbTous nos BTS\u00a0\u00bb font_container=\u00a0\u00bbtag:h3|text_align:center\u00a0\u00bb google_fonts=\u00a0\u00bbfont_family:Open%20Sans%3A300%2C300italic%2Cregular%2Citalic%2C600%2C600italic%2C700%2C700italic%2C800%2C800italic|font_style:300%20light%20regular%3A300%3Anormal\u00a0\u00bb][vc_column_text el_class=\u00a0\u00bbminilink\u00a0\u00bb]<\/p>\n<ul>\n<li><a href=\"https:\/\/formations-vendee.com\/esa\/nos-formations-en-alternance\/bts-mco-management-commercial-operationnel-bac2\/\">BTS MCO \u2013 Management Commercial Op\u00e9rationnel<\/a><\/li>\n<li><a href=\"https:\/\/formations-vendee.com\/esa\/nos-formations-en-alternance\/bts-ndrc-negociation-digitalisation-relation-client-bac2\/\">BTS NDRC \u2013 N\u00e9gociation et Digitalisation de la Relation Client<\/a><\/li>\n<li><a href=\"https:\/\/formations-vendee.com\/esa\/nos-formations-en-alternance\/bts-gestion-de-la-pme\/\">BTS GPME \u2013 Gestion de la PME<\/a><\/li>\n<li><a href=\"https:\/\/formations-vendee.com\/esa\/nos-formations-en-alternance\/bts-communication\/\">BTS Communication<\/a><\/li>\n<\/ul>\n<p>[\/vc_column_text][\/vc_column][vc_column width=\u00a0\u00bb1\/4&Prime; css=\u00a0\u00bb.vc_custom_1444954327828{margin-bottom: 35px !important;}\u00a0\u00bb][vc_single_image image=\u00a0\u00bb71731&Prime; img_size=\u00a0\u00bbmedium\u00a0\u00bb alignment=\u00a0\u00bbcenter\u00a0\u00bb style=\u00a0\u00bbvc_box_rounded\u00a0\u00bb onclick=\u00a0\u00bbcustom_link\u00a0\u00bb css_animation=\u00a0\u00bbright-to-left\u00a0\u00bb link=\u00a0\u00bbhttps:\/\/formations-vendee.com\/esa\/nos-formations-en-alternance\/bachelor-marketing-negociation-affaires-bac3\/\u00a0\u00bb css=\u00a0\u00bb.vc_custom_1643015470339{border-bottom-width: 0px !important;}\u00a0\u00bb][vc_column_text css=\u00a0\u00bb.vc_custom_1643015462907{margin-top: -15px !important;}\u00a0\u00bb]<\/p>\n<h2 style=\"text-align: center\"><a href=\"https:\/\/formations-vendee.com\/esa\/nos-formations-en-alternance\/bachelor-marketing-negociation-affaires-bac3\/\">Formations Bachelor<\/a><\/h2>\n<h3>BAC+3 Niveau 6<\/h3>\n<h6>Formations afin de devenir manager dans les m\u00e9tiers du marketing, des RH, de la vente, de la n\u00e9gociation et du WEB Marketing<\/h6>\n<h6><a href=\"https:\/\/formations-vendee.com\/esa\/nos-formations-en-alternance\/bachelor-marketing-negociation-affaires-bac3\/\">Acc\u00e9der \u00e0 la liste des Bachelors<\/a><\/h6>\n<p>[\/vc_column_text][vc_icon type=\u00a0\u00bbtypicons\u00a0\u00bb icon_typicons=\u00a0\u00bbtypcn typcn-arrow-down-thick\u00a0\u00bb color=\u00a0\u00bbcustom\u00a0\u00bb align=\u00a0\u00bbcenter\u00a0\u00bb custom_color=\u00a0\u00bb#343e47&Prime;][vc_custom_heading text=\u00a0\u00bbBACHELOR\u00a0\u00bb font_container=\u00a0\u00bbtag:h3|text_align:center\u00a0\u00bb google_fonts=\u00a0\u00bbfont_family:Open%20Sans%3A300%2C300italic%2Cregular%2Citalic%2C600%2C600italic%2C700%2C700italic%2C800%2C800italic|font_style:300%20light%20regular%3A300%3Anormal\u00a0\u00bb][vc_column_text el_class=\u00a0\u00bbminilink\u00a0\u00bb]<\/p>\n<ul>\n<li><a href=\"https:\/\/formations-vendee.com\/esa\/nos-formations-en-alternance\/bachelor-marketing-negociation-affaires-bac3\/\">BACHELOR Marketing et N\u00e9gociation d\u2019Affaires<\/a><\/li>\n<li><a href=\"https:\/\/formations-vendee.com\/esa\/nos-formations-en-alternance\/bachelor-management-centre-profit-bac3\/\">BACHELOR Management Centre de Profit<\/a><\/li>\n<li><a href=\"https:\/\/formations-vendee.com\/esa\/nos-formations-en-alternance\/bachelor-charge-communication-bac3\/\">BACHELOR Communication M\u00e9dia<\/a><\/li>\n<li><a href=\"https:\/\/formations-vendee.com\/esa\/nos-formations-en-alternance\/bachelor-charge-responsable-rh-bac3\/\">BACHELOR CDRH Charg\u00e9 de D\u00e9veloppement des Ressources Humaines<\/a><\/li>\n<li><a href=\"https:\/\/formations-vendee.com\/esa\/nos-formations-en-alternance\/bachelor-chef-de-projet-e-business-bac3\/\">BACHELOR Webmarketing et E-Commerce<\/a><\/li>\n<\/ul>\n<p>[\/vc_column_text][\/vc_column][vc_column width=\u00a0\u00bb1\/4&Prime; css=\u00a0\u00bb.vc_custom_1444954317564{margin-bottom: 35px !important;}\u00a0\u00bb][vc_single_image image=\u00a0\u00bb75779&Prime; img_size=\u00a0\u00bbmedium\u00a0\u00bb alignment=\u00a0\u00bbcenter\u00a0\u00bb style=\u00a0\u00bbvc_box_rounded\u00a0\u00bb onclick=\u00a0\u00bbcustom_link\u00a0\u00bb css_animation=\u00a0\u00bbappear\u00a0\u00bb link=\u00a0\u00bbhttps:\/\/formations-vendee.com\/esa\/nos-formations-en-alternance\/mastere-marketing-communication-digitale-bac5\/\u00a0\u00bb css=\u00a0\u00bb.vc_custom_1642777823597{border-bottom-width: 0px !important;}\u00a0\u00bb][vc_column_text css=\u00a0\u00bb.vc_custom_1642783010739{margin-top: -15px !important;}\u00a0\u00bb]<\/p>\n<h2 style=\"text-align: center\"><a href=\"https:\/\/formations-vendee.com\/esa\/nos-formations-en-alternance\/mastere-marketing-communication-digitale-bac5\/\">Formation Mast\u00e8re<\/a><\/h2>\n<h3>BAC+5 Niveau 7<\/h3>\n<h6>Formation de Manager de la strat\u00e9gie marketing et communication digitale de l&rsquo;entreprise. Analyse, pilotage, mise en \u0153uvre<\/h6>\n<h6><a href=\"https:\/\/formations-vendee.com\/esa\/nos-formations-en-alternance\/mastere-marketing-communication-digitale-bac5\/\">Acc\u00e9der \u00e0 tous les Mast\u00e8res<\/a><\/h6>\n<p>[\/vc_column_text][vc_icon type=\u00a0\u00bbtypicons\u00a0\u00bb icon_typicons=\u00a0\u00bbtypcn typcn-arrow-down-thick\u00a0\u00bb color=\u00a0\u00bbcustom\u00a0\u00bb align=\u00a0\u00bbcenter\u00a0\u00bb custom_color=\u00a0\u00bb#343e47&Prime;][vc_custom_heading text=\u00a0\u00bbTous nos MASTERES\u00a0\u00bb font_container=\u00a0\u00bbtag:h3|text_align:center\u00a0\u00bb google_fonts=\u00a0\u00bbfont_family:Open%20Sans%3A300%2C300italic%2Cregular%2Citalic%2C600%2C600italic%2C700%2C700italic%2C800%2C800italic|font_style:300%20light%20regular%3A300%3Anormal\u00a0\u00bb][vc_column_text el_class=\u00a0\u00bbminilink\u00a0\u00bb]<\/p>\n<ul>\n<li><a href=\"https:\/\/formations-vendee.com\/esa\/nos-formations-en-alternance\/mastere-marketing-communication-digitale-bac5\/\">MASTERE Marketing et Communication digitale<\/a><\/li>\n<\/ul>\n<p>[\/vc_column_text][\/vc_column][vc_column width=\u00a0\u00bb1\/4&Prime; css=\u00a0\u00bb.vc_custom_1444954428028{margin-bottom: 35px !important;}\u00a0\u00bb][vc_single_image image=\u00a0\u00bb71726&Prime; img_size=\u00a0\u00bbmedium\u00a0\u00bb alignment=\u00a0\u00bbcenter\u00a0\u00bb style=\u00a0\u00bbvc_box_rounded\u00a0\u00bb onclick=\u00a0\u00bbcustom_link\u00a0\u00bb css_animation=\u00a0\u00bbappear\u00a0\u00bb link=\u00a0\u00bbhttps:\/\/formations-vendee.com\/esa\/nos-formations-en-alternance\/titre-vcm-vendeur-conseil-en-magasin\/\u00a0\u00bb css=\u00a0\u00bb.vc_custom_1604682906499{border-bottom-width: 0px !important;}\u00a0\u00bb][vc_column_text css=\u00a0\u00bb.vc_custom_1604683083682{margin-top: -15px !important;}\u00a0\u00bb]<\/p>\n<h2 style=\"text-align: center\"><a href=\"https:\/\/formations-vendee.com\/esa\/nos-formations-en-alternance\/titre-pro-vcm-vendeur-conseil-en-magasin\/\">Titres Professionnels<\/a><\/h2>\n<h3>Niveau 4 et 5<\/h3>\n<h6>Formations afin de valider des comp\u00e9tences professionnelles dans la vente, l\u2019administration, la gestion de paie et la n\u00e9gociation<\/h6>\n<h6><a href=\"https:\/\/formations-vendee.com\/esa\/nos-formations-en-alternance\/titre-pro-vcm-vendeur-conseil-en-magasin\/\">Acc\u00e9der \u00e0 tous les Titres<\/a><\/h6>\n<p>[\/vc_column_text][vc_icon type=\u00a0\u00bbtypicons\u00a0\u00bb icon_typicons=\u00a0\u00bbtypcn typcn-arrow-down-thick\u00a0\u00bb color=\u00a0\u00bbcustom\u00a0\u00bb align=\u00a0\u00bbcenter\u00a0\u00bb custom_color=\u00a0\u00bb#343e47&Prime;][vc_custom_heading text=\u00a0\u00bbTous nos TITRES\u00a0\u00bb font_container=\u00a0\u00bbtag:h3|text_align:center\u00a0\u00bb google_fonts=\u00a0\u00bbfont_family:Open%20Sans%3A300%2C300italic%2Cregular%2Citalic%2C600%2C600italic%2C700%2C700italic%2C800%2C800italic|font_style:300%20light%20regular%3A300%3Anormal\u00a0\u00bb][vc_column_text el_class=\u00a0\u00bbminilink\u00a0\u00bb]<\/p>\n<ul>\n<li><a href=\"https:\/\/formations-vendee.com\/esa\/nos-formations-en-alternance\/titre-pro-vcm-vendeur-conseil-en-magasin\/\">TITRE VCM \u2013 Vendeur Conseil en Magasin<\/a><\/li>\n<li><a href=\"https:\/\/formations-vendee.com\/esa\/nos-formations-en-alternance\/titre-pro-acom-assistante-commerciale\/\">TITRE ACOM \u2013 Assistant(e) Commercial(e)<\/a><\/li>\n<\/ul>\n<p>[\/vc_column_text][\/vc_column][\/vc_row][vc_row type=\u00a0\u00bbcontainer\u00a0\u00bb padding_top=\u00a0\u00bb\u00a0\u00bb padding_bottom=\u00a0\u00bb\u00a0\u00bb][vc_column][vc_icon type=\u00a0\u00bbtypicons\u00a0\u00bb icon_typicons=\u00a0\u00bbtypcn typcn-spanner\u00a0\u00bb color=\u00a0\u00bbcustom\u00a0\u00bb align=\u00a0\u00bbcenter\u00a0\u00bb custom_color=\u00a0\u00bb#343e47&Prime;][vc_column_text]La formation que vous cherchez n&rsquo;est pas propos\u00e9e dans la liste ? N&rsquo;h\u00e9sitez pas \u00e0 <a href=\"https:\/\/formations-vendee.com\/esa\/contact\/\">nous contacter<\/a> pour une autre solution personnalis\u00e9e.[\/vc_column_text][\/vc_column][\/vc_row][vc_row type=\u00a0\u00bbcontainer\u00a0\u00bb padding_top=\u00a0\u00bb\u00a0\u00bb padding_bottom=\u00a0\u00bb\u00a0\u00bb][vc_column width=\u00a0\u00bb1\/2&Prime;][vc_column_text css=\u00a0\u00bb.vc_custom_1642777376664{padding-top: 1px !important;padding-right: 18px !important;padding-bottom: 35px !important;padding-left: 18px !important;background-color: #f5f5f5 !important;border-radius: 3px !important;}\u00a0\u00bb]<\/p>\n<h4><span style=\"color: #c82d49\">Nos formations sont dispens\u00e9es en alternance<\/span><\/h4>\n<h6><a class=\"minilink\" href=\"https:\/\/formations-vendee.com\/esa\/alternant\/\">Conditions d&rsquo;admission<\/a> \u2192<\/h6>\n<p>[\/vc_column_text][vc_btn title=\u00a0\u00bbT\u00e9l\u00e9charger la Brochure ESA La Roche sur Yon Vend\u00e9e\u00a0\u00bb style=\u00a0\u00bbcustom\u00a0\u00bb custom_background=\u00a0\u00bb#666666&Prime; custom_text=\u00a0\u00bb#ffffff\u00a0\u00bb align=\u00a0\u00bbcenter\u00a0\u00bb i_icon_fontawesome=\u00a0\u00bbfa fa-file-pdf-o\u00a0\u00bb button_block=\u00a0\u00bbtrue\u00a0\u00bb add_icon=\u00a0\u00bbtrue\u00a0\u00bb link=\u00a0\u00bburl:https%3A%2F%2Fdrive.google.com%2Fopen%3Fid%3D0B6LUG6atK7gcUXRnZ3c4UVpJbVk||target:%20_blank|\u00a0\u00bb][\/vc_column][vc_column width=\u00a0\u00bb1\/2&Prime;][vc_column_text css=\u00a0\u00bb.vc_custom_1642777386442{padding-top: 1px !important;padding-right: 18px !important;padding-bottom: 35px !important;padding-left: 18px !important;background-color: #f5f5f5 !important;border-radius: 3px !important;}\u00a0\u00bb]<\/p>\n<h4><span style=\"color: #c82d49\">Communication, marketing, nouvelles formations !<\/span><\/h4>\n<h6><a class=\"minilink\" href=\"https:\/\/formations-vendee.com\/esa\/nos-formations-en-alternance\/bachelor-ccp-charge-communication-plurimedia-bac3\/\">D\u00e9couvrir les formations<\/a> \u2192<\/h6>\n<p>[\/vc_column_text][vc_btn title=\u00a0\u00bbT\u00e9l\u00e9charger le Dossier de candidature \u00e0 l&rsquo;ESA\u00a0\u00bb style=\u00a0\u00bbcustom\u00a0\u00bb custom_background=\u00a0\u00bb#1700c9&Prime; custom_text=\u00a0\u00bb#ffffff\u00a0\u00bb align=\u00a0\u00bbcenter\u00a0\u00bb i_icon_fontawesome=\u00a0\u00bb\u00a0\u00bb button_block=\u00a0\u00bbtrue\u00a0\u00bb add_icon=\u00a0\u00bbtrue\u00a0\u00bb link=\u00a0\u00bburl:https%3A%2F%2Fformations-vendee.com%2Fesa%2Ftelecharger-le-dossier-de-candidature-esa%2F|||\u00a0\u00bb][\/vc_column][\/vc_row][vc_row type=\u00a0\u00bbcontainer\u00a0\u00bb padding_top=\u00a0\u00bb\u00a0\u00bb padding_bottom=\u00a0\u00bb\u00a0\u00bb][vc_column width=\u00a0\u00bb1\/4&Prime;][\/vc_column][vc_column width=\u00a0\u00bb1\/4&Prime;][\/vc_column][vc_column width=\u00a0\u00bb1\/4&Prime;][\/vc_column][vc_column width=\u00a0\u00bb1\/4&Prime;][\/vc_column][\/vc_row][vc_row type=\u00a0\u00bbcontainer\u00a0\u00bb padding_top=\u00a0\u00bb\u00a0\u00bb padding_bottom=\u00a0\u00bb\u00a0\u00bb css=\u00a0\u00bb.vc_custom_1549440756384{margin-bottom: 40px !important;}\u00a0\u00bb][vc_column][vc_column_text]<\/p>\n<h2>Nos formations BTS BACHELOR MASTERE en alternance en Vend\u00e9e<\/h2>\n<p>[\/vc_column_text][vc_column_text]L\u2019\u00c9cole Sup\u00e9rieure de l\u2019Alternance <a href=\"https:\/\/formations-vendee.com\/esa\/ecole-superieure-de-l-alternance\/\">ESA<\/a> Vend\u00e9e est un centre de formation (CFA) sp\u00e9cialis\u00e9 dans les domaines du tertiaire. L\u2019ensemble de nos <a href=\"https:\/\/formations-vendee.com\/esa\/nos-formations-en-alternance\/\">formations<\/a> est dispens\u00e9 par <a href=\"https:\/\/formations-vendee.com\/esa\/avantages-alternance-pour-entreprise\/\">alternance avec des entreprises<\/a> de toute taille. Elles peuvent conclure un contrat d\u2019apprentissage ou un contat de professionnalisation. Les apprenants se pr\u00e9parent donc \u00e0 enrichir leurs comp\u00e9tences professionnelles \u00e0 travers des formations touchant <strong>diff\u00e9rents domaines\u00a0:\u00a0l\u2019administration, la n\u00e9gociation, la vente, la Communication, les RH, le Marketing, le Web Marketing et le web<\/strong>.<\/p>\n<ul>\n<li><strong>L\u2019Administration<\/strong> : BTS GPME Gestion de la PME, TITRE AC Assistant(e) Commercial(e)\u00a0 =&gt; BAC +2 \u2013 Niveau 5 \/ BACHELOR RH =&gt; BAC +3 &#8211; Niveau 6<\/li>\n<li><strong>La N\u00e9gociation<\/strong> : BTS NDRC N\u00e9gociation Digitalisation de la Relation Client =&gt; BAC +2 \u2013 Niveau 5 \/ BACHELOR Management Centre de Profit =&gt; Bac +3 &#8211; Niveau 6<\/li>\n<li><strong>La Vente<\/strong>\u00a0: TITRE Vendeur Conseil en Magasin =&gt; BAC \u2013 Niveau 4 \/ BTS MCO Management Commercial Op\u00e9rationnel =&gt; BAC +2 \u2013 Niveau 5<\/li>\n<li><strong>Le Marketing<\/strong> : BACHELOR Marketing et N\u00e9gociation d&rsquo;affaires =&gt; BAC +3 \u2013 Niveau 6<\/li>\n<li><strong>La communication<\/strong> : BTS Communication =&gt; BAC +2 &#8211; Niveau 5 \/ BACHELOR Communication M\u00e9dia =&gt; BAC +3 \u2013 Niveau 6 \/ MASTERE Marketing Communication Digitale =&gt; BAC +5 &#8211; Niveau 7<\/li>\n<li><strong>Les RH<\/strong> : BACHELOR RH =&gt; BAC +3 \u2013 Niveau 6<\/li>\n<li><strong>Le Web<\/strong> : BACHELOR Webmarketing et E-Commerce =&gt; BAC +3 \u2013 Niveau 6<\/li>\n<\/ul>\n<p>L\u2019ensemble de ces <a href=\"https:\/\/formations-vendee.com\/esa\/alternant\/\">dipl\u00f4mes<\/a> valide un niveau reconnu par l\u2019\u00e9tat. Le rythme d\u2019alternance pratiqu\u00e9 par notre centre a pour objectif de s\u2019adapter parfaitement \u00e0 l&rsquo;activit\u00e9 de l&rsquo;entreprise. En effet, les apprenants sont pr\u00e9sents 70 % du temps en entreprise.[\/vc_column_text][\/vc_column][\/vc_row]<\/p>\n<\/div>","protected":false},"excerpt":{"rendered":"<p>[vc_row type=\u00a0\u00bbcontainer\u00a0\u00bb padding_top=\u00a0\u00bb\u00a0\u00bb padding_bottom=\u00a0\u00bb\u00a0\u00bb css=\u00a0\u00bb.vc_custom_1456220773000{margin-top: 40px !important;margin-bottom: 25px !important;}\u00a0\u00bb][vc_column width=\u00a0\u00bb1\/4&Prime; css=\u00a0\u00bb.vc_custom_1444954308084{margin-bottom: 35px !important;}\u00a0\u00bb][vc_single_image image=\u00a0\u00bb71727&Prime; img_size=\u00a0\u00bbmedium\u00a0\u00bb alignment=\u00a0\u00bbcenter\u00a0\u00bb style=\u00a0\u00bbvc_box_rounded\u00a0\u00bb onclick=\u00a0\u00bbcustom_link\u00a0\u00bb css_animation=\u00a0\u00bbleft-to-right\u00a0\u00bb link=\u00a0\u00bbhttps:\/\/formations-vendee.com\/esa\/nos-formations-en-alternance\/bts-mco-management-commercial-operationnel-bac2\/\u00a0\u00bb css=\u00a0\u00bb.vc_custom_1604682843425{border-bottom-width: 0px !important;}\u00a0\u00bb][vc_column_text css=\u00a0\u00bb.vc_custom_1604682866154{margin-top: -15px !important;}\u00a0\u00bb] Formations BTS BAC+2 Niveau 5 Formations aux m\u00e9tiers de l&rsquo;administration, de la vente, du commerce et de la communication Acc\u00e9der \u00e0 la liste des BTS [\/vc_column_text][vc_icon type=\u00a0\u00bbtypicons\u00a0\u00bb icon_typicons=\u00a0\u00bbtypcn typcn-arrow-down-thick\u00a0\u00bb [&hellip;]<\/p>\n","protected":false},"author":1,"featured_media":0,"parent":0,"menu_order":0,"comment_status":"closed","ping_status":"closed","template":"page-full-width.php","meta":{"_acf_changed":false,"_seopress_robots_primary_cat":"","_seopress_titles_title":"Formations BTS BACHELOR en alternance en Vend\u00e9e","_seopress_titles_desc":"Formations BTS BACHELOR en alternance en Vend\u00e9e, la Roche sur Yon. \u00c9tudes sup\u00e9rieures BAC+2, BAC+3 administration, n\u00e9gociation, vente, marketing, management","_seopress_robots_index":"","footnotes":""},"class_list":["post-73","page","type-page","status-publish","hentry"],"acf":[],"_links":{"self":[{"href":"https:\/\/formations-vendee.com\/esa\/wp-json\/wp\/v2\/pages\/73","targetHints":{"allow":["GET"]}}],"collection":[{"href":"https:\/\/formations-vendee.com\/esa\/wp-json\/wp\/v2\/pages"}],"about":[{"href":"https:\/\/formations-vendee.com\/esa\/wp-json\/wp\/v2\/types\/page"}],"author":[{"embeddable":true,"href":"https:\/\/formations-vendee.com\/esa\/wp-json\/wp\/v2\/users\/1"}],"replies":[{"embeddable":true,"href":"https:\/\/formations-vendee.com\/esa\/wp-json\/wp\/v2\/comments?post=73"}],"version-history":[{"count":6,"href":"https:\/\/formations-vendee.com\/esa\/wp-json\/wp\/v2\/pages\/73\/revisions"}],"predecessor-version":[{"id":76392,"href":"https:\/\/formations-vendee.com\/esa\/wp-json\/wp\/v2\/pages\/73\/revisions\/76392"}],"wp:attachment":[{"href":"https:\/\/formations-vendee.com\/esa\/wp-json\/wp\/v2\/media?parent=73"}],"curies":[{"name":"wp","href":"https:\/\/api.w.org\/{rel}","templated":true}]}}