{"id":71133,"date":"2016-03-04T19:12:44","date_gmt":"2016-03-04T18:12:44","guid":{"rendered":"http:\/\/formations-vendee.com\/esa\/?page_id=71133"},"modified":"2016-05-24T10:42:47","modified_gmt":"2016-05-24T09:42:47","slug":"recrutv","status":"publish","type":"page","link":"https:\/\/formations-vendee.com\/esa\/recrutv\/","title":{"rendered":"Recrut&rsquo;V"},"content":{"rendered":"<div class=\"wpb-content-wrapper\"><p>[vc_row type=\u00a0\u00bbcontainer\u00a0\u00bb padding_top=\u00a0\u00bb\u00a0\u00bb padding_bottom=\u00a0\u00bb\u00a0\u00bb css=\u00a0\u00bb.vc_custom_1444733628179{padding-top: 50px !important;}\u00a0\u00bb][vc_column width=\u00a0\u00bb1\/2&Prime;][vc_column_text]ESA s\u2019appuie sur les services de la plateforme <strong>Recrut\u2019V<\/strong> pour <strong>faciliter la mise en relation entre les futurs Alternants et les Entreprises ayant un projet de recrutement<\/strong>. Ce service est gratuit.<\/p>\n<p>Futurs Alternants : am\u00e9liorez la viabilit\u00e9 de votre projet en d\u00e9posant votre CV dans la CVth\u00e8que Recrut\u2019V<\/p>\n<p>Entreprises : renforcez vos chances de trouver le profil que vous cherchez en d\u00e9posant votre offre de recrutement sur cette plateforme.<\/p>\n<p><a href=\"http:\/\/www.recrutement-vendee.com\">&gt; Acc\u00e9der \u00e0 la plateforme<\/a>[\/vc_column_text][\/vc_column][vc_column width=\u00a0\u00bb1\/2&Prime;][vc_single_image image=\u00a0\u00bb71134&Prime; img_size=\u00a0\u00bblarge\u00a0\u00bb style=\u00a0\u00bbvc_box_rounded\u00a0\u00bb onclick=\u00a0\u00bbcustom_link\u00a0\u00bb css_animation=\u00a0\u00bbright-to-left\u00a0\u00bb link=\u00a0\u00bbhttp:\/\/www.recrutement-vendee.com\u00a0\u00bb][\/vc_column][\/vc_row]<\/p>\n<\/div>","protected":false},"excerpt":{"rendered":"<p>[vc_row type=\u00a0\u00bbcontainer\u00a0\u00bb padding_top=\u00a0\u00bb\u00a0\u00bb padding_bottom=\u00a0\u00bb\u00a0\u00bb css=\u00a0\u00bb.vc_custom_1444733628179{padding-top: 50px !important;}\u00a0\u00bb][vc_column width=\u00a0\u00bb1\/2&Prime;][vc_column_text]ESA s\u2019appuie sur les services de la plateforme Recrut\u2019V pour faciliter la mise en relation entre les futurs Alternants et les Entreprises ayant un projet de recrutement. Ce service est gratuit. Futurs Alternants : am\u00e9liorez la viabilit\u00e9 de votre projet en d\u00e9posant votre CV dans la CVth\u00e8que Recrut\u2019V [&hellip;]<\/p>\n","protected":false},"author":1,"featured_media":0,"parent":0,"menu_order":0,"comment_status":"closed","ping_status":"closed","template":"","meta":{"_acf_changed":false,"_seopress_robots_primary_cat":"","_seopress_titles_title":"","_seopress_titles_desc":"","_seopress_robots_index":"","footnotes":""},"class_list":["post-71133","page","type-page","status-publish","hentry"],"acf":[],"_links":{"self":[{"href":"https:\/\/formations-vendee.com\/esa\/wp-json\/wp\/v2\/pages\/71133","targetHints":{"allow":["GET"]}}],"collection":[{"href":"https:\/\/formations-vendee.com\/esa\/wp-json\/wp\/v2\/pages"}],"about":[{"href":"https:\/\/formations-vendee.com\/esa\/wp-json\/wp\/v2\/types\/page"}],"author":[{"embeddable":true,"href":"https:\/\/formations-vendee.com\/esa\/wp-json\/wp\/v2\/users\/1"}],"replies":[{"embeddable":true,"href":"https:\/\/formations-vendee.com\/esa\/wp-json\/wp\/v2\/comments?post=71133"}],"version-history":[{"count":2,"href":"https:\/\/formations-vendee.com\/esa\/wp-json\/wp\/v2\/pages\/71133\/revisions"}],"predecessor-version":[{"id":71195,"href":"https:\/\/formations-vendee.com\/esa\/wp-json\/wp\/v2\/pages\/71133\/revisions\/71195"}],"wp:attachment":[{"href":"https:\/\/formations-vendee.com\/esa\/wp-json\/wp\/v2\/media?parent=71133"}],"curies":[{"name":"wp","href":"https:\/\/api.w.org\/{rel}","templated":true}]}}