{"id":70910,"date":"2019-03-05T08:52:03","date_gmt":"2019-03-05T07:52:03","guid":{"rendered":"http:\/\/formations-vendee.com\/esa\/?page_id=70910"},"modified":"2022-01-21T16:25:59","modified_gmt":"2022-01-21T15:25:59","slug":"titre-pro-vcm-vendeur-conseil-en-magasin","status":"publish","type":"page","link":"https:\/\/formations-vendee.com\/esa\/nos-formations-en-alternance\/titre-pro-vcm-vendeur-conseil-en-magasin\/","title":{"rendered":"TITRE VCM Vendeur Conseil en Magasin &#8211; Niveau 4"},"content":{"rendered":"<div class=\"wpb-content-wrapper\"><p>[vc_row type=\u00a0\u00bbcontainer\u00a0\u00bb padding_top=\u00a0\u00bb\u00a0\u00bb padding_bottom=\u00a0\u00bb\u00a0\u00bb css=\u00a0\u00bb.vc_custom_1445094705330{margin-bottom: 0px !important;}\u00a0\u00bb][vc_column width=\u00a0\u00bb1\/2&Prime; css=\u00a0\u00bb.vc_custom_1444994576899{margin-bottom: 35px !important;}\u00a0\u00bb][vc_column_text]<strong>Le vendeur en magasin contribue au d\u00e9veloppement de l&rsquo;activit\u00e9 commerciale du magasin. <\/strong>Il accueille le client et assure la vente de produits et de services associ\u00e9s n\u00e9cessitant l&rsquo;apport de conseils et de d\u00e9monstrations. Il est garant de la disponibilit\u00e9 des articles en rayon en assurant l&rsquo;approvisionnement et la mise en valeur des produits. Il participe \u00e0 l&rsquo;animation du rayon et contribue aux r\u00e9sultats de son lin\u00e9aire ou point de vente en fonction des objectifs fix\u00e9s par sa hi\u00e9rarchie.[\/vc_column_text][\/vc_column][vc_column width=\u00a0\u00bb1\/2&Prime; css=\u00a0\u00bb.vc_custom_1444994585214{margin-bottom: 35px !important;}\u00a0\u00bb][vc_single_image image=\u00a0\u00bb71821&Prime; img_size=\u00a0\u00bbfull\u00a0\u00bb add_caption=\u00a0\u00bbyes\u00a0\u00bb onclick=\u00a0\u00bblink_image\u00a0\u00bb][\/vc_column][\/vc_row][vc_row type=\u00a0\u00bbcontainer\u00a0\u00bb padding_top=\u00a0\u00bb\u00a0\u00bb padding_bottom=\u00a0\u00bb\u00a0\u00bb css=\u00a0\u00bb.vc_custom_1444505155795{margin-bottom: 0px !important;}\u00a0\u00bb][vc_column][vc_column_text]<\/p>\n<table border=\"1\" width=\"100%\" cellspacing=\"0\" cellpadding=\"9\">\n<colgroup>\n<col width=\"263\" \/>\n<col width=\"283\" \/>\n<col width=\"250\" \/> <\/colgroup>\n<tbody>\n<tr bgcolor=\"#eb9900\">\n<td width=\"263\"><strong>M\u00c9TIERS CIBL\u00c9S<\/strong><\/td>\n<td width=\"283\"><strong>MISSIONS<\/strong><\/td>\n<td width=\"250\"><strong>LIEUX D\u2019EXERCICE<\/strong><\/td>\n<\/tr>\n<tr valign=\"TOP\">\n<td width=\"32%\" height=\"127\">\n<ul>\n<li><strong>Employ\u00e9 libre service<\/strong><\/li>\n<li><strong>Employ\u00e9 de commerce<\/strong><\/li>\n<li><strong>Vendeur conseil<\/strong><\/li>\n<li><strong>H\u00f4te de caisse<\/strong><\/li>\n<\/ul>\n<\/td>\n<td width=\"36%\">\n<ul>\n<li>Gestion des rayons<\/li>\n<li>Approvisionnement selon les consignes de l&rsquo;enseigne<\/li>\n<li>Informer, guider et conseiller le client dans ses choix jusqu&rsquo;\u00e0 la vente<\/li>\n<li>Proposer des produits ou des services compl\u00e9mentaires<\/li>\n<li>Respect des r\u00e8gles d&rsquo;hygi\u00e8ne et de s\u00e9curit\u00e9<\/li>\n<\/ul>\n<\/td>\n<td width=\"32%\">\n<ul>\n<li>Commerce de proximit\u00e9<\/li>\n<li>GSA Grande Surface Alimentaire<\/li>\n<li>GSS Grande Surface Sp\u00e9cialis\u00e9e<\/li>\n<li>Unit\u00e9 commerciale de produits ou de services<\/li>\n<\/ul>\n<\/td>\n<\/tr>\n<\/tbody>\n<\/table>\n<p>[\/vc_column_text][\/vc_column][\/vc_row][vc_row type=\u00a0\u00bbcontainer\u00a0\u00bb padding_top=\u00a0\u00bb\u00a0\u00bb padding_bottom=\u00a0\u00bb\u00a0\u00bb][vc_column][vc_column_text]<\/p>\n<table border=\"1\" width=\"100%\" cellspacing=\"0\" cellpadding=\"9\">\n<tbody>\n<tr bgcolor=\"#eb9900\">\n<td width=\"36%\"><strong>CONTRAT<\/strong><\/td>\n<td width=\"32%\"><strong>RYTHME D&rsquo;ALTERNANCE<\/strong><\/td>\n<td width=\"32%\"><strong>FINANCEMENT<\/strong><\/td>\n<\/tr>\n<tr valign=\"TOP\">\n<td width=\"32%\" height=\"127\"><strong>Apprentissage\/professionnalisation<\/strong><\/p>\n<p>&nbsp;<\/p>\n<p>30 % cours \/ 70 % en entreprise<\/td>\n<td width=\"36%\"><strong>1 jour centre par semaine le lundi<br \/>\n<\/strong><strong>Dur\u00e9e : 12 mois<\/strong><strong>PROCHAINES DATES : <\/strong>Entr\u00e9es et Sorties permanentes !<\/td>\n<td width=\"32%\"><strong>Pour l&rsquo;apprenant : <\/strong>Formation prise en charge par l&rsquo;entreprise, r\u00e9mun\u00e9ration au % du SMIC<\/p>\n<p><strong>Pour l&#8217;employeur : <\/strong>Financement de la formation par l\u2019OPCO, r\u00e9mun\u00e9ration du salari\u00e9 (% du SMIC)<\/td>\n<\/tr>\n<\/tbody>\n<\/table>\n<p>[\/vc_column_text][\/vc_column][\/vc_row][vc_row type=\u00a0\u00bbcontainer\u00a0\u00bb padding_top=\u00a0\u00bb\u00a0\u00bb padding_bottom=\u00a0\u00bb\u00a0\u00bb][vc_column][vc_tta_accordion active_section=\u00a0\u00bb0&Prime; collapsible_all=\u00a0\u00bbtrue\u00a0\u00bb][vc_tta_section title=\u00a0\u00bbProgramme\u00a0\u00bb tab_id=\u00a0\u00bb1578592347292-4db1c19e-3ddd\u00a0\u00bb][vc_column_text]Nous consulter[\/vc_column_text][\/vc_tta_section][vc_tta_section title=\u00a0\u00bbModalit\u00e9s d&rsquo;inscription et d&rsquo;admission\u00a0\u00bb tab_id=\u00a0\u00bb1578592347309-acc3a92d-2ad7&Prime;][vc_column_text]<strong>PR\u00c9-REQUIS<\/strong><br \/>\nNiveau 3 valid\u00e9 ou \u00e9quivalent<\/p>\n<p><strong>ADMISSION<\/strong><br \/>\nDossier de candidature<br \/>\nEntretien individuel<br \/>\nTests informatis\u00e9s \/ Expression \u00e9crite personnelle[\/vc_column_text][\/vc_tta_section][vc_tta_section title=\u00a0\u00bbCertification\u00a0\u00bb tab_id=\u00a0\u00bb1578592705296-23f03f29-6184&Prime;][vc_column_text]<strong>Titre Professionnel Minist\u00e8re Charg\u00e9 de l&rsquo;Emploi <\/strong><strong>VENDEUR CONSEIL EN MAGASIN &#8211; Niveau 4 BAC<\/strong><\/p>\n<p><strong>R\u00e9pertori\u00e9 au RNCP<\/strong><\/p>\n<p><em>Possibilit\u00e9 de validation par l&rsquo;obtention de Certificats de Comp\u00e9tences Professionnels. <\/em><\/p>\n<p><em>En cas de validation partielle du titre, le candidat a la possibilit\u00e9 de repasser les CCP \u00e0 valider dans une dur\u00e9e de un an.<\/em>[\/vc_column_text][\/vc_tta_section][\/vc_tta_accordion][\/vc_column][\/vc_row][vc_row type=\u00a0\u00bbcontainer\u00a0\u00bb padding_top=\u00a0\u00bb\u00a0\u00bb padding_bottom=\u00a0\u00bb\u00a0\u00bb el_id=\u00a0\u00bbwpcf7-f72497-p70910-o1&Prime;][vc_column][vc_row_inner][vc_column_inner width=\u00a0\u00bb5\/6&Prime;][vc_column_text]<\/p>\n<h4 class=\"widget-title\">T\u00e9l\u00e9chargez la fiche formation TITRE VCM en alternance<\/h4>\n<p>[\/vc_column_text][\/vc_column_inner][vc_column_inner width=\u00a0\u00bb1\/6&Prime;][vc_icon icon_fontawesome=\u00a0\u00bbfas fa-file-alt\u00a0\u00bb color=\u00a0\u00bbjuicy_pink\u00a0\u00bb][\/vc_column_inner][\/vc_row_inner][vc_column_text el_class=\u00a0\u00bbwidget-3 widget-last widget-odd boxed document widget widget_text\u00a0\u00bb]<div class=\"before-and-after-goal before-and-after-goal-72557\">\n<div class=\"wpcf7 no-js\" id=\"wpcf7-f74706-o1\" lang=\"fr-FR\" dir=\"ltr\" data-wpcf7-id=\"74706\">\n<div class=\"screen-reader-response\"><p role=\"status\" aria-live=\"polite\" aria-atomic=\"true\"><\/p> <ul><\/ul><\/div>\n<form action=\"\/esa\/wp-json\/wp\/v2\/pages\/70910#wpcf7-f74706-o1\" method=\"post\" class=\"wpcf7-form init\" aria-label=\"Formulaire de contact\" novalidate=\"novalidate\" data-status=\"init\">\n<fieldset class=\"hidden-fields-container\"><input type=\"hidden\" name=\"_wpcf7\" value=\"74706\" \/><input type=\"hidden\" name=\"_wpcf7_version\" value=\"6.1.5\" \/><input type=\"hidden\" name=\"_wpcf7_locale\" value=\"fr_FR\" \/><input type=\"hidden\" name=\"_wpcf7_unit_tag\" value=\"wpcf7-f74706-o1\" \/><input type=\"hidden\" name=\"_wpcf7_container_post\" value=\"0\" \/><input type=\"hidden\" name=\"_wpcf7_posted_data_hash\" value=\"\" \/><input type=\"hidden\" name=\"_wpcf7_recaptcha_response\" value=\"\" \/>\n<\/fieldset>\n<p><cite class=\"textwidget\">Compl\u00e9tez le formulaire pour t\u00e9l\u00e9charger la fiche formation. Les donn\u00e9es recueillies resteront strictement confidentielles<\/cite>\n<\/p>\n<p>Nom *\n<\/p>\n<p><span class=\"wpcf7-form-control-wrap\" data-name=\"nom\"><input size=\"40\" maxlength=\"400\" class=\"wpcf7-form-control wpcf7-text wpcf7-validates-as-required\" aria-required=\"true\" aria-invalid=\"false\" value=\"\" type=\"text\" name=\"nom\" \/><\/span>\n<\/p>\n<p>Email *\n<\/p>\n<p><span class=\"wpcf7-form-control-wrap\" data-name=\"email\"><input size=\"40\" maxlength=\"400\" class=\"wpcf7-form-control wpcf7-email wpcf7-validates-as-required wpcf7-text wpcf7-validates-as-email\" aria-required=\"true\" aria-invalid=\"false\" placeholder=\"\" value=\"\" type=\"email\" name=\"email\" \/><\/span>\n<\/p>\n<p>T\u00e9l\u00e9phone\n<\/p>\n<p><span class=\"wpcf7-form-control-wrap\" data-name=\"tel\"><input size=\"40\" maxlength=\"400\" class=\"wpcf7-form-control wpcf7-text\" aria-invalid=\"false\" value=\"\" type=\"text\" name=\"tel\" \/><\/span>\n<\/p>\n<p><span class=\"mention\"><span class=\"wpcf7-form-control-wrap\" data-name=\"acceptance-rgpd\"><span class=\"wpcf7-form-control wpcf7-acceptance\"><span class=\"wpcf7-list-item\"><label><input type=\"checkbox\" name=\"acceptance-rgpd\" value=\"1\" aria-invalid=\"false\" \/><span class=\"wpcf7-list-item-label\">En r\u00e9alisant cette demande, vous consentez \u00e0 notre <a href=\"https:\/\/formations-vendee.com\/politique-de-confidentialite\" target=\"_blank\">politique de confidentialit\u00e9 consultable sur ce lien<\/a><\/span><\/label><\/span><\/span><\/span><\/span>\n<\/p>\n<p><input class=\"wpcf7-form-control wpcf7-submit has-spinner\" type=\"submit\" value=\"Envoyer et t\u00e9l\u00e9charger\" \/>\n<\/p><p style=\"display: none !important;\" class=\"akismet-fields-container\" data-prefix=\"_wpcf7_ak_\"><label>&#916;<textarea name=\"_wpcf7_ak_hp_textarea\" cols=\"45\" rows=\"8\" maxlength=\"100\"><\/textarea><\/label><input type=\"hidden\" id=\"ak_js_1\" name=\"_wpcf7_ak_js\" value=\"206\"\/><script type=\"text\/javascript\">\n\/* <![CDATA[ *\/\ndocument.getElementById( \"ak_js_1\" ).setAttribute( \"value\", ( new Date() ).getTime() );\n\/* ]]> *\/\n<\/script>\n<\/p><input type=\"hidden\" id=\"_before_after_cf7_form_id\" value=\"74706\" \/><input type=\"hidden\" id=\"_before_after_goal_id\" name=\"_before_after_goal_id\" value=\"72557\" \/><div class=\"wpcf7-response-output\" aria-hidden=\"true\"><\/div>\n<\/form>\n<\/div>\n<\/div>[\/vc_column_text][\/vc_column][\/vc_row][vc_row type=\u00a0\u00bbcontainer\u00a0\u00bb padding_top=\u00a0\u00bb\u00a0\u00bb padding_bottom=\u00a0\u00bb\u00a0\u00bb][vc_column][vc_btn title=\u00a0\u00bbCANDIDATER POUR CE TITRE VCM VENDEUR CONSEIL\u00a0\u00bb style=\u00a0\u00bbcustom\u00a0\u00bb custom_background=\u00a0\u00bb#c82d49&Prime; custom_text=\u00a0\u00bb#ffffff\u00a0\u00bb size=\u00a0\u00bblg\u00a0\u00bb align=\u00a0\u00bbcenter\u00a0\u00bb i_align=\u00a0\u00bbright\u00a0\u00bb i_icon_fontawesome=\u00a0\u00bb\u00a0\u00bb button_block=\u00a0\u00bbtrue\u00a0\u00bb add_icon=\u00a0\u00bbtrue\u00a0\u00bb link=\u00a0\u00bburl:https%3A%2F%2Fformations-vendee.com%2Fesa%2Ftelecharger-le-dossier-de-candidature-esa%2F|title:T%C3%A9l%C3%A9charger%20le%20dossier%20de%20candidature%20ESA||\u00a0\u00bb][\/vc_column][\/vc_row]<\/p>\n<\/div>","protected":false},"excerpt":{"rendered":"<p>[vc_row type=\u00a0\u00bbcontainer\u00a0\u00bb padding_top=\u00a0\u00bb\u00a0\u00bb padding_bottom=\u00a0\u00bb\u00a0\u00bb css=\u00a0\u00bb.vc_custom_1445094705330{margin-bottom: 0px !important;}\u00a0\u00bb][vc_column width=\u00a0\u00bb1\/2&Prime; css=\u00a0\u00bb.vc_custom_1444994576899{margin-bottom: 35px !important;}\u00a0\u00bb][vc_column_text]Le vendeur en magasin contribue au d\u00e9veloppement de l&rsquo;activit\u00e9 commerciale du magasin. Il accueille le client et assure la vente de produits et de services associ\u00e9s n\u00e9cessitant l&rsquo;apport de conseils et de d\u00e9monstrations. Il est garant de la disponibilit\u00e9 des articles en rayon en assurant [&hellip;]<\/p>\n","protected":false},"author":1,"featured_media":0,"parent":73,"menu_order":11,"comment_status":"closed","ping_status":"closed","template":"","meta":{"_acf_changed":false,"_seopress_robots_primary_cat":"","_seopress_titles_title":"","_seopress_titles_desc":"Titre VCM Vendeur Conseil en Magasin. Formation niveau 4 (BAC) en alternance \u00e0 l'ESA La Roche-sur-Yon Vend\u00e9e. Postulez \u2192","_seopress_robots_index":"","footnotes":""},"class_list":["post-70910","page","type-page","status-publish","hentry"],"acf":[],"_links":{"self":[{"href":"https:\/\/formations-vendee.com\/esa\/wp-json\/wp\/v2\/pages\/70910","targetHints":{"allow":["GET"]}}],"collection":[{"href":"https:\/\/formations-vendee.com\/esa\/wp-json\/wp\/v2\/pages"}],"about":[{"href":"https:\/\/formations-vendee.com\/esa\/wp-json\/wp\/v2\/types\/page"}],"author":[{"embeddable":true,"href":"https:\/\/formations-vendee.com\/esa\/wp-json\/wp\/v2\/users\/1"}],"replies":[{"embeddable":true,"href":"https:\/\/formations-vendee.com\/esa\/wp-json\/wp\/v2\/comments?post=70910"}],"version-history":[{"count":6,"href":"https:\/\/formations-vendee.com\/esa\/wp-json\/wp\/v2\/pages\/70910\/revisions"}],"predecessor-version":[{"id":73426,"href":"https:\/\/formations-vendee.com\/esa\/wp-json\/wp\/v2\/pages\/70910\/revisions\/73426"}],"up":[{"embeddable":true,"href":"https:\/\/formations-vendee.com\/esa\/wp-json\/wp\/v2\/pages\/73"}],"wp:attachment":[{"href":"https:\/\/formations-vendee.com\/esa\/wp-json\/wp\/v2\/media?parent=70910"}],"curies":[{"name":"wp","href":"https:\/\/api.w.org\/{rel}","templated":true}]}}