{"id":79921,"date":"2025-02-12T15:46:59","date_gmt":"2025-02-12T14:46:59","guid":{"rendered":"https:\/\/formations-vendee.com\/cofae\/?page_id=79921"},"modified":"2026-02-12T16:12:54","modified_gmt":"2026-02-12T15:12:54","slug":"charge-accueil-et-gestion-administrative","status":"publish","type":"page","link":"https:\/\/formations-vendee.com\/cofae\/charge-accueil-et-gestion-administrative\/","title":{"rendered":"Charg\u00e9(e) d&rsquo;Accueil et de Gestion Administrative"},"content":{"rendered":"<div class=\"wpb-content-wrapper\"><p>[vc_row type=\u00a0\u00bbcontainer\u00a0\u00bb padding_top=\u00a0\u00bb\u00a0\u00bb padding_bottom=\u00a0\u00bb\u00a0\u00bb css=\u00a0\u00bb.vc_custom_1445094705330{margin-bottom: 0px !important;}\u00a0\u00bb][vc_column width=\u00a0\u00bb1\/2&Prime; css=\u00a0\u00bb.vc_custom_1444994576899{margin-bottom: 35px !important;}\u00a0\u00bb][vc_column_text css=\u00a0\u00bb\u00a0\u00bb]Le\/la charg\u00e9(e) d&rsquo;accueil et de gestion administrative joue un r\u00f4le essentiel dans les activit\u00e9s d&rsquo;accueil et administratives d&rsquo;une structure. En tant que point de contact privil\u00e9gi\u00e9, il\/elle contribue \u00e0 cr\u00e9er une premi\u00e8re impression positive et \u00e0 faciliter les \u00e9changes au sein de l&rsquo;entreprise. Il\/elle est un(e) interlocuteur(trice) important(e) tant pour les collaborateurs que pour les partenaires externes. De plus, il\/elle participe activement \u00e0 la qualit\u00e9 de la communication de la structure, valorise son image et assure le relais de l&rsquo;information. La dimension relationnelle de cette fonction est primordiale.[\/vc_column_text][\/vc_column][vc_column width=\u00a0\u00bb1\/2&Prime; css=\u00a0\u00bb.vc_custom_1444994585214{margin-bottom: 35px !important;}\u00a0\u00bb][vc_single_image image=\u00a0\u00bb79922&Prime; img_size=\u00a0\u00bbfull\u00a0\u00bb add_caption=\u00a0\u00bbyes\u00a0\u00bb onclick=\u00a0\u00bblink_image\u00a0\u00bb css=\u00a0\u00bb\u00a0\u00bb][\/vc_column][\/vc_row][vc_row type=\u00a0\u00bbcontainer\u00a0\u00bb padding_top=\u00a0\u00bb\u00a0\u00bb padding_bottom=\u00a0\u00bb\u00a0\u00bb css=\u00a0\u00bb.vc_custom_1739372539565{margin-bottom: 0px !important;}\u00a0\u00bb][vc_column][vc_column_text css=\u00a0\u00bb.vc_custom_1761905199222{background-color: #50B481 !important;border-color: #50B481 !important;}\u00a0\u00bb]<\/p>\n<table border=\"1\" width=\"100%\" cellspacing=\"0\" cellpadding=\"9\">\n<colgroup>\n<col width=\"263\" \/>\n<col width=\"283\" \/>\n<col width=\"250\" \/> <\/colgroup>\n<tbody>\n<tr bgcolor=\"#db0757\">\n<td style=\"text-align: center\" width=\"263\"><span style=\"color: #ffffff\"><strong>M\u00c9TIERS CIBL\u00c9S<\/strong><\/span><\/td>\n<td style=\"text-align: center\" width=\"263\"><span style=\"color: #ffffff\"><strong>OBJECTIFS<\/strong><\/span><\/td>\n<td style=\"text-align: center\" width=\"263\"><span style=\"color: #ffffff\"><strong>LIEUX D\u2019EXERCICE<\/strong><\/span><\/td>\n<\/tr>\n<tr valign=\"TOP\">\n<td width=\"32%\" height=\"127\">\n<ul>\n<li style=\"text-align: left\"><strong>Assistant administratif<\/strong><\/li>\n<li style=\"text-align: left\"><strong>Secr\u00e9taire administratif<\/strong><\/li>\n<li style=\"text-align: left\"><strong>Charg\u00e9 d&rsquo;accueil<\/strong><\/li>\n<li style=\"text-align: left\"><strong>Secr\u00e9taire d&rsquo;accueil<\/strong><\/li>\n<\/ul>\n<\/td>\n<td width=\"36%\">\n<ul>\n<li><strong>Assurer l&rsquo;accueil physique et t\u00e9l\u00e9phonique<\/strong><\/li>\n<li><strong>G\u00e9rer des situations complexes \u00e0 l&rsquo;accueil<\/strong><\/li>\n<li><strong>Traiter les flux d&rsquo;information internes et externes<\/strong><\/li>\n<li><strong>Prendre en charge les activit\u00e9s administratives courantes<\/strong><\/li>\n<li><strong>Assurer le traitement administratif des dossiers<\/strong><\/li>\n<li><strong>Traiter les r\u00e9clamations courantes<\/strong><\/li>\n<\/ul>\n<\/td>\n<td width=\"32%\">\n<ul>\n<li><strong>Structures priv\u00e9es, publiques, commerciales ou non, quel que soit le secteur d\u2019activit\u00e9.<\/strong><\/li>\n<\/ul>\n<\/td>\n<\/tr>\n<\/tbody>\n<\/table>\n<p>[\/vc_column_text][\/vc_column][\/vc_row][vc_row type=\u00a0\u00bbcontainer\u00a0\u00bb padding_top=\u00a0\u00bb\u00a0\u00bb padding_bottom=\u00a0\u00bb\u00a0\u00bb][vc_column][vc_column_text css=\u00a0\u00bb\u00a0\u00bb]<\/p>\n<table border=\"1\" width=\"100%\" cellspacing=\"0\" cellpadding=\"9\">\n<tbody>\n<tr bgcolor=\"#db0757\">\n<td style=\"text-align: center\" width=\"36%\"><span style=\"color: #ffffff\"><strong>LIEUX<\/strong><\/span><\/td>\n<td style=\"text-align: center\" width=\"32%\"><strong><span style=\"color: #ffffff\">DATE &#8211; DUR\u00c9E<\/span><br \/>\n<\/strong><\/td>\n<td style=\"text-align: center\" width=\"32%\"><strong><span style=\"color: #ffffff\">FINANCEMENT &#8211; TARIF<\/span><br \/>\n<\/strong><\/td>\n<\/tr>\n<tr valign=\"TOP\">\n<td width=\"32%\" height=\"127\">\n<ul>\n<li><strong>La Roche-sur-Yon<\/strong><\/li>\n<\/ul>\n<p>&nbsp;<\/td>\n<td width=\"36%\">\n<ul>\n<li><strong>Entr\u00e9es et sorties permanentes<\/strong><\/li>\n<li><strong>Nous consulter pour les dates de d\u00e9marrage des formations<\/strong><\/li>\n<\/ul>\n<\/td>\n<td width=\"32%\">\n<ul>\n<li><strong>OPCO, Entreprise, Transitions Pro, CPF, priv\u00e9<\/strong><\/li>\n<li><strong>Alternance (contrat d\u2019apprentissage ou de professionnalisation)<\/strong><\/li>\n<\/ul>\n<\/td>\n<\/tr>\n<\/tbody>\n<\/table>\n<p>[\/vc_column_text][\/vc_column][\/vc_row][vc_row type=\u00a0\u00bbcontainer\u00a0\u00bb padding_top=\u00a0\u00bb\u00a0\u00bb padding_bottom=\u00a0\u00bb\u00a0\u00bb][vc_column][vc_tta_accordion active_section=\u00a0\u00bb0&Prime; collapsible_all=\u00a0\u00bbtrue\u00a0\u00bb][vc_tta_section title=\u00a0\u00bbProgramme\u00a0\u00bb tab_id=\u00a0\u00bb1578592347292-4db1c19e-3ddd\u00a0\u00bb][vc_column_text css=\u00a0\u00bb\u00a0\u00bb]<strong>1 &#8211; Assurer les activit\u00e9s d&rsquo;accueil d&rsquo;une structure RNCP41239BC01\u00a0<\/strong><\/p>\n<ul>\n<li>Assurer l&rsquo;accueil physique et t\u00e9l\u00e9phonique<\/li>\n<li>G\u00e9rer des situations complexes \u00e0 l&rsquo;accueil<\/li>\n<li>Traiter les flux d&rsquo;information internes et externes<\/li>\n<\/ul>\n<p><strong>2 &#8211; G\u00e9rer les activit\u00e9s administratives d&rsquo;une structure RNCP41239BC02<\/strong><\/p>\n<ul>\n<li>Prendre en charge les activit\u00e9s administratives courantes<\/li>\n<li>Assurer le traitement administratif des dossiers<\/li>\n<li>Traiter les r\u00e9clamations courantes<\/li>\n<\/ul>\n<p>[\/vc_column_text][\/vc_tta_section][vc_tta_section title=\u00a0\u00bbModalit\u00e9s d&rsquo;inscription et d&rsquo;admission\u00a0\u00bb tab_id=\u00a0\u00bb1578592347309-acc3a92d-2ad7&Prime;][vc_column_text css=\u00a0\u00bb\u00a0\u00bb]<strong>ADMISSION<\/strong><\/p>\n<p>Projet professionnel valid\u00e9<\/p>\n<p>Dossier de candidature<\/p>\n<p>Entretien individuel\/motivations<\/p>\n<p>Tests de niveaux<\/p>\n<p><strong>Formation accessible aux personnes en situation de handicap<\/strong>[\/vc_column_text][\/vc_tta_section][vc_tta_section title=\u00a0\u00bbCertification\u00a0\u00bb tab_id=\u00a0\u00bb1578592705296-23f03f29-6184&Prime;][vc_column_text css=\u00a0\u00bb\u00a0\u00bb]<strong>Titre professionnel Minist\u00e8re du travail du plein emploi et de l\u2019insertion \u00ab Charg\u00e9 d&rsquo;accueil et de gestion administrative \u00bb<\/strong><br \/>\n<strong>Niveau 4 RNCP 41239 TP<\/strong><\/p>\n<p><a href=\"https:\/\/www.francecompetences.fr\/recherche\/rncp\/41239\/\">RNCP41239 &#8211; TP &#8211; Charg\u00e9 d&rsquo;accueil et de gestion administrative<\/a><\/p>\n<p><em>Possibilit\u00e9 de validation partielle du titre par l&rsquo;obtention de Certificats de Comp\u00e9tences Professionnels. <\/em><\/p>\n<p><strong>Mise \u00e0 jour 10\/25<\/strong>[\/vc_column_text][\/vc_tta_section][\/vc_tta_accordion][\/vc_column][\/vc_row][vc_row type=\u00a0\u00bbcontainer\u00a0\u00bb padding_top=\u00a0\u00bb\u00a0\u00bb padding_bottom=\u00a0\u00bb\u00a0\u00bb css=\u00a0\u00bb.vc_custom_1444505165647{margin-bottom: 0px !important;padding-top: 10px !important;}\u00a0\u00bb][vc_column][vc_separator color=\u00a0\u00bb#e2e2e2&Prime; type=\u00a0\u00bbnormal\u00a0\u00bb thickness=\u00a0\u00bb1&Prime; up=\u00a0\u00bb\u00a0\u00bb down=\u00a0\u00bb\u00a0\u00bb el_class=\u00a0\u00bbdotted\u00a0\u00bb][\/vc_column][\/vc_row][vc_row type=\u00a0\u00bbcontainer\u00a0\u00bb padding_top=\u00a0\u00bb\u00a0\u00bb padding_bottom=\u00a0\u00bb\u00a0\u00bb][vc_column][vc_raw_html css=\u00a0\u00bb\u00a0\u00bb]JTNDYXNpZGUlMjBjbGFzcyUzRCUyMndpZGdldC0zJTIwd2lkZ2V0LWxhc3QlMjB3aWRnZXQtb2RkJTIwYm94ZWQlMjBkb2N1bWVudCUyMHdpZGdldCUyMHdpZGdldF90ZXh0JTIyJTIwaWQlM0QlMjJ0ZXh0LTMlMjIlM0UlMEElM0NoNCUyMGNsYXNzJTNEJTIyd2lkZ2V0LXRpdGxlJTIyJTNFJTNDc3BhbiUzRVQlQzMlQTlsJUMzJUE5Y2hhcmdleiUyMGxhJTIwcGxhcXVldHRlJTNDJTJGc3BhbiUzRSUzQyUyRmg0JTNFJTBBJTNDZGl2JTIwY2xhc3MlM0QlMjJ0ZXh0d2lkZ2V0JTIyJTNFJTBBJTNDcCUzRUQlQzMlQTljb3V2cmV6JTIwbGElMjBmb3JtYXRpb24lMjBwbHVzJTIwZW4lMjBkJUMzJUE5dGFpbCUyMGdyJUMzJUEyY2UlMjAlQzMlQTAlMjBjZXR0ZSUyMHBsYXF1ZXR0ZSUyMGRlc2NyaXB0aXZlLiUzQyUyRnAlM0UlMEElM0NwJTNFJTNDYSUyMHRhcmdldCUzRCUyMl9ibGFuayUyMiUyMGNsYXNzJTNEJTIycGRmJTIyJTIwaHJlZiUzRCUyMmh0dHBzJTNBJTJGJTJGZHJpdmUuZ29vZ2xlLmNvbSUyRmZpbGUlMkZkJTJGMVo2TnViaS1JMXd0eTBiQ1QtQ2NNNm15NHhoVTByckFpJTJGdmlldyUzRnVzcCUzRHNoYXJpbmclMjIlM0VUJUMzJUE5bCVDMyVBOWNoYXJnZXIlMjBlbiUyMFBERiUzQyUyRmElM0UlM0MlMkZwJTNFJTBBJTNDJTJGZGl2JTNFJTBBJTNDJTJGYXNpZGUlM0U=[\/vc_raw_html][\/vc_column][\/vc_row][vc_row type=\u00a0\u00bbcontainer\u00a0\u00bb padding_top=\u00a0\u00bb\u00a0\u00bb padding_bottom=\u00a0\u00bb\u00a0\u00bb][vc_column][vc_btn title=\u00a0\u00bbCANDIDATER POUR CETTE FORMATION\u00a0\u00bb style=\u00a0\u00bbcustom\u00a0\u00bb custom_background=\u00a0\u00bb#aac627&Prime; custom_text=\u00a0\u00bb#ffffff\u00a0\u00bb size=\u00a0\u00bblg\u00a0\u00bb align=\u00a0\u00bbcenter\u00a0\u00bb i_align=\u00a0\u00bbright\u00a0\u00bb i_icon_fontawesome=\u00a0\u00bb\u00a0\u00bb button_block=\u00a0\u00bbtrue\u00a0\u00bb add_icon=\u00a0\u00bbtrue\u00a0\u00bb link=\u00a0\u00bburl:https%3A%2F%2Fformations-vendee.com%2Fcofae%2Ftelecharger-le-dossier-de-candidature-cofae%2F|title:T%C3%A9l%C3%A9charger%20le%20dossier%20de%20candidature%20COFAE||\u00a0\u00bb][\/vc_column][\/vc_row]<\/p>\n<\/div>","protected":false},"excerpt":{"rendered":"<p>[vc_row type=\u00a0\u00bbcontainer\u00a0\u00bb padding_top=\u00a0\u00bb\u00a0\u00bb padding_bottom=\u00a0\u00bb\u00a0\u00bb css=\u00a0\u00bb.vc_custom_1445094705330{margin-bottom: 0px !important;}\u00a0\u00bb][vc_column width=\u00a0\u00bb1\/2&Prime; css=\u00a0\u00bb.vc_custom_1444994576899{margin-bottom: 35px !important;}\u00a0\u00bb][vc_column_text css=\u00a0\u00bb\u00a0\u00bb]Le\/la charg\u00e9(e) d&rsquo;accueil et de gestion administrative joue un r\u00f4le essentiel dans les activit\u00e9s d&rsquo;accueil et administratives d&rsquo;une structure. En tant que point de contact privil\u00e9gi\u00e9, il\/elle contribue \u00e0 cr\u00e9er une premi\u00e8re impression positive et \u00e0 faciliter les \u00e9changes au sein de l&rsquo;entreprise. Il\/elle [&hellip;]<\/p>\n","protected":false},"author":652,"featured_media":0,"parent":0,"menu_order":1,"comment_status":"closed","ping_status":"closed","template":"","meta":{"_acf_changed":false,"_seopress_robots_primary_cat":"","_seopress_titles_title":"","_seopress_titles_desc":"","_seopress_robots_index":"","footnotes":""},"class_list":["post-79921","page","type-page","status-publish","hentry"],"acf":[],"_links":{"self":[{"href":"https:\/\/formations-vendee.com\/cofae\/wp-json\/wp\/v2\/pages\/79921","targetHints":{"allow":["GET"]}}],"collection":[{"href":"https:\/\/formations-vendee.com\/cofae\/wp-json\/wp\/v2\/pages"}],"about":[{"href":"https:\/\/formations-vendee.com\/cofae\/wp-json\/wp\/v2\/types\/page"}],"author":[{"embeddable":true,"href":"https:\/\/formations-vendee.com\/cofae\/wp-json\/wp\/v2\/users\/652"}],"replies":[{"embeddable":true,"href":"https:\/\/formations-vendee.com\/cofae\/wp-json\/wp\/v2\/comments?post=79921"}],"version-history":[{"count":4,"href":"https:\/\/formations-vendee.com\/cofae\/wp-json\/wp\/v2\/pages\/79921\/revisions"}],"predecessor-version":[{"id":81862,"href":"https:\/\/formations-vendee.com\/cofae\/wp-json\/wp\/v2\/pages\/79921\/revisions\/81862"}],"wp:attachment":[{"href":"https:\/\/formations-vendee.com\/cofae\/wp-json\/wp\/v2\/media?parent=79921"}],"curies":[{"name":"wp","href":"https:\/\/api.w.org\/{rel}","templated":true}]}}