{"id":79711,"date":"2025-01-23T10:41:20","date_gmt":"2025-01-23T09:41:20","guid":{"rendered":"https:\/\/formations-vendee.com\/cofae\/?page_id=79711"},"modified":"2025-02-13T09:23:53","modified_gmt":"2025-02-13T08:23:53","slug":"bureautique","status":"publish","type":"page","link":"https:\/\/formations-vendee.com\/cofae\/bureautique\/","title":{"rendered":"Bureautique"},"content":{"rendered":"<p><strong>L\u2019utilisation des outils bureautique Excel, Word et Powerpoint est devenu incontournable dans de nombreux m\u00e9tiers. Ils sont indispensables pour am\u00e9liorer l&rsquo;efficacit\u00e9, la communication et la collaboration au sein des entreprises.<\/strong><\/p>\n<p>M\u00e9tiers cibl\u00e9s<\/p>\n<ul>\n<li>Tous les m\u00e9tiers devant utiliser les outils bureautique<\/li>\n<\/ul>\n<p>&nbsp;<\/p>\n<p>Objectifs<\/p>\n<ul>\n<li>Avec Excel\u00a0: G\u00e9rer et d&rsquo;analyser de grandes quantit\u00e9s de donn\u00e9es de mani\u00e8re efficace<\/li>\n<li>Avec Word : Cr\u00e9er des documents professionnels soign\u00e9s, clairs, lisibles.<\/li>\n<li>Avec PowerPoint\u00a0: Produire des pr\u00e9sentations professionnelles attrayantes avec du texte, des images, de la vid\u00e9os et des animations<\/li>\n<\/ul>\n<p>&nbsp;<\/p>\n<p>Lieux d&rsquo;exercice<\/p>\n<ul>\n<li>Tous types d\u2019entreprises, priv\u00e9es, \u00e9tablissements publics, associations et dans tous secteurs d\u2019activit\u00e9s.<\/li>\n<\/ul>\n","protected":false},"excerpt":{"rendered":"<p>L\u2019utilisation des outils bureautique Excel, Word et Powerpoint est devenu incontournable dans de nombreux m\u00e9tiers. Ils sont indispensables pour am\u00e9liorer l&rsquo;efficacit\u00e9, la communication et la collaboration au sein des entreprises. M\u00e9tiers cibl\u00e9s Tous les m\u00e9tiers devant utiliser les outils bureautique &nbsp; Objectifs Avec Excel\u00a0: G\u00e9rer et d&rsquo;analyser de grandes quantit\u00e9s de donn\u00e9es de mani\u00e8re efficace [&hellip;]<\/p>\n","protected":false},"author":652,"featured_media":0,"parent":0,"menu_order":0,"comment_status":"closed","ping_status":"closed","template":"","meta":{"_acf_changed":false,"_seopress_robots_primary_cat":"","_seopress_titles_title":"","_seopress_titles_desc":"","_seopress_robots_index":"","footnotes":""},"class_list":["post-79711","page","type-page","status-publish","hentry"],"acf":[],"_links":{"self":[{"href":"https:\/\/formations-vendee.com\/cofae\/wp-json\/wp\/v2\/pages\/79711","targetHints":{"allow":["GET"]}}],"collection":[{"href":"https:\/\/formations-vendee.com\/cofae\/wp-json\/wp\/v2\/pages"}],"about":[{"href":"https:\/\/formations-vendee.com\/cofae\/wp-json\/wp\/v2\/types\/page"}],"author":[{"embeddable":true,"href":"https:\/\/formations-vendee.com\/cofae\/wp-json\/wp\/v2\/users\/652"}],"replies":[{"embeddable":true,"href":"https:\/\/formations-vendee.com\/cofae\/wp-json\/wp\/v2\/comments?post=79711"}],"version-history":[{"count":2,"href":"https:\/\/formations-vendee.com\/cofae\/wp-json\/wp\/v2\/pages\/79711\/revisions"}],"predecessor-version":[{"id":79941,"href":"https:\/\/formations-vendee.com\/cofae\/wp-json\/wp\/v2\/pages\/79711\/revisions\/79941"}],"wp:attachment":[{"href":"https:\/\/formations-vendee.com\/cofae\/wp-json\/wp\/v2\/media?parent=79711"}],"curies":[{"name":"wp","href":"https:\/\/api.w.org\/{rel}","templated":true}]}}