{"id":73282,"date":"2016-03-05T11:36:08","date_gmt":"2016-03-05T10:36:08","guid":{"rendered":"https:\/\/formations-vendee.com\/cofae\/?page_id=73282"},"modified":"2025-01-28T16:34:20","modified_gmt":"2025-01-28T15:34:20","slug":"ca-comptable-assistant","status":"publish","type":"page","link":"https:\/\/formations-vendee.com\/cofae\/nos-formations\/ressources-humaines-paie\/ca-comptable-assistant\/","title":{"rendered":"CA &#8211; Comptable Assistant"},"content":{"rendered":"<div class=\"wpb-content-wrapper\"><p>[vc_row type=\u00a0\u00bbcontainer\u00a0\u00bb padding_top=\u00a0\u00bb\u00a0\u00bb padding_bottom=\u00a0\u00bb\u00a0\u00bb css=\u00a0\u00bb.vc_custom_1445094705330{margin-bottom: 0px !important;}\u00a0\u00bb][vc_column width=\u00a0\u00bb1\/2&Prime; css=\u00a0\u00bb.vc_custom_1444994576899{margin-bottom: 35px !important;}\u00a0\u00bb][vc_column_text]Le comptable assistant r\u00e9alise l&rsquo;ensemble des travaux socles de l&rsquo;information comptable de l&rsquo;entreprise. Il g\u00e8re sur un plan administratif et comptable les \u00e9v\u00e9nements quotidiens de l&rsquo;entreprise, ventes, achats, frais g\u00e9n\u00e9raux, mais aussi plus p\u00e9riodiques, transmission des variables de paie, d\u00e9clarations de TVA, tableaux de bord, et participe aux op\u00e9rations d&rsquo;arr\u00eat\u00e9 des comptes de fin d&rsquo;exercice.[\/vc_column_text][\/vc_column][vc_column width=\u00a0\u00bb1\/2&Prime; css=\u00a0\u00bb.vc_custom_1444994585214{margin-bottom: 35px !important;}\u00a0\u00bb][vc_single_image image=\u00a0\u00bb78316&Prime; img_size=\u00a0\u00bbfull\u00a0\u00bb add_caption=\u00a0\u00bbyes\u00a0\u00bb onclick=\u00a0\u00bblink_image\u00a0\u00bb][\/vc_column][\/vc_row][vc_row type=\u00a0\u00bbcontainer\u00a0\u00bb padding_top=\u00a0\u00bb\u00a0\u00bb padding_bottom=\u00a0\u00bb\u00a0\u00bb css=\u00a0\u00bb.vc_custom_1444505155795{margin-bottom: 0px !important;}\u00a0\u00bb][vc_column][vc_column_text]<\/p>\n<table border=\"1\" width=\"100%\" cellspacing=\"0\" cellpadding=\"9\">\n<colgroup>\n<col width=\"263\" \/>\n<col width=\"283\" \/>\n<col width=\"250\" \/> <\/colgroup>\n<tbody>\n<tr bgcolor=\"#ee7600\">\n<td style=\"text-align: center\" width=\"263\"><strong>M\u00c9TIERS CIBL\u00c9S<\/strong><\/td>\n<td style=\"text-align: center\" width=\"283\"><strong>OBJECTIFS<\/strong><\/td>\n<td style=\"text-align: center\" width=\"250\"><strong>LIEUX D\u2019EXERCICE<\/strong><\/td>\n<\/tr>\n<tr valign=\"TOP\">\n<td width=\"32%\" height=\"127\">\n<ul>\n<li>Aide comptable<\/li>\n<li>Comptable fournisseurs<\/li>\n<li>Comptable client<\/li>\n<li>Agent comptable<\/li>\n<\/ul>\n<\/td>\n<td width=\"36%\">Contr\u00f4ler et comptabiliser l&rsquo;ensemble des documents commerciaux, sociaux et fiscaux n\u00e9cessaires \u00e0 la tenue de la comptabilit\u00e9<\/p>\n<p>V\u00e9rifier, justifier et rectifier les comptes pour l&rsquo;ensemble des op\u00e9rations courantes<\/p>\n<p>Pr\u00e9parer les documents administratifs du salari\u00e9 et recueillir les \u00e9l\u00e9ments n\u00e9cessaires \u00e0 la paie<\/p>\n<p>\u00c9tablir la d\u00e9claration de TVA et proc\u00e9der \u00e0 la d\u00e9claration<\/td>\n<td width=\"32%\">\n<ul>\n<li>Les entreprises ou organisations relevant du secteur marchand, des services, voire du secteur non marchand.<\/li>\n<li>Les cabinets d&rsquo;expertise-comptable, r\u00e9alisant pour leur client la tenue ou la r\u00e9vision de la comptabilit\u00e9<\/li>\n<\/ul>\n<\/td>\n<\/tr>\n<\/tbody>\n<\/table>\n<p>[\/vc_column_text][\/vc_column][\/vc_row][vc_row type=\u00a0\u00bbcontainer\u00a0\u00bb padding_top=\u00a0\u00bb\u00a0\u00bb padding_bottom=\u00a0\u00bb\u00a0\u00bb][vc_column][vc_column_text]<\/p>\n<table border=\"1\" width=\"100%\" cellspacing=\"0\" cellpadding=\"9\">\n<tbody>\n<tr bgcolor=\"#ee7600\">\n<td style=\"text-align: center\" width=\"36%\"><strong>LIEU<\/strong><\/td>\n<td style=\"text-align: center\" width=\"32%\"><strong>DATE &#8211; DUR\u00c9E<br \/>\n<\/strong><\/td>\n<td style=\"text-align: center\" width=\"32%\"><strong>FINANCEMENT &#8211; TARIF<br \/>\n<\/strong><\/td>\n<\/tr>\n<tr valign=\"TOP\">\n<td width=\"32%\" height=\"127\">La Roche-sur-Yon<\/p>\n<p>&nbsp;<\/td>\n<td width=\"36%\">Entr\u00e9es et sorties permanentes<\/p>\n<p>&nbsp;<\/td>\n<td width=\"32%\">OPCO<br \/>\n(contrats de professionnalisation ou d\u2019apprentissage), Entreprise, Priv\u00e9<br \/>\n(CPF&#8230;), Transition Pro, France Travail<\/td>\n<\/tr>\n<\/tbody>\n<\/table>\n<p>[\/vc_column_text][\/vc_column][\/vc_row][vc_row type=\u00a0\u00bbcontainer\u00a0\u00bb padding_top=\u00a0\u00bb\u00a0\u00bb padding_bottom=\u00a0\u00bb\u00a0\u00bb][vc_column][vc_tta_accordion active_section=\u00a0\u00bb0&Prime; collapsible_all=\u00a0\u00bbtrue\u00a0\u00bb][vc_tta_section title=\u00a0\u00bbProgramme\u00a0\u00bb tab_id=\u00a0\u00bb1578592347292-4db1c19e-3ddd\u00a0\u00bb][vc_column_text]<strong>1- Assurer les op\u00e9rations comptables au quotidien RNCP37121BC01<\/strong><\/p>\n<p>&#8211; Assurer la gestion administrative et comptable des clients<br \/>\n&#8211; Assurer la gestion administrative et comptable des fournisseurs<br \/>\n&#8211; Assurer la gestion administrative et comptable des op\u00e9rations de tr\u00e9sorerie<\/p>\n<p><strong>2 &#8211; Pr\u00e9parer les op\u00e9rations comptables p\u00e9riodiques RNCP 37121BC02<\/strong><\/p>\n<p>&#8211; Assurer la gestion administrative, comptable et fiscale de la d\u00e9claration de TVA<br \/>\n&#8211; Assurer la gestion des variables et param\u00e8tres de paie<br \/>\n&#8211; Pr\u00e9senter et transmettre des tableaux de bord<\/p>\n<p><strong>3- Participer aux op\u00e9rations comptables de fin d&rsquo;exercice RNCP37121BC03<\/strong><\/p>\n<p>&#8211; Traiter les immobilisations et les valeurs mobili\u00e8res de placement<br \/>\n&#8211; Traiter les stocks, cr\u00e9ances et dettes d&rsquo;exploitation<br \/>\n&#8211; Traiter les emprunts et l&rsquo;affectation du r\u00e9sultat[\/vc_column_text][\/vc_tta_section][vc_tta_section title=\u00a0\u00bbModalit\u00e9s d&rsquo;inscription et d&rsquo;admission\u00a0\u00bb tab_id=\u00a0\u00bb1578592347309-acc3a92d-2ad7&Prime;][vc_column_text css=\u00a0\u00bb\u00a0\u00bb]<strong>PR\u00c9-REQUIS<\/strong><br \/>\nProjet professionnel valid\u00e9<\/p>\n<p><strong>ADMISSION<\/strong><\/p>\n<p>Dossier de candidature<\/p>\n<p>Entretien individuel<\/p>\n<p>Tests sur les comp\u00e9tences de bases<\/p>\n<p>Tests de positionnement sur les comp\u00e9tences m\u00e9tier<\/p>\n<p><strong>Formation accessible aux personnes en situation de handicap<\/strong>[\/vc_column_text][\/vc_tta_section][vc_tta_section title=\u00a0\u00bbCertification\u00a0\u00bb tab_id=\u00a0\u00bb1578592705296-23f03f29-6184&Prime;][vc_column_text css=\u00a0\u00bb\u00a0\u00bb]<strong>Titre Professionnel Minist\u00e8re du travail du plein emploi et de l&rsquo;insertion \u00ab\u00a0<\/strong><strong>Comptable Assistant\u00a0\u00bb <\/strong><strong>\u2013 Niveau 4 (BAC)<\/strong><\/p>\n<p><strong>R\u00e9pertori\u00e9 au RNCP<\/strong><\/p>\n<p><a href=\"https:\/\/www.francecompetences.fr\/recherche\/rncp\/37121\/\">RNCP37121 &#8211; TP &#8211; Comptable Assistant<\/a><\/p>\n<p><em>Possibilit\u00e9 de valider par blocs de comp\u00e9tences<\/em><\/p>\n<p><strong>Mise \u00e0 jour 01\/25<\/strong>[\/vc_column_text][\/vc_tta_section][\/vc_tta_accordion][\/vc_column][\/vc_row][vc_row type=\u00a0\u00bbcontainer\u00a0\u00bb padding_top=\u00a0\u00bb\u00a0\u00bb padding_bottom=\u00a0\u00bb\u00a0\u00bb css=\u00a0\u00bb.vc_custom_1444505165647{margin-bottom: 0px !important;padding-top: 10px !important;}\u00a0\u00bb][vc_column][vc_separator color=\u00a0\u00bb#e2e2e2&Prime; type=\u00a0\u00bbnormal\u00a0\u00bb thickness=\u00a0\u00bb1&Prime; up=\u00a0\u00bb\u00a0\u00bb down=\u00a0\u00bb\u00a0\u00bb el_class=\u00a0\u00bbdotted\u00a0\u00bb][\/vc_column][\/vc_row][vc_row type=\u00a0\u00bbcontainer\u00a0\u00bb padding_top=\u00a0\u00bb\u00a0\u00bb padding_bottom=\u00a0\u00bb\u00a0\u00bb][vc_column][vc_raw_html]JTNDYXNpZGUlMjBjbGFzcyUzRCUyMndpZGdldC0zJTIwd2lkZ2V0LWxhc3QlMjB3aWRnZXQtb2RkJTIwYm94ZWQlMjBkb2N1bWVudCUyMHdpZGdldCUyMHdpZGdldF90ZXh0JTIyJTIwaWQlM0QlMjJ0ZXh0LTMlMjIlM0UlMEElM0NoNCUyMGNsYXNzJTNEJTIyd2lkZ2V0LXRpdGxlJTIyJTNFJTNDc3BhbiUzRVQlQzMlQTlsJUMzJUE5Y2hhcmdleiUyMGxhJTIwcGxhcXVldHRlJTNDJTJGc3BhbiUzRSUzQyUyRmg0JTNFJTBBJTNDZGl2JTIwY2xhc3MlM0QlMjJ0ZXh0d2lkZ2V0JTIyJTNFJTBBJTNDcCUzRUQlQzMlQTljb3V2cmV6JTIwbGElMjBmb3JtYXRpb24lMjBwbHVzJTIwZW4lMjBkJUMzJUE5dGFpbCUyMGdyJUMzJUEyY2UlMjAlQzMlQTAlMjBjZXR0ZSUyMHBsYXF1ZXR0ZSUyMGRlc2NyaXB0aXZlLiUzQyUyRnAlM0UlMEElM0NwJTNFJTNDYSUyMHRhcmdldCUzRCUyMl9ibGFuayUyMiUyMGNsYXNzJTNEJTIycGRmJTIyJTIwaHJlZiUzRCUyMmh0dHBzJTNBJTJGJTJGZHJpdmUuZ29vZ2xlLmNvbSUyRmZpbGUlMkZkJTJGMU9fUWZXNVZfeXFJZGlGUTVweXR4ZmdTaXJycFRmaHd4JTJGdmlldyUzRnVzcCUzRHNoYXJpbmclMjIlM0VUJUMzJUE5bCVDMyVBOWNoYXJnZXIlMjBlbiUyMFBERiUzQyUyRmElM0UlM0MlMkZwJTNFJTBBJTNDJTJGZGl2JTNFJTBBJTNDJTJGYXNpZGUlM0U=[\/vc_raw_html][\/vc_column][\/vc_row][vc_row type=\u00a0\u00bbcontainer\u00a0\u00bb padding_top=\u00a0\u00bb\u00a0\u00bb padding_bottom=\u00a0\u00bb\u00a0\u00bb][vc_column][vc_btn title=\u00a0\u00bbCANDIDATER POUR CETTE FORMATION\u00a0\u00bb style=\u00a0\u00bbcustom\u00a0\u00bb custom_background=\u00a0\u00bb#aac627&Prime; custom_text=\u00a0\u00bb#ffffff\u00a0\u00bb size=\u00a0\u00bblg\u00a0\u00bb align=\u00a0\u00bbcenter\u00a0\u00bb i_align=\u00a0\u00bbright\u00a0\u00bb i_icon_fontawesome=\u00a0\u00bb\u00a0\u00bb button_block=\u00a0\u00bbtrue\u00a0\u00bb add_icon=\u00a0\u00bbtrue\u00a0\u00bb link=\u00a0\u00bburl:https%3A%2F%2Fformations-vendee.com%2Fcofae%2Ftelecharger-le-dossier-de-candidature-cofae%2F|title:T%C3%A9l%C3%A9charger%20le%20dossier%20de%20candidature%20COFAE||\u00a0\u00bb][\/vc_column][\/vc_row]<\/p>\n<\/div>","protected":false},"excerpt":{"rendered":"<p>[vc_row type=\u00a0\u00bbcontainer\u00a0\u00bb padding_top=\u00a0\u00bb\u00a0\u00bb padding_bottom=\u00a0\u00bb\u00a0\u00bb css=\u00a0\u00bb.vc_custom_1445094705330{margin-bottom: 0px !important;}\u00a0\u00bb][vc_column width=\u00a0\u00bb1\/2&Prime; css=\u00a0\u00bb.vc_custom_1444994576899{margin-bottom: 35px !important;}\u00a0\u00bb][vc_column_text]Le comptable assistant r\u00e9alise l&rsquo;ensemble des travaux socles de l&rsquo;information comptable de l&rsquo;entreprise. Il g\u00e8re sur un plan administratif et comptable les \u00e9v\u00e9nements quotidiens de l&rsquo;entreprise, ventes, achats, frais g\u00e9n\u00e9raux, mais aussi plus p\u00e9riodiques, transmission des variables de paie, d\u00e9clarations de TVA, tableaux de bord, [&hellip;]<\/p>\n","protected":false},"author":652,"featured_media":0,"parent":70915,"menu_order":0,"comment_status":"closed","ping_status":"closed","template":"","meta":{"_acf_changed":false,"_seopress_robots_primary_cat":"","_seopress_titles_title":"","_seopress_titles_desc":"","_seopress_robots_index":"","footnotes":""},"class_list":["post-73282","page","type-page","status-publish","hentry"],"acf":[],"_links":{"self":[{"href":"https:\/\/formations-vendee.com\/cofae\/wp-json\/wp\/v2\/pages\/73282","targetHints":{"allow":["GET"]}}],"collection":[{"href":"https:\/\/formations-vendee.com\/cofae\/wp-json\/wp\/v2\/pages"}],"about":[{"href":"https:\/\/formations-vendee.com\/cofae\/wp-json\/wp\/v2\/types\/page"}],"author":[{"embeddable":true,"href":"https:\/\/formations-vendee.com\/cofae\/wp-json\/wp\/v2\/users\/652"}],"replies":[{"embeddable":true,"href":"https:\/\/formations-vendee.com\/cofae\/wp-json\/wp\/v2\/comments?post=73282"}],"version-history":[{"count":5,"href":"https:\/\/formations-vendee.com\/cofae\/wp-json\/wp\/v2\/pages\/73282\/revisions"}],"predecessor-version":[{"id":79802,"href":"https:\/\/formations-vendee.com\/cofae\/wp-json\/wp\/v2\/pages\/73282\/revisions\/79802"}],"up":[{"embeddable":true,"href":"https:\/\/formations-vendee.com\/cofae\/wp-json\/wp\/v2\/pages\/70915"}],"wp:attachment":[{"href":"https:\/\/formations-vendee.com\/cofae\/wp-json\/wp\/v2\/media?parent=73282"}],"curies":[{"name":"wp","href":"https:\/\/api.w.org\/{rel}","templated":true}]}}