{"id":73,"date":"2015-10-07T17:14:55","date_gmt":"2015-10-07T16:14:55","guid":{"rendered":"http:\/\/broker.commercegurus.com\/?page_id=73"},"modified":"2023-03-31T17:52:24","modified_gmt":"2023-03-31T16:52:24","slug":"nos-formations","status":"publish","type":"page","link":"https:\/\/formations-vendee.com\/cofae\/nos-formations\/","title":{"rendered":"Nos formations"},"content":{"rendered":"<div class=\"wpb-content-wrapper\"><p>[vc_row type=\u00a0\u00bbcontainer\u00a0\u00bb padding_top=\u00a0\u00bb\u00a0\u00bb padding_bottom=\u00a0\u00bb\u00a0\u00bb css=\u00a0\u00bb.vc_custom_1680281541240{margin-top: 40px !important;}\u00a0\u00bb][vc_column css=\u00a0\u00bb.vc_custom_1444994576899{margin-bottom: 35px !important;}\u00a0\u00bb][vc_column_text]Changer de poste, de m\u00e9tier ou de secteur, devient un processus de plus en plus fr\u00e9quent dans la vie professionnelle. Anticiper son d\u00e9roulement de carri\u00e8re, se former tout au long de la vie, permet de mieux g\u00e9rer ces changements.<\/p>\n<p><strong>Notre mission<\/strong> : <strong>Vous accompagner<\/strong> dans chacune de ces \u00e9tapes et participer au d\u00e9veloppement de votre employabilit\u00e9. Comment ? <strong>En vous proposant des<\/strong> <strong>formations<\/strong> aux m\u00e9tiers du Commerce, distribution, vente,\u00a0 commercial, Ressources Humaines, Management, Assistant(e)s, comp\u00e9tences transversales (Bureautique et Anglais) et <strong>en vous accompagnant vers l&#8217;emploi<\/strong>.[\/vc_column_text][\/vc_column][\/vc_row][vc_row type=\u00a0\u00bbcontainer\u00a0\u00bb padding_top=\u00a0\u00bb\u00a0\u00bb padding_bottom=\u00a0\u00bb\u00a0\u00bb css=\u00a0\u00bb.vc_custom_1680281416253{margin-bottom: 40px !important;}\u00a0\u00bb][vc_column width=\u00a0\u00bb1\/2&Prime; css=\u00a0\u00bb.vc_custom_1680272811569{padding-right: 30px !important;padding-left: 30px !important;}\u00a0\u00bb][vc_single_image image=\u00a0\u00bb75302&Prime; img_size=\u00a0\u00bbfull\u00a0\u00bb alignment=\u00a0\u00bbcenter\u00a0\u00bb style=\u00a0\u00bbvc_box_rounded\u00a0\u00bb onclick=\u00a0\u00bbcustom_link\u00a0\u00bb css_animation=\u00a0\u00bbleft-to-right\u00a0\u00bb link=\u00a0\u00bbhttps:\/\/formations-vendee.com\/cofae\/nos-formations\/commerce-distribution\/\u00a0\u00bb css=\u00a0\u00bb.vc_custom_1680268790699{border-bottom-width: 0px !important;}\u00a0\u00bb][vc_column_text css=\u00a0\u00bb.vc_custom_1680281316930{margin-top: -15px !important;}\u00a0\u00bb]<\/p>\n<h2><a href=\"https:\/\/formations-vendee.com\/cofae\/nos-formations\/commerce-distribution\/\">Formation Commerce &#8211; Distri<\/a><\/h2>\n<p>Formation aux m\u00e9tiers du Commerce et de la distribution \u2192[\/vc_column_text][\/vc_column][vc_column width=\u00a0\u00bb1\/2&Prime; css=\u00a0\u00bb.vc_custom_1680272806659{padding-right: 30px !important;padding-left: 30px !important;}\u00a0\u00bb][vc_single_image image=\u00a0\u00bb75307&Prime; img_size=\u00a0\u00bbfull\u00a0\u00bb alignment=\u00a0\u00bbcenter\u00a0\u00bb style=\u00a0\u00bbvc_box_rounded\u00a0\u00bb onclick=\u00a0\u00bbcustom_link\u00a0\u00bb css_animation=\u00a0\u00bbappear\u00a0\u00bb link=\u00a0\u00bbhttps:\/\/formations-vendee.com\/cofae\/nos-formations\/commercial-vente\/\u00a0\u00bb css=\u00a0\u00bb.vc_custom_1680268810635{border-bottom-width: 0px !important;}\u00a0\u00bb][vc_column_text css=\u00a0\u00bb.vc_custom_1680272473967{margin-top: -15px !important;}\u00a0\u00bb]<\/p>\n<h2><a href=\"https:\/\/formations-vendee.com\/cofae\/nos-formations\/commercial-vente\/\">Formation Commercial &#8211; Vente<\/a><\/h2>\n<p>Formations aux m\u00e9tiers de Commercial et Vendeur en magasin \u2192[\/vc_column_text][\/vc_column][\/vc_row][vc_row type=\u00a0\u00bbcontainer\u00a0\u00bb padding_top=\u00a0\u00bb\u00a0\u00bb padding_bottom=\u00a0\u00bb\u00a0\u00bb css=\u00a0\u00bb.vc_custom_1680281427237{margin-bottom: 40px !important;}\u00a0\u00bb][vc_column width=\u00a0\u00bb1\/2&Prime; css=\u00a0\u00bb.vc_custom_1680272797457{padding-right: 30px !important;padding-left: 30px !important;}\u00a0\u00bb][vc_single_image image=\u00a0\u00bb75309&Prime; img_size=\u00a0\u00bbfull\u00a0\u00bb alignment=\u00a0\u00bbcenter\u00a0\u00bb style=\u00a0\u00bbvc_box_rounded\u00a0\u00bb onclick=\u00a0\u00bbcustom_link\u00a0\u00bb css_animation=\u00a0\u00bbright-to-left\u00a0\u00bb link=\u00a0\u00bbhttps:\/\/formations-vendee.com\/cofae\/nos-formations\/web-marketing\/\u00a0\u00bb css=\u00a0\u00bb.vc_custom_1680268837504{border-bottom-width: 0px !important;}\u00a0\u00bb][vc_column_text css=\u00a0\u00bb.vc_custom_1680272164604{margin-top: -15px !important;}\u00a0\u00bb]<\/p>\n<h2><a href=\"https:\/\/formations-vendee.com\/cofae\/nos-formations\/web-marketing\/\">Formation Web &#8211; Marketing<\/a><\/h2>\n<p>Formations aux m\u00e9tiers du Web et du Marketing digital \u2192[\/vc_column_text][\/vc_column][vc_column width=\u00a0\u00bb1\/2&Prime; css=\u00a0\u00bb.vc_custom_1680272786971{padding-right: 30px !important;padding-left: 30px !important;}\u00a0\u00bb][vc_single_image image=\u00a0\u00bb75311&Prime; img_size=\u00a0\u00bbfull\u00a0\u00bb alignment=\u00a0\u00bbcenter\u00a0\u00bb style=\u00a0\u00bbvc_box_rounded\u00a0\u00bb onclick=\u00a0\u00bbcustom_link\u00a0\u00bb css_animation=\u00a0\u00bbleft-to-right\u00a0\u00bb link=\u00a0\u00bbhttps:\/\/formations-vendee.com\/cofae\/nos-formations\/ressources-humaines-management\/\u00a0\u00bb css=\u00a0\u00bb.vc_custom_1680268857757{border-bottom-width: 0px !important;}\u00a0\u00bb][vc_column_text css=\u00a0\u00bb.vc_custom_1680272560977{margin-top: -15px !important;}\u00a0\u00bb]<\/p>\n<h2><a href=\"https:\/\/formations-vendee.com\/cofae\/nos-formations\/ressources-humaines-management\/\">Formation RH &amp; Gestion Paie<\/a><\/h2>\n<p>Formations aux m\u00e9tiers des Ressources Humaines et paie \u2192[\/vc_column_text][\/vc_column][\/vc_row][vc_row type=\u00a0\u00bbcontainer\u00a0\u00bb padding_top=\u00a0\u00bb\u00a0\u00bb padding_bottom=\u00a0\u00bb\u00a0\u00bb css=\u00a0\u00bb.vc_custom_1680281431603{margin-bottom: 40px !important;}\u00a0\u00bb][vc_column width=\u00a0\u00bb1\/2&Prime; css=\u00a0\u00bb.vc_custom_1680272774455{padding-right: 30px !important;padding-left: 30px !important;}\u00a0\u00bb][vc_single_image image=\u00a0\u00bb75312&Prime; img_size=\u00a0\u00bbfull\u00a0\u00bb alignment=\u00a0\u00bbcenter\u00a0\u00bb style=\u00a0\u00bbvc_box_rounded\u00a0\u00bb onclick=\u00a0\u00bbcustom_link\u00a0\u00bb css_animation=\u00a0\u00bbright-to-left\u00a0\u00bb link=\u00a0\u00bbhttps:\/\/formations-vendee.com\/cofae\/nos-formations\/secretaire-assistante\u00a0\u00bb][vc_column_text css=\u00a0\u00bb.vc_custom_1680272278936{margin-top: -15px !important;}\u00a0\u00bb]<\/p>\n<h2><a href=\"https:\/\/formations-vendee.com\/cofae\/nos-formations\/secretaire-assistante\/\">Formation Secr\u00e9taire assistant(e)<\/a><\/h2>\n<p>Formation au m\u00e9tier de secr\u00e9taire assistante et secr\u00e9tariat \u2192[\/vc_column_text][\/vc_column][vc_column width=\u00a0\u00bb1\/2&Prime; css=\u00a0\u00bb.vc_custom_1680272767263{padding-right: 30px !important;padding-left: 30px !important;}\u00a0\u00bb][vc_single_image image=\u00a0\u00bb75306&Prime; img_size=\u00a0\u00bbfull\u00a0\u00bb alignment=\u00a0\u00bbcenter\u00a0\u00bb style=\u00a0\u00bbvc_box_rounded\u00a0\u00bb onclick=\u00a0\u00bbcustom_link\u00a0\u00bb css_animation=\u00a0\u00bbappear\u00a0\u00bb link=\u00a0\u00bbhttps:\/\/formations-vendee.com\/cofae\/nos-formations\/bureautique\/\u00a0\u00bb][vc_column_text css=\u00a0\u00bb.vc_custom_1680272326785{margin-top: -15px !important;}\u00a0\u00bb]<\/p>\n<h2><a href=\"https:\/\/formations-vendee.com\/cofae\/nos-formations\/bureautique\/\">Formation Bureautique<\/a> &#8211; <a href=\"https:\/\/formations-vendee.com\/cofae\/nos-formations\/anglais\/\">Anglais<\/a><\/h2>\n<p>Formation bureautique Office, centre de formation anglais \u2192[\/vc_column_text][\/vc_column][\/vc_row][vc_row type=\u00a0\u00bbcontainer\u00a0\u00bb padding_top=\u00a0\u00bb\u00a0\u00bb padding_bottom=\u00a0\u00bb\u00a0\u00bb css=\u00a0\u00bb.vc_custom_1444954442544{margin-bottom: 25px !important;}\u00a0\u00bb][vc_column css=\u00a0\u00bb.vc_custom_1444954308084{margin-bottom: 35px !important;}\u00a0\u00bb][vc_icon type=\u00a0\u00bbtypicons\u00a0\u00bb icon_typicons=\u00a0\u00bbtypcn typcn-spanner\u00a0\u00bb color=\u00a0\u00bbcustom\u00a0\u00bb align=\u00a0\u00bbcenter\u00a0\u00bb custom_color=\u00a0\u00bb#343e47&Prime;][vc_column_text]La formation que vous cherchez n&rsquo;est pas propos\u00e9e ? N&rsquo;h\u00e9sitez pas \u00e0 nous contactez pour une solution personnalis\u00e9e.[\/vc_column_text][\/vc_column][\/vc_row]<\/p>\n<\/div>","protected":false},"excerpt":{"rendered":"<p>[vc_row type=\u00a0\u00bbcontainer\u00a0\u00bb padding_top=\u00a0\u00bb\u00a0\u00bb padding_bottom=\u00a0\u00bb\u00a0\u00bb css=\u00a0\u00bb.vc_custom_1680281541240{margin-top: 40px !important;}\u00a0\u00bb][vc_column css=\u00a0\u00bb.vc_custom_1444994576899{margin-bottom: 35px !important;}\u00a0\u00bb][vc_column_text]Changer de poste, de m\u00e9tier ou de secteur, devient un processus de plus en plus fr\u00e9quent dans la vie professionnelle. Anticiper son d\u00e9roulement de carri\u00e8re, se former tout au long de la vie, permet de mieux g\u00e9rer ces changements. Notre mission : Vous accompagner dans chacune [&hellip;]<\/p>\n","protected":false},"author":1,"featured_media":0,"parent":0,"menu_order":0,"comment_status":"closed","ping_status":"closed","template":"page-full-width.php","meta":{"_acf_changed":false,"_seopress_robots_primary_cat":"","_seopress_titles_title":"","_seopress_titles_desc":"","_seopress_robots_index":"","footnotes":""},"class_list":["post-73","page","type-page","status-publish","hentry"],"acf":[],"_links":{"self":[{"href":"https:\/\/formations-vendee.com\/cofae\/wp-json\/wp\/v2\/pages\/73","targetHints":{"allow":["GET"]}}],"collection":[{"href":"https:\/\/formations-vendee.com\/cofae\/wp-json\/wp\/v2\/pages"}],"about":[{"href":"https:\/\/formations-vendee.com\/cofae\/wp-json\/wp\/v2\/types\/page"}],"author":[{"embeddable":true,"href":"https:\/\/formations-vendee.com\/cofae\/wp-json\/wp\/v2\/users\/1"}],"replies":[{"embeddable":true,"href":"https:\/\/formations-vendee.com\/cofae\/wp-json\/wp\/v2\/comments?post=73"}],"version-history":[{"count":5,"href":"https:\/\/formations-vendee.com\/cofae\/wp-json\/wp\/v2\/pages\/73\/revisions"}],"predecessor-version":[{"id":75377,"href":"https:\/\/formations-vendee.com\/cofae\/wp-json\/wp\/v2\/pages\/73\/revisions\/75377"}],"wp:attachment":[{"href":"https:\/\/formations-vendee.com\/cofae\/wp-json\/wp\/v2\/media?parent=73"}],"curies":[{"name":"wp","href":"https:\/\/api.w.org\/{rel}","templated":true}]}}