{"id":71836,"date":"2016-03-05T11:39:37","date_gmt":"2016-03-05T10:39:37","guid":{"rendered":"https:\/\/formations-vendee.com\/cofae\/?page_id=71836"},"modified":"2025-10-31T11:13:32","modified_gmt":"2025-10-31T10:13:32","slug":"secretaire-assistante-medicosocial","status":"publish","type":"page","link":"https:\/\/formations-vendee.com\/cofae\/nos-formations\/secretaire-assistante\/secretaire-assistante-medicosocial\/","title":{"rendered":"Secr\u00e9taire Assistant M\u00e9dico Administratif"},"content":{"rendered":"<div class=\"wpb-content-wrapper\"><p>[vc_row type=\u00a0\u00bbcontainer\u00a0\u00bb padding_top=\u00a0\u00bb\u00a0\u00bb padding_bottom=\u00a0\u00bb\u00a0\u00bb css=\u00a0\u00bb.vc_custom_1445094705330{margin-bottom: 0px !important;}\u00a0\u00bb][vc_column width=\u00a0\u00bb1\/2&Prime; css=\u00a0\u00bb.vc_custom_1444994576899{margin-bottom: 35px !important;}\u00a0\u00bb][vc_column_text css=\u00a0\u00bb\u00a0\u00bb]Le\/la secr\u00e9taire assistant m\u00e9dico-administratif exerce ses activit\u00e9s professionnelles dans le respect du secret professionnel, du secret m\u00e9dical, des r\u00e8gles de confidentialit\u00e9 et d&rsquo;identitovigilance. Il\/elle intervient dans un cadre \u00e9thique et dans le respect des droits des patients. Il\/elle applique les proc\u00e9dures en vigueur dans la structure m\u00e9dicale et suit les consignes transmises par les professionnels de sant\u00e9 ou la hi\u00e9rarchie.<br \/>\nIl\/elle joue un r\u00f4le central dans la transmission des informations. En interne, il\/elle communique avec les professionnels de sant\u00e9, diff\u00e9rents services tels que le bureau des entr\u00e9es, les secr\u00e9tariats des autres sp\u00e9cialit\u00e9s\u2026 En externe, il\/elle peut \u00eatre amen\u00e9 \u00e0 communiquer avec des secr\u00e9tariats m\u00e9dicaux, les organismes d&rsquo;assurance maladie, les organismes de compl\u00e9mentaire sant\u00e9\u2026 Il\/elle adapte sa communication \u00e9crite et orale \u00e0 ses diff\u00e9rents destinataires en utilisant un vocabulaire adapt\u00e9.<\/p>\n<p>Il\/elle assure l&rsquo;accueil physique et t\u00e9l\u00e9phonique du patient, le cas \u00e9ch\u00e9ant de son entourage, dans le respect des proc\u00e9dures internes de la structure m\u00e9dicale. Dans le cadre de cette mission, il\/elle peut \u00eatre amen\u00e9 \u00e0 g\u00e9rer des situations difficiles d&rsquo;accueil, dans la limite de ses responsabilit\u00e9s.<br \/>\nIl\/elle collecte les documents n\u00e9cessaires \u00e0 la prise en charge administrative et financi\u00e8re du patient, s&rsquo;assure de leur validit\u00e9 et les enregistre dans un logiciel m\u00e9tier (type ERP &#8211; Enterprise resource planning). Il\/elle assure le suivi et l&rsquo;actualisation du dossier patient lors du suivi m\u00e9dico-administratif et assiste les professionnels de sant\u00e9 dans la coordination du parcours du patient.[\/vc_column_text][\/vc_column][vc_column width=\u00a0\u00bb1\/2&Prime; css=\u00a0\u00bb.vc_custom_1444994585214{margin-bottom: 35px !important;}\u00a0\u00bb][vc_single_image image=\u00a0\u00bb72013&Prime; img_size=\u00a0\u00bbfull\u00a0\u00bb add_caption=\u00a0\u00bbyes\u00a0\u00bb onclick=\u00a0\u00bblink_image\u00a0\u00bb][\/vc_column][\/vc_row][vc_row type=\u00a0\u00bbcontainer\u00a0\u00bb padding_top=\u00a0\u00bb\u00a0\u00bb padding_bottom=\u00a0\u00bb\u00a0\u00bb css=\u00a0\u00bb.vc_custom_1444505155795{margin-bottom: 0px !important;}\u00a0\u00bb][vc_column][vc_column_text css=\u00a0\u00bb\u00a0\u00bb]<\/p>\n<table border=\"1\" width=\"100%\" cellspacing=\"0\" cellpadding=\"9\">\n<colgroup>\n<col width=\"263\" \/>\n<col width=\"283\" \/>\n<col width=\"250\" \/> <\/colgroup>\n<tbody>\n<tr bgcolor=\"#db0757\">\n<td style=\"text-align: center\" width=\"263\"><span style=\"color: #ffffff\"><strong>M\u00c9TIERS CIBL\u00c9S<\/strong><\/span><\/td>\n<td style=\"text-align: center\" width=\"283\"><span style=\"color: #ffffff\"><strong>OBJECTIFS<\/strong><\/span><\/td>\n<td style=\"text-align: center\" width=\"250\"><span style=\"color: #ffffff\"><strong>LIEUX D\u2019EXERCICE<\/strong><\/span><\/td>\n<\/tr>\n<tr valign=\"TOP\">\n<td width=\"32%\" height=\"127\">\n<ul>\n<li>Secr\u00e9taire m\u00e9dical<\/li>\n<li>Secr\u00e9taire assistant m\u00e9dical<\/li>\n<li>Secr\u00e9taire administratif et m\u00e9dical<\/li>\n<li>Assistant m\u00e9dico administratif<\/li>\n<\/ul>\n<\/td>\n<td width=\"36%\">\n<ul>\n<li>Accueillir, renseigner et orienter un patient<\/li>\n<li>G\u00e9rer les plannings et les agendas des professionnels de sant\u00e9<\/li>\n<li>R\u00e9aliser la prise en charge administrative et financi\u00e8re du patient<\/li>\n<li>Transmettre par \u00e9crit des informations administratives et m\u00e9dicales \u00e0 l&rsquo;interne et \u00e0 l&rsquo;externe<\/li>\n<li>Assurer le suivi m\u00e9dico-administratif du dossier patient<\/li>\n<li>Transcrire, v\u00e9rifier et mettre en forme des documents m\u00e9dicaux<\/li>\n<li>Renseigner sur l&rsquo;acc\u00e8s au dossier m\u00e9dical du patient ou pr\u00e9parer les \u00e9l\u00e9ments<\/li>\n<\/ul>\n<\/td>\n<td width=\"32%\">Structures m\u00e9dico-sociales<\/td>\n<\/tr>\n<\/tbody>\n<\/table>\n<p>[\/vc_column_text][\/vc_column][\/vc_row][vc_row type=\u00a0\u00bbcontainer\u00a0\u00bb padding_top=\u00a0\u00bb\u00a0\u00bb padding_bottom=\u00a0\u00bb\u00a0\u00bb][vc_column][vc_column_text]<\/p>\n<table border=\"1\" width=\"100%\" cellspacing=\"0\" cellpadding=\"9\">\n<tbody>\n<tr bgcolor=\"#db0757\">\n<td style=\"text-align: center\" width=\"36%\"><span style=\"color: #ffffff\"><strong>LIEUX<\/strong><\/span><\/td>\n<td style=\"text-align: center\" width=\"32%\"><strong><span style=\"color: #ffffff\">DATE &#8211; DUR\u00c9E<\/span><br \/>\n<\/strong><\/td>\n<td style=\"text-align: center\" width=\"32%\"><strong><span style=\"color: #ffffff\">FINANCEMENT &#8211; TARIF<\/span><br \/>\n<\/strong><\/td>\n<\/tr>\n<tr valign=\"TOP\">\n<td width=\"32%\" height=\"127\">La Roche-sur-Yon<\/p>\n<p>&nbsp;<\/td>\n<td width=\"36%\">Entr\u00e9es et sorties permanentes<\/p>\n<p>Nous consulter pour les dates de d\u00e9marrage des formations<\/p>\n<p>&nbsp;<\/td>\n<td width=\"32%\">OPCO, Entreprise, Transitions Pro, CPF, priv\u00e9<\/p>\n<p>ou<\/p>\n<p>Alternance (contrat d\u2019apprentissage ou de professionnalisation)<\/td>\n<\/tr>\n<\/tbody>\n<\/table>\n<p>[\/vc_column_text][\/vc_column][\/vc_row][vc_row type=\u00a0\u00bbcontainer\u00a0\u00bb padding_top=\u00a0\u00bb\u00a0\u00bb padding_bottom=\u00a0\u00bb\u00a0\u00bb][vc_column][vc_tta_accordion active_section=\u00a0\u00bb0&Prime; collapsible_all=\u00a0\u00bbtrue\u00a0\u00bb][vc_tta_section title=\u00a0\u00bbProgramme\u00a0\u00bb tab_id=\u00a0\u00bb1578592347292-4db1c19e-3ddd\u00a0\u00bb][vc_column_text css=\u00a0\u00bb\u00a0\u00bb]<strong>1- \u00a0Assurer l&rsquo;accueil du patient et les activit\u00e9s administratives courantes d&rsquo;une structure m\u00e9dicale<\/strong><\/p>\n<p>-Accueillir, renseigner et orienter un patient<\/p>\n<p>-G\u00e9rer les plannings et les agendas des professionnels de sant\u00e9<\/p>\n<p>-R\u00e9aliser la prise en charge administrative et financi\u00e8re du patient<\/p>\n<p>-Transmettre par \u00e9crit des informations administratives et m\u00e9dicales \u00e0 l&rsquo;interne et \u00e0 l&rsquo;externe<\/p>\n<p><strong>2- Assister les professionnels de sant\u00e9 d&rsquo;une structure m\u00e9dicale dans le suivi et la coordination du parcours du patient<\/strong><\/p>\n<p>-Assurer le suivi m\u00e9dico-administratif du dossier patient<\/p>\n<p>-Transcrire, v\u00e9rifier et mettre en forme des documents m\u00e9dicaux<\/p>\n<p>&#8211; Renseigner sur l&rsquo;acc\u00e8s au dossier m\u00e9dical du patient ou pr\u00e9parer les \u00e9l\u00e9ments[\/vc_column_text][\/vc_tta_section][vc_tta_section title=\u00a0\u00bbModalit\u00e9s d&rsquo;inscription et d&rsquo;admission\u00a0\u00bb tab_id=\u00a0\u00bb1578592347309-acc3a92d-2ad7&Prime;][vc_column_text css=\u00a0\u00bb\u00a0\u00bb]<strong>PR\u00c9-REQUIS<\/strong><br \/>\nNiveau 3 valid\u00e9 ou \u00e9quivalent<\/p>\n<p><strong>ADMISSION<\/strong><\/p>\n<p>Projet professionnel valid\u00e9<\/p>\n<p>Dossier de candidature<\/p>\n<p>Entretien individuel\/motivations<\/p>\n<p>Tests de niveaux<\/p>\n<p><strong>Formation accessible aux personnes en situation de handicap<\/strong>[\/vc_column_text][\/vc_tta_section][vc_tta_section title=\u00a0\u00bbCertification\u00a0\u00bb tab_id=\u00a0\u00bb1578592705296-23f03f29-6184&Prime;][vc_column_text css=\u00a0\u00bb\u00a0\u00bb]<strong>Titre professionnel Minist\u00e8re du travail du plein emploi et de l\u2019insertion \u00abSecr\u00e9taire Assistant M\u00e9dico-Administratif\u00bb<\/strong><br \/>\n<strong>Niveau 4 RNCP 40800TP<\/strong><\/p>\n<p><a href=\"https:\/\/www.francecompetences.fr\/recherche\/rncp\/40800\/\">RNCP40800 &#8211; TP &#8211; Secr\u00e9taire assistant(e) sp\u00e9cialis\u00e9(e) m\u00e9dico-administratif<\/a><\/p>\n<p><em>Possibilit\u00e9 de validation partielle du titre par l&rsquo;obtention de Certificats de Comp\u00e9tences Professionnels. <\/em><\/p>\n<p><strong>Mise \u00e0 jour 09\/25<\/strong>[\/vc_column_text][\/vc_tta_section][\/vc_tta_accordion][\/vc_column][\/vc_row][vc_row type=\u00a0\u00bbcontainer\u00a0\u00bb padding_top=\u00a0\u00bb\u00a0\u00bb padding_bottom=\u00a0\u00bb\u00a0\u00bb css=\u00a0\u00bb.vc_custom_1444505165647{margin-bottom: 0px !important;padding-top: 10px !important;}\u00a0\u00bb][vc_column][vc_separator color=\u00a0\u00bb#e2e2e2&Prime; type=\u00a0\u00bbnormal\u00a0\u00bb thickness=\u00a0\u00bb1&Prime; up=\u00a0\u00bb\u00a0\u00bb down=\u00a0\u00bb\u00a0\u00bb el_class=\u00a0\u00bbdotted\u00a0\u00bb][\/vc_column][\/vc_row][vc_row type=\u00a0\u00bbcontainer\u00a0\u00bb padding_top=\u00a0\u00bb\u00a0\u00bb padding_bottom=\u00a0\u00bb\u00a0\u00bb][vc_column][vc_raw_html css=\u00a0\u00bb\u00a0\u00bb]JTNDYXNpZGUlMjBjbGFzcyUzRCUyMndpZGdldC0zJTIwd2lkZ2V0LWxhc3QlMjB3aWRnZXQtb2RkJTIwYm94ZWQlMjBkb2N1bWVudCUyMHdpZGdldCUyMHdpZGdldF90ZXh0JTIyJTIwaWQlM0QlMjJ0ZXh0LTMlMjIlM0UlMEElM0NoNCUyMGNsYXNzJTNEJTIyd2lkZ2V0LXRpdGxlJTIyJTNFJTNDc3BhbiUzRVQlQzMlQTlsJUMzJUE5Y2hhcmdleiUyMGxhJTIwcGxhcXVldHRlJTNDJTJGc3BhbiUzRSUzQyUyRmg0JTNFJTBBJTNDZGl2JTIwY2xhc3MlM0QlMjJ0ZXh0d2lkZ2V0JTIyJTNFJTBBJTNDcCUzRUQlQzMlQTljb3V2cmV6JTIwbGElMjBmb3JtYXRpb24lMjBwbHVzJTIwZW4lMjBkJUMzJUE5dGFpbCUyMGdyJUMzJUEyY2UlMjAlQzMlQTAlMjBjZXR0ZSUyMHBsYXF1ZXR0ZSUyMGRlc2NyaXB0aXZlLiUzQyUyRnAlM0UlMEElM0NwJTNFJTNDYSUyMHRhcmdldCUzRCUyMl9ibGFuayUyMiUyMGNsYXNzJTNEJTIycGRmJTIyJTIwaHJlZiUzRCUyMmh0dHBzJTNBJTJGJTJGZHJpdmUuZ29vZ2xlLmNvbSUyRmZpbGUlMkZkJTJGMUlQX3l4NzRLOGZuYmJscS16Q3pqUDBFU0hXaWR0SThCJTJGdmlldyUzRnVzcCUzRHNoYXJpbmclMjIlM0VUJUMzJUE5bCVDMyVBOWNoYXJnZXIlMjBlbiUyMFBERiUzQyUyRmElM0UlM0MlMkZwJTNFJTBBJTNDJTJGZGl2JTNFJTBBJTNDJTJGYXNpZGUlM0U=[\/vc_raw_html][\/vc_column][\/vc_row][vc_row type=\u00a0\u00bbcontainer\u00a0\u00bb padding_top=\u00a0\u00bb\u00a0\u00bb padding_bottom=\u00a0\u00bb\u00a0\u00bb][vc_column][vc_btn title=\u00a0\u00bbCANDIDATER POUR CETTE FORMATION\u00a0\u00bb style=\u00a0\u00bbcustom\u00a0\u00bb custom_background=\u00a0\u00bb#aac627&Prime; custom_text=\u00a0\u00bb#ffffff\u00a0\u00bb size=\u00a0\u00bblg\u00a0\u00bb align=\u00a0\u00bbcenter\u00a0\u00bb i_align=\u00a0\u00bbright\u00a0\u00bb i_icon_fontawesome=\u00a0\u00bb\u00a0\u00bb button_block=\u00a0\u00bbtrue\u00a0\u00bb add_icon=\u00a0\u00bbtrue\u00a0\u00bb link=\u00a0\u00bburl:https%3A%2F%2Fformations-vendee.com%2Fcofae%2Ftelecharger-le-dossier-de-candidature-cofae%2F|title:T%C3%A9l%C3%A9charger%20le%20dossier%20de%20candidature%20COFAE||\u00a0\u00bb][\/vc_column][\/vc_row]<\/p>\n<\/div>","protected":false},"excerpt":{"rendered":"<p>[vc_row type=\u00a0\u00bbcontainer\u00a0\u00bb padding_top=\u00a0\u00bb\u00a0\u00bb padding_bottom=\u00a0\u00bb\u00a0\u00bb css=\u00a0\u00bb.vc_custom_1445094705330{margin-bottom: 0px !important;}\u00a0\u00bb][vc_column width=\u00a0\u00bb1\/2&Prime; css=\u00a0\u00bb.vc_custom_1444994576899{margin-bottom: 35px !important;}\u00a0\u00bb][vc_column_text css=\u00a0\u00bb\u00a0\u00bb]Le\/la secr\u00e9taire assistant m\u00e9dico-administratif exerce ses activit\u00e9s professionnelles dans le respect du secret professionnel, du secret m\u00e9dical, des r\u00e8gles de confidentialit\u00e9 et d&rsquo;identitovigilance. Il\/elle intervient dans un cadre \u00e9thique et dans le respect des droits des patients. Il\/elle applique les proc\u00e9dures en vigueur dans [&hellip;]<\/p>\n","protected":false},"author":1,"featured_media":0,"parent":71828,"menu_order":1,"comment_status":"closed","ping_status":"closed","template":"","meta":{"_acf_changed":false,"_seopress_robots_primary_cat":"","_seopress_titles_title":"","_seopress_titles_desc":"","_seopress_robots_index":"","footnotes":""},"class_list":["post-71836","page","type-page","status-publish","hentry"],"acf":[],"_links":{"self":[{"href":"https:\/\/formations-vendee.com\/cofae\/wp-json\/wp\/v2\/pages\/71836","targetHints":{"allow":["GET"]}}],"collection":[{"href":"https:\/\/formations-vendee.com\/cofae\/wp-json\/wp\/v2\/pages"}],"about":[{"href":"https:\/\/formations-vendee.com\/cofae\/wp-json\/wp\/v2\/types\/page"}],"author":[{"embeddable":true,"href":"https:\/\/formations-vendee.com\/cofae\/wp-json\/wp\/v2\/users\/1"}],"replies":[{"embeddable":true,"href":"https:\/\/formations-vendee.com\/cofae\/wp-json\/wp\/v2\/comments?post=71836"}],"version-history":[{"count":7,"href":"https:\/\/formations-vendee.com\/cofae\/wp-json\/wp\/v2\/pages\/71836\/revisions"}],"predecessor-version":[{"id":81451,"href":"https:\/\/formations-vendee.com\/cofae\/wp-json\/wp\/v2\/pages\/71836\/revisions\/81451"}],"up":[{"embeddable":true,"href":"https:\/\/formations-vendee.com\/cofae\/wp-json\/wp\/v2\/pages\/71828"}],"wp:attachment":[{"href":"https:\/\/formations-vendee.com\/cofae\/wp-json\/wp\/v2\/media?parent=71836"}],"curies":[{"name":"wp","href":"https:\/\/api.w.org\/{rel}","templated":true}]}}