{"id":71830,"date":"2016-03-05T11:39:37","date_gmt":"2016-03-05T10:39:37","guid":{"rendered":"https:\/\/formations-vendee.com\/cofae\/?page_id=71830"},"modified":"2025-02-13T14:21:18","modified_gmt":"2025-02-13T13:21:18","slug":"secretaire-assistante","status":"publish","type":"page","link":"https:\/\/formations-vendee.com\/cofae\/nos-formations\/ressources-humaines-paie\/secretaire-assistante\/","title":{"rendered":"Secr\u00e9taire Assistant(e)"},"content":{"rendered":"<div class=\"wpb-content-wrapper\"><p>[vc_row type=\u00a0\u00bbcontainer\u00a0\u00bb padding_top=\u00a0\u00bb\u00a0\u00bb padding_bottom=\u00a0\u00bb\u00a0\u00bb css=\u00a0\u00bb.vc_custom_1445094705330{margin-bottom: 0px !important;}\u00a0\u00bb][vc_column width=\u00a0\u00bb1\/2&Prime; css=\u00a0\u00bb.vc_custom_1444994576899{margin-bottom: 35px !important;}\u00a0\u00bb][vc_column_text]L&#8217;emploi de secr\u00e9taire assistant se caract\u00e9rise par une grande polyvalence. Le secr\u00e9taire assistant joue un r\u00f4le essentiel dans le fonctionnement d&rsquo;un service ou d&rsquo;une entreprise, ses missions se situant au c\u0153ur de l&rsquo;activit\u00e9 quotidienne. Il intervient en appui administratif et logistique aupr\u00e8s d&rsquo;un responsable hi\u00e9rarchique ou d&rsquo;une \u00e9quipe, assure la coordination et l&rsquo;organisation des informations, effectue le suivi administratif des fonctions commerciales ou traite les dossiers administratifs courants des ressources humaines. Il peut contribuer \u00e0 la gestion de certains dossiers sp\u00e9cifiques.[\/vc_column_text][\/vc_column][vc_column width=\u00a0\u00bb1\/2&Prime; css=\u00a0\u00bb.vc_custom_1444994585214{margin-bottom: 35px !important;}\u00a0\u00bb][vc_single_image image=\u00a0\u00bb72009&Prime; img_size=\u00a0\u00bbfull\u00a0\u00bb add_caption=\u00a0\u00bbyes\u00a0\u00bb onclick=\u00a0\u00bblink_image\u00a0\u00bb][\/vc_column][\/vc_row][vc_row type=\u00a0\u00bbcontainer\u00a0\u00bb padding_top=\u00a0\u00bb\u00a0\u00bb padding_bottom=\u00a0\u00bb\u00a0\u00bb css=\u00a0\u00bb.vc_custom_1444505155795{margin-bottom: 0px !important;}\u00a0\u00bb][vc_column][vc_column_text]<\/p>\n<table border=\"1\" width=\"100%\" cellspacing=\"0\" cellpadding=\"9\">\n<colgroup>\n<col width=\"263\" \/>\n<col width=\"283\" \/>\n<col width=\"250\" \/> <\/colgroup>\n<tbody>\n<tr bgcolor=\"#aac627\">\n<td width=\"263\"><strong>M\u00c9TIERS CIBL\u00c9S<\/strong><\/td>\n<td width=\"283\"><strong>OBJECTIFS<\/strong><\/td>\n<td width=\"250\"><strong>LIEUX D\u2019EXERCICE<\/strong><\/td>\n<\/tr>\n<tr valign=\"TOP\">\n<td width=\"32%\" height=\"127\">\n<ul>\n<li>Secr\u00e9taire<\/li>\n<li>Secr\u00e9taire administratif<\/li>\n<li>Secr\u00e9taire polyvalent<\/li>\n<li>Assistant administratif<\/li>\n<\/ul>\n<\/td>\n<td width=\"36%\">\n<ul>\n<li>Acqu\u00e9rir les comp\u00e9tences du m\u00e9tier et obtenir<br \/>\nla certification<\/li>\n<li>Produire des documents professionnels courants<\/li>\n<li>Assurer l&rsquo;administration des achats et des ventes<\/li>\n<li>Communiquer des informations par \u00e9crit<\/li>\n<li>R\u00e9pondre aux demandes d&rsquo;information des clients et<br \/>\ntraiter les r\u00e9clamations courantes<\/li>\n<\/ul>\n<\/td>\n<td width=\"32%\">Tous types d\u2019entreprises, priv\u00e9es, \u00e9tablissements publics, associations et dans tous secteurs d\u2019activit\u00e9s.<\/td>\n<\/tr>\n<\/tbody>\n<\/table>\n<p>[\/vc_column_text][\/vc_column][\/vc_row][vc_row type=\u00a0\u00bbcontainer\u00a0\u00bb padding_top=\u00a0\u00bb\u00a0\u00bb padding_bottom=\u00a0\u00bb\u00a0\u00bb][vc_column][vc_column_text]<\/p>\n<table border=\"1\" width=\"100%\" cellspacing=\"0\" cellpadding=\"9\">\n<tbody>\n<tr bgcolor=\"#aac627\">\n<td width=\"36%\"><strong>LIEUX<\/strong><\/td>\n<td width=\"32%\"><strong>DATE &#8211; DUR\u00c9E<br \/>\n<\/strong><\/td>\n<td width=\"32%\"><strong>FINANCEMENT &#8211; TARIF<br \/>\n<\/strong><\/td>\n<\/tr>\n<tr valign=\"TOP\">\n<td width=\"32%\" height=\"127\">La Roche Sur Yon<\/p>\n<p>&nbsp;<\/td>\n<td width=\"36%\"><strong>Nous consulter pour les dates de d\u00e9marrage des formations<\/strong><\/p>\n<p>Dur\u00e9e de 5 mois avec 5 semaines de stage en entreprise<\/p>\n<p>&nbsp;<\/td>\n<td width=\"32%\">OPCO, Entreprise, Transitions Pro, CPF, priv\u00e9<\/p>\n<p>ou<\/p>\n<p>Alternance (contrat d\u2019apprentissage ou de professionnalisation)<\/td>\n<\/tr>\n<\/tbody>\n<\/table>\n<p>[\/vc_column_text][\/vc_column][\/vc_row][vc_row type=\u00a0\u00bbcontainer\u00a0\u00bb padding_top=\u00a0\u00bb\u00a0\u00bb padding_bottom=\u00a0\u00bb\u00a0\u00bb][vc_column][vc_tta_accordion active_section=\u00a0\u00bb0&Prime; collapsible_all=\u00a0\u00bbtrue\u00a0\u00bb][vc_tta_section title=\u00a0\u00bbProgramme\u00a0\u00bb tab_id=\u00a0\u00bb1578592347292-4db1c19e-3ddd\u00a0\u00bb][vc_column_text]<strong>1- Assister une \u00e9quipe dans la communication des<\/strong><br \/>\n<strong>informations et l&rsquo;organisation des activit\u00e9s RNCP 36804-BC01<\/strong><\/p>\n<p>&#8211; Produire des documents professionnels courants<\/p>\n<p>&#8211; Communiquer des informations par \u00e9crit<\/p>\n<p>&#8211; Assurer la tra\u00e7abilit\u00e9 et la conservation des informations<\/p>\n<p>&#8211; Accueillir un visiteur et transmettre des informations<br \/>\noralement<\/p>\n<p>&#8211; Planifier et organiser les activit\u00e9s de l&rsquo;\u00e9quipe<\/p>\n<p>&nbsp;<\/p>\n<p><strong>2- Traiter les op\u00e9rations administratives li\u00e9es \u00e0 la gestion<\/strong><br \/>\n<strong>commerciale et aux ressources humaines RNCP 36804-BC02<\/strong><\/p>\n<p>&#8211; Assurer l&rsquo;administration des achats et des ventes<\/p>\n<p>&#8211; R\u00e9pondre aux demandes d&rsquo;information des clients et<br \/>\ntraiter les r\u00e9clamations courantes<\/p>\n<p>&#8211; Elaborer et actualiser des tableaux de suivi de<br \/>\nl&rsquo;activit\u00e9 commerciale<\/p>\n<p>&#8211; Assurer le suivi administratif courant du personnel[\/vc_column_text][\/vc_tta_section][vc_tta_section title=\u00a0\u00bbModalit\u00e9s d&rsquo;inscription et d&rsquo;admission\u00a0\u00bb tab_id=\u00a0\u00bb1578592347309-acc3a92d-2ad7&Prime;][vc_column_text css=\u00a0\u00bb\u00a0\u00bb]<strong>PR\u00c9-REQUIS<\/strong><br \/>\nNiveau 3 valid\u00e9 ou \u00e9quivalent<\/p>\n<p><strong>ADMISSION<\/strong><\/p>\n<p><span style=\"font-family: 'Georgia',serif;color: #333333\">Dossier de candidature<\/span><\/p>\n<p><span style=\"font-family: 'Georgia',serif;color: #333333\">Entretien individuel<\/span><\/p>\n<p><span style=\"font-family: 'Georgia',serif;color: #333333\">Tests sur les comp\u00e9tences de bases<\/span><\/p>\n<p><strong>Formation accessible aux personnes en situation de handicap<\/strong>[\/vc_column_text][\/vc_tta_section][vc_tta_section title=\u00a0\u00bbCertification\u00a0\u00bb tab_id=\u00a0\u00bb1578592705296-23f03f29-6184&Prime;][vc_column_text css=\u00a0\u00bb\u00a0\u00bb]<strong>Titre Professionnel Minist\u00e8re Charg\u00e9 de l&rsquo;Emploi \u00ab\u00a0<\/strong><strong>Secr\u00e9taire Assistant\u00a0\u00bb- Niveau 4 (BAC)<\/strong><\/p>\n<p><strong>R\u00e9pertori\u00e9 au RNCP<\/strong><\/p>\n<p><a href=\"https:\/\/www.francecompetences.fr\/recherche\/rncp\/36804\/\">RNCP36804 &#8211; TP &#8211; Secr\u00e9taire assistant<\/a><\/p>\n<p><em>Possibilit\u00e9 de validation partielle du titre par l&rsquo;obtention de Certificats de Comp\u00e9tences Professionnels. <\/em><\/p>\n<p><strong>Mise \u00e0 jour 01\/25<\/strong>[\/vc_column_text][\/vc_tta_section][\/vc_tta_accordion][\/vc_column][\/vc_row][vc_row type=\u00a0\u00bbcontainer\u00a0\u00bb padding_top=\u00a0\u00bb\u00a0\u00bb padding_bottom=\u00a0\u00bb\u00a0\u00bb css=\u00a0\u00bb.vc_custom_1444505165647{margin-bottom: 0px !important;padding-top: 10px !important;}\u00a0\u00bb][vc_column][vc_separator color=\u00a0\u00bb#e2e2e2&Prime; type=\u00a0\u00bbnormal\u00a0\u00bb thickness=\u00a0\u00bb1&Prime; up=\u00a0\u00bb\u00a0\u00bb down=\u00a0\u00bb\u00a0\u00bb el_class=\u00a0\u00bbdotted\u00a0\u00bb][\/vc_column][\/vc_row][vc_row type=\u00a0\u00bbcontainer\u00a0\u00bb padding_top=\u00a0\u00bb\u00a0\u00bb padding_bottom=\u00a0\u00bb\u00a0\u00bb][vc_column][vc_raw_html]JTNDYXNpZGUlMjBjbGFzcyUzRCUyMndpZGdldC0zJTIwd2lkZ2V0LWxhc3QlMjB3aWRnZXQtb2RkJTIwYm94ZWQlMjBkb2N1bWVudCUyMHdpZGdldCUyMHdpZGdldF90ZXh0JTIyJTIwaWQlM0QlMjJ0ZXh0LTMlMjIlM0UlMEElM0NoNCUyMGNsYXNzJTNEJTIyd2lkZ2V0LXRpdGxlJTIyJTNFJTNDc3BhbiUzRVQlQzMlQTlsJUMzJUE5Y2hhcmdleiUyMGxhJTIwcGxhcXVldHRlJTNDJTJGc3BhbiUzRSUzQyUyRmg0JTNFJTBBJTNDZGl2JTIwY2xhc3MlM0QlMjJ0ZXh0d2lkZ2V0JTIyJTNFJTBBJTNDcCUzRUQlQzMlQTljb3V2cmV6JTIwbGElMjBmb3JtYXRpb24lMjBwbHVzJTIwZW4lMjBkJUMzJUE5dGFpbCUyMGdyJUMzJUEyY2UlMjAlQzMlQTAlMjBjZXR0ZSUyMHBsYXF1ZXR0ZSUyMGRlc2NyaXB0aXZlLiUzQyUyRnAlM0UlMEElM0NwJTNFJTNDYSUyMHRhcmdldCUzRCUyMl9ibGFuayUyMiUyMGNsYXNzJTNEJTIycGRmJTIyJTIwaHJlZiUzRCUyMmh0dHBzJTNBJTJGJTJGZHJpdmUuZ29vZ2xlLmNvbSUyRmZpbGUlMkZkJTJGMUlZMXpZNWdKTk0xWFZCREFON21fNm9kRTR1ZDQ4OU5GJTJGdmlldyUzRnVzcCUzRHNoYXJpbmclMjIlM0VUJUMzJUE5bCVDMyVBOWNoYXJnZXIlMjBlbiUyMFBERiUzQyUyRmElM0UlM0MlMkZwJTNFJTBBJTNDJTJGZGl2JTNFJTBBJTNDJTJGYXNpZGUlM0U=[\/vc_raw_html][\/vc_column][\/vc_row][vc_row type=\u00a0\u00bbcontainer\u00a0\u00bb padding_top=\u00a0\u00bb\u00a0\u00bb padding_bottom=\u00a0\u00bb\u00a0\u00bb][vc_column][vc_btn title=\u00a0\u00bbCANDIDATER POUR CETTE FORMATION\u00a0\u00bb style=\u00a0\u00bbcustom\u00a0\u00bb custom_background=\u00a0\u00bb#aac627&Prime; custom_text=\u00a0\u00bb#ffffff\u00a0\u00bb size=\u00a0\u00bblg\u00a0\u00bb align=\u00a0\u00bbcenter\u00a0\u00bb i_align=\u00a0\u00bbright\u00a0\u00bb i_icon_fontawesome=\u00a0\u00bb\u00a0\u00bb button_block=\u00a0\u00bbtrue\u00a0\u00bb add_icon=\u00a0\u00bbtrue\u00a0\u00bb link=\u00a0\u00bburl:https%3A%2F%2Fformations-vendee.com%2Fcofae%2Ftelecharger-le-dossier-de-candidature-cofae%2F|title:T%C3%A9l%C3%A9charger%20le%20dossier%20de%20candidature%20COFAE||\u00a0\u00bb][\/vc_column][\/vc_row]<\/p>\n<\/div>","protected":false},"excerpt":{"rendered":"<p>[vc_row type=\u00a0\u00bbcontainer\u00a0\u00bb padding_top=\u00a0\u00bb\u00a0\u00bb padding_bottom=\u00a0\u00bb\u00a0\u00bb css=\u00a0\u00bb.vc_custom_1445094705330{margin-bottom: 0px !important;}\u00a0\u00bb][vc_column width=\u00a0\u00bb1\/2&Prime; css=\u00a0\u00bb.vc_custom_1444994576899{margin-bottom: 35px !important;}\u00a0\u00bb][vc_column_text]L&#8217;emploi de secr\u00e9taire assistant se caract\u00e9rise par une grande polyvalence. Le secr\u00e9taire assistant joue un r\u00f4le essentiel dans le fonctionnement d&rsquo;un service ou d&rsquo;une entreprise, ses missions se situant au c\u0153ur de l&rsquo;activit\u00e9 quotidienne. Il intervient en appui administratif et logistique aupr\u00e8s d&rsquo;un responsable hi\u00e9rarchique [&hellip;]<\/p>\n","protected":false},"author":1,"featured_media":0,"parent":70915,"menu_order":1,"comment_status":"closed","ping_status":"closed","template":"","meta":{"_acf_changed":false,"_seopress_robots_primary_cat":"","_seopress_titles_title":"","_seopress_titles_desc":"","_seopress_robots_index":"","footnotes":""},"class_list":["post-71830","page","type-page","status-publish","hentry"],"acf":[],"_links":{"self":[{"href":"https:\/\/formations-vendee.com\/cofae\/wp-json\/wp\/v2\/pages\/71830","targetHints":{"allow":["GET"]}}],"collection":[{"href":"https:\/\/formations-vendee.com\/cofae\/wp-json\/wp\/v2\/pages"}],"about":[{"href":"https:\/\/formations-vendee.com\/cofae\/wp-json\/wp\/v2\/types\/page"}],"author":[{"embeddable":true,"href":"https:\/\/formations-vendee.com\/cofae\/wp-json\/wp\/v2\/users\/1"}],"replies":[{"embeddable":true,"href":"https:\/\/formations-vendee.com\/cofae\/wp-json\/wp\/v2\/comments?post=71830"}],"version-history":[{"count":7,"href":"https:\/\/formations-vendee.com\/cofae\/wp-json\/wp\/v2\/pages\/71830\/revisions"}],"predecessor-version":[{"id":74982,"href":"https:\/\/formations-vendee.com\/cofae\/wp-json\/wp\/v2\/pages\/71830\/revisions\/74982"}],"up":[{"embeddable":true,"href":"https:\/\/formations-vendee.com\/cofae\/wp-json\/wp\/v2\/pages\/70915"}],"wp:attachment":[{"href":"https:\/\/formations-vendee.com\/cofae\/wp-json\/wp\/v2\/media?parent=71830"}],"curies":[{"name":"wp","href":"https:\/\/api.w.org\/{rel}","templated":true}]}}