{"id":71828,"date":"2016-02-05T08:57:35","date_gmt":"2016-02-05T07:57:35","guid":{"rendered":"https:\/\/formations-vendee.com\/cofae\/?page_id=71828"},"modified":"2021-04-08T11:39:09","modified_gmt":"2021-04-08T10:39:09","slug":"secretaire-assistante","status":"publish","type":"page","link":"https:\/\/formations-vendee.com\/cofae\/nos-formations\/secretaire-assistante\/","title":{"rendered":"Secr\u00e9taires Assistants"},"content":{"rendered":"<div class=\"wpb-content-wrapper\"><p>[vc_row type=\u00a0\u00bbcontainer\u00a0\u00bb padding_top=\u00a0\u00bb\u00a0\u00bb padding_bottom=\u00a0\u00bb\u00a0\u00bb css=\u00a0\u00bb.vc_custom_1445094705330{margin-bottom: 0px !important;}\u00a0\u00bb][vc_column width=\u00a0\u00bb1\/2&Prime; css=\u00a0\u00bb.vc_custom_1444994576899{margin-bottom: 35px !important;}\u00a0\u00bb][vc_column_text]<strong>COFAE<\/strong> dispense des <strong>formations<\/strong> sur les m\u00e9tiers de secr\u00e9taires assistant(e)s.<\/p>\n<p>Cette fonction est centrale au sein de l&rsquo;entreprise. Le secr\u00e9taire assistant est souvent le premier interlocuteur des collaborateurs et des partenaires externes.\u00a0 Ce m\u00e9tier permet de mettre en oeuvre des taches et des outils tr\u00e8s diversifi\u00e9s. Il requiert des capacit\u00e9s d\u2019observation et d&rsquo;adaptation importantes. Il se d\u00e9cline en sp\u00e9cialit\u00e9s comptable, m\u00e9dico-sociale, commerciale.<\/p>\n<p><strong>Nos formateurs sont des professionnels<\/strong>, anciens salari\u00e9s ou responsable d&rsquo;entreprise. Ils transmettent leur savoir et leur exp\u00e9rience.<\/p>\n<p>Toutes nos formations participent \u00e0 l\u2019obtention d\u2019un dipl\u00f4me, d\u2019une qualification ou d\u2019une certification. Certaines sont r\u00e9alisables en contrat de professionnalisation\u2026 Un vrai tremplin vers l\u2019emploi. Choisissez votre futur m\u00e9tier ![\/vc_column_text][\/vc_column][vc_column width=\u00a0\u00bb1\/2&Prime; css=\u00a0\u00bb.vc_custom_1444994585214{margin-bottom: 35px !important;}\u00a0\u00bb][vc_single_image image=\u00a0\u00bb72156&Prime; img_size=\u00a0\u00bbfull\u00a0\u00bb onclick=\u00a0\u00bbcustom_link\u00a0\u00bb css_animation=\u00a0\u00bbright-to-left\u00a0\u00bb link=\u00a0\u00bbhttps:\/\/formations-vendee.com\/cofae\/nos-formations\/secretaire-assistante\/secretaire-assistante\/\u00a0\u00bb][\/vc_column][\/vc_row][vc_row type=\u00a0\u00bbcontainer\u00a0\u00bb padding_top=\u00a0\u00bb\u00a0\u00bb padding_bottom=\u00a0\u00bb\u00a0\u00bb css=\u00a0\u00bb.vc_custom_1444505165647{margin-bottom: 0px !important;padding-top: 10px !important;}\u00a0\u00bb][vc_column][vc_separator color=\u00a0\u00bb#e2e2e2&Prime; type=\u00a0\u00bbnormal\u00a0\u00bb thickness=\u00a0\u00bb1&Prime; up=\u00a0\u00bb\u00a0\u00bb down=\u00a0\u00bb\u00a0\u00bb el_class=\u00a0\u00bbdotted\u00a0\u00bb][\/vc_column][\/vc_row][vc_row type=\u00a0\u00bbcontainer\u00a0\u00bb padding_top=\u00a0\u00bb\u00a0\u00bb padding_bottom=\u00a0\u00bb\u00a0\u00bb css=\u00a0\u00bb.vc_custom_1457182799805{padding-top: 30px !important;}\u00a0\u00bb][vc_column][vc_column_text]<strong>Naviguez parmi nos formations dans la colonne de gauche ou ci-dessous en version mobile.<\/strong>[\/vc_column_text][\/vc_column][\/vc_row]<\/p>\n<\/div>","protected":false},"excerpt":{"rendered":"<p>[vc_row type=\u00a0\u00bbcontainer\u00a0\u00bb padding_top=\u00a0\u00bb\u00a0\u00bb padding_bottom=\u00a0\u00bb\u00a0\u00bb css=\u00a0\u00bb.vc_custom_1445094705330{margin-bottom: 0px !important;}\u00a0\u00bb][vc_column width=\u00a0\u00bb1\/2&Prime; css=\u00a0\u00bb.vc_custom_1444994576899{margin-bottom: 35px !important;}\u00a0\u00bb][vc_column_text]COFAE dispense des formations sur les m\u00e9tiers de secr\u00e9taires assistant(e)s. Cette fonction est centrale au sein de l&rsquo;entreprise. Le secr\u00e9taire assistant est souvent le premier interlocuteur des collaborateurs et des partenaires externes.\u00a0 Ce m\u00e9tier permet de mettre en oeuvre des taches et des outils tr\u00e8s [&hellip;]<\/p>\n","protected":false},"author":1,"featured_media":0,"parent":73,"menu_order":5,"comment_status":"closed","ping_status":"closed","template":"","meta":{"_acf_changed":false,"_seopress_robots_primary_cat":"","_seopress_titles_title":"","_seopress_titles_desc":"","_seopress_robots_index":"","footnotes":""},"class_list":["post-71828","page","type-page","status-publish","hentry"],"acf":[],"_links":{"self":[{"href":"https:\/\/formations-vendee.com\/cofae\/wp-json\/wp\/v2\/pages\/71828","targetHints":{"allow":["GET"]}}],"collection":[{"href":"https:\/\/formations-vendee.com\/cofae\/wp-json\/wp\/v2\/pages"}],"about":[{"href":"https:\/\/formations-vendee.com\/cofae\/wp-json\/wp\/v2\/types\/page"}],"author":[{"embeddable":true,"href":"https:\/\/formations-vendee.com\/cofae\/wp-json\/wp\/v2\/users\/1"}],"replies":[{"embeddable":true,"href":"https:\/\/formations-vendee.com\/cofae\/wp-json\/wp\/v2\/comments?post=71828"}],"version-history":[{"count":4,"href":"https:\/\/formations-vendee.com\/cofae\/wp-json\/wp\/v2\/pages\/71828\/revisions"}],"predecessor-version":[{"id":72465,"href":"https:\/\/formations-vendee.com\/cofae\/wp-json\/wp\/v2\/pages\/71828\/revisions\/72465"}],"up":[{"embeddable":true,"href":"https:\/\/formations-vendee.com\/cofae\/wp-json\/wp\/v2\/pages\/73"}],"wp:attachment":[{"href":"https:\/\/formations-vendee.com\/cofae\/wp-json\/wp\/v2\/media?parent=71828"}],"curies":[{"name":"wp","href":"https:\/\/api.w.org\/{rel}","templated":true}]}}