{"id":71506,"date":"2016-03-10T16:08:00","date_gmt":"2016-03-10T15:08:00","guid":{"rendered":"http:\/\/formations-vendee.com\/cofae\/?page_id=71506"},"modified":"2026-03-11T14:31:53","modified_gmt":"2026-03-11T13:31:53","slug":"ecm-employee-commerciale-en-magasin","status":"publish","type":"page","link":"https:\/\/formations-vendee.com\/cofae\/nos-formations\/commerce-distribution\/ecm-employee-commerciale-en-magasin\/","title":{"rendered":"EC &#8211; Employ\u00e9(e) Commercial(e)"},"content":{"rendered":"<div class=\"wpb-content-wrapper\"><p>[vc_row type=\u00a0\u00bbcontainer\u00a0\u00bb padding_top=\u00a0\u00bb\u00a0\u00bb padding_bottom=\u00a0\u00bb\u00a0\u00bb css=\u00a0\u00bb.vc_custom_1445094705330{margin-bottom: 0px !important;}\u00a0\u00bb][vc_column width=\u00a0\u00bb1\/2&Prime; css=\u00a0\u00bb.vc_custom_1444994576899{margin-bottom: 35px !important;}\u00a0\u00bb][vc_column_text]Pour contribuer \u00e0 l&rsquo;attractivit\u00e9 de l&rsquo;unit\u00e9 marchande et satisfaire la demande, l&#8217;employ\u00e9 commercial met les produits \u00e0 disposition des clients. Il les accueille avec attention et r\u00e9pond \u00e0 leur demande afin de s&rsquo;assurer de leur satisfaction et renforcer leur fid\u00e9lisation. L&#8217;employ\u00e9 commercial participe \u00e0 la r\u00e9ception des produits et v\u00e9rifie la conformit\u00e9 de la livraison. Il stocke et range les produits dans le respect des principes de s\u00e9curit\u00e9 et d&rsquo;optimisation de l&rsquo;effort. Il prend en compte l&rsquo;\u00e9tat des stocks, les ventes, les r\u00e9servations clients et les objectifs commerciaux pour mettre \u00e0 jour les param\u00e8tres de gestion des commandes.[\/vc_column_text][\/vc_column][vc_column width=\u00a0\u00bb1\/2&Prime; css=\u00a0\u00bb.vc_custom_1444994585214{margin-bottom: 35px !important;}\u00a0\u00bb][vc_single_image image=\u00a0\u00bb71808&Prime; img_size=\u00a0\u00bbfull\u00a0\u00bb add_caption=\u00a0\u00bbyes\u00a0\u00bb onclick=\u00a0\u00bblink_image\u00a0\u00bb][\/vc_column][\/vc_row][vc_row type=\u00a0\u00bbcontainer\u00a0\u00bb padding_top=\u00a0\u00bb\u00a0\u00bb padding_bottom=\u00a0\u00bb\u00a0\u00bb css=\u00a0\u00bb.vc_custom_1444505155795{margin-bottom: 0px !important;}\u00a0\u00bb][vc_column][vc_column_text]<\/p>\n<table border=\"1\" width=\"100%\" cellspacing=\"0\" cellpadding=\"9\">\n<colgroup>\n<col width=\"263\" \/>\n<col width=\"283\" \/>\n<col width=\"250\" \/> <\/colgroup>\n<tbody>\n<tr bgcolor=\"#60aee1\">\n<td style=\"text-align: center\" width=\"263\"><strong>M\u00c9TIERS CIBL\u00c9S<\/strong><\/td>\n<td style=\"text-align: center\" width=\"283\"><strong>OBJECTIFS<\/strong><\/td>\n<td style=\"text-align: center\" width=\"250\"><strong>LIEUX D\u2019EXERCICE<\/strong><\/td>\n<\/tr>\n<tr valign=\"TOP\">\n<td width=\"32%\" height=\"127\">\n<ul>\n<li>Employ\u00e9 polyvalent<\/li>\n<li>Employ\u00e9 de rayon non alimentaire<\/li>\n<li>H\u00f4te de caisse<\/li>\n<\/ul>\n<\/td>\n<td width=\"36%\">\n<ul>\n<li>Approvisionner l\u2019unit\u00e9 marchande<\/li>\n<li>Accueillir, renseigner et servir les clients<\/li>\n<li>Assurer la pr\u00e9sentation marchande des produits<\/li>\n<li>Tenir un poste de caisse<\/li>\n<li>Acqu\u00e9rir les comp\u00e9tences du m\u00e9tier et obtenir la certification<\/li>\n<\/ul>\n<\/td>\n<td width=\"32%\">Toute entreprise et tous les secteurs d\u2019activit\u00e9s sont concern\u00e9s<\/td>\n<\/tr>\n<\/tbody>\n<\/table>\n<p>[\/vc_column_text][\/vc_column][\/vc_row][vc_row type=\u00a0\u00bbcontainer\u00a0\u00bb padding_top=\u00a0\u00bb\u00a0\u00bb padding_bottom=\u00a0\u00bb\u00a0\u00bb][vc_column][vc_column_text css=\u00a0\u00bb\u00a0\u00bb]<\/p>\n<table border=\"1\" width=\"100%\" cellspacing=\"0\" cellpadding=\"9\">\n<tbody>\n<tr bgcolor=\"#60aee1\">\n<td style=\"text-align: center\" width=\"36%\"><strong>LIEU<\/strong><\/td>\n<td style=\"text-align: center\" width=\"32%\"><strong>DATES &#8211; DUR\u00c9E<br \/>\n<\/strong><\/td>\n<td style=\"text-align: center\" width=\"32%\"><strong>FINANCEMENT<br \/>\n<\/strong><\/td>\n<\/tr>\n<tr valign=\"TOP\">\n<td width=\"32%\" height=\"127\">La Roche-sur-Yon<\/p>\n<p>&nbsp;<\/p>\n<p>&nbsp;<\/td>\n<td width=\"36%\">Nous consulter pour les dates de d\u00e9marrage et la dur\u00e9e de la formation<\/p>\n<p>&nbsp;<\/td>\n<td width=\"32%\">Alternance (contrat d&rsquo;apprentissage ou de professionnalisation)<\/p>\n<p>Tarif : Nous consulter<\/p>\n<p>&nbsp;<\/td>\n<\/tr>\n<\/tbody>\n<\/table>\n<p>[\/vc_column_text][\/vc_column][\/vc_row][vc_row type=\u00a0\u00bbcontainer\u00a0\u00bb padding_top=\u00a0\u00bb\u00a0\u00bb padding_bottom=\u00a0\u00bb\u00a0\u00bb][vc_column][vc_tta_accordion active_section=\u00a0\u00bb0&Prime; collapsible_all=\u00a0\u00bbtrue\u00a0\u00bb][vc_tta_section title=\u00a0\u00bbProgramme\u00a0\u00bb tab_id=\u00a0\u00bb1578592347292-4db1c19e-3ddd\u00a0\u00bb][vc_column_text]<strong>1- Mettre \u00e0 disposition des clients les produits de l&rsquo;unit\u00e9 marchande dans un environnement omnicanal RNCP 37099-BC01<\/strong><\/p>\n<p><span style=\"font-weight: 400\">&#8211; Approvisionner l\u2019unit\u00e9 marchande\u00a0<\/span><\/p>\n<p><span style=\"font-weight: 400\">&#8211; Assurer la pr\u00e9sentation marchande des produits<\/span><\/p>\n<p><span style=\"font-weight: 400\"> &#8211; Contribuer \u00e0 la gestion et optimiser les stocks<\/span><\/p>\n<p><span style=\"font-weight: 400\">&#8211; Traiter les commandes de produits de clients\u00a0<\/span><\/p>\n<p><strong>2- Accueillir les clients et r\u00e9pondre \u00e0 leur demande dans\u00a0 un environnement omnicanal RNCP 37099-BC02\u00a0<\/strong><\/p>\n<p><span style=\"font-weight: 400\">&#8211; Accueillir, renseigner et servir les clients\u00a0<\/span><\/p>\n<p><span style=\"font-weight: 400\">&#8211; Contribuer \u00e0 l&rsquo;am\u00e9lioration de l&rsquo;exp\u00e9rience d&rsquo;achat<\/span><\/p>\n<p><span style=\"font-weight: 400\">&#8211; Tenir un poste de caisse et superviser les caisses libre-service<\/span>[\/vc_column_text][\/vc_tta_section][vc_tta_section title=\u00a0\u00bbModalit\u00e9s d&rsquo;inscription et d&rsquo;admission\u00a0\u00bb tab_id=\u00a0\u00bb1578592347309-acc3a92d-2ad7&Prime;][vc_column_text css=\u00a0\u00bb\u00a0\u00bb]<strong>PR\u00c9-REQUIS<\/strong><br \/>\nProjet professionnel valid\u00e9<\/p>\n<p><strong>ADMISSION<\/strong><\/p>\n<p>Dossier de candidature<\/p>\n<p>Entretien individuel<\/p>\n<p>Tests sur les comp\u00e9tences de bases<\/p>\n<p>Tests de positionnement sur les comp\u00e9tences m\u00e9tier<\/p>\n<p><strong>Construction d\u2019un parcours individualis\u00e9 en fonction des acquis et de votre projet professionnel<\/strong><\/p>\n<p><strong>Formation accessible aux personnes en situation de handicap<\/strong>[\/vc_column_text][\/vc_tta_section][vc_tta_section title=\u00a0\u00bbCertification\u00a0\u00bb tab_id=\u00a0\u00bb1578592705296-23f03f29-6184&Prime;][vc_column_text css=\u00a0\u00bb\u00a0\u00bb]<strong>Titre professionnel Minist\u00e8re du travail du plein emploi et de l\u2019insertion \u00abEmploy\u00e9 Commercial\u00bb Niveau 3 (CAP\/BEP) &#8211; <a href=\"https:\/\/www.francecompetences.fr\/recherche\/rncp\/37099\/\">RNCP 37099 TP<\/a><\/strong><\/p>\n<p>Possibilit\u00e9 de valider un seul bloc de comp\u00e9tences<\/p>\n<p><strong>Mise \u00e0 jour 01\/25<\/strong>[\/vc_column_text][\/vc_tta_section][\/vc_tta_accordion][\/vc_column][\/vc_row][vc_row type=\u00a0\u00bbcontainer\u00a0\u00bb padding_top=\u00a0\u00bb\u00a0\u00bb padding_bottom=\u00a0\u00bb\u00a0\u00bb css=\u00a0\u00bb.vc_custom_1444505165647{margin-bottom: 0px !important;padding-top: 10px !important;}\u00a0\u00bb][vc_column][vc_separator color=\u00a0\u00bb#e2e2e2&Prime; type=\u00a0\u00bbnormal\u00a0\u00bb thickness=\u00a0\u00bb1&Prime; up=\u00a0\u00bb\u00a0\u00bb down=\u00a0\u00bb\u00a0\u00bb el_class=\u00a0\u00bbdotted\u00a0\u00bb][\/vc_column][\/vc_row][vc_row type=\u00a0\u00bbcontainer\u00a0\u00bb padding_top=\u00a0\u00bb\u00a0\u00bb padding_bottom=\u00a0\u00bb\u00a0\u00bb][vc_column][vc_raw_html]JTNDYXNpZGUlMjBjbGFzcyUzRCUyMndpZGdldC0zJTIwd2lkZ2V0LWxhc3QlMjB3aWRnZXQtb2RkJTIwYm94ZWQlMjBkb2N1bWVudCUyMHdpZGdldCUyMHdpZGdldF90ZXh0JTIyJTIwaWQlM0QlMjJ0ZXh0LTMlMjIlM0UlMEElM0NoNCUyMGNsYXNzJTNEJTIyd2lkZ2V0LXRpdGxlJTIyJTNFJTNDc3BhbiUzRVQlQzMlQTlsJUMzJUE5Y2hhcmdleiUyMGxhJTIwcGxhcXVldHRlJTNDJTJGc3BhbiUzRSUzQyUyRmg0JTNFJTBBJTNDZGl2JTIwY2xhc3MlM0QlMjJ0ZXh0d2lkZ2V0JTIyJTNFJTBBJTNDcCUzRUQlQzMlQTljb3V2cmV6JTIwbGElMjBmb3JtYXRpb24lMjBwbHVzJTIwZW4lMjBkJUMzJUE5dGFpbCUyMGdyJUMzJUEyY2UlMjAlQzMlQTAlMjBjZXR0ZSUyMHBsYXF1ZXR0ZSUyMGRlc2NyaXB0aXZlLiUzQyUyRnAlM0UlMEElM0NwJTNFJTNDYSUyMHRhcmdldCUzRCUyMl9ibGFuayUyMiUyMGNsYXNzJTNEJTIycGRmJTIyJTIwaHJlZiUzRCUyMmh0dHBzJTNBJTJGJTJGZHJpdmUuZ29vZ2xlLmNvbSUyRmZpbGUlMkZkJTJGMS1yVlpkMVRlMmVlWk1aTi1lbGdPMlJDVy04Q1djdW1oJTJGdmlldyUzRnVzcCUzRHNoYXJlX2xpbmslMjIlM0VUJUMzJUE5bCVDMyVBOWNoYXJnZXIlMjBlbiUyMFBERiUzQyUyRmElM0UlM0MlMkZwJTNFJTBBJTNDJTJGZGl2JTNFJTBBJTNDJTJGYXNpZGUlM0U=[\/vc_raw_html][\/vc_column][\/vc_row][vc_row type=\u00a0\u00bbcontainer\u00a0\u00bb padding_top=\u00a0\u00bb\u00a0\u00bb padding_bottom=\u00a0\u00bb\u00a0\u00bb][vc_column][vc_btn title=\u00a0\u00bbCANDIDATER POUR CETTE FORMATION\u00a0\u00bb style=\u00a0\u00bbcustom\u00a0\u00bb custom_background=\u00a0\u00bb#aac627&Prime; custom_text=\u00a0\u00bb#ffffff\u00a0\u00bb size=\u00a0\u00bblg\u00a0\u00bb align=\u00a0\u00bbcenter\u00a0\u00bb i_align=\u00a0\u00bbright\u00a0\u00bb i_icon_fontawesome=\u00a0\u00bb\u00a0\u00bb button_block=\u00a0\u00bbtrue\u00a0\u00bb add_icon=\u00a0\u00bbtrue\u00a0\u00bb link=\u00a0\u00bburl:https%3A%2F%2Fformations-vendee.com%2Fcofae%2Ftelecharger-le-dossier-de-candidature-cofae%2F|title:T%C3%A9l%C3%A9charger%20le%20dossier%20de%20candidature%20COFAE||\u00a0\u00bb][\/vc_column][\/vc_row]<\/p>\n<\/div>","protected":false},"excerpt":{"rendered":"<p>[vc_row type=\u00a0\u00bbcontainer\u00a0\u00bb padding_top=\u00a0\u00bb\u00a0\u00bb padding_bottom=\u00a0\u00bb\u00a0\u00bb css=\u00a0\u00bb.vc_custom_1445094705330{margin-bottom: 0px !important;}\u00a0\u00bb][vc_column width=\u00a0\u00bb1\/2&Prime; css=\u00a0\u00bb.vc_custom_1444994576899{margin-bottom: 35px !important;}\u00a0\u00bb][vc_column_text]Pour contribuer \u00e0 l&rsquo;attractivit\u00e9 de l&rsquo;unit\u00e9 marchande et satisfaire la demande, l&#8217;employ\u00e9 commercial met les produits \u00e0 disposition des clients. Il les accueille avec attention et r\u00e9pond \u00e0 leur demande afin de s&rsquo;assurer de leur satisfaction et renforcer leur fid\u00e9lisation. L&#8217;employ\u00e9 commercial participe \u00e0 la [&hellip;]<\/p>\n","protected":false},"author":1,"featured_media":0,"parent":95,"menu_order":3,"comment_status":"closed","ping_status":"closed","template":"","meta":{"_acf_changed":false,"_seopress_robots_primary_cat":"","_seopress_titles_title":"","_seopress_titles_desc":"","_seopress_robots_index":"","footnotes":""},"class_list":["post-71506","page","type-page","status-publish","hentry"],"acf":[],"_links":{"self":[{"href":"https:\/\/formations-vendee.com\/cofae\/wp-json\/wp\/v2\/pages\/71506","targetHints":{"allow":["GET"]}}],"collection":[{"href":"https:\/\/formations-vendee.com\/cofae\/wp-json\/wp\/v2\/pages"}],"about":[{"href":"https:\/\/formations-vendee.com\/cofae\/wp-json\/wp\/v2\/types\/page"}],"author":[{"embeddable":true,"href":"https:\/\/formations-vendee.com\/cofae\/wp-json\/wp\/v2\/users\/1"}],"replies":[{"embeddable":true,"href":"https:\/\/formations-vendee.com\/cofae\/wp-json\/wp\/v2\/comments?post=71506"}],"version-history":[{"count":7,"href":"https:\/\/formations-vendee.com\/cofae\/wp-json\/wp\/v2\/pages\/71506\/revisions"}],"predecessor-version":[{"id":81954,"href":"https:\/\/formations-vendee.com\/cofae\/wp-json\/wp\/v2\/pages\/71506\/revisions\/81954"}],"up":[{"embeddable":true,"href":"https:\/\/formations-vendee.com\/cofae\/wp-json\/wp\/v2\/pages\/95"}],"wp:attachment":[{"href":"https:\/\/formations-vendee.com\/cofae\/wp-json\/wp\/v2\/media?parent=71506"}],"curies":[{"name":"wp","href":"https:\/\/api.w.org\/{rel}","templated":true}]}}