{"id":71369,"date":"2016-03-05T12:14:39","date_gmt":"2016-03-05T11:14:39","guid":{"rendered":"http:\/\/formations-vendee.com\/cofae\/?page_id=71369"},"modified":"2020-03-06T12:00:22","modified_gmt":"2020-03-06T11:00:22","slug":"accompagnement-demandeurs-demploi","status":"publish","type":"page","link":"https:\/\/formations-vendee.com\/cofae\/nos-formations\/accompagnement-demandeurs-demploi\/","title":{"rendered":"Accompagnement des demandeurs d\u2019emploi"},"content":{"rendered":"<div class=\"wpb-content-wrapper\"><p>[vc_row type=\u00a0\u00bbcontainer\u00a0\u00bb padding_top=\u00a0\u00bb\u00a0\u00bb padding_bottom=\u00a0\u00bb\u00a0\u00bb css=\u00a0\u00bb.vc_custom_1445094705330{margin-bottom: 0px !important;}\u00a0\u00bb][vc_column css=\u00a0\u00bb.vc_custom_1444994576899{margin-bottom: 35px !important;}\u00a0\u00bb][vc_column_text]<strong>COFAE accompagne les demandeurs d\u2019emploi dans leur projet professionnel.<\/strong><\/p>\n<p>Toutes nos <strong>formations qualifiantes, certifiantes ou dipl\u00f4mantes<\/strong> sont orient\u00e9es vers l\u2019emploi et comprennent un module de techniques de recherche d\u2019emploi.<\/p>\n<p><strong>Nos formateurs sont des professionnels<\/strong> qui transmettent leur savoir et leur exp\u00e9rience au service du demandeur d\u2019emploi en valorisant les atouts de la personne et les comp\u00e9tences transf\u00e9rables et en prenant en compte les diff\u00e9rentes contraintes.<\/p>\n<p>Ils s\u2019appuient sur des outils de diagnostic et d\u2019orientation ainsi que sur notre r\u00e9seau de partenaires afin d\u2019aider les personnes \u00e0 atteindre leur objectif d\u2019insertion.<\/p>\n<p><strong>Les techniques et strat\u00e9gie de recherche d\u2019emploi d\u00e9velopp\u00e9es sont les suivantes :<\/strong><\/p>\n<ul>\n<li>Plan d\u2019action de retour \u00e0 l\u2019emploi<\/li>\n<li>Identification des obstacles<\/li>\n<li>Se positionner<\/li>\n<li>Outils de recherche d\u2019emploi<\/li>\n<li>D\u00e9marches actives<\/li>\n<\/ul>\n<h3>Prochaines dates et financement<\/h3>\n<p>Nous consulter[\/vc_column_text][\/vc_column][\/vc_row]<\/p>\n<\/div>","protected":false},"excerpt":{"rendered":"<p>[vc_row type=\u00a0\u00bbcontainer\u00a0\u00bb padding_top=\u00a0\u00bb\u00a0\u00bb padding_bottom=\u00a0\u00bb\u00a0\u00bb css=\u00a0\u00bb.vc_custom_1445094705330{margin-bottom: 0px !important;}\u00a0\u00bb][vc_column css=\u00a0\u00bb.vc_custom_1444994576899{margin-bottom: 35px !important;}\u00a0\u00bb][vc_column_text]COFAE accompagne les demandeurs d\u2019emploi dans leur projet professionnel. Toutes nos formations qualifiantes, certifiantes ou dipl\u00f4mantes sont orient\u00e9es vers l\u2019emploi et comprennent un module de techniques de recherche d\u2019emploi. Nos formateurs sont des professionnels qui transmettent leur savoir et leur exp\u00e9rience au service du demandeur d\u2019emploi [&hellip;]<\/p>\n","protected":false},"author":1,"featured_media":0,"parent":73,"menu_order":1,"comment_status":"closed","ping_status":"closed","template":"","meta":{"_acf_changed":false,"_seopress_robots_primary_cat":"","_seopress_titles_title":"","_seopress_titles_desc":"","_seopress_robots_index":"","footnotes":""},"class_list":["post-71369","page","type-page","status-publish","hentry"],"acf":[],"_links":{"self":[{"href":"https:\/\/formations-vendee.com\/cofae\/wp-json\/wp\/v2\/pages\/71369","targetHints":{"allow":["GET"]}}],"collection":[{"href":"https:\/\/formations-vendee.com\/cofae\/wp-json\/wp\/v2\/pages"}],"about":[{"href":"https:\/\/formations-vendee.com\/cofae\/wp-json\/wp\/v2\/types\/page"}],"author":[{"embeddable":true,"href":"https:\/\/formations-vendee.com\/cofae\/wp-json\/wp\/v2\/users\/1"}],"replies":[{"embeddable":true,"href":"https:\/\/formations-vendee.com\/cofae\/wp-json\/wp\/v2\/comments?post=71369"}],"version-history":[{"count":5,"href":"https:\/\/formations-vendee.com\/cofae\/wp-json\/wp\/v2\/pages\/71369\/revisions"}],"predecessor-version":[{"id":71849,"href":"https:\/\/formations-vendee.com\/cofae\/wp-json\/wp\/v2\/pages\/71369\/revisions\/71849"}],"up":[{"embeddable":true,"href":"https:\/\/formations-vendee.com\/cofae\/wp-json\/wp\/v2\/pages\/73"}],"wp:attachment":[{"href":"https:\/\/formations-vendee.com\/cofae\/wp-json\/wp\/v2\/media?parent=71369"}],"curies":[{"name":"wp","href":"https:\/\/api.w.org\/{rel}","templated":true}]}}