{"id":71341,"date":"2016-03-05T11:36:08","date_gmt":"2016-03-05T10:36:08","guid":{"rendered":"http:\/\/formations-vendee.com\/cofae\/?page_id=71341"},"modified":"2025-01-28T16:28:48","modified_gmt":"2025-01-28T15:28:48","slug":"assistante-ressources-humaines","status":"publish","type":"page","link":"https:\/\/formations-vendee.com\/cofae\/nos-formations\/ressources-humaines-paie\/assistante-ressources-humaines\/","title":{"rendered":"ARH &#8211; Assistant(e) Ressources Humaines"},"content":{"rendered":"<div class=\"wpb-content-wrapper\"><p>[vc_row type=\u00a0\u00bbcontainer\u00a0\u00bb padding_top=\u00a0\u00bb\u00a0\u00bb padding_bottom=\u00a0\u00bb\u00a0\u00bb css=\u00a0\u00bb.vc_custom_1445094705330{margin-bottom: 0px !important;}\u00a0\u00bb][vc_column width=\u00a0\u00bb1\/2&Prime; css=\u00a0\u00bb.vc_custom_1444994576899{margin-bottom: 35px !important;}\u00a0\u00bb][vc_column_text]Dans le respect des r\u00e8gles juridiques, l&rsquo;assistant(e) ressources humaines assure les op\u00e9rations li\u00e9es \u00e0 la gestion administrative du personnel. Il contribue au recrutement de nouveaux collaborateurs et au d\u00e9veloppement des comp\u00e9tences. Il traite aussi des informations \u00e9manant de la direction du personnel ou de tiers et respecte les r\u00e8gles de confidentialit\u00e9 en toutes circonstances. Au quotidien, il cr\u00e9e et met \u00e0 jour les dossiers du personnel et r\u00e9pond \u00e0 leurs questions concernant leurs droits et obligations. Il contribue \u00e0 l&rsquo;\u00e9laboration des documents internes en lien avec la fonction RH et pr\u00e9pare les dossiers de consultation des instances repr\u00e9sentatives du personnel. Il collecte et transmet les \u00e9l\u00e9ments variables de paie dans respect des d\u00e9lais.[\/vc_column_text][\/vc_column][vc_column width=\u00a0\u00bb1\/2&Prime; css=\u00a0\u00bb.vc_custom_1444994585214{margin-bottom: 35px !important;}\u00a0\u00bb][vc_single_image image=\u00a0\u00bb72135&Prime; img_size=\u00a0\u00bbfull\u00a0\u00bb add_caption=\u00a0\u00bbyes\u00a0\u00bb onclick=\u00a0\u00bblink_image\u00a0\u00bb][\/vc_column][\/vc_row][vc_row type=\u00a0\u00bbcontainer\u00a0\u00bb padding_top=\u00a0\u00bb\u00a0\u00bb padding_bottom=\u00a0\u00bb\u00a0\u00bb css=\u00a0\u00bb.vc_custom_1444505155795{margin-bottom: 0px !important;}\u00a0\u00bb][vc_column][vc_column_text css=\u00a0\u00bb\u00a0\u00bb]<\/p>\n<table border=\"1\" width=\"100%\" cellspacing=\"0\" cellpadding=\"9\">\n<colgroup>\n<col width=\"263\" \/>\n<col width=\"283\" \/>\n<col width=\"250\" \/> <\/colgroup>\n<tbody>\n<tr bgcolor=\"#ee7600\">\n<td style=\"text-align: center\" width=\"263\"><strong>M\u00c9TIERS CIBL\u00c9S<\/strong><\/td>\n<td style=\"text-align: center\" width=\"283\"><strong>OBJECTIFS<\/strong><\/td>\n<td style=\"text-align: center\" width=\"250\"><strong>LIEUX D\u2019EXERCICE<\/strong><\/td>\n<\/tr>\n<tr valign=\"TOP\">\n<td width=\"32%\" height=\"127\">\n<ul>\n<li>Assistant RH<\/li>\n<li>Assistant formation<\/li>\n<li>Assistant recrutement<\/li>\n<li>Assistant RH et paie<\/li>\n<li>Charg\u00e9 des ressources humaines<\/li>\n<\/ul>\n<\/td>\n<td width=\"36%\">\n<ul>\n<li>Assurer la gestion administrative du personnel<\/li>\n<li>Assurer la gestion des variables et param\u00e8tres de paie<\/li>\n<li>Mettre en place et suivre les indicateurs ressources humaines<\/li>\n<li>Contribuer aux op\u00e9rations li\u00e9es \u00e0 la gestion des emplois et carri\u00e8res<\/li>\n<li>Contribuer au processus de recrutement et d&rsquo;int\u00e9gration du personnel<\/li>\n<li>Contribuer \u00e0 l&rsquo;\u00e9laboration et au suivi du d\u00e9veloppement des comp\u00e9tences du personnel<\/li>\n<\/ul>\n<\/td>\n<td width=\"32%\">\n<ul>\n<li>Toute entreprise et tous secteurs d&rsquo;activit\u00e9s sont concern\u00e9s<\/li>\n<\/ul>\n<\/td>\n<\/tr>\n<\/tbody>\n<\/table>\n<p>[\/vc_column_text][\/vc_column][\/vc_row][vc_row type=\u00a0\u00bbcontainer\u00a0\u00bb padding_top=\u00a0\u00bb\u00a0\u00bb padding_bottom=\u00a0\u00bb\u00a0\u00bb][vc_column][vc_column_text]<\/p>\n<table border=\"1\" width=\"100%\" cellspacing=\"0\" cellpadding=\"9\">\n<tbody>\n<tr bgcolor=\"#ee7600\">\n<td style=\"text-align: center\" width=\"36%\"><strong>LIEUX<\/strong><\/td>\n<td style=\"text-align: center\" width=\"32%\"><strong>DATE &#8211; DUR\u00c9E<br \/>\n<\/strong><\/td>\n<td style=\"text-align: center\" width=\"32%\"><strong>FINANCEMENT &#8211; TARIF<br \/>\n<\/strong><\/td>\n<\/tr>\n<tr valign=\"TOP\">\n<td width=\"32%\" height=\"127\">La Roche-sur-Yon<\/p>\n<p>&nbsp;<\/td>\n<td width=\"36%\">Entr\u00e9es et sorties permanentes<\/p>\n<p>Nous consulter pour les dates de d\u00e9marrage de la formation<\/p>\n<p>&nbsp;<\/td>\n<td width=\"32%\">OPCO, Entreprise, Transitions Pro, CPF, priv\u00e9<\/p>\n<p>ou<\/p>\n<p>Alternance (contrat d\u2019apprentissage ou de professionnalisation)<\/td>\n<\/tr>\n<\/tbody>\n<\/table>\n<p>[\/vc_column_text][\/vc_column][\/vc_row][vc_row type=\u00a0\u00bbcontainer\u00a0\u00bb padding_top=\u00a0\u00bb\u00a0\u00bb padding_bottom=\u00a0\u00bb\u00a0\u00bb][vc_column][vc_tta_accordion active_section=\u00a0\u00bb0&Prime; collapsible_all=\u00a0\u00bbtrue\u00a0\u00bb][vc_tta_section title=\u00a0\u00bbProgramme\u00a0\u00bb tab_id=\u00a0\u00bb1578592347292-4db1c19e-3ddd\u00a0\u00bb][vc_column_text]<strong>1- Assurer les missions op\u00e9rationnelles de la gestion des <\/strong><strong>ressources humaines RNCP 35030-BC01<\/strong><\/p>\n<p>&#8211; Assurer la gestion administrative du personnel<br \/>\n&#8211; Assurer la gestion des variables et param\u00e8tres de paie<br \/>\n&#8211; Mettre en place et suivre les indicateurs ressources<br \/>\nhumaines<\/p>\n<p><strong>2- Contribuer au d\u00e9veloppement des ressources humaines<\/strong><br \/>\n<strong>RNCP 35030-BC02<\/strong><\/p>\n<p>&#8211; Contribuer aux op\u00e9rations li\u00e9es \u00e0 la gestion des emplois<br \/>\net carri\u00e8res<br \/>\n&#8211; Contribuer au processus de recrutement et d&rsquo;int\u00e9gration<br \/>\ndu personnel<br \/>\n&#8211; Contribuer \u00e0 l&rsquo;\u00e9laboration et au suivi du d\u00e9veloppement<br \/>\ndes comp\u00e9tences du personnel[\/vc_column_text][\/vc_tta_section][vc_tta_section title=\u00a0\u00bbModalit\u00e9s d&rsquo;inscription et d&rsquo;admission\u00a0\u00bb tab_id=\u00a0\u00bb1578592347309-acc3a92d-2ad7&Prime;][vc_column_text css=\u00a0\u00bb\u00a0\u00bb]<strong>PR\u00c9-REQUIS<\/strong><br \/>\nNiveau 4 (Bac) valid\u00e9 ou \u00e9quivalent<\/p>\n<p>Ou 5 ans d&rsquo;exp\u00e9rience dans des fonctions administratives<\/p>\n<p><strong>ADMISSION<\/strong><\/p>\n<p><span style=\"font-family: 'Georgia',serif;color: #333333\">Dossier de candidature<\/span><\/p>\n<p><span style=\"font-family: 'Georgia',serif;color: #333333\">Entretien individuel<\/span><\/p>\n<p><span style=\"font-family: 'Georgia',serif;color: #333333\">Tests sur les comp\u00e9tences de bases<\/span><\/p>\n<p><span style=\"font-family: 'Georgia',serif;color: #333333\">Tests de positionnement sur les comp\u00e9tences m\u00e9tier<\/span><\/p>\n<p><strong>Formation accessible aux personnes en situation de handicap<\/strong>[\/vc_column_text][\/vc_tta_section][vc_tta_section title=\u00a0\u00bbCertification\u00a0\u00bb tab_id=\u00a0\u00bb1578592705296-23f03f29-6184&Prime;][vc_column_text css=\u00a0\u00bb\u00a0\u00bb]<strong>Titre Professionnel Minist\u00e8re Charg\u00e9 de l&rsquo;Emploi <\/strong><strong>ASSISTANT RESSOURCES HUMAINES &#8211; Niveau 5 (BAC+2)<\/strong><\/p>\n<p><strong>R\u00e9pertori\u00e9 au RNCP<\/strong><\/p>\n<p><a href=\"https:\/\/www.francecompetences.fr\/recherche\/rncp\/35030\/\">RNCP35030<\/a><a href=\"https:\/\/www.certificationprofessionnelle.fr\/recherche\/rncp\/6161\"> &#8211; TP &#8211; Assistant ressources humaines<\/a><\/p>\n<p><em>Possibilit\u00e9 de validation partielle du titre par l&rsquo;obtention de Certificats de Comp\u00e9tences Professionnels. <\/em><\/p>\n<p><strong>Mise \u00e0 jour 01\/25<\/strong>[\/vc_column_text][\/vc_tta_section][\/vc_tta_accordion][\/vc_column][\/vc_row][vc_row type=\u00a0\u00bbcontainer\u00a0\u00bb padding_top=\u00a0\u00bb\u00a0\u00bb padding_bottom=\u00a0\u00bb\u00a0\u00bb css=\u00a0\u00bb.vc_custom_1444505165647{margin-bottom: 0px !important;padding-top: 10px !important;}\u00a0\u00bb][vc_column][vc_separator color=\u00a0\u00bb#e2e2e2&Prime; type=\u00a0\u00bbnormal\u00a0\u00bb thickness=\u00a0\u00bb1&Prime; up=\u00a0\u00bb\u00a0\u00bb down=\u00a0\u00bb\u00a0\u00bb el_class=\u00a0\u00bbdotted\u00a0\u00bb][\/vc_column][\/vc_row][vc_row type=\u00a0\u00bbcontainer\u00a0\u00bb padding_top=\u00a0\u00bb\u00a0\u00bb padding_bottom=\u00a0\u00bb\u00a0\u00bb][vc_column][vc_raw_html]JTNDYXNpZGUlMjBjbGFzcyUzRCUyMndpZGdldC0zJTIwd2lkZ2V0LWxhc3QlMjB3aWRnZXQtb2RkJTIwYm94ZWQlMjBkb2N1bWVudCUyMHdpZGdldCUyMHdpZGdldF90ZXh0JTIyJTIwaWQlM0QlMjJ0ZXh0LTMlMjIlM0UlMEElM0NoNCUyMGNsYXNzJTNEJTIyd2lkZ2V0LXRpdGxlJTIyJTNFJTNDc3BhbiUzRVQlQzMlQTlsJUMzJUE5Y2hhcmdleiUyMGxhJTIwcGxhcXVldHRlJTNDJTJGc3BhbiUzRSUzQyUyRmg0JTNFJTBBJTNDZGl2JTIwY2xhc3MlM0QlMjJ0ZXh0d2lkZ2V0JTIyJTNFJTBBJTNDcCUzRUQlQzMlQTljb3V2cmV6JTIwbGElMjBmb3JtYXRpb24lMjBwbHVzJTIwZW4lMjBkJUMzJUE5dGFpbCUyMGdyJUMzJUEyY2UlMjAlQzMlQTAlMjBjZXR0ZSUyMHBsYXF1ZXR0ZSUyMGRlc2NyaXB0aXZlLiUzQyUyRnAlM0UlMEElM0NwJTNFJTNDYSUyMHRhcmdldCUzRCUyMl9ibGFuayUyMiUyMGNsYXNzJTNEJTIycGRmJTIyJTIwaHJlZiUzRCUyMmh0dHBzJTNBJTJGJTJGZHJpdmUuZ29vZ2xlLmNvbSUyRmZpbGUlMkZkJTJGMW1qeW5rWGFZOXp3VWVfZUxmTTdKbU0yVjVfY1VETmJCJTJGdmlldyUzRnVzcCUzRHNoYXJpbmclMjIlM0VUJUMzJUE5bCVDMyVBOWNoYXJnZXIlMjBlbiUyMFBERiUzQyUyRmElM0UlM0MlMkZwJTNFJTBBJTNDJTJGZGl2JTNFJTBBJTNDJTJGYXNpZGUlM0U=[\/vc_raw_html][\/vc_column][\/vc_row][vc_row type=\u00a0\u00bbcontainer\u00a0\u00bb padding_top=\u00a0\u00bb\u00a0\u00bb padding_bottom=\u00a0\u00bb\u00a0\u00bb][vc_column][vc_btn title=\u00a0\u00bbCANDIDATER POUR CETTE FORMATION\u00a0\u00bb style=\u00a0\u00bbcustom\u00a0\u00bb custom_background=\u00a0\u00bb#aac627&Prime; custom_text=\u00a0\u00bb#ffffff\u00a0\u00bb size=\u00a0\u00bblg\u00a0\u00bb align=\u00a0\u00bbcenter\u00a0\u00bb i_align=\u00a0\u00bbright\u00a0\u00bb i_icon_fontawesome=\u00a0\u00bb\u00a0\u00bb button_block=\u00a0\u00bbtrue\u00a0\u00bb add_icon=\u00a0\u00bbtrue\u00a0\u00bb link=\u00a0\u00bburl:https%3A%2F%2Fformations-vendee.com%2Fcofae%2Ftelecharger-le-dossier-de-candidature-cofae%2F|title:T%C3%A9l%C3%A9charger%20le%20dossier%20de%20candidature%20COFAE||\u00a0\u00bb][\/vc_column][\/vc_row]<\/p>\n<\/div>","protected":false},"excerpt":{"rendered":"<p>[vc_row type=\u00a0\u00bbcontainer\u00a0\u00bb padding_top=\u00a0\u00bb\u00a0\u00bb padding_bottom=\u00a0\u00bb\u00a0\u00bb css=\u00a0\u00bb.vc_custom_1445094705330{margin-bottom: 0px !important;}\u00a0\u00bb][vc_column width=\u00a0\u00bb1\/2&Prime; css=\u00a0\u00bb.vc_custom_1444994576899{margin-bottom: 35px !important;}\u00a0\u00bb][vc_column_text]Dans le respect des r\u00e8gles juridiques, l&rsquo;assistant(e) ressources humaines assure les op\u00e9rations li\u00e9es \u00e0 la gestion administrative du personnel. Il contribue au recrutement de nouveaux collaborateurs et au d\u00e9veloppement des comp\u00e9tences. Il traite aussi des informations \u00e9manant de la direction du personnel ou de tiers [&hellip;]<\/p>\n","protected":false},"author":1,"featured_media":0,"parent":70915,"menu_order":1,"comment_status":"closed","ping_status":"closed","template":"","meta":{"_acf_changed":false,"_seopress_robots_primary_cat":"","_seopress_titles_title":"","_seopress_titles_desc":"","_seopress_robots_index":"","footnotes":""},"class_list":["post-71341","page","type-page","status-publish","hentry"],"acf":[],"_links":{"self":[{"href":"https:\/\/formations-vendee.com\/cofae\/wp-json\/wp\/v2\/pages\/71341","targetHints":{"allow":["GET"]}}],"collection":[{"href":"https:\/\/formations-vendee.com\/cofae\/wp-json\/wp\/v2\/pages"}],"about":[{"href":"https:\/\/formations-vendee.com\/cofae\/wp-json\/wp\/v2\/types\/page"}],"author":[{"embeddable":true,"href":"https:\/\/formations-vendee.com\/cofae\/wp-json\/wp\/v2\/users\/1"}],"replies":[{"embeddable":true,"href":"https:\/\/formations-vendee.com\/cofae\/wp-json\/wp\/v2\/comments?post=71341"}],"version-history":[{"count":7,"href":"https:\/\/formations-vendee.com\/cofae\/wp-json\/wp\/v2\/pages\/71341\/revisions"}],"predecessor-version":[{"id":79796,"href":"https:\/\/formations-vendee.com\/cofae\/wp-json\/wp\/v2\/pages\/71341\/revisions\/79796"}],"up":[{"embeddable":true,"href":"https:\/\/formations-vendee.com\/cofae\/wp-json\/wp\/v2\/pages\/70915"}],"wp:attachment":[{"href":"https:\/\/formations-vendee.com\/cofae\/wp-json\/wp\/v2\/media?parent=71341"}],"curies":[{"name":"wp","href":"https:\/\/api.w.org\/{rel}","templated":true}]}}