{"id":71310,"date":"2016-03-05T10:45:21","date_gmt":"2016-03-05T09:45:21","guid":{"rendered":"http:\/\/formations-vendee.com\/cofae\/?page_id=71310"},"modified":"2025-01-28T15:52:31","modified_gmt":"2025-01-28T14:52:31","slug":"ntc-negociateur-technico-commercial","status":"publish","type":"page","link":"https:\/\/formations-vendee.com\/cofae\/nos-formations\/commercial-vente\/ntc-negociateur-technico-commercial\/","title":{"rendered":"NTC  &#8211; N\u00e9gociateur Technico-commercial"},"content":{"rendered":"<div class=\"wpb-content-wrapper\"><p>[vc_row type=\u00a0\u00bbcontainer\u00a0\u00bb padding_top=\u00a0\u00bb\u00a0\u00bb padding_bottom=\u00a0\u00bb\u00a0\u00bb css=\u00a0\u00bb.vc_custom_1445094705330{margin-bottom: 0px !important;}\u00a0\u00bb][vc_column width=\u00a0\u00bb1\/2&Prime; css=\u00a0\u00bb.vc_custom_1444994576899{margin-bottom: 35px !important;}\u00a0\u00bb][vc_column_text]Le n\u00e9gociateur technico-commercial exploite les potentialit\u00e9s de vente sur un secteur g\u00e9ographique d\u00e9fini dans le respect de la politique commerciale de l&rsquo;entreprise. Il \u00e9labore une strat\u00e9gie commerciale omnicanale, organise et met en \u0153uvre un plan d&rsquo;actions commerciales et en \u00e9value les r\u00e9sultats. Il prospecte \u00e0 distance et physiquement des entreprises afin de d\u00e9velopper son portefeuille client, d&rsquo;atteindre les objectifs fix\u00e9s et de d\u00e9velopper le chiffre d&rsquo;affaires de l&rsquo;entreprise. Il con\u00e7oit et n\u00e9gocie des solutions techniques de produits ou de prestations de service.[\/vc_column_text][\/vc_column][vc_column width=\u00a0\u00bb1\/2&Prime; css=\u00a0\u00bb.vc_custom_1444994585214{margin-bottom: 35px !important;}\u00a0\u00bb][vc_single_image image=\u00a0\u00bb71996&Prime; img_size=\u00a0\u00bbfull\u00a0\u00bb add_caption=\u00a0\u00bbyes\u00a0\u00bb onclick=\u00a0\u00bblink_image\u00a0\u00bb][\/vc_column][\/vc_row][vc_row type=\u00a0\u00bbcontainer\u00a0\u00bb padding_top=\u00a0\u00bb\u00a0\u00bb padding_bottom=\u00a0\u00bb\u00a0\u00bb css=\u00a0\u00bb.vc_custom_1444505155795{margin-bottom: 0px !important;}\u00a0\u00bb][vc_column][vc_column_text]<\/p>\n<table border=\"1\" width=\"100%\" cellspacing=\"0\" cellpadding=\"9\">\n<colgroup>\n<col width=\"263\" \/>\n<col width=\"283\" \/>\n<col width=\"250\" \/> <\/colgroup>\n<tbody>\n<tr bgcolor=\"#7fd129\">\n<td style=\"text-align: center\" width=\"263\"><span style=\"color: #ffffff\"><strong>M\u00c9TIERS CIBL\u00c9S<\/strong><\/span><\/td>\n<td style=\"text-align: center\" width=\"283\"><span style=\"color: #ffffff\"><strong>OBJECTIFS<\/strong><\/span><\/td>\n<td style=\"text-align: center\" width=\"250\"><span style=\"color: #ffffff\"><strong>LIEUX D\u2019EXERCICE<\/strong><\/span><\/td>\n<\/tr>\n<tr valign=\"TOP\">\n<td width=\"32%\" height=\"127\">\n<ul>\n<li>Technico-commercial<\/li>\n<li>Charg\u00e9 d\u2019affaires<\/li>\n<li>Prospecteur commercial<\/li>\n<li>D\u00e9l\u00e9gu\u00e9 commercial<\/li>\n<\/ul>\n<\/td>\n<td width=\"36%\">\n<ul>\n<li>Organiser un plan d\u2019actions commerciales<\/li>\n<li>Mettre en \u0153uvre des actions de fid\u00e9lisation<\/li>\n<li>Concevoir une solution technique et commerciale<br \/>\nappropri\u00e9e aux besoins d\u00e9tect\u00e9s<\/li>\n<li>Prospecter \u00e0 distance et physiquement un secteur<br \/>\ng\u00e9ographique<\/li>\n<li>Acqu\u00e9rir les comp\u00e9tences du m\u00e9tier et obtenir<br \/>\nla certification<\/li>\n<\/ul>\n<\/td>\n<td width=\"32%\">Tous les secteurs d\u2019activit\u00e9 qui n\u00e9cessitent des technico-commerciaux pour leur d\u00e9veloppement<\/td>\n<\/tr>\n<\/tbody>\n<\/table>\n<p>[\/vc_column_text][\/vc_column][\/vc_row][vc_row type=\u00a0\u00bbcontainer\u00a0\u00bb padding_top=\u00a0\u00bb\u00a0\u00bb padding_bottom=\u00a0\u00bb\u00a0\u00bb][vc_column][vc_column_text]<\/p>\n<table border=\"1\" width=\"100%\" cellspacing=\"0\" cellpadding=\"9\">\n<tbody>\n<tr bgcolor=\"#7fd129\">\n<td style=\"text-align: center\" width=\"36%\"><span style=\"color: #ffffff\"><strong>LIEU<\/strong><\/span><\/td>\n<td style=\"text-align: center\" width=\"32%\"><strong><span style=\"color: #ffffff\">DATE &#8211; DUR\u00c9E<\/span><br \/>\n<\/strong><\/td>\n<td style=\"text-align: center\" width=\"32%\"><strong><span style=\"color: #ffffff\">FINANCEMENT &#8211; TARIF<\/span><br \/>\n<\/strong><\/td>\n<\/tr>\n<tr valign=\"TOP\">\n<td width=\"32%\" height=\"127\">La Roche-sur-Yon<\/p>\n<p>&nbsp;<\/td>\n<td width=\"36%\">Entr\u00e9es et sorties permanentes<\/p>\n<p>Nous consulter pour les dates de d\u00e9marrage et la dur\u00e9e de la formation<\/p>\n<p>&nbsp;<\/td>\n<td width=\"32%\">OPCO, Entreprise, Transitions Pro, CPF, priv\u00e9<\/p>\n<p>ou<\/p>\n<p>Alternance (contrat d\u2019apprentissage ou de professionnalisation)<\/td>\n<\/tr>\n<\/tbody>\n<\/table>\n<p>[\/vc_column_text][\/vc_column][\/vc_row][vc_row type=\u00a0\u00bbcontainer\u00a0\u00bb padding_top=\u00a0\u00bb\u00a0\u00bb padding_bottom=\u00a0\u00bb\u00a0\u00bb][vc_column][vc_tta_accordion active_section=\u00a0\u00bb0&Prime; collapsible_all=\u00a0\u00bbtrue\u00a0\u00bb][vc_tta_section title=\u00a0\u00bbProgramme\u00a0\u00bb tab_id=\u00a0\u00bb1578592347292-4db1c19e-3ddd\u00a0\u00bb][vc_column_text]<strong>1- Elaborer une strat\u00e9gie commerciale omnicanale pour<\/strong><br \/>\n<strong>un secteur g\u00e9ographique d\u00e9fini RNCP 34079-BC01<\/strong><\/p>\n<p>&#8211; Assurer une veille commerciale pour analyser l&rsquo;\u00e9tat du<br \/>\nmarch\u00e9<br \/>\n&#8211; Organiser un plan d&rsquo;actions commerciales<br \/>\n&#8211; Mettre en \u0153uvre des actions de fid\u00e9lisation<\/p>\n<p><strong>2- Prospecter et n\u00e9gocier une proposition commerciale<\/strong><br \/>\n<strong>RNCP 34079-BC02<\/strong><\/p>\n<p>&#8211; Prospecter \u00e0 distance et physiquement un secteur<br \/>\ng\u00e9ographique<br \/>\n&#8211; Concevoir une solution technique et commerciale<br \/>\nappropri\u00e9e aux besoins d\u00e9tect\u00e9s<br \/>\n&#8211; N\u00e9gocier une solution technique et commerciale[\/vc_column_text][\/vc_tta_section][vc_tta_section title=\u00a0\u00bbModalit\u00e9s d&rsquo;inscription et d&rsquo;admission\u00a0\u00bb tab_id=\u00a0\u00bb1578592347309-acc3a92d-2ad7&Prime;][vc_column_text css=\u00a0\u00bb\u00a0\u00bb]<strong>PR\u00c9-REQUIS<\/strong><br \/>\nNiveau 4 (Bac) valid\u00e9 ou \u00e9quivalent<\/p>\n<p><strong>ADMISSION<\/strong><\/p>\n<p>Dossier de candidature<\/p>\n<p>Entretien individuel<\/p>\n<p>Tests sur les comp\u00e9tences de bases<\/p>\n<p>Tests de positionnement sur les comp\u00e9tences m\u00e9tier<\/p>\n<p><strong>Construction d\u2019un parcours individualis\u00e9 en fonction des acquis et de votre projet professionnel<\/strong><\/p>\n<p><strong>Formation accessible aux personnes en situation de handicap<\/strong>[\/vc_column_text][\/vc_tta_section][vc_tta_section title=\u00a0\u00bbCertification\u00a0\u00bb tab_id=\u00a0\u00bb1578592705296-23f03f29-6184&Prime;][vc_column_text css=\u00a0\u00bb\u00a0\u00bb]<strong>&#8211; Titre professionnel Minist\u00e8re du travail du plein emploi et de l\u2019insertion \u00abN\u00e9gociateur Technico-Commercial\u00bb<\/strong><br \/>\n<a href=\"https:\/\/www.francecompetences.fr\/recherche\/rncp\/39063\/\">Niveau 5 RNCP 39063 TP<\/a><\/p>\n<p><em>Possibilit\u00e9 de valider un seul bloc de comp\u00e9tences<\/em><\/p>\n<p><strong>Mise \u00e0 jour 01\/25<\/strong>[\/vc_column_text][\/vc_tta_section][\/vc_tta_accordion][\/vc_column][\/vc_row][vc_row type=\u00a0\u00bbcontainer\u00a0\u00bb padding_top=\u00a0\u00bb\u00a0\u00bb padding_bottom=\u00a0\u00bb\u00a0\u00bb css=\u00a0\u00bb.vc_custom_1444505165647{margin-bottom: 0px !important;padding-top: 10px !important;}\u00a0\u00bb][vc_column][vc_separator color=\u00a0\u00bb#e2e2e2&Prime; type=\u00a0\u00bbnormal\u00a0\u00bb thickness=\u00a0\u00bb1&Prime; up=\u00a0\u00bb\u00a0\u00bb down=\u00a0\u00bb\u00a0\u00bb el_class=\u00a0\u00bbdotted\u00a0\u00bb][\/vc_column][\/vc_row][vc_row type=\u00a0\u00bbcontainer\u00a0\u00bb padding_top=\u00a0\u00bb\u00a0\u00bb padding_bottom=\u00a0\u00bb\u00a0\u00bb][vc_column][vc_raw_html]JTNDYXNpZGUlMjBjbGFzcyUzRCUyMndpZGdldC0zJTIwd2lkZ2V0LWxhc3QlMjB3aWRnZXQtb2RkJTIwYm94ZWQlMjBkb2N1bWVudCUyMHdpZGdldCUyMHdpZGdldF90ZXh0JTIyJTIwaWQlM0QlMjJ0ZXh0LTMlMjIlM0UlMEElM0NoNCUyMGNsYXNzJTNEJTIyd2lkZ2V0LXRpdGxlJTIyJTNFJTNDc3BhbiUzRVQlQzMlQTlsJUMzJUE5Y2hhcmdleiUyMGxhJTIwcGxhcXVldHRlJTNDJTJGc3BhbiUzRSUzQyUyRmg0JTNFJTBBJTNDZGl2JTIwY2xhc3MlM0QlMjJ0ZXh0d2lkZ2V0JTIyJTNFJTBBJTNDcCUzRUQlQzMlQTljb3V2cmV6JTIwbGElMjBmb3JtYXRpb24lMjBwbHVzJTIwZW4lMjBkJUMzJUE5dGFpbCUyMGdyJUMzJUEyY2UlMjAlQzMlQTAlMjBjZXR0ZSUyMHBsYXF1ZXR0ZSUyMGRlc2NyaXB0aXZlLiUzQyUyRnAlM0UlMEElM0NwJTNFJTNDYSUyMHRhcmdldCUzRCUyMl9ibGFuayUyMiUyMGNsYXNzJTNEJTIycGRmJTIyJTIwaHJlZiUzRCUyMmh0dHBzJTNBJTJGJTJGZHJpdmUuZ29vZ2xlLmNvbSUyRmZpbGUlMkZkJTJGMTJ5Z1Qzd295OW5SR0xQLXMydEJlaTdFY1IySUNpWEVhJTJGdmlldyUzRnVzcCUzRHNoYXJlX2xpbmslMjIlM0VUJUMzJUE5bCVDMyVBOWNoYXJnZXIlMjBlbiUyMFBERiUzQyUyRmElM0UlM0MlMkZwJTNFJTBBJTNDJTJGZGl2JTNFJTBBJTNDJTJGYXNpZGUlM0U=[\/vc_raw_html][\/vc_column][\/vc_row][vc_row type=\u00a0\u00bbcontainer\u00a0\u00bb padding_top=\u00a0\u00bb\u00a0\u00bb padding_bottom=\u00a0\u00bb\u00a0\u00bb][vc_column][vc_btn title=\u00a0\u00bbCANDIDATER POUR CETTE FORMATION\u00a0\u00bb style=\u00a0\u00bbcustom\u00a0\u00bb custom_background=\u00a0\u00bb#aac627&Prime; custom_text=\u00a0\u00bb#ffffff\u00a0\u00bb size=\u00a0\u00bblg\u00a0\u00bb align=\u00a0\u00bbcenter\u00a0\u00bb i_align=\u00a0\u00bbright\u00a0\u00bb i_icon_fontawesome=\u00a0\u00bb\u00a0\u00bb button_block=\u00a0\u00bbtrue\u00a0\u00bb add_icon=\u00a0\u00bbtrue\u00a0\u00bb link=\u00a0\u00bburl:https%3A%2F%2Fformations-vendee.com%2Fcofae%2Ftelecharger-le-dossier-de-candidature-cofae%2F|title:T%C3%A9l%C3%A9charger%20le%20dossier%20de%20candidature%20COFAE||\u00a0\u00bb][\/vc_column][\/vc_row]<\/p>\n<\/div>","protected":false},"excerpt":{"rendered":"<p>[vc_row type=\u00a0\u00bbcontainer\u00a0\u00bb padding_top=\u00a0\u00bb\u00a0\u00bb padding_bottom=\u00a0\u00bb\u00a0\u00bb css=\u00a0\u00bb.vc_custom_1445094705330{margin-bottom: 0px !important;}\u00a0\u00bb][vc_column width=\u00a0\u00bb1\/2&Prime; css=\u00a0\u00bb.vc_custom_1444994576899{margin-bottom: 35px !important;}\u00a0\u00bb][vc_column_text]Le n\u00e9gociateur technico-commercial exploite les potentialit\u00e9s de vente sur un secteur g\u00e9ographique d\u00e9fini dans le respect de la politique commerciale de l&rsquo;entreprise. Il \u00e9labore une strat\u00e9gie commerciale omnicanale, organise et met en \u0153uvre un plan d&rsquo;actions commerciales et en \u00e9value les r\u00e9sultats. Il prospecte \u00e0 [&hellip;]<\/p>\n","protected":false},"author":1,"featured_media":0,"parent":70910,"menu_order":1,"comment_status":"closed","ping_status":"closed","template":"","meta":{"_acf_changed":false,"_seopress_robots_primary_cat":"","_seopress_titles_title":"","_seopress_titles_desc":"","_seopress_robots_index":"","footnotes":""},"class_list":["post-71310","page","type-page","status-publish","hentry"],"acf":[],"_links":{"self":[{"href":"https:\/\/formations-vendee.com\/cofae\/wp-json\/wp\/v2\/pages\/71310","targetHints":{"allow":["GET"]}}],"collection":[{"href":"https:\/\/formations-vendee.com\/cofae\/wp-json\/wp\/v2\/pages"}],"about":[{"href":"https:\/\/formations-vendee.com\/cofae\/wp-json\/wp\/v2\/types\/page"}],"author":[{"embeddable":true,"href":"https:\/\/formations-vendee.com\/cofae\/wp-json\/wp\/v2\/users\/1"}],"replies":[{"embeddable":true,"href":"https:\/\/formations-vendee.com\/cofae\/wp-json\/wp\/v2\/comments?post=71310"}],"version-history":[{"count":7,"href":"https:\/\/formations-vendee.com\/cofae\/wp-json\/wp\/v2\/pages\/71310\/revisions"}],"predecessor-version":[{"id":79793,"href":"https:\/\/formations-vendee.com\/cofae\/wp-json\/wp\/v2\/pages\/71310\/revisions\/79793"}],"up":[{"embeddable":true,"href":"https:\/\/formations-vendee.com\/cofae\/wp-json\/wp\/v2\/pages\/70910"}],"wp:attachment":[{"href":"https:\/\/formations-vendee.com\/cofae\/wp-json\/wp\/v2\/media?parent=71310"}],"curies":[{"name":"wp","href":"https:\/\/api.w.org\/{rel}","templated":true}]}}