{"id":70910,"date":"2016-02-05T08:52:03","date_gmt":"2016-02-05T07:52:03","guid":{"rendered":"http:\/\/formations-vendee.com\/esa\/?page_id=70910"},"modified":"2020-06-24T14:05:01","modified_gmt":"2020-06-24T13:05:01","slug":"commercial-vente","status":"publish","type":"page","link":"https:\/\/formations-vendee.com\/cofae\/nos-formations\/commercial-vente\/","title":{"rendered":"Commercial &#8211; Vente"},"content":{"rendered":"<div class=\"wpb-content-wrapper\"><p>[vc_row type=\u00a0\u00bbcontainer\u00a0\u00bb padding_top=\u00a0\u00bb\u00a0\u00bb padding_bottom=\u00a0\u00bb\u00a0\u00bb css=\u00a0\u00bb.vc_custom_1445094705330{margin-bottom: 0px !important;}\u00a0\u00bb][vc_column width=\u00a0\u00bb1\/2&Prime; css=\u00a0\u00bb.vc_custom_1444994576899{margin-bottom: 35px !important;}\u00a0\u00bb][vc_column_text]Dans un contexte fortement concurrentiel, <strong>le commercial fait partie des pi\u00e8ces ma\u00eetresses de l\u2019entreprise<\/strong>.<br \/>\nIl est charg\u00e9 de porter l\u2019image de l\u2019entreprise, de fid\u00e9liser ses clients pour contribuer au chiffre d\u2019affaires et \u00e0 la rentabilit\u00e9 de la soci\u00e9t\u00e9. Pr\u00e9sente dans tous les secteurs d\u2019activit\u00e9, cette profession offre de nombreuses opportunit\u00e9s d\u2019emploi.<\/p>\n<p><strong>Commercial un m\u00e9tier tr\u00e8s recherch\u00e9\u00a0!<\/strong>[\/vc_column_text][\/vc_column][vc_column width=\u00a0\u00bb1\/2&Prime; css=\u00a0\u00bb.vc_custom_1444994585214{margin-bottom: 35px !important;}\u00a0\u00bb][vc_single_image image=\u00a0\u00bb71382&Prime; img_size=\u00a0\u00bbfull\u00a0\u00bb onclick=\u00a0\u00bbcustom_link\u00a0\u00bb css_animation=\u00a0\u00bbright-to-left\u00a0\u00bb link=\u00a0\u00bbhttps:\/\/formations-vendee.com\/cofae\/nos-formations\/commercial-vente\/ntc-negociateur-technico-commercial\/\u00a0\u00bb][\/vc_column][vc_column][vc_column_text]<strong>COFAE dispense des formations sur le m\u00e9tier du commercial et de la vente.<br \/>\nNos formateurs sont des professionnels<\/strong>, issus de l\u2019entreprise. Ils ont \u00e9t\u00e9 commerciaux, chef des ventes, directeurs des secteurs ou directeur de centres de profits. Ils transmettent aujourd\u2019hui leurs comp\u00e9tences et leur exp\u00e9rience.<\/p>\n<p>Toutes nos formations Commerciales participent \u00e0 l\u2019obtention d\u2019un dipl\u00f4me, d\u2019une qualification ou d\u2019une certification. Certaines sont r\u00e9alisables en contrat de professionnalisation\u2026 Un vrai tremplin vers l\u2019emploi<\/p>\n<p>Choisissez votre futur m\u00e9tier ![\/vc_column_text][\/vc_column][\/vc_row][vc_row type=\u00a0\u00bbcontainer\u00a0\u00bb padding_top=\u00a0\u00bb\u00a0\u00bb padding_bottom=\u00a0\u00bb\u00a0\u00bb css=\u00a0\u00bb.vc_custom_1444505165647{margin-bottom: 0px !important;padding-top: 10px !important;}\u00a0\u00bb][vc_column][vc_separator color=\u00a0\u00bb#e2e2e2&Prime; type=\u00a0\u00bbnormal\u00a0\u00bb thickness=\u00a0\u00bb1&Prime; up=\u00a0\u00bb\u00a0\u00bb down=\u00a0\u00bb\u00a0\u00bb el_class=\u00a0\u00bbdotted\u00a0\u00bb][\/vc_column][\/vc_row][vc_row type=\u00a0\u00bbcontainer\u00a0\u00bb padding_top=\u00a0\u00bb\u00a0\u00bb padding_bottom=\u00a0\u00bb\u00a0\u00bb css=\u00a0\u00bb.vc_custom_1457182976630{margin-bottom: 0px !important;padding-top: 30px !important;}\u00a0\u00bb][vc_column][vc_column_text]<strong>Naviguez parmi nos formations dans la colonne de gauche ou ci-dessous en version mobile.<\/strong>[\/vc_column_text][\/vc_column][\/vc_row]<\/p>\n<\/div>","protected":false},"excerpt":{"rendered":"<p>[vc_row type=\u00a0\u00bbcontainer\u00a0\u00bb padding_top=\u00a0\u00bb\u00a0\u00bb padding_bottom=\u00a0\u00bb\u00a0\u00bb css=\u00a0\u00bb.vc_custom_1445094705330{margin-bottom: 0px !important;}\u00a0\u00bb][vc_column width=\u00a0\u00bb1\/2&Prime; css=\u00a0\u00bb.vc_custom_1444994576899{margin-bottom: 35px !important;}\u00a0\u00bb][vc_column_text]Dans un contexte fortement concurrentiel, le commercial fait partie des pi\u00e8ces ma\u00eetresses de l\u2019entreprise. Il est charg\u00e9 de porter l\u2019image de l\u2019entreprise, de fid\u00e9liser ses clients pour contribuer au chiffre d\u2019affaires et \u00e0 la rentabilit\u00e9 de la soci\u00e9t\u00e9. Pr\u00e9sente dans tous les secteurs d\u2019activit\u00e9, cette [&hellip;]<\/p>\n","protected":false},"author":1,"featured_media":0,"parent":73,"menu_order":2,"comment_status":"closed","ping_status":"closed","template":"","meta":{"_acf_changed":false,"_seopress_robots_primary_cat":"","_seopress_titles_title":"","_seopress_titles_desc":"","_seopress_robots_index":"","footnotes":""},"class_list":["post-70910","page","type-page","status-publish","hentry"],"acf":[],"_links":{"self":[{"href":"https:\/\/formations-vendee.com\/cofae\/wp-json\/wp\/v2\/pages\/70910","targetHints":{"allow":["GET"]}}],"collection":[{"href":"https:\/\/formations-vendee.com\/cofae\/wp-json\/wp\/v2\/pages"}],"about":[{"href":"https:\/\/formations-vendee.com\/cofae\/wp-json\/wp\/v2\/types\/page"}],"author":[{"embeddable":true,"href":"https:\/\/formations-vendee.com\/cofae\/wp-json\/wp\/v2\/users\/1"}],"replies":[{"embeddable":true,"href":"https:\/\/formations-vendee.com\/cofae\/wp-json\/wp\/v2\/comments?post=70910"}],"version-history":[{"count":9,"href":"https:\/\/formations-vendee.com\/cofae\/wp-json\/wp\/v2\/pages\/70910\/revisions"}],"predecessor-version":[{"id":72049,"href":"https:\/\/formations-vendee.com\/cofae\/wp-json\/wp\/v2\/pages\/70910\/revisions\/72049"}],"up":[{"embeddable":true,"href":"https:\/\/formations-vendee.com\/cofae\/wp-json\/wp\/v2\/pages\/73"}],"wp:attachment":[{"href":"https:\/\/formations-vendee.com\/cofae\/wp-json\/wp\/v2\/media?parent=70910"}],"curies":[{"name":"wp","href":"https:\/\/api.w.org\/{rel}","templated":true}]}}