{"id":70703,"date":"2016-01-29T15:23:35","date_gmt":"2016-01-29T14:23:35","guid":{"rendered":"http:\/\/formations-vendee.com\/esa\/?page_id=70703"},"modified":"2025-01-23T10:28:06","modified_gmt":"2025-01-23T09:28:06","slug":"formation-travailleur-handicape-agefiph-inclupro-vendee","status":"publish","type":"page","link":"https:\/\/formations-vendee.com\/cofae\/formation-travailleur-handicape-agefiph-inclupro-vendee\/","title":{"rendered":"Formez vos salari\u00e9s"},"content":{"rendered":"<div class=\"wpb-content-wrapper\"><p>[vc_row type=\u00a0\u00bbcontainer\u00a0\u00bb padding_top=\u00a0\u00bb\u00a0\u00bb padding_bottom=\u00a0\u00bb\u00a0\u00bb css=\u00a0\u00bb.vc_custom_1455295851804{padding-top: 50px !important;}\u00a0\u00bb][vc_column width=\u00a0\u00bb1\/2&Prime;][vc_column_text css=\u00a0\u00bb\u00a0\u00bb]<\/p>\n<h2><\/h2>\n<p><b>Investir dans la formation continue est une strat\u00e9gie gagnante pour prosp\u00e9rer dans un environnement en constante \u00e9volution. Cela permet de:<\/b><\/p>\n<ul>\n<li>S\u2019\u00e9panouir dans un nouveau m\u00e9tier au sein de l\u2019entreprise<\/li>\n<li>D\u00e9velopper sa motivation<\/li>\n<li>\u00catre plus efficace et gagner du temps<\/li>\n<li>S\u2019adapter aux \u00e9volution technologiques<\/li>\n<\/ul>\n<p>[\/vc_column_text][vc_column_text css=\u00a0\u00bb\u00a0\u00bb]<strong>COFAE propose des formations aux salari\u00e9s d\u2019entreprises dans les domaines suivants\u00a0:<\/strong><\/p>\n<ul>\n<li>Le Commerce et la vente en magasin<\/li>\n<li>Le Commercial et la N\u00e9gociation d\u2019Affaires<\/li>\n<li>la Gestion des Ressources Humaines et la Paie<\/li>\n<li>La Comptabilit\u00e9 et la Gestion<\/li>\n<li>Les m\u00e9tiers de Secr\u00e9taire \/ Assistant dans diff\u00e9rents domaines<\/li>\n<li>La Bureautique<\/li>\n<\/ul>\n<p>[\/vc_column_text][\/vc_column][vc_column width=\u00a0\u00bb1\/2&Prime;][vc_single_image image=\u00a0\u00bb79635&Prime; img_size=\u00a0\u00bblarge\u00a0\u00bb css_animation=\u00a0\u00bbright-to-left\u00a0\u00bb css=\u00a0\u00bb\u00a0\u00bb][\/vc_column][\/vc_row][vc_row type=\u00a0\u00bbcontainer\u00a0\u00bb padding_top=\u00a0\u00bb\u00a0\u00bb padding_bottom=\u00a0\u00bb\u00a0\u00bb css=\u00a0\u00bb.vc_custom_1455295851804{padding-top: 50px !important;}\u00a0\u00bb][vc_column width=\u00a0\u00bb1\/2&Prime;][\/vc_column][vc_column width=\u00a0\u00bb1\/2&Prime;][\/vc_column][\/vc_row]<\/p>\n<\/div>","protected":false},"excerpt":{"rendered":"<p>[vc_row type=\u00a0\u00bbcontainer\u00a0\u00bb padding_top=\u00a0\u00bb\u00a0\u00bb padding_bottom=\u00a0\u00bb\u00a0\u00bb css=\u00a0\u00bb.vc_custom_1455295851804{padding-top: 50px !important;}\u00a0\u00bb][vc_column width=\u00a0\u00bb1\/2&Prime;][vc_column_text css=\u00a0\u00bb\u00a0\u00bb] Investir dans la formation continue est une strat\u00e9gie gagnante pour prosp\u00e9rer dans un environnement en constante \u00e9volution. Cela permet de: S\u2019\u00e9panouir dans un nouveau m\u00e9tier au sein de l\u2019entreprise D\u00e9velopper sa motivation \u00catre plus efficace et gagner du temps S\u2019adapter aux \u00e9volution technologiques [\/vc_column_text][vc_column_text css=\u00a0\u00bb\u00a0\u00bb]COFAE propose [&hellip;]<\/p>\n","protected":false},"author":1,"featured_media":0,"parent":0,"menu_order":0,"comment_status":"closed","ping_status":"closed","template":"page-full-width.php","meta":{"_acf_changed":false,"_seopress_robots_primary_cat":"","_seopress_titles_title":"Formation professionnelle Travailleur Handicap\u00e9 en Vend\u00e9e","_seopress_titles_desc":"Formation habilit\u00e9 par Agefiph pour mener les formations du dispositif Inclu\u2019Pro aupr\u00e8s des personnes en situation de handicap en Vend\u00e9e","_seopress_robots_index":"","footnotes":""},"class_list":["post-70703","page","type-page","status-publish","hentry"],"acf":[],"_links":{"self":[{"href":"https:\/\/formations-vendee.com\/cofae\/wp-json\/wp\/v2\/pages\/70703","targetHints":{"allow":["GET"]}}],"collection":[{"href":"https:\/\/formations-vendee.com\/cofae\/wp-json\/wp\/v2\/pages"}],"about":[{"href":"https:\/\/formations-vendee.com\/cofae\/wp-json\/wp\/v2\/types\/page"}],"author":[{"embeddable":true,"href":"https:\/\/formations-vendee.com\/cofae\/wp-json\/wp\/v2\/users\/1"}],"replies":[{"embeddable":true,"href":"https:\/\/formations-vendee.com\/cofae\/wp-json\/wp\/v2\/comments?post=70703"}],"version-history":[{"count":5,"href":"https:\/\/formations-vendee.com\/cofae\/wp-json\/wp\/v2\/pages\/70703\/revisions"}],"predecessor-version":[{"id":79710,"href":"https:\/\/formations-vendee.com\/cofae\/wp-json\/wp\/v2\/pages\/70703\/revisions\/79710"}],"wp:attachment":[{"href":"https:\/\/formations-vendee.com\/cofae\/wp-json\/wp\/v2\/media?parent=70703"}],"curies":[{"name":"wp","href":"https:\/\/api.w.org\/{rel}","templated":true}]}}