{"id":66304,"date":"2018-04-20T16:46:19","date_gmt":"2018-04-20T14:46:19","guid":{"rendered":"http:\/\/formations-vendee.com\/anglais\/?page_id=66304"},"modified":"2022-01-13T16:10:28","modified_gmt":"2022-01-13T15:10:28","slug":"pedagogie","status":"publish","type":"page","link":"https:\/\/formations-vendee.com\/anglais\/pedagogie\/","title":{"rendered":"P\u00e9dagogie"},"content":{"rendered":"<div class=\"wpb-content-wrapper\"><p>[vc_row content_placement=\u00a0\u00bbmiddle\u00a0\u00bb type=\u00a0\u00bbfull_page_width_inner_container\u00a0\u00bb padding_top=\u00a0\u00bb\u00a0\u00bb padding_bottom=\u00a0\u00bb\u00a0\u00bb css=\u00a0\u00bb.vc_custom_1550048664743{padding-top: 75px !important;padding-bottom: 75px !important;background-image: url(https:\/\/formations-vendee.com\/anglais\/wp-content\/uploads\/sites\/8\/2019\/02\/formation-anglais-la-roche-sur-yon-vendee.jpg?id=66435) !important;background-position: center !important;background-repeat: no-repeat !important;background-size: cover !important;}\u00a0\u00bb][vc_column][vc_custom_heading text=\u00a0\u00bbLes formations Anglais en face \u00e0 face individuel<br \/>\nVous ne passerez pas vos journ\u00e9es devant un ordinateur !\u00a0\u00bb font_container=\u00a0\u00bbtag:h2|font_size:34px|text_align:center|color:%232e3669|line_height:62px\u00a0\u00bb google_fonts=\u00a0\u00bbfont_family:Open%20Sans%3A300%2C300italic%2Cregular%2Citalic%2C600%2C600italic%2C700%2C700italic%2C800%2C800italic|font_style:700%20bold%20regular%3A700%3Anormal\u00a0\u00bb css_animation=\u00a0\u00bbappear\u00a0\u00bb][\/vc_column][\/vc_row][vc_row type=\u00a0\u00bbcontainer\u00a0\u00bb padding_top=\u00a0\u00bb\u00a0\u00bb padding_bottom=\u00a0\u00bb\u00a0\u00bb][vc_column][vc_column_text]<\/p>\n<h2><a href=\"https:\/\/formations-vendee.com\/anglais\/wp-content\/uploads\/sites\/8\/2018\/04\/pedagogie-formation-anglais.jpg\"><img loading=\"lazy\" decoding=\"async\" class=\"alignright wp-image-66344\" src=\"https:\/\/formations-vendee.com\/anglais\/wp-content\/uploads\/sites\/8\/2018\/04\/pedagogie-formation-anglais.jpg\" alt=\"p\u00e9dagogie centre de langue anglais\" width=\"600\" height=\"401\" srcset=\"https:\/\/formations-vendee.com\/anglais\/wp-content\/uploads\/sites\/8\/2018\/04\/pedagogie-formation-anglais.jpg 1019w, https:\/\/formations-vendee.com\/anglais\/wp-content\/uploads\/sites\/8\/2018\/04\/pedagogie-formation-anglais-300x200.jpg 300w, https:\/\/formations-vendee.com\/anglais\/wp-content\/uploads\/sites\/8\/2018\/04\/pedagogie-formation-anglais-768x513.jpg 768w\" sizes=\"auto, (max-width: 600px) 100vw, 600px\" \/><\/a>Le face \u00e0 face p\u00e9dagogique individuel<\/h2>\n<p>Nous proposons une p\u00e9dagogie individualis\u00e9e,\u00a0<strong>bas\u00e9e sur un \u00ab\u00a0face \u00e0 face\u00a0\u00bb p\u00e9dagogique avec des professeurs d\u2019origine Anglaise.<br \/>\n<\/strong>Une heure de face \u00e0 face est beaucoup plus efficace que 2 heures de formation en groupe ou que 4 heures devant un ordinateur.<\/p>\n<h3>Native English Teacher<\/h3>\n<p>Nos formateurs ont tous l\u2019Anglais comme langue maternelle. C\u2019est important pour d\u00e9velopper l\u2019oreille et votre accent Anglais. Vous progresserez rapidement \u00e0 l\u2019oral et \u00e0 l\u2019\u00e9crit.<\/p>\n<h3>Evaluation du niveau initial<\/h3>\n<p>Nous \u00e9valuons votre niveau initial \u00e0 partir d\u2019un bilan de positionnement. Cela permet d\u2019identifier votre niveau sur <a href=\"https:\/\/formations-vendee.com\/anglais\/wp-content\/uploads\/sites\/8\/2018\/04\/echelle-CERL.png\" target=\"_blank\" rel=\"noopener noreferrer\">l\u2019\u00e9chelle CECRL (Cadre Europ\u00e9en Commun de R\u00e9f\u00e9rence pour les Langues)<\/a>.<\/p>\n<h3>Modalit\u00e9s p\u00e9dagogiques<\/h3>\n<p>Enfin, en fonction de vos objectifs, nous proposons <strong>un d\u00e9roul\u00e9 p\u00e9dagogique<\/strong> prenant en compte les param\u00e8tres suivants :<\/p>\n<ul>\n<li>Volume horaire<\/li>\n<li>Fr\u00e9quence des rdv \u00ab anglais\u00a0\u00bb<\/li>\n<li>Modalit\u00e9s p\u00e9dagogiques<\/li>\n<li><a href=\"https:\/\/formations-vendee.com\/anglais\/wp-content\/uploads\/sites\/8\/2018\/04\/contenus-peda.jpg\" target=\"_blank\" rel=\"noopener noreferrer\">Th\u00e8mes abord\u00e9s<\/a><\/li>\n<\/ul>\n<p>Le couple \u00ab\u00a0volume \/ fr\u00e9quence\u00a0\u00bb de formation est adapt\u00e9 en fonction de vos contraintes personnelles[\/vc_column_text][\/vc_column][\/vc_row][vc_row type=\u00a0\u00bbcontainer\u00a0\u00bb padding_top=\u00a0\u00bb\u00a0\u00bb padding_bottom=\u00a0\u00bb\u00a0\u00bb][vc_column][vc_column_text]La p\u00e9dagogie est essentielle pour progresser. Nous avons tous du r\u00e9pondre \u00e0 la question : Where is Brian ?[\/vc_column_text][vc_video link=\u00a0\u00bbhttps:\/\/www.youtube.com\/watch?v=11jG7lkwDwU\u00a0\u00bb][\/vc_column][\/vc_row]<\/p>\n<\/div>","protected":false},"excerpt":{"rendered":"<p>[vc_row content_placement=\u00a0\u00bbmiddle\u00a0\u00bb type=\u00a0\u00bbfull_page_width_inner_container\u00a0\u00bb padding_top=\u00a0\u00bb\u00a0\u00bb padding_bottom=\u00a0\u00bb\u00a0\u00bb css=\u00a0\u00bb.vc_custom_1550048664743{padding-top: 75px !important;padding-bottom: 75px !important;background-image: url(https:\/\/formations-vendee.com\/anglais\/wp-content\/uploads\/sites\/8\/2019\/02\/formation-anglais-la-roche-sur-yon-vendee.jpg?id=66435) !important;background-position: center !important;background-repeat: no-repeat !important;background-size: cover !important;}\u00a0\u00bb][vc_column][vc_custom_heading text=\u00a0\u00bbLes formations Anglais en face \u00e0 face individuel Vous ne passerez pas vos journ\u00e9es devant un ordinateur !\u00a0\u00bb font_container=\u00a0\u00bbtag:h2|font_size:34px|text_align:center|color:%232e3669|line_height:62px\u00a0\u00bb google_fonts=\u00a0\u00bbfont_family:Open%20Sans%3A300%2C300italic%2Cregular%2Citalic%2C600%2C600italic%2C700%2C700italic%2C800%2C800italic|font_style:700%20bold%20regular%3A700%3Anormal\u00a0\u00bb css_animation=\u00a0\u00bbappear\u00a0\u00bb][\/vc_column][\/vc_row][vc_row type=\u00a0\u00bbcontainer\u00a0\u00bb padding_top=\u00a0\u00bb\u00a0\u00bb padding_bottom=\u00a0\u00bb\u00a0\u00bb][vc_column][vc_column_text] Le face \u00e0 face p\u00e9dagogique individuel Nous proposons une p\u00e9dagogie individualis\u00e9e,\u00a0bas\u00e9e sur un [&hellip;]<\/p>\n","protected":false},"author":1,"featured_media":0,"parent":0,"menu_order":0,"comment_status":"closed","ping_status":"closed","template":"page-full-width.php","meta":{"_acf_changed":false,"_seopress_robots_primary_cat":"","_seopress_titles_title":"P\u00e9dagogie de notre centre de langue Do You speak English Vend\u00e9e","_seopress_titles_desc":"Nous proposons une p\u00e9dagogie individualis\u00e9e, bas\u00e9e sur un \u00ab face \u00e0 face \u00bb p\u00e9dagogique avec des professeurs d\u2019origine Anglaise. Vous progresserez rapidement \u00e0 l\u2019oral et \u00e0 l\u2019\u00e9crit. Nous \u00e9valuons votre niveau initial et vous proposons un d\u00e9roul\u00e9 p\u00e9dagogique, fonction de vos objectifs","_seopress_robots_index":"","footnotes":""},"class_list":["post-66304","page","type-page","status-publish","hentry"],"acf":[],"_links":{"self":[{"href":"https:\/\/formations-vendee.com\/anglais\/wp-json\/wp\/v2\/pages\/66304","targetHints":{"allow":["GET"]}}],"collection":[{"href":"https:\/\/formations-vendee.com\/anglais\/wp-json\/wp\/v2\/pages"}],"about":[{"href":"https:\/\/formations-vendee.com\/anglais\/wp-json\/wp\/v2\/types\/page"}],"author":[{"embeddable":true,"href":"https:\/\/formations-vendee.com\/anglais\/wp-json\/wp\/v2\/users\/1"}],"replies":[{"embeddable":true,"href":"https:\/\/formations-vendee.com\/anglais\/wp-json\/wp\/v2\/comments?post=66304"}],"version-history":[{"count":5,"href":"https:\/\/formations-vendee.com\/anglais\/wp-json\/wp\/v2\/pages\/66304\/revisions"}],"predecessor-version":[{"id":66551,"href":"https:\/\/formations-vendee.com\/anglais\/wp-json\/wp\/v2\/pages\/66304\/revisions\/66551"}],"wp:attachment":[{"href":"https:\/\/formations-vendee.com\/anglais\/wp-json\/wp\/v2\/media?parent=66304"}],"curies":[{"name":"wp","href":"https:\/\/api.w.org\/{rel}","templated":true}]}}